{"id":188822,"date":"2016-11-12T12:48:27","date_gmt":"2016-11-12T11:48:27","guid":{"rendered":"https:\/\/www.studiainitalia.com\/courses\/sem%20categoria\/curso-em-inflorencia-de-desenho-a-mao-livre\/"},"modified":"2025-12-20T00:08:22","modified_gmt":"2025-12-19T23:08:22","slug":"curso-de-desenho-em-florenca","status":"publish","type":"product","link":"https:\/\/www.studiainitalia.com\/pt-br\/cursos\/cursos-em-florenca\/curso-de-desenho-em-florenca\/","title":{"rendered":"Curso de desenho em Floren\u00e7a"},"content":{"rendered":"<h2>Curso de desenho<\/h2>\n<p>&nbsp;<\/p>\n<p>No curso de desenho em Floren\u00e7a voc\u00ea usar\u00e1 grafite ou l\u00e1pis de cor. Voc\u00ea tamb\u00e9m aprender\u00e1 a usar caneta esferogr\u00e1fica, escovas finas com tinta e l\u00e1pis de carv\u00e3o. Voc\u00ea vai desenhar em papel, papel\u00e3o e papel\u00e3o. Voc\u00ea tamb\u00e9m poder\u00e1 desenhar em paredes, lona, cobre ou vidro.<\/p>\n<p>Nossas oficinas artesanais \u201cbottega\u201d em Floren\u00e7a s\u00e3o caracterizadas pelo cuidado e aten\u00e7\u00e3o com que os artes\u00e3os cuidam dos alunos, tentando atender \u00e0s suas necessidades e expectativas. O ambiente \u00e9 informal e descontra\u00eddo.<\/p>\n<p>A oficina est\u00e1 localizada no centro de Floren\u00e7a.<\/p>\n<h3><\/h3>\n<p>&nbsp;<\/p>\n\n<table id=\"tablepress-94\" class=\"tablepress tablepress-id-94 tbody-has-connected-cells\">\n<thead>\n<tr class=\"row-1\">\n\t<th colspan=\"6\" class=\"column-1\">Datas de in\u00edcio 2026<\/th>\n<\/tr>\n<\/thead>\n<tbody class=\"row-striping row-hover\">\n<tr class=\"row-2\">\n\t<td class=\"column-1\">Janeiro<\/td><td class=\"column-2\">5, 19<\/td><td class=\"column-3\">Maio<\/td><td class=\"column-4\">11, 25<\/td><td class=\"column-5\">Setembro<\/td><td class=\"column-6\">14, 28<\/td>\n<\/tr>\n<tr class=\"row-3\">\n\t<td class=\"column-1\">Fevereiro<\/td><td class=\"column-2\">2, 16<\/td><td class=\"column-3\">Junho<\/td><td class=\"column-4\">8, 22<\/td><td class=\"column-5\">Outubro<\/td><td class=\"column-6\">12, 26<\/td>\n<\/tr>\n<tr class=\"row-4\">\n\t<td class=\"column-1\">Mar\u00e7o <\/td><td class=\"column-2\">2, 16, 30<\/td><td class=\"column-3\">Julho<\/td><td class=\"column-4\">6, 20<\/td><td class=\"column-5\">Novembro<\/td><td class=\"column-6\">9, 23<\/td>\n<\/tr>\n<tr class=\"row-5\">\n\t<td class=\"column-1\">Abril<\/td><td class=\"column-2\">13, 27<\/td><td class=\"column-3\">Agosto<\/td><td class=\"column-4\">3, 17, 31<\/td><td class=\"column-5\">Dezembro<\/td><td class=\"column-6\">7<\/td>\n<\/tr>\n<tr class=\"row-6\">\n\t<td colspan=\"6\" class=\"column-1\">A escola ser\u00e1 fechada nos seguintes feriados nacionais: 06\/01, segunda-feira de P\u00e1scoa, 25\/04, 01\/05, 02\/06, 24\/06, 15\/08, 01\/11, 8\/12, e durante os feriados locais e f\u00e9rias de Natal.<\/td>\n<\/tr>\n<\/tbody>\n<\/table>\n<!-- #tablepress-94 from cache -->\n<p>&nbsp;<\/p>\n","protected":false},"excerpt":{"rendered":"<h2><strong>Voc\u00ea est\u00e1 pensando em umas f\u00e9rias art\u00edsticas na It\u00e1lia?<\/strong><\/h2>\n<p>&nbsp;<\/p>\n<p>N\u00e3o importa se voc\u00ea n\u00e3o tem conhecimento pr\u00e9vio, o curso de desenho est\u00e1 aberto a todos os n\u00edveis!<\/p>\n<p>Os cursos de desenho em Floren\u00e7a podem ser realizados em 1, 2 ou mais semanas. \u00c9 poss\u00edvel reservar cursos de 24, 48, 72 ou 96 horas e espalh\u00e1-los pelo n\u00famero de semanas que voc\u00ea desejar.<\/p>\n<p>O programa inclui:<\/p>\n<p>\u2013 desenvolvimento do of\u00edcio<\/p>\n<p>\u2013 execu\u00e7\u00e3o de c\u00f3pias de masters de diferentes per\u00edodos<\/p>\n<p>\u2013 t\u00e9cnicas de claro-escuro<\/p>\n<p>\u2013 reprodu\u00e7\u00e3o de paisagens<\/p>\n<p>\u2013 desenho, caneta e escova a carv\u00e3o<\/p>\n<p>\u2013 quadratura, composi\u00e7\u00e3o<\/p>\n<p>Ao final do curso, os alunos receber\u00e3o um certificado de participa\u00e7\u00e3o.<\/p>\n","protected":false},"featured_media":118672,"comment_status":"open","ping_status":"closed","template":"","meta":{"_acf_changed":false,"_uag_custom_page_level_css":"","_kad_blocks_custom_css":"","_kad_blocks_head_custom_js":"","_kad_blocks_body_custom_js":"","_kad_blocks_footer_custom_js":"","site-sidebar-layout":"default","site-content-layout":"default","ast-site-content-layout":"default","site-content-style":"default","site-sidebar-style":"default","ast-global-header-display":"","ast-banner-title-visibility":"","ast-main-header-display":"","ast-hfb-above-header-display":"","ast-hfb-below-header-display":"","ast-hfb-mobile-header-display":"","site-post-title":"","ast-breadcrumbs-content":"","ast-featured-img":"","footer-sml-layout":"","ast-disable-related-posts":"","theme-transparent-header-meta":"default","adv-header-id-meta":"","stick-header-meta":"default","header-above-stick-meta":"","header-main-stick-meta":"","header-below-stick-meta":"","astra-migrate-meta-layouts":"set","ast-page-background-enabled":"default","ast-page-background-meta":{"desktop":{"background-color":"var(--ast-global-color-4)","background-image":"","background-repeat":"repeat","background-position":"center center","background-size":"auto","background-attachment":"scroll","background-type":"","background-media":"","overlay-type":"","overlay-color":"","overlay-opacity":"","overlay-gradient":""},"tablet":{"background-color":"","background-image":"","background-repeat":"repeat","background-position":"center center","background-size":"auto","background-attachment":"scroll","background-type":"","background-media":"","overlay-type":"","overlay-color":"","overlay-opacity":"","overlay-gradient":""},"mobile":{"background-color":"","background-image":"","background-repeat":"repeat","background-position":"center center","background-size":"auto","background-attachment":"scroll","background-type":"","background-media":"","overlay-type":"","overlay-color":"","overlay-opacity":"","overlay-gradient":""}},"ast-content-background-meta":{"desktop":{"background-color":"var(--ast-global-color-5)","background-image":"","background-repeat":"repeat","background-position":"center center","background-size":"auto","background-attachment":"scroll","background-type":"","background-media":"","overlay-type":"","overlay-color":"","overlay-opacity":"","overlay-gradient":""},"tablet":{"background-color":"var(--ast-global-color-5)","background-image":"","background-repeat":"repeat","background-position":"center center","background-size":"auto","background-attachment":"scroll","background-type":"","background-media":"","overlay-type":"","overlay-color":"","overlay-opacity":"","overlay-gradient":""},"mobile":{"background-color":"var(--ast-global-color-5)","background-image":"","background-repeat":"repeat","background-position":"center center","background-size":"auto","background-attachment":"scroll","background-type":"","background-media":"","overlay-type":"","overlay-color":"","overlay-opacity":"","overlay-gradient":""}}},"section":[],"product_brand":[],"product_cat":[1278,1338],"product_tag":[1857,1861],"class_list":{"0":"post-188822","1":"product","2":"type-product","3":"status-publish","4":"has-post-thumbnail","6":"product_cat-cursos-em-florenca","7":"product_cat-escolas-de-arte-na-italia","8":"product_tag-arte","9":"product_tag-florenca","10":"desktop-align-left","11":"tablet-align-left","12":"mobile-align-left","13":"ast-product-gallery-layout-horizontal-slider","14":"ast-product-single-variable","15":"ast-product-tabs-layout-horizontal","16":"ast-qv-on-image-click","18":"first","19":"instock","20":"sold-individually","21":"shipping-taxable","22":"purchasable","23":"product-type-variable"},"acf":[],"taxonomy_info":{"product_cat":[{"value":1278,"label":"Cursos em Floren\u00e7a"},{"value":1338,"label":"Escolas de arte na It\u00e1lia"}],"product_tag":[{"value":1857,"label":"ARTE"},{"value":1861,"label":"Floren\u00e7a"}]},"featured_image_src_large":["https:\/\/www.studiainitalia.com\/wp-content\/uploads\/2016\/11\/drawing-florence.jpg",432,433,false],"author_info":[],"comment_info":2,"uagb_featured_image_src":{"full":["https:\/\/www.studiainitalia.com\/wp-content\/uploads\/2016\/11\/drawing-florence.jpg",432,433,false],"thumbnail":["https:\/\/www.studiainitalia.com\/wp-content\/uploads\/2016\/11\/drawing-florence-150x150.jpg",96,96,true],"medium":["https:\/\/www.studiainitalia.com\/wp-content\/uploads\/2016\/11\/drawing-florence-300x300.jpg",300,300,true],"medium_large":["https:\/\/www.studiainitalia.com\/wp-content\/uploads\/2016\/11\/drawing-florence.jpg",432,433,false],"large":["https:\/\/www.studiainitalia.com\/wp-content\/uploads\/2016\/11\/drawing-florence.jpg",432,433,false],"1536x1536":["https:\/\/www.studiainitalia.com\/wp-content\/uploads\/2016\/11\/drawing-florence.jpg",432,433,false],"2048x2048":["https:\/\/www.studiainitalia.com\/wp-content\/uploads\/2016\/11\/drawing-florence.jpg",432,433,false],"ultp_layout_landscape_large":["https:\/\/www.studiainitalia.com\/wp-content\/uploads\/2016\/11\/drawing-florence.jpg",432,433,false],"ultp_layout_landscape":["https:\/\/www.studiainitalia.com\/wp-content\/uploads\/2016\/11\/drawing-florence.jpg",432,433,false],"ultp_layout_portrait":["https:\/\/www.studiainitalia.com\/wp-content\/uploads\/2016\/11\/drawing-florence.jpg",432,433,false],"ultp_layout_square":["https:\/\/www.studiainitalia.com\/wp-content\/uploads\/2016\/11\/drawing-florence.jpg",432,433,false],"gform-image-choice-sm":["https:\/\/www.studiainitalia.com\/wp-content\/uploads\/2016\/11\/drawing-florence.jpg",300,300,false],"gform-image-choice-md":["https:\/\/www.studiainitalia.com\/wp-content\/uploads\/2016\/11\/drawing-florence.jpg",400,400,false],"gform-image-choice-lg":["https:\/\/www.studiainitalia.com\/wp-content\/uploads\/2016\/11\/drawing-florence.jpg",432,433,false],"woocommerce_thumbnail":["https:\/\/www.studiainitalia.com\/wp-content\/uploads\/2016\/11\/drawing-florence-300x300.jpg",300,300,true],"woocommerce_single":["https:\/\/www.studiainitalia.com\/wp-content\/uploads\/2016\/11\/drawing-florence-400x401.jpg",400,401,true],"woocommerce_gallery_thumbnail":["https:\/\/www.studiainitalia.com\/wp-content\/uploads\/2016\/11\/drawing-florence-100x100.jpg",100,100,true],"yarpp-thumbnail":["https:\/\/www.studiainitalia.com\/wp-content\/uploads\/2016\/11\/drawing-florence.jpg",120,120,false]},"uagb_author_info":{"display_name":"Javier Diaz","author_link":"https:\/\/www.studiainitalia.com\/pt-br\/author\/"},"uagb_comment_info":2,"uagb_excerpt":"Voc\u00ea est\u00e1 pensando em umas f\u00e9rias art\u00edsticas na It\u00e1lia? &nbsp; N\u00e3o importa se voc\u00ea n\u00e3o tem conhecimento pr\u00e9vio, o curso de desenho est\u00e1 aberto a todos os n\u00edveis! Os cursos de desenho em Floren\u00e7a podem ser realizados em 1, 2 ou mais semanas. \u00c9 poss\u00edvel reservar cursos de 24, 48, 72 ou 96 horas e&hellip;","_links":{"self":[{"href":"https:\/\/www.studiainitalia.com\/pt-br\/wp-json\/wp\/v2\/product\/188822","targetHints":{"allow":["GET"]}}],"collection":[{"href":"https:\/\/www.studiainitalia.com\/pt-br\/wp-json\/wp\/v2\/product"}],"about":[{"href":"https:\/\/www.studiainitalia.com\/pt-br\/wp-json\/wp\/v2\/types\/product"}],"replies":[{"embeddable":true,"href":"https:\/\/www.studiainitalia.com\/pt-br\/wp-json\/wp\/v2\/comments?post=188822"}],"wp:featuredmedia":[{"embeddable":true,"href":"https:\/\/www.studiainitalia.com\/pt-br\/wp-json\/wp\/v2\/media\/118672"}],"wp:attachment":[{"href":"https:\/\/www.studiainitalia.com\/pt-br\/wp-json\/wp\/v2\/media?parent=188822"}],"wp:term":[{"taxonomy":"section","embeddable":true,"href":"https:\/\/www.studiainitalia.com\/pt-br\/wp-json\/wp\/v2\/section?post=188822"},{"taxonomy":"product_brand","embeddable":true,"href":"https:\/\/www.studiainitalia.com\/pt-br\/wp-json\/wp\/v2\/product_brand?post=188822"},{"taxonomy":"product_cat","embeddable":true,"href":"https:\/\/www.studiainitalia.com\/pt-br\/wp-json\/wp\/v2\/product_cat?post=188822"},{"taxonomy":"product_tag","embeddable":true,"href":"https:\/\/www.studiainitalia.com\/pt-br\/wp-json\/wp\/v2\/product_tag?post=188822"}],"curies":[{"name":"wp","href":"https:\/\/api.w.org\/{rel}","templated":true}]}}