{"id":188896,"date":"2016-11-13T12:04:46","date_gmt":"2016-11-13T11:04:46","guid":{"rendered":"https:\/\/www.studiainitalia.com\/courses\/sem%20categoria\/arte-historia-curso-in-florencia\/"},"modified":"2026-03-16T12:48:01","modified_gmt":"2026-03-16T11:48:01","slug":"curso-de-historia-da-arte-em-florenca","status":"publish","type":"product","link":"https:\/\/www.studiainitalia.com\/pt-br\/cursos\/cursos-em-florenca\/curso-de-historia-da-arte-em-florenca\/","title":{"rendered":"Curso de hist\u00f3ria da arte em Floren\u00e7a"},"content":{"rendered":"<h2>Curso de hist\u00f3ria da arte em Floren\u00e7a<\/h2>\n<p>&nbsp;<\/p>\n<p>Nosso curso de hist\u00f3ria da arte em Floren\u00e7a \u00e9 um curso particular e exclusivo para os amantes da arte italiana.<\/p>\n<p>Oferecemos diferentes programas para o curso de hist\u00f3ria da arte em Floren\u00e7a que podem ser adaptados \u00e0s suas necessidades. Primeiro voc\u00ea encontrar\u00e1 seu guia em Floren\u00e7a e juntos definir\u00e3o as visitas.<\/p>\n<p>Cada programa ser\u00e1 estruturado de acordo com suas necessidades e conhecimentos.<\/p>\n<p>Descubra uma verdadeira Floren\u00e7a, distante do turismo de massa.<\/p>\n<p>Tamb\u00e9m podemos organizar o curso para pessoas viajando juntas, nenhum conhecimento pr\u00e9vio de arte \u00e9 necess\u00e1rio para este curso, os ingressos para os museus n\u00e3o est\u00e3o inclu\u00eddos no custo do curso.<\/p>\n<p>Se voc\u00ea deseja participar do curso em ingl\u00eas ou espanhol, \u00e9 poss\u00edvel fazer um pequeno suplemento. Este curso tamb\u00e9m est\u00e1 dispon\u00edvel online.<\/p>\n<p>&nbsp;<\/p>\n<div class=\"ast-oembed-container \" style=\"height: 100%;\"><iframe title=\"4 MAY.mp4\" src=\"https:\/\/player.vimeo.com\/video\/708990100?dnt=1&amp;app_id=122963\" width=\"422\" height=\"750\" frameborder=\"0\" allow=\"autoplay; fullscreen; picture-in-picture; clipboard-write; encrypted-media; web-share\" referrerpolicy=\"strict-origin-when-cross-origin\"><\/iframe><\/div>\n<p>&nbsp;<\/p>\n<div class=\"aiosrs-rating-wrap\" data-schema-id=\"90691\">\n<div class=\"aiosrs-star-rating-wrap \"><\/div>\n<\/div>\n<div class=\"aiosrs-rating-summary-wrap\"><\/div>\n<div><\/div>\n<div>\n\n<table id=\"tablepress-94\" class=\"tablepress tablepress-id-94 tbody-has-connected-cells\">\n<thead>\n<tr class=\"row-1\">\n\t<th colspan=\"6\" class=\"column-1\">Datas de in\u00edcio 2026<\/th>\n<\/tr>\n<\/thead>\n<tbody class=\"row-striping row-hover\">\n<tr class=\"row-2\">\n\t<td class=\"column-1\">Janeiro<\/td><td class=\"column-2\">5, 19<\/td><td class=\"column-3\">Maio<\/td><td class=\"column-4\">11, 25<\/td><td class=\"column-5\">Setembro<\/td><td class=\"column-6\">14, 28<\/td>\n<\/tr>\n<tr class=\"row-3\">\n\t<td class=\"column-1\">Fevereiro<\/td><td class=\"column-2\">2, 16<\/td><td class=\"column-3\">Junho<\/td><td class=\"column-4\">8, 22<\/td><td class=\"column-5\">Outubro<\/td><td class=\"column-6\">12, 26<\/td>\n<\/tr>\n<tr class=\"row-4\">\n\t<td class=\"column-1\">Mar\u00e7o <\/td><td class=\"column-2\">2, 16, 30<\/td><td class=\"column-3\">Julho<\/td><td class=\"column-4\">6, 20<\/td><td class=\"column-5\">Novembro<\/td><td class=\"column-6\">9, 23<\/td>\n<\/tr>\n<tr class=\"row-5\">\n\t<td class=\"column-1\">Abril<\/td><td class=\"column-2\">13, 27<\/td><td class=\"column-3\">Agosto<\/td><td class=\"column-4\">3, 17, 31<\/td><td class=\"column-5\">Dezembro<\/td><td class=\"column-6\">7<\/td>\n<\/tr>\n<tr class=\"row-6\">\n\t<td colspan=\"6\" class=\"column-1\">A escola ser\u00e1 fechada nos seguintes feriados nacionais: 06\/01, segunda-feira de P\u00e1scoa, 25\/04, 01\/05, 02\/06, 24\/06, 15\/08, 01\/11, 8\/12, e durante os feriados locais e f\u00e9rias de Natal.<\/td>\n<\/tr>\n<\/tbody>\n<\/table>\n<!-- #tablepress-94 from cache -->\n<\/div>\n<div><\/div>\n","protected":false},"excerpt":{"rendered":"<h2>Uma vez em sua vida, voc\u00ea tem que viajar para Floren\u00e7a!<\/h2>\n<p>&nbsp;<\/p>\n<p>Se voc\u00ea \u00e9 um amante da arte, lhe oferecemos este curso \u00fanico para emocion\u00e1-lo. Voc\u00ea sabia que a S\u00edndrome de Stendhal tamb\u00e9m \u00e9 chamada de S\u00edndrome de Floren\u00e7a? Parece que Stendhal foi tomado de uma profunda emo\u00e7\u00e3o durante sua visita a Floren\u00e7a.<\/p>\n<p>Voc\u00ea consegue imaginar visitar a est\u00e1tua de David ou o Duomo com seu pr\u00f3prio historiador particular de arte italiana? \u00c9 um privil\u00e9gio a n\u00e3o perder se voc\u00ea quiser mergulhar profundamente na arte florentina.<\/p>\n<p>Nosso curso de Hist\u00f3ria da Arte Italiana em Floren\u00e7a consiste em 10 aulas individuais. Ser\u00e1 dada especial aten\u00e7\u00e3o \u00e0 hist\u00f3ria da pintura e arquitetura florentina.<\/p>\n<p>O programa inclui visitas guiadas a lugares espec\u00edficos de interesse da cidade e de suas obras de arte.<\/p>\n<p>\u00c9 poss\u00edvel escolher um ou mais programas como:<\/p>\n<p>\u2013 Desde a Idade M\u00e9dia at\u00e9 o in\u00edcio da Renascen\u00e7a.<br \/>\n\u2013 Desde o in\u00edcio da Renascen\u00e7a at\u00e9 o fim da Renascen\u00e7a<br \/>\n\u2013 O Cinquecento<br \/>\n\u2013 Arte Maneirista<br \/>\n\u2013 O Seicento<\/p>\n<p>As li\u00e7\u00f5es s\u00e3o individuais e s\u00e3o dadas em italiano. O ingl\u00eas ou o espanhol tamb\u00e9m podem ser usados (suplemento mediante solicita\u00e7\u00e3o).<\/p>\n<p>Todos os professores t\u00eam forma\u00e7\u00e3o em hist\u00f3ria da arte com experi\u00eancia de ensino e s\u00e3o guias tur\u00edsticos oficiais autorizados pela cidade de Floren\u00e7a.<\/p>\n<p>&nbsp;<\/p>\n","protected":false},"featured_media":153887,"comment_status":"open","ping_status":"closed","template":"","meta":{"_acf_changed":false,"_uag_custom_page_level_css":"","_kad_blocks_custom_css":"","_kad_blocks_head_custom_js":"","_kad_blocks_body_custom_js":"","_kad_blocks_footer_custom_js":"","site-sidebar-layout":"default","site-content-layout":"default","ast-site-content-layout":"default","site-content-style":"default","site-sidebar-style":"default","ast-global-header-display":"","ast-banner-title-visibility":"","ast-main-header-display":"","ast-hfb-above-header-display":"","ast-hfb-below-header-display":"","ast-hfb-mobile-header-display":"","site-post-title":"","ast-breadcrumbs-content":"","ast-featured-img":"","footer-sml-layout":"","ast-disable-related-posts":"","theme-transparent-header-meta":"default","adv-header-id-meta":"","stick-header-meta":"default","header-above-stick-meta":"","header-main-stick-meta":"","header-below-stick-meta":"","astra-migrate-meta-layouts":"set","ast-page-background-enabled":"default","ast-page-background-meta":{"desktop":{"background-color":"var(--ast-global-color-4)","background-image":"","background-repeat":"repeat","background-position":"center center","background-size":"auto","background-attachment":"scroll","background-type":"","background-media":"","overlay-type":"","overlay-color":"","overlay-opacity":"","overlay-gradient":""},"tablet":{"background-color":"","background-image":"","background-repeat":"repeat","background-position":"center center","background-size":"auto","background-attachment":"scroll","background-type":"","background-media":"","overlay-type":"","overlay-color":"","overlay-opacity":"","overlay-gradient":""},"mobile":{"background-color":"","background-image":"","background-repeat":"repeat","background-position":"center center","background-size":"auto","background-attachment":"scroll","background-type":"","background-media":"","overlay-type":"","overlay-color":"","overlay-opacity":"","overlay-gradient":""}},"ast-content-background-meta":{"desktop":{"background-color":"var(--ast-global-color-5)","background-image":"","background-repeat":"repeat","background-position":"center center","background-size":"auto","background-attachment":"scroll","background-type":"","background-media":"","overlay-type":"","overlay-color":"","overlay-opacity":"","overlay-gradient":""},"tablet":{"background-color":"var(--ast-global-color-5)","background-image":"","background-repeat":"repeat","background-position":"center center","background-size":"auto","background-attachment":"scroll","background-type":"","background-media":"","overlay-type":"","overlay-color":"","overlay-opacity":"","overlay-gradient":""},"mobile":{"background-color":"var(--ast-global-color-5)","background-image":"","background-repeat":"repeat","background-position":"center center","background-size":"auto","background-attachment":"scroll","background-type":"","background-media":"","overlay-type":"","overlay-color":"","overlay-opacity":"","overlay-gradient":""}}},"section":[],"product_brand":[],"product_cat":[1349,1278],"product_tag":[1861,1860],"class_list":{"0":"post-188896","1":"product","2":"type-product","3":"status-publish","4":"has-post-thumbnail","6":"product_cat-cursos-de-historia-da-arte-em-italia","7":"product_cat-cursos-em-florenca","8":"product_tag-florenca","9":"product_tag-historia-arte","10":"desktop-align-left","11":"tablet-align-left","12":"mobile-align-left","13":"ast-product-gallery-layout-horizontal-slider","14":"ast-product-single-variable","15":"ast-product-tabs-layout-horizontal","16":"ast-qv-on-image-click","18":"first","19":"instock","20":"sold-individually","21":"shipping-taxable","22":"purchasable","23":"product-type-variable","24":"has-default-attributes"},"acf":[],"taxonomy_info":{"product_cat":[{"value":1349,"label":"Cursos de hist\u00f3ria da arte em It\u00e1lia"},{"value":1278,"label":"Cursos em Floren\u00e7a"}],"product_tag":[{"value":1861,"label":"Floren\u00e7a"},{"value":1860,"label":"Historia Arte"}]},"featured_image_src_large":["https:\/\/www.studiainitalia.com\/wp-content\/uploads\/2016\/11\/ITALIAN-IN-ITALY-1024x682.jpg","1024","682",true],"author_info":[],"comment_info":17,"uagb_featured_image_src":{"full":["https:\/\/www.studiainitalia.com\/wp-content\/uploads\/2016\/11\/ITALIAN-IN-ITALY.jpg",1280,853,false],"thumbnail":["https:\/\/www.studiainitalia.com\/wp-content\/uploads\/2016\/11\/ITALIAN-IN-ITALY-150x150.jpg",96,96,true],"medium":["https:\/\/www.studiainitalia.com\/wp-content\/uploads\/2016\/11\/ITALIAN-IN-ITALY-300x200.jpg","300","200",true],"medium_large":["https:\/\/www.studiainitalia.com\/wp-content\/uploads\/2016\/11\/ITALIAN-IN-ITALY-768x512.jpg",768,512,true],"large":["https:\/\/www.studiainitalia.com\/wp-content\/uploads\/2016\/11\/ITALIAN-IN-ITALY-1024x682.jpg","1024","682",true],"1536x1536":["https:\/\/www.studiainitalia.com\/wp-content\/uploads\/2016\/11\/ITALIAN-IN-ITALY.jpg",1280,853,false],"2048x2048":["https:\/\/www.studiainitalia.com\/wp-content\/uploads\/2016\/11\/ITALIAN-IN-ITALY.jpg",1280,853,false],"ultp_layout_landscape_large":["https:\/\/www.studiainitalia.com\/wp-content\/uploads\/2016\/11\/ITALIAN-IN-ITALY.jpg",1200,800,false],"ultp_layout_landscape":["https:\/\/www.studiainitalia.com\/wp-content\/uploads\/2016\/11\/ITALIAN-IN-ITALY.jpg",855,570,false],"ultp_layout_portrait":["https:\/\/www.studiainitalia.com\/wp-content\/uploads\/2016\/11\/ITALIAN-IN-ITALY.jpg",600,400,false],"ultp_layout_square":["https:\/\/www.studiainitalia.com\/wp-content\/uploads\/2016\/11\/ITALIAN-IN-ITALY.jpg",600,400,false],"gform-image-choice-sm":["https:\/\/www.studiainitalia.com\/wp-content\/uploads\/2016\/11\/ITALIAN-IN-ITALY.jpg",300,200,false],"gform-image-choice-md":["https:\/\/www.studiainitalia.com\/wp-content\/uploads\/2016\/11\/ITALIAN-IN-ITALY.jpg",400,267,false],"gform-image-choice-lg":["https:\/\/www.studiainitalia.com\/wp-content\/uploads\/2016\/11\/ITALIAN-IN-ITALY.jpg",600,400,false],"woocommerce_thumbnail":["https:\/\/www.studiainitalia.com\/wp-content\/uploads\/2016\/11\/ITALIAN-IN-ITALY-300x300.jpg",300,300,true],"woocommerce_single":["https:\/\/www.studiainitalia.com\/wp-content\/uploads\/2016\/11\/ITALIAN-IN-ITALY-400x267.jpg",400,267,true],"woocommerce_gallery_thumbnail":["https:\/\/www.studiainitalia.com\/wp-content\/uploads\/2016\/11\/ITALIAN-IN-ITALY-100x100.jpg",100,100,true],"yarpp-thumbnail":["https:\/\/www.studiainitalia.com\/wp-content\/uploads\/2016\/11\/ITALIAN-IN-ITALY.jpg",120,80,false]},"uagb_author_info":{"display_name":"Javier Diaz","author_link":"https:\/\/www.studiainitalia.com\/pt-br\/author\/"},"uagb_comment_info":17,"uagb_excerpt":"Uma vez em sua vida, voc\u00ea tem que viajar para Floren\u00e7a! &nbsp; Se voc\u00ea \u00e9 um amante da arte, lhe oferecemos este curso \u00fanico para emocion\u00e1-lo. Voc\u00ea sabia que a S\u00edndrome de Stendhal tamb\u00e9m \u00e9 chamada de S\u00edndrome de Floren\u00e7a? Parece que Stendhal foi tomado de uma profunda emo\u00e7\u00e3o durante sua visita a Floren\u00e7a. Voc\u00ea&hellip;","_links":{"self":[{"href":"https:\/\/www.studiainitalia.com\/pt-br\/wp-json\/wp\/v2\/product\/188896","targetHints":{"allow":["GET"]}}],"collection":[{"href":"https:\/\/www.studiainitalia.com\/pt-br\/wp-json\/wp\/v2\/product"}],"about":[{"href":"https:\/\/www.studiainitalia.com\/pt-br\/wp-json\/wp\/v2\/types\/product"}],"replies":[{"embeddable":true,"href":"https:\/\/www.studiainitalia.com\/pt-br\/wp-json\/wp\/v2\/comments?post=188896"}],"wp:featuredmedia":[{"embeddable":true,"href":"https:\/\/www.studiainitalia.com\/pt-br\/wp-json\/wp\/v2\/media\/153887"}],"wp:attachment":[{"href":"https:\/\/www.studiainitalia.com\/pt-br\/wp-json\/wp\/v2\/media?parent=188896"}],"wp:term":[{"taxonomy":"section","embeddable":true,"href":"https:\/\/www.studiainitalia.com\/pt-br\/wp-json\/wp\/v2\/section?post=188896"},{"taxonomy":"product_brand","embeddable":true,"href":"https:\/\/www.studiainitalia.com\/pt-br\/wp-json\/wp\/v2\/product_brand?post=188896"},{"taxonomy":"product_cat","embeddable":true,"href":"https:\/\/www.studiainitalia.com\/pt-br\/wp-json\/wp\/v2\/product_cat?post=188896"},{"taxonomy":"product_tag","embeddable":true,"href":"https:\/\/www.studiainitalia.com\/pt-br\/wp-json\/wp\/v2\/product_tag?post=188896"}],"curies":[{"name":"wp","href":"https:\/\/api.w.org\/{rel}","templated":true}]}}