{"id":188901,"date":"2016-11-14T18:31:25","date_gmt":"2016-11-14T17:31:25","guid":{"rendered":"https:\/\/www.studiainitalia.com\/courses\/sem%20categoria\/italian-and-cookery-in-taormina\/"},"modified":"2025-12-20T13:47:23","modified_gmt":"2025-12-20T12:47:23","slug":"curso-de-italiano-e-culinaria-em-taormina","status":"publish","type":"product","link":"https:\/\/www.studiainitalia.com\/pt-br\/cursos\/cursos-de-culinaria-em-italia\/curso-de-italiano-e-culinaria-em-taormina\/","title":{"rendered":"Curso de italiano e culin\u00e1ria em Taormina"},"content":{"rendered":"<h2><strong>Curso de italiano e culin\u00e1ria em Taormina<\/strong><\/h2>\n<p>&nbsp;<\/p>\n<p>A escola de italiano na Sic\u00edlia situa-se numa vila hist\u00f3rica a poucos metros do teatro grego de Taormina e apenas a 10 minutos a p\u00e9 da praia.<br \/>\nA vila, conhecida como Casa Silva, tem tamb\u00e9m um extenso jardim bot\u00e2nico, onde vai poder-se relaxar e conversar com os seus colegas de curso.<br \/>\nA escola tem acesso gratuito \u00e0 internet, biblioteca, sala de audiovisual e cafetaria.<\/p>\n<div class=\"aiosrs-rating-summary-wrap\"><\/div>\n<div><\/div>\n<div>\n<table id=\"tablepress-108\" class=\"tablepress tablepress-id-108 tbody-has-connected-cells\">\n<thead>\n<tr class=\"row-1\">\n\t<th colspan=\"6\" class=\"column-1\">Datas de in\u00edcio 2026<\/th>\n<\/tr>\n<\/thead>\n<tbody class=\"row-striping row-hover\">\n<tr class=\"row-2\">\n\t<td class=\"column-1\">Janeiro<\/td><td class=\"column-2\"><\/td><td class=\"column-3\">Maio<\/td><td class=\"column-4\">cada segunda feira<\/td><td class=\"column-5\">Setembro<\/td><td class=\"column-6\">cada segunda feira<\/td>\n<\/tr>\n<tr class=\"row-3\">\n\t<td class=\"column-1\">Fevereiro<\/td><td class=\"column-2\">cada segunda feira<\/td><td class=\"column-3\">Junho<\/td><td class=\"column-4\">cada segunda feira<\/td><td class=\"column-5\">Outubro<\/td><td class=\"column-6\">cada segunda feira<\/td>\n<\/tr>\n<tr class=\"row-4\">\n\t<td class=\"column-1\">Mar\u00e7o <\/td><td class=\"column-2\">cada segunda feira<\/td><td class=\"column-3\">Julho<\/td><td class=\"column-4\">cada segunda feira<\/td><td class=\"column-5\">Novembro<\/td><td class=\"column-6\">cada segunda feira<\/td>\n<\/tr>\n<tr class=\"row-5\">\n\t<td class=\"column-1\">Abril<\/td><td class=\"column-2\">cada segunda feira<\/td><td class=\"column-3\">Agosto<\/td><td class=\"column-4\">cada segunda feira<\/td><td class=\"column-5\">Dezembro<\/td><td class=\"column-6\">cada segunda feira<\/td>\n<\/tr>\n<tr class=\"row-6\">\n\t<td colspan=\"6\" class=\"column-1\">A escola ser\u00e1 fechada nos seguintes feriados nacionais: 06\/01, segunda-feira de P\u00e1scoa, 25\/04, 01\/05, 02\/06, 15\/08, 01\/11, 8\/12, e durante os feriados locais e f\u00e9rias de Natal a partir do 13.11<\/td>\n<\/tr>\n<\/tbody>\n<\/table>\n<!-- #tablepress-108 from cache --><\/div>\n<div><\/div>\n","protected":false},"excerpt":{"rendered":"<h2><strong>Os segredos da cozinha siciliana!<\/strong><\/h2>\n<p>&nbsp;<\/p>\n<p>Os cursos de cozinha italiana em Taormina est\u00e3o dispon\u00edveis durante todo o ano.<\/p>\n<p>Eles duram 1 semana ou mais e consistem em um curso intensivo de italiano de 20 aulas por semana, combinado com 2 aulas de culin\u00e1ria (3,5 horas cada).<\/p>\n<p>As aulas de italiano s\u00e3o ministradas por professores nativos qualificados e se baseiam no uso de m\u00e9todos de ensino simples e eficazes com pequenos grupos de 6 a 10 alunos em um ambiente divertido e estimulante.<\/p>\n<p>As aulas de culin\u00e1ria acontecem em um restaurante siciliano onde voc\u00ea aprender\u00e1 a preparar uma refei\u00e7\u00e3o completa com um primeiro prato (massa, risoto ou sopa), um segundo prato (vegetariano, carne ou peixe), um acompanhamento (salada ou legumes) e, durante a semana, um doce ou bolo. As aulas de culin\u00e1ria terminam com o jantar dos pratos preparados.<\/p>\n<p>Passe um fant\u00e1stico feriado gastron\u00f4mico na Sic\u00edlia!<\/p>\n","protected":false},"featured_media":119062,"comment_status":"open","ping_status":"closed","template":"","meta":{"_acf_changed":false,"_uag_custom_page_level_css":"","_kad_blocks_custom_css":"","_kad_blocks_head_custom_js":"","_kad_blocks_body_custom_js":"","_kad_blocks_footer_custom_js":"","site-sidebar-layout":"default","site-content-layout":"default","ast-site-content-layout":"default","site-content-style":"default","site-sidebar-style":"default","ast-global-header-display":"","ast-banner-title-visibility":"","ast-main-header-display":"","ast-hfb-above-header-display":"","ast-hfb-below-header-display":"","ast-hfb-mobile-header-display":"","site-post-title":"","ast-breadcrumbs-content":"","ast-featured-img":"","footer-sml-layout":"","ast-disable-related-posts":"","theme-transparent-header-meta":"default","adv-header-id-meta":"","stick-header-meta":"default","header-above-stick-meta":"","header-main-stick-meta":"","header-below-stick-meta":"","astra-migrate-meta-layouts":"set","ast-page-background-enabled":"default","ast-page-background-meta":{"desktop":{"background-color":"var(--ast-global-color-4)","background-image":"","background-repeat":"repeat","background-position":"center center","background-size":"auto","background-attachment":"scroll","background-type":"","background-media":"","overlay-type":"","overlay-color":"","overlay-opacity":"","overlay-gradient":""},"tablet":{"background-color":"","background-image":"","background-repeat":"repeat","background-position":"center center","background-size":"auto","background-attachment":"scroll","background-type":"","background-media":"","overlay-type":"","overlay-color":"","overlay-opacity":"","overlay-gradient":""},"mobile":{"background-color":"","background-image":"","background-repeat":"repeat","background-position":"center center","background-size":"auto","background-attachment":"scroll","background-type":"","background-media":"","overlay-type":"","overlay-color":"","overlay-opacity":"","overlay-gradient":""}},"ast-content-background-meta":{"desktop":{"background-color":"var(--ast-global-color-5)","background-image":"","background-repeat":"repeat","background-position":"center center","background-size":"auto","background-attachment":"scroll","background-type":"","background-media":"","overlay-type":"","overlay-color":"","overlay-opacity":"","overlay-gradient":""},"tablet":{"background-color":"var(--ast-global-color-5)","background-image":"","background-repeat":"repeat","background-position":"center center","background-size":"auto","background-attachment":"scroll","background-type":"","background-media":"","overlay-type":"","overlay-color":"","overlay-opacity":"","overlay-gradient":""},"mobile":{"background-color":"var(--ast-global-color-5)","background-image":"","background-repeat":"repeat","background-position":"center center","background-size":"auto","background-attachment":"scroll","background-type":"","background-media":"","overlay-type":"","overlay-color":"","overlay-opacity":"","overlay-gradient":""}}},"section":[],"product_brand":[],"product_cat":[1274,1306],"product_tag":[1873],"class_list":{"0":"post-188901","1":"product","2":"type-product","3":"status-publish","4":"has-post-thumbnail","6":"product_cat-cursos-de-culinaria-em-italia","7":"product_cat-cursos-em-taormina","8":"product_tag-cursos-de-culinaria","9":"desktop-align-left","10":"tablet-align-left","11":"mobile-align-left","12":"ast-product-gallery-layout-horizontal-slider","13":"ast-product-single-variable","14":"ast-product-tabs-layout-horizontal","15":"ast-qv-on-image-click","17":"first","18":"instock","19":"sold-individually","20":"shipping-taxable","21":"purchasable","22":"product-type-variable","23":"has-default-attributes"},"acf":[],"taxonomy_info":{"product_cat":[{"value":1274,"label":"Cursos de culin\u00e1ria em It\u00e1lia"},{"value":1306,"label":"Cursos em Taormina"}],"product_tag":[{"value":1873,"label":"Cursos de culin\u00e1ria"}]},"featured_image_src_large":["https:\/\/www.studiainitalia.com\/wp-content\/uploads\/2016\/11\/cookery-taormina-e1490028253485.jpg",350,350,false],"author_info":[],"comment_info":1,"uagb_featured_image_src":{"full":["https:\/\/www.studiainitalia.com\/wp-content\/uploads\/2016\/11\/cookery-taormina-e1490028253485.jpg",350,350,false],"thumbnail":["https:\/\/www.studiainitalia.com\/wp-content\/uploads\/2016\/11\/cookery-taormina-150x150.jpg",96,96,true],"medium":["https:\/\/www.studiainitalia.com\/wp-content\/uploads\/2016\/11\/cookery-taormina-300x300.jpg",300,300,true],"medium_large":["https:\/\/www.studiainitalia.com\/wp-content\/uploads\/2016\/11\/cookery-taormina-e1490028253485.jpg",350,350,false],"large":["https:\/\/www.studiainitalia.com\/wp-content\/uploads\/2016\/11\/cookery-taormina-e1490028253485.jpg",350,350,false],"1536x1536":["https:\/\/www.studiainitalia.com\/wp-content\/uploads\/2016\/11\/cookery-taormina-e1490028253485.jpg",350,350,false],"2048x2048":["https:\/\/www.studiainitalia.com\/wp-content\/uploads\/2016\/11\/cookery-taormina-e1490028253485.jpg",350,350,false],"ultp_layout_landscape_large":["https:\/\/www.studiainitalia.com\/wp-content\/uploads\/2016\/11\/cookery-taormina-e1490028253485.jpg",350,350,false],"ultp_layout_landscape":["https:\/\/www.studiainitalia.com\/wp-content\/uploads\/2016\/11\/cookery-taormina-e1490028253485.jpg",350,350,false],"ultp_layout_portrait":["https:\/\/www.studiainitalia.com\/wp-content\/uploads\/2016\/11\/cookery-taormina-e1490028253485.jpg",350,350,false],"ultp_layout_square":["https:\/\/www.studiainitalia.com\/wp-content\/uploads\/2016\/11\/cookery-taormina-e1490028253485.jpg",350,350,false],"gform-image-choice-sm":["https:\/\/www.studiainitalia.com\/wp-content\/uploads\/2016\/11\/cookery-taormina-e1490028253485.jpg",300,300,false],"gform-image-choice-md":["https:\/\/www.studiainitalia.com\/wp-content\/uploads\/2016\/11\/cookery-taormina-e1490028253485.jpg",350,350,false],"gform-image-choice-lg":["https:\/\/www.studiainitalia.com\/wp-content\/uploads\/2016\/11\/cookery-taormina-e1490028253485.jpg",350,350,false],"woocommerce_thumbnail":["https:\/\/www.studiainitalia.com\/wp-content\/uploads\/2016\/11\/cookery-taormina-e1490028253485-300x300.jpg",300,300,true],"woocommerce_single":["https:\/\/www.studiainitalia.com\/wp-content\/uploads\/2016\/11\/cookery-taormina-e1490028253485.jpg",350,350,false],"woocommerce_gallery_thumbnail":["https:\/\/www.studiainitalia.com\/wp-content\/uploads\/2016\/11\/cookery-taormina-e1490028253485-100x100.jpg",100,100,true],"yarpp-thumbnail":["https:\/\/www.studiainitalia.com\/wp-content\/uploads\/2016\/11\/cookery-taormina-e1490028253485.jpg",120,120,false]},"uagb_author_info":{"display_name":"Javier Diaz","author_link":"https:\/\/www.studiainitalia.com\/pt-br\/author\/"},"uagb_comment_info":1,"uagb_excerpt":"Os segredos da cozinha siciliana! &nbsp; Os cursos de cozinha italiana em Taormina est\u00e3o dispon\u00edveis durante todo o ano. Eles duram 1 semana ou mais e consistem em um curso intensivo de italiano de 20 aulas por semana, combinado com 2 aulas de culin\u00e1ria (3,5 horas cada). As aulas de italiano s\u00e3o ministradas por professores&hellip;","_links":{"self":[{"href":"https:\/\/www.studiainitalia.com\/pt-br\/wp-json\/wp\/v2\/product\/188901","targetHints":{"allow":["GET"]}}],"collection":[{"href":"https:\/\/www.studiainitalia.com\/pt-br\/wp-json\/wp\/v2\/product"}],"about":[{"href":"https:\/\/www.studiainitalia.com\/pt-br\/wp-json\/wp\/v2\/types\/product"}],"replies":[{"embeddable":true,"href":"https:\/\/www.studiainitalia.com\/pt-br\/wp-json\/wp\/v2\/comments?post=188901"}],"wp:featuredmedia":[{"embeddable":true,"href":"https:\/\/www.studiainitalia.com\/pt-br\/wp-json\/wp\/v2\/media\/119062"}],"wp:attachment":[{"href":"https:\/\/www.studiainitalia.com\/pt-br\/wp-json\/wp\/v2\/media?parent=188901"}],"wp:term":[{"taxonomy":"section","embeddable":true,"href":"https:\/\/www.studiainitalia.com\/pt-br\/wp-json\/wp\/v2\/section?post=188901"},{"taxonomy":"product_brand","embeddable":true,"href":"https:\/\/www.studiainitalia.com\/pt-br\/wp-json\/wp\/v2\/product_brand?post=188901"},{"taxonomy":"product_cat","embeddable":true,"href":"https:\/\/www.studiainitalia.com\/pt-br\/wp-json\/wp\/v2\/product_cat?post=188901"},{"taxonomy":"product_tag","embeddable":true,"href":"https:\/\/www.studiainitalia.com\/pt-br\/wp-json\/wp\/v2\/product_tag?post=188901"}],"curies":[{"name":"wp","href":"https:\/\/api.w.org\/{rel}","templated":true}]}}