{"id":188942,"date":"2016-11-12T18:31:38","date_gmt":"2016-11-12T17:31:38","guid":{"rendered":"https:\/\/www.studiainitalia.com\/courses\/sem%20categoria\/pintura-restauracao-curso-em-inflorencia\/"},"modified":"2025-12-22T11:10:42","modified_gmt":"2025-12-22T10:10:42","slug":"curso-de-restauracao-de-pintura-em-florenca","status":"publish","type":"product","link":"https:\/\/www.studiainitalia.com\/pt-br\/cursos\/cursos-em-florenca\/curso-de-restauracao-de-pintura-em-florenca\/","title":{"rendered":"Curso de restaura\u00e7\u00e3o de pintura em Floren\u00e7a"},"content":{"rendered":"<h2>Cursos de restaura\u00e7\u00e3o<\/h2>\n<p>&nbsp;<\/p>\n<p>Voc\u00ea sabe por que n\u00e3o oferecemos cursos de restaura\u00e7\u00e3o em uma escola?<\/p>\n<p>Porque o bottega \u00e9 o lugar mais recomendado para um aprendizado r\u00e1pido, pr\u00e1tico e imersivo, mesmo que voc\u00ea seja um iniciante!<\/p>\n<p>Nossas oficinas de restaura\u00e7\u00e3o \u201cbottega\u201d em Floren\u00e7a s\u00e3o caracterizadas pelo cuidado com o qual o restaurador cuidar\u00e1 de voc\u00ea. Ele sempre tentar\u00e1 responder suas perguntas e satisfazer suas expectativas. O ambiente \u00e9 informal e descontra\u00eddo.<\/p>\n<p>A oficina est\u00e1 localizada no centro de Floren\u00e7a. Os cursos s\u00e3o individuais, com programas personalizados.<\/p>\n<p>&nbsp;<\/p>\n<p>&nbsp;<\/p>\n\n<table id=\"tablepress-94\" class=\"tablepress tablepress-id-94 tbody-has-connected-cells\">\n<thead>\n<tr class=\"row-1\">\n\t<th colspan=\"6\" class=\"column-1\">Datas de in\u00edcio 2026<\/th>\n<\/tr>\n<\/thead>\n<tbody class=\"row-striping row-hover\">\n<tr class=\"row-2\">\n\t<td class=\"column-1\">Janeiro<\/td><td class=\"column-2\">5, 19<\/td><td class=\"column-3\">Maio<\/td><td class=\"column-4\">11, 25<\/td><td class=\"column-5\">Setembro<\/td><td class=\"column-6\">14, 28<\/td>\n<\/tr>\n<tr class=\"row-3\">\n\t<td class=\"column-1\">Fevereiro<\/td><td class=\"column-2\">2, 16<\/td><td class=\"column-3\">Junho<\/td><td class=\"column-4\">8, 22<\/td><td class=\"column-5\">Outubro<\/td><td class=\"column-6\">12, 26<\/td>\n<\/tr>\n<tr class=\"row-4\">\n\t<td class=\"column-1\">Mar\u00e7o <\/td><td class=\"column-2\">2, 16, 30<\/td><td class=\"column-3\">Julho<\/td><td class=\"column-4\">6, 20<\/td><td class=\"column-5\">Novembro<\/td><td class=\"column-6\">9, 23<\/td>\n<\/tr>\n<tr class=\"row-5\">\n\t<td class=\"column-1\">Abril<\/td><td class=\"column-2\">13, 27<\/td><td class=\"column-3\">Agosto<\/td><td class=\"column-4\">3, 17, 31<\/td><td class=\"column-5\">Dezembro<\/td><td class=\"column-6\">7<\/td>\n<\/tr>\n<tr class=\"row-6\">\n\t<td colspan=\"6\" class=\"column-1\">A escola ser\u00e1 fechada nos seguintes feriados nacionais: 06\/01, segunda-feira de P\u00e1scoa, 25\/04, 01\/05, 02\/06, 24\/06, 15\/08, 01\/11, 8\/12, e durante os feriados locais e f\u00e9rias de Natal.<\/td>\n<\/tr>\n<\/tbody>\n<\/table>\n<!-- #tablepress-94 from cache -->\n<p>&nbsp;<\/p>\n<div class=\"one_half\">\n<iframe title=\"YouTube video player\" src=\"https:\/\/www.youtube.com\/embed\/Fl4GbZRdpj4?si=Z0U0LfvTU_WLp0gD\" width=\"560\" height=\"315\" frameborder=\"0\" allowfullscreen=\"allowfullscreen\" referrerpolicy=\"strict-origin-when-cross-origin\" allow=\"accelerometer; autoplay; clipboard-write; encrypted-media; gyroscope; picture-in-picture; web-share\"><\/iframe>\n<\/div>\n<div class=\"one_half et_column_last\"><\/div>\n<div class=\"clear\"><\/div>\n<div class=\"aiosrs-rating-wrap\" data-schema-id=\"90691\">\n<div class=\"aiosrs-star-rating-wrap \"><\/div>\n<div class=\"aiosrs-rating-summary-wrap\"><\/div>\n<\/div>\n","protected":false},"excerpt":{"rendered":"<p>Nossos cursos de restaura\u00e7\u00e3o n\u00e3o s\u00e3o realizados em uma escola, mas na oficina do restaurador. O curso est\u00e1 dispon\u00edvel para iniciantes ou estudantes avan\u00e7ados.<\/p>\n<p>Os cursos individuais de restaura\u00e7\u00e3o de pintura em Floren\u00e7a podem ser conclu\u00eddos em 24, 48, 72 ou 96 horas. Voc\u00ea pode distribuir estas horas ao longo das semanas de sua escolha.<\/p>\n<p>O programa b\u00e1sico inclui:<\/p>\n<p>\u2013 Aspectos do conceito de restaura\u00e7\u00e3o<\/p>\n<p>\u2013 Estudo da pintura<\/p>\n<p>\u2013 Pr\u00e1tica na prepara\u00e7\u00e3o dos suportes de acordo com t\u00e9cnicas tradicionais (lona e t\u00e1bua)<\/p>\n<p>\u2013 T\u00e9cnicas de fixa\u00e7\u00e3o<\/p>\n<p>\u2013 T\u00e9cnicas de pintura em tela<\/p>\n<p>\u2013 T\u00e9cnicas de integra\u00e7\u00e3o pict\u00f3rica<\/p>\n<p>Os cursos s\u00e3o individuais e s\u00e3o realizados em italiano. Um servi\u00e7o de interpreta\u00e7\u00e3o tamb\u00e9m est\u00e1 dispon\u00edvel mediante solicita\u00e7\u00e3o.<\/p>\n<p>Ao final do curso, os alunos receber\u00e3o um certificado de participa\u00e7\u00e3o.<\/p>\n","protected":false},"featured_media":118849,"comment_status":"open","ping_status":"closed","template":"","meta":{"_acf_changed":false,"_uag_custom_page_level_css":"","_kad_blocks_custom_css":"","_kad_blocks_head_custom_js":"","_kad_blocks_body_custom_js":"","_kad_blocks_footer_custom_js":"","site-sidebar-layout":"default","site-content-layout":"default","ast-site-content-layout":"default","site-content-style":"default","site-sidebar-style":"default","ast-global-header-display":"","ast-banner-title-visibility":"","ast-main-header-display":"","ast-hfb-above-header-display":"","ast-hfb-below-header-display":"","ast-hfb-mobile-header-display":"","site-post-title":"","ast-breadcrumbs-content":"","ast-featured-img":"","footer-sml-layout":"","ast-disable-related-posts":"","theme-transparent-header-meta":"default","adv-header-id-meta":"","stick-header-meta":"default","header-above-stick-meta":"","header-main-stick-meta":"","header-below-stick-meta":"","astra-migrate-meta-layouts":"set","ast-page-background-enabled":"default","ast-page-background-meta":{"desktop":{"background-color":"var(--ast-global-color-4)","background-image":"","background-repeat":"repeat","background-position":"center center","background-size":"auto","background-attachment":"scroll","background-type":"","background-media":"","overlay-type":"","overlay-color":"","overlay-opacity":"","overlay-gradient":""},"tablet":{"background-color":"","background-image":"","background-repeat":"repeat","background-position":"center center","background-size":"auto","background-attachment":"scroll","background-type":"","background-media":"","overlay-type":"","overlay-color":"","overlay-opacity":"","overlay-gradient":""},"mobile":{"background-color":"","background-image":"","background-repeat":"repeat","background-position":"center center","background-size":"auto","background-attachment":"scroll","background-type":"","background-media":"","overlay-type":"","overlay-color":"","overlay-opacity":"","overlay-gradient":""}},"ast-content-background-meta":{"desktop":{"background-color":"var(--ast-global-color-5)","background-image":"","background-repeat":"repeat","background-position":"center center","background-size":"auto","background-attachment":"scroll","background-type":"","background-media":"","overlay-type":"","overlay-color":"","overlay-opacity":"","overlay-gradient":""},"tablet":{"background-color":"var(--ast-global-color-5)","background-image":"","background-repeat":"repeat","background-position":"center center","background-size":"auto","background-attachment":"scroll","background-type":"","background-media":"","overlay-type":"","overlay-color":"","overlay-opacity":"","overlay-gradient":""},"mobile":{"background-color":"var(--ast-global-color-5)","background-image":"","background-repeat":"repeat","background-position":"center center","background-size":"auto","background-attachment":"scroll","background-type":"","background-media":"","overlay-type":"","overlay-color":"","overlay-opacity":"","overlay-gradient":""}}},"section":[],"product_brand":[],"product_cat":[1330,1278],"product_tag":[1861],"class_list":{"0":"post-188942","1":"product","2":"type-product","3":"status-publish","4":"has-post-thumbnail","6":"product_cat-cursos-de-restauracao-de-arte","7":"product_cat-cursos-em-florenca","8":"product_tag-florenca","9":"desktop-align-left","10":"tablet-align-left","11":"mobile-align-left","12":"ast-product-gallery-layout-horizontal-slider","13":"ast-product-gallery-with-no-image","14":"ast-product-single-variable","15":"ast-product-tabs-layout-horizontal","16":"ast-qv-on-image-click","18":"first","19":"instock","20":"sold-individually","21":"shipping-taxable","22":"purchasable","23":"product-type-variable"},"acf":[],"taxonomy_info":{"product_cat":[{"value":1330,"label":"Cursos de restaura\u00e7\u00e3o de arte"},{"value":1278,"label":"Cursos em Floren\u00e7a"}],"product_tag":[{"value":1861,"label":"Floren\u00e7a"}]},"featured_image_src_large":["https:\/\/www.studiainitalia.com\/wp-content\/uploads\/2016\/11\/painting-restoration-florence-e1490028777116.jpg",350,352,false],"author_info":[],"comment_info":7,"uagb_featured_image_src":{"full":["https:\/\/www.studiainitalia.com\/wp-content\/uploads\/2016\/11\/painting-restoration-florence-e1490028777116.jpg",350,352,false],"thumbnail":["https:\/\/www.studiainitalia.com\/wp-content\/uploads\/2016\/11\/painting-restoration-florence-150x150.jpg",96,96,true],"medium":["https:\/\/www.studiainitalia.com\/wp-content\/uploads\/2016\/11\/painting-restoration-florence-300x300.jpg",300,300,true],"medium_large":["https:\/\/www.studiainitalia.com\/wp-content\/uploads\/2016\/11\/painting-restoration-florence-e1490028777116.jpg",350,352,false],"large":["https:\/\/www.studiainitalia.com\/wp-content\/uploads\/2016\/11\/painting-restoration-florence-e1490028777116.jpg",350,352,false],"1536x1536":["https:\/\/www.studiainitalia.com\/wp-content\/uploads\/2016\/11\/painting-restoration-florence-e1490028777116.jpg",350,352,false],"2048x2048":["https:\/\/www.studiainitalia.com\/wp-content\/uploads\/2016\/11\/painting-restoration-florence-e1490028777116.jpg",350,352,false],"ultp_layout_landscape_large":["https:\/\/www.studiainitalia.com\/wp-content\/uploads\/2016\/11\/painting-restoration-florence-e1490028777116.jpg",350,352,false],"ultp_layout_landscape":["https:\/\/www.studiainitalia.com\/wp-content\/uploads\/2016\/11\/painting-restoration-florence-e1490028777116.jpg",350,352,false],"ultp_layout_portrait":["https:\/\/www.studiainitalia.com\/wp-content\/uploads\/2016\/11\/painting-restoration-florence-e1490028777116.jpg",350,352,false],"ultp_layout_square":["https:\/\/www.studiainitalia.com\/wp-content\/uploads\/2016\/11\/painting-restoration-florence-e1490028777116.jpg",350,352,false],"gform-image-choice-sm":["https:\/\/www.studiainitalia.com\/wp-content\/uploads\/2016\/11\/painting-restoration-florence-e1490028777116.jpg",298,300,false],"gform-image-choice-md":["https:\/\/www.studiainitalia.com\/wp-content\/uploads\/2016\/11\/painting-restoration-florence-e1490028777116.jpg",350,352,false],"gform-image-choice-lg":["https:\/\/www.studiainitalia.com\/wp-content\/uploads\/2016\/11\/painting-restoration-florence-e1490028777116.jpg",350,352,false],"woocommerce_thumbnail":["https:\/\/www.studiainitalia.com\/wp-content\/uploads\/2016\/11\/painting-restoration-florence-e1490028777116-300x300.jpg",300,300,true],"woocommerce_single":["https:\/\/www.studiainitalia.com\/wp-content\/uploads\/2016\/11\/painting-restoration-florence-e1490028777116.jpg",350,352,false],"woocommerce_gallery_thumbnail":["https:\/\/www.studiainitalia.com\/wp-content\/uploads\/2016\/11\/painting-restoration-florence-e1490028777116-100x100.jpg",100,100,true],"yarpp-thumbnail":["https:\/\/www.studiainitalia.com\/wp-content\/uploads\/2016\/11\/painting-restoration-florence-e1490028777116.jpg",120,120,false]},"uagb_author_info":{"display_name":"Javier Diaz","author_link":"https:\/\/www.studiainitalia.com\/pt-br\/author\/"},"uagb_comment_info":7,"uagb_excerpt":"Nossos cursos de restaura\u00e7\u00e3o n\u00e3o s\u00e3o realizados em uma escola, mas na oficina do restaurador. O curso est\u00e1 dispon\u00edvel para iniciantes ou estudantes avan\u00e7ados. Os cursos individuais de restaura\u00e7\u00e3o de pintura em Floren\u00e7a podem ser conclu\u00eddos em 24, 48, 72 ou 96 horas. Voc\u00ea pode distribuir estas horas ao longo das semanas de sua escolha.&hellip;","_links":{"self":[{"href":"https:\/\/www.studiainitalia.com\/pt-br\/wp-json\/wp\/v2\/product\/188942","targetHints":{"allow":["GET"]}}],"collection":[{"href":"https:\/\/www.studiainitalia.com\/pt-br\/wp-json\/wp\/v2\/product"}],"about":[{"href":"https:\/\/www.studiainitalia.com\/pt-br\/wp-json\/wp\/v2\/types\/product"}],"replies":[{"embeddable":true,"href":"https:\/\/www.studiainitalia.com\/pt-br\/wp-json\/wp\/v2\/comments?post=188942"}],"wp:featuredmedia":[{"embeddable":true,"href":"https:\/\/www.studiainitalia.com\/pt-br\/wp-json\/wp\/v2\/media\/118849"}],"wp:attachment":[{"href":"https:\/\/www.studiainitalia.com\/pt-br\/wp-json\/wp\/v2\/media?parent=188942"}],"wp:term":[{"taxonomy":"section","embeddable":true,"href":"https:\/\/www.studiainitalia.com\/pt-br\/wp-json\/wp\/v2\/section?post=188942"},{"taxonomy":"product_brand","embeddable":true,"href":"https:\/\/www.studiainitalia.com\/pt-br\/wp-json\/wp\/v2\/product_brand?post=188942"},{"taxonomy":"product_cat","embeddable":true,"href":"https:\/\/www.studiainitalia.com\/pt-br\/wp-json\/wp\/v2\/product_cat?post=188942"},{"taxonomy":"product_tag","embeddable":true,"href":"https:\/\/www.studiainitalia.com\/pt-br\/wp-json\/wp\/v2\/product_tag?post=188942"}],"curies":[{"name":"wp","href":"https:\/\/api.w.org\/{rel}","templated":true}]}}