{"id":188985,"date":"2016-11-14T14:22:47","date_gmt":"2016-11-14T13:22:47","guid":{"rendered":"https:\/\/www.studiainitalia.com\/courses\/sem%20categoria\/joias-curso-em-florencia\/"},"modified":"2025-12-20T13:48:14","modified_gmt":"2025-12-20T12:48:14","slug":"curso-de-joalheria-em-florenca","status":"publish","type":"product","link":"https:\/\/www.studiainitalia.com\/pt-br\/cursos\/cursos-em-florenca\/curso-de-joalheria-em-florenca\/","title":{"rendered":"Curso de joalheria em Floren\u00e7a"},"content":{"rendered":"<h2><strong>Curso de joalheria<\/strong><\/h2>\n<p>&nbsp;<\/p>\n<p>Nossa escola de j\u00f3ias em Floren\u00e7a est\u00e1 localizado no centro hist\u00f3rico da cidade, a poucos passos da Ponte Vecchio, no bairro de Santo Spirito, famosa por seus ourives e joalheiros, artistas e artes\u00e3os.<\/p>\n<p>Os cursos, ministrados por mestres artes\u00e3os e por profissionais do setor, s\u00e3o m\u00faltiplos e de v\u00e1rias dura\u00e7\u00f5es, levando em considera\u00e7\u00e3o as necessidades e os objetivos de quem os frequenta.<\/p>\n<p>A sua sede \u00e9 um pr\u00e9dio antigo, disp\u00f5e de um amplo ateli\u00ea equipado, com balc\u00f5es de trabalho profissionais individuais, aparelhos e ferramentas para cada especialidade, m\u00e1quinas para realizar o ciclo completo de microfundi\u00e7\u00e3o e salas de aula para o desenho e a projeta\u00e7\u00e3o, seja manual, seja no computador.<\/p>\n<h3><\/h3>\n<p>&nbsp;<\/p>\n<p>&nbsp;<\/p>\n<p>&nbsp;<\/p>\n<p>&nbsp;<\/p>\n\n<table id=\"tablepress-128\" class=\"tablepress tablepress-id-128 tbody-has-connected-cells\">\n<thead>\n<tr class=\"row-1\">\n\t<th colspan=\"6\" class=\"column-1\">Datas de in\u00edcio 2026<\/th>\n<\/tr>\n<\/thead>\n<tbody class=\"row-striping row-hover\">\n<tr class=\"row-2\">\n\t<td class=\"column-1\">Janeiro<\/td><td class=\"column-2\">5<\/td><td class=\"column-3\">Maio<\/td><td class=\"column-4\">18<\/td><td class=\"column-5\">Setembro<\/td><td class=\"column-6\">7<\/td>\n<\/tr>\n<tr class=\"row-3\">\n\t<td class=\"column-1\">Fevreiro<\/td><td class=\"column-2\">2<\/td><td class=\"column-3\">Junho<\/td><td class=\"column-4\">8<\/td><td class=\"column-5\">Outubro<\/td><td class=\"column-6\">5<\/td>\n<\/tr>\n<tr class=\"row-4\">\n\t<td class=\"column-1\">Mar\u00e7o <\/td><td class=\"column-2\">2, 30<\/td><td class=\"column-3\">Julho<\/td><td class=\"column-4\">6<\/td><td class=\"column-5\">Novembro<\/td><td class=\"column-6\">2, 23<\/td>\n<\/tr>\n<tr class=\"row-5\">\n\t<td class=\"column-1\">Abril<\/td><td class=\"column-2\">20<\/td><td class=\"column-3\">Agosto<\/td><td class=\"column-4\">Fechado<\/td><td class=\"column-5\">Dezembro<\/td><td class=\"column-6\"><\/td>\n<\/tr>\n<tr class=\"row-6\">\n\t<td colspan=\"6\" class=\"column-1\">A escola ser\u00e1 fechada nos seguintes feriados nacionais: 06\/01, segunda-feira de P\u00e1scoa, 25\/04, 01\/05, 02\/06, 24\/06, 15\/08, 01\/11, 8\/12, e durante os feriados locais e f\u00e9rias de Natal.<\/td>\n<\/tr>\n<\/tbody>\n<\/table>\n<!-- #tablepress-128 from cache -->\n<p>&nbsp;<\/p>\n","protected":false},"excerpt":{"rendered":"<p>Os cursos de joalheria em Floren\u00e7a\u00a0<span id=\"result_box\" class=\"\" lang=\"pt\"><span class=\"\">s\u00e3o oferecidos em dois n\u00edveis diferentes: <strong>b\u00e1sico e avan\u00e7ado.<\/strong><\/span><\/span><\/p>\n<p>Os cursos de joalheria <strong>b\u00e1sica<\/strong>\u00a0<span id=\"result_box\" class=\"\" lang=\"pt\"><span class=\"\">centram-se no estudo<\/span><\/span>\u00a0das caracter\u00edsticas e do comportamento dos metais durante a sua manipula\u00e7\u00e3o: lamina\u00e7\u00e3o, elabora\u00e7\u00e3o, soldagem.<\/p>\n<p>A constru\u00e7\u00e3o das j\u00f3ias: os v\u00e1rios componentes e a sua combina\u00e7\u00e3o, uni\u00e3o das partes (soldagem ou uni\u00f5es mec\u00e2nicas).<\/p>\n<p>Modelos de cera, aquecida ou fria, modelos de plasticina e moldes de silicone aquecido ou frio.<\/p>\n<p>Elementos de microfundi\u00e7\u00e3o: an\u00e9is com v\u00e1rios tipos de haste, prepara\u00e7\u00e3o de engastes para pedras caboch\u00e3o e facetadas, brincos, pingentes e colares com fechos de jun\u00e7\u00e3o, cria\u00e7\u00e3o de dobradi\u00e7as, broches com galerias e fechos de alfinete duplo, pulseiras com fecho de travamento.<\/p>\n<p>Acabamento dos objetos realizados, esmerilhamento, desbaste, polimento.<\/p>\n<p>V\u00e1rios tratamentos de acabamento das j\u00f3ias.<\/p>\n<p>Exerc\u00edcios de encaixe ed grava\u00e7\u00e3o.<\/p>\n<p><strong>Os cursos\u00a0<\/strong><span id=\"result_box\" class=\"\" lang=\"pt\"><span class=\"\"><strong>avan\u00e7ados<\/strong> (4, 12, 24 ou 36 semanas)\u00a0<\/span><\/span>incluem aprofundamento das t\u00e9cnicas relativas \u00e0 ourivesaria:<\/p>\n<p>elabora\u00e7\u00e3o, lamina\u00e7\u00e3o, perfura\u00e7\u00e3o, soldagem, maraca\u00e7\u00e3o e desbaste.<\/p>\n<p>Modelagem da cera sob calor e fria, de plasticina, com os relativos moldes de silicone, atua\u00e7\u00e3o do processo de microfundi\u00e7\u00e3o.<\/p>\n<p>Realiza\u00e7\u00e3o de objetos com base em desenhos e em modelos: an\u00e9is, brincos, pingentes, pulseiras e colares com mecanismos complexos de fecho e jun\u00e7\u00e3o.<\/p>\n<p>Acabamento dos objetos realizados, esmerilhamento, desbaste, polimento.<\/p>\n<p>V\u00e1rios tratamentos de acabamento das j\u00f3ias.<\/p>\n<p>Al\u00e9m disso, est\u00e3o previstos exerc\u00edcios de encaixe, t\u00e9cnicas de esmaltagem a fogo e de\u00a0grava\u00e7\u00e3o com cinzel.<\/p>\n","protected":false},"featured_media":119050,"comment_status":"open","ping_status":"closed","template":"","meta":{"_acf_changed":false,"_uag_custom_page_level_css":"","_kad_blocks_custom_css":"","_kad_blocks_head_custom_js":"","_kad_blocks_body_custom_js":"","_kad_blocks_footer_custom_js":"","site-sidebar-layout":"default","site-content-layout":"default","ast-site-content-layout":"default","site-content-style":"default","site-sidebar-style":"default","ast-global-header-display":"","ast-banner-title-visibility":"","ast-main-header-display":"","ast-hfb-above-header-display":"","ast-hfb-below-header-display":"","ast-hfb-mobile-header-display":"","site-post-title":"","ast-breadcrumbs-content":"","ast-featured-img":"","footer-sml-layout":"","ast-disable-related-posts":"","theme-transparent-header-meta":"default","adv-header-id-meta":"","stick-header-meta":"default","header-above-stick-meta":"","header-main-stick-meta":"","header-below-stick-meta":"","astra-migrate-meta-layouts":"set","ast-page-background-enabled":"default","ast-page-background-meta":{"desktop":{"background-color":"var(--ast-global-color-4)","background-image":"","background-repeat":"repeat","background-position":"center center","background-size":"auto","background-attachment":"scroll","background-type":"","background-media":"","overlay-type":"","overlay-color":"","overlay-opacity":"","overlay-gradient":""},"tablet":{"background-color":"","background-image":"","background-repeat":"repeat","background-position":"center center","background-size":"auto","background-attachment":"scroll","background-type":"","background-media":"","overlay-type":"","overlay-color":"","overlay-opacity":"","overlay-gradient":""},"mobile":{"background-color":"","background-image":"","background-repeat":"repeat","background-position":"center center","background-size":"auto","background-attachment":"scroll","background-type":"","background-media":"","overlay-type":"","overlay-color":"","overlay-opacity":"","overlay-gradient":""}},"ast-content-background-meta":{"desktop":{"background-color":"var(--ast-global-color-5)","background-image":"","background-repeat":"repeat","background-position":"center center","background-size":"auto","background-attachment":"scroll","background-type":"","background-media":"","overlay-type":"","overlay-color":"","overlay-opacity":"","overlay-gradient":""},"tablet":{"background-color":"var(--ast-global-color-5)","background-image":"","background-repeat":"repeat","background-position":"center center","background-size":"auto","background-attachment":"scroll","background-type":"","background-media":"","overlay-type":"","overlay-color":"","overlay-opacity":"","overlay-gradient":""},"mobile":{"background-color":"var(--ast-global-color-5)","background-image":"","background-repeat":"repeat","background-position":"center center","background-size":"auto","background-attachment":"scroll","background-type":"","background-media":"","overlay-type":"","overlay-color":"","overlay-opacity":"","overlay-gradient":""}}},"section":[],"product_brand":[],"product_cat":[1278,1352],"product_tag":[1861],"class_list":{"0":"post-188985","1":"product","2":"type-product","3":"status-publish","4":"has-post-thumbnail","6":"product_cat-cursos-em-florenca","7":"product_cat-design-de-joias","8":"product_tag-florenca","9":"desktop-align-left","10":"tablet-align-left","11":"mobile-align-left","12":"ast-product-gallery-layout-horizontal-slider","13":"ast-product-single-variable","14":"ast-product-tabs-layout-horizontal","15":"ast-qv-on-image-click","17":"first","18":"instock","19":"sold-individually","20":"shipping-taxable","21":"purchasable","22":"product-type-variable","23":"has-default-attributes"},"acf":[],"taxonomy_info":{"product_cat":[{"value":1278,"label":"Cursos em Floren\u00e7a"},{"value":1352,"label":"Design de j\u00f3ias"}],"product_tag":[{"value":1861,"label":"Floren\u00e7a"}]},"featured_image_src_large":["https:\/\/www.studiainitalia.com\/wp-content\/uploads\/2016\/11\/jewellery-florence-e1490090035660.jpg",300,302,false],"author_info":[],"comment_info":3,"uagb_featured_image_src":{"full":["https:\/\/www.studiainitalia.com\/wp-content\/uploads\/2016\/11\/jewellery-florence-e1490090035660.jpg",300,302,false],"thumbnail":["https:\/\/www.studiainitalia.com\/wp-content\/uploads\/2016\/11\/jewellery-florence-150x150.jpg",96,96,true],"medium":["https:\/\/www.studiainitalia.com\/wp-content\/uploads\/2016\/11\/jewellery-florence-300x300.jpg",300,300,true],"medium_large":["https:\/\/www.studiainitalia.com\/wp-content\/uploads\/2016\/11\/jewellery-florence-e1490090035660.jpg",300,302,false],"large":["https:\/\/www.studiainitalia.com\/wp-content\/uploads\/2016\/11\/jewellery-florence-e1490090035660.jpg",300,302,false],"1536x1536":["https:\/\/www.studiainitalia.com\/wp-content\/uploads\/2016\/11\/jewellery-florence-e1490090035660.jpg",300,302,false],"2048x2048":["https:\/\/www.studiainitalia.com\/wp-content\/uploads\/2016\/11\/jewellery-florence-e1490090035660.jpg",300,302,false],"ultp_layout_landscape_large":["https:\/\/www.studiainitalia.com\/wp-content\/uploads\/2016\/11\/jewellery-florence-e1490090035660.jpg",300,302,false],"ultp_layout_landscape":["https:\/\/www.studiainitalia.com\/wp-content\/uploads\/2016\/11\/jewellery-florence-e1490090035660.jpg",300,302,false],"ultp_layout_portrait":["https:\/\/www.studiainitalia.com\/wp-content\/uploads\/2016\/11\/jewellery-florence-e1490090035660.jpg",300,302,false],"ultp_layout_square":["https:\/\/www.studiainitalia.com\/wp-content\/uploads\/2016\/11\/jewellery-florence-e1490090035660.jpg",300,302,false],"gform-image-choice-sm":["https:\/\/www.studiainitalia.com\/wp-content\/uploads\/2016\/11\/jewellery-florence-e1490090035660.jpg",298,300,false],"gform-image-choice-md":["https:\/\/www.studiainitalia.com\/wp-content\/uploads\/2016\/11\/jewellery-florence-e1490090035660.jpg",300,302,false],"gform-image-choice-lg":["https:\/\/www.studiainitalia.com\/wp-content\/uploads\/2016\/11\/jewellery-florence-e1490090035660.jpg",300,302,false],"woocommerce_thumbnail":["https:\/\/www.studiainitalia.com\/wp-content\/uploads\/2016\/11\/jewellery-florence-e1490090035660-300x300.jpg",300,300,true],"woocommerce_single":["https:\/\/www.studiainitalia.com\/wp-content\/uploads\/2016\/11\/jewellery-florence-e1490090035660.jpg",300,302,false],"woocommerce_gallery_thumbnail":["https:\/\/www.studiainitalia.com\/wp-content\/uploads\/2016\/11\/jewellery-florence-e1490090035660-100x100.jpg",100,100,true],"yarpp-thumbnail":["https:\/\/www.studiainitalia.com\/wp-content\/uploads\/2016\/11\/jewellery-florence-e1490090035660.jpg",120,120,false]},"uagb_author_info":{"display_name":"Javier Diaz","author_link":"https:\/\/www.studiainitalia.com\/pt-br\/author\/"},"uagb_comment_info":3,"uagb_excerpt":"Os cursos de joalheria em Floren\u00e7a\u00a0s\u00e3o oferecidos em dois n\u00edveis diferentes: b\u00e1sico e avan\u00e7ado. Os cursos de joalheria b\u00e1sica\u00a0centram-se no estudo\u00a0das caracter\u00edsticas e do comportamento dos metais durante a sua manipula\u00e7\u00e3o: lamina\u00e7\u00e3o, elabora\u00e7\u00e3o, soldagem. A constru\u00e7\u00e3o das j\u00f3ias: os v\u00e1rios componentes e a sua combina\u00e7\u00e3o, uni\u00e3o das partes (soldagem ou uni\u00f5es mec\u00e2nicas). Modelos de cera,&hellip;","_links":{"self":[{"href":"https:\/\/www.studiainitalia.com\/pt-br\/wp-json\/wp\/v2\/product\/188985","targetHints":{"allow":["GET"]}}],"collection":[{"href":"https:\/\/www.studiainitalia.com\/pt-br\/wp-json\/wp\/v2\/product"}],"about":[{"href":"https:\/\/www.studiainitalia.com\/pt-br\/wp-json\/wp\/v2\/types\/product"}],"replies":[{"embeddable":true,"href":"https:\/\/www.studiainitalia.com\/pt-br\/wp-json\/wp\/v2\/comments?post=188985"}],"wp:featuredmedia":[{"embeddable":true,"href":"https:\/\/www.studiainitalia.com\/pt-br\/wp-json\/wp\/v2\/media\/119050"}],"wp:attachment":[{"href":"https:\/\/www.studiainitalia.com\/pt-br\/wp-json\/wp\/v2\/media?parent=188985"}],"wp:term":[{"taxonomy":"section","embeddable":true,"href":"https:\/\/www.studiainitalia.com\/pt-br\/wp-json\/wp\/v2\/section?post=188985"},{"taxonomy":"product_brand","embeddable":true,"href":"https:\/\/www.studiainitalia.com\/pt-br\/wp-json\/wp\/v2\/product_brand?post=188985"},{"taxonomy":"product_cat","embeddable":true,"href":"https:\/\/www.studiainitalia.com\/pt-br\/wp-json\/wp\/v2\/product_cat?post=188985"},{"taxonomy":"product_tag","embeddable":true,"href":"https:\/\/www.studiainitalia.com\/pt-br\/wp-json\/wp\/v2\/product_tag?post=188985"}],"curies":[{"name":"wp","href":"https:\/\/api.w.org\/{rel}","templated":true}]}}