{"id":189012,"date":"2016-11-14T19:27:20","date_gmt":"2016-11-14T18:27:20","guid":{"rendered":"https:\/\/www.studiainitalia.com\/courses\/sem%20categoria\/art-history-in-venice\/"},"modified":"2026-04-06T16:24:59","modified_gmt":"2026-04-06T14:24:59","slug":"curso-de-historia-da-arte-em-veneza","status":"publish","type":"product","link":"https:\/\/www.studiainitalia.com\/pt-br\/cursos\/cursos-em-veneza\/curso-de-historia-da-arte-em-veneza\/","title":{"rendered":"Curso de hist\u00f3ria da arte em Veneza"},"content":{"rendered":"<h2><strong>Curso de hist\u00f3ria da arte em Veneza<\/strong><\/h2>\n<p>&nbsp;<\/p>\n<p>A nossa escola \u00e9 situada no cora\u00e7\u00e3o de Veneza, na animada \u00e1rea universit\u00e1ria do campo Santa Margherita. A sede da escola se localiza num edif\u00edcio hist\u00f3rico recentemente restaurado.<\/p>\n<p>Al\u00e9m dos cursos de cursos de hist\u00f3ria da arte.a escola oferece a possibilidade de fazer\u00a0<a href=\"https:\/\/www.studiainitalia.com\/pt-br\/cursos\/cursos-de-italiano-na-italia\/curso-de-italiano-em-veneza\/\">cursos de l\u00edngua italiana.<\/a><\/p>\n<p>&nbsp;<\/p>\n<table id=\"tablepress-130\" class=\"tablepress tablepress-id-130\">\n<thead>\n<tr class=\"row-1 odd\">\n<th class=\"column-1\" colspan=\"6\">Datas de in\u00edcio 2026<\/th>\n<\/tr>\n<\/thead>\n<tbody class=\"row-hover\">\n<tr class=\"row-2 even\">\n<td class=\"column-1\">Janeiro<\/td>\n<td class=\"column-2\"><\/td>\n<td class=\"column-3\">Maio<\/td>\n<td class=\"column-4\">4, 11, 18, 25<\/td>\n<td class=\"column-5\">Setembro<\/td>\n<td class=\"column-6\">7, 28<\/td>\n<\/tr>\n<tr class=\"row-3 odd\">\n<td class=\"column-1\">Fevereiro<\/td>\n<td class=\"column-2\"><\/td>\n<td class=\"column-3\">Junho<\/td>\n<td class=\"column-4\">8, 15<\/td>\n<td class=\"column-5\">Outubro<\/td>\n<td class=\"column-6\">5, 19, 26<\/td>\n<\/tr>\n<tr class=\"row-4 even\">\n<td class=\"column-1\">Mar\u00e7o<\/td>\n<td class=\"column-2\">16, 23<\/td>\n<td class=\"column-3\">Julho<\/td>\n<td class=\"column-4\"><\/td>\n<td class=\"column-5\">Novembro<\/td>\n<td class=\"column-6\">9, 16<\/td>\n<\/tr>\n<tr class=\"row-5 odd\">\n<td class=\"column-1\">Abril<\/td>\n<td class=\"column-2\">6, 13<\/td>\n<td class=\"column-3\">Agosto<\/td>\n<td class=\"column-4\">31<\/td>\n<td class=\"column-5\">Dezembro<\/td>\n<td class=\"column-6\"><\/td>\n<\/tr>\n<tr class=\"row-6 even\">\n<td class=\"column-1\" colspan=\"6\">A escola ser\u00e1 fechada nos seguintes feriados nacionais: 06\/01, segunda-feira de P\u00e1scoa, 25\/04, 01\/05, 02\/06, 15\/08, 01\/11, 8\/12, e durante os feriados locais e f\u00e9rias de Natal.<\/td>\n<\/tr>\n<\/tbody>\n<\/table>\n<div class=\"aiosrs-rating-wrap\" data-schema-id=\"90691\">\n<div class=\"aiosrs-star-rating-wrap \"><\/div>\n<div class=\"aiosrs-rating-summary-wrap\"><\/div>\n<\/div>\n<h3><\/h3>\n","protected":false},"excerpt":{"rendered":"<div class=\"woocommerce-product-details__short-description\">\n<h2>Uma nova oportunidade de conhecer a cidade atrav\u00e9s de um turismo diferente, exclusivo e eco-sustent\u00e1vel<\/h2>\n<p>&nbsp;<\/p>\n<p>Finalmente voc\u00ea poder\u00e1 conhecer e apreciar as obras-primas dos maiores artistas venezianos em pintura, escultura e arquitetura desde a Idade M\u00e9dia at\u00e9 a Era Contempor\u00e2nea, longe do turismo de massa.<\/p>\n<p>Esta experi\u00eancia ser\u00e1 inesquec\u00edvel, j\u00e1 que todas as obras art\u00edsticas ser\u00e3o vistas nos lugares para os quais foram projetadas.<\/p>\n<p>Este curso de hist\u00f3ria da arte oferece a possibilidade de participar de visitas guiadas \u00e0 cidade.<\/p>\n<p>N\u00e3o \u00e9 f\u00e1cil encontrar uma cidade t\u00e3o cheia de obras-primas art\u00edsticas e arquitet\u00f4nicas como Veneza. Em cada sestiere, campo ou rua h\u00e1 algo \u00e0 espera de ser descoberto.<\/p>\n<p>As aulas acontecem pela manh\u00e3 ou \u00e0 tarde (3 horas por dia) de acordo com o hor\u00e1rio de abertura dos museus, galerias de arte, igrejas onde as obras inclu\u00eddas no programa ser\u00e3o visitadas. Assim, n\u00e3o apenas as \u00e1reas mais famosas, como a Pra\u00e7a de S\u00e3o Marcos e Rialto, mas tamb\u00e9m igrejas, museus, Academias de Belas Artes, Scuole, pal\u00e1cios, o Gueto.<\/p>\n<p>Este curso acontece de segunda a sexta-feira.<\/p>\n<p>\u00c9 aconselh\u00e1vel ter um n\u00edvel intermedi\u00e1rio de italiano.<\/p>\n<p>Programas detalhados com cronogramas estar\u00e3o dispon\u00edveis um m\u00eas antes da data de in\u00edcio do curso.<\/p>\n<\/div>\n<form class=\"variations_form cart\" style=\"box-sizing: border-box; margin: 24px 0px 39px; padding: 20px; border: 2px solid #eeeeee; outline: 0px; font-size: 14px; text-size-adjust: 100%; vertical-align: baseline; background: #ffffff; color: #444444; font-family: 'Open Sans', Arial, sans-serif; font-style: normal; font-variant-ligatures: normal; font-variant-caps: normal; font-weight: 500; letter-spacing: normal; orphans: 2; text-align: left; text-indent: 0px; text-transform: none; widows: 2; word-spacing: 0px; -webkit-text-stroke-width: 0px; white-space: normal; text-decoration-thickness: initial; text-decoration-style: initial; text-decoration-color: initial;\" action=\"https:\/\/www.studiainitalia.com\/pt-br\/cursos\/cursos-de-historia-de-arte-na-italia\/curso-de-historia-da-arte-em-veneza\/\" enctype=\"multipart\/form-data\" method=\"post\" data-product_id=\"64822\" data-product_variations=\"[{&quot;attributes&quot;:{&quot;attribute_number-of-weeks&quot;:&quot;1 semana (somente o curso)&quot;},&quot;availability_html&quot;:&quot;&quot;,&quot;backorders_allowed&quot;:false,&quot;dimensions&quot;:{&quot;length&quot;:&quot;&quot;,&quot;width&quot;:&quot;&quot;,&quot;height&quot;:&quot;&quot;},&quot;dimensions_html&quot;:&quot;N\\\/A&quot;,&quot;display_price&quot;:290,&quot;display_regular_price&quot;:290,&quot;image&quot;:{&quot;title&quot;:&quot;historia-da-arte-em-veneza&quot;,&quot;caption&quot;:&quot;&quot;,&quot;url&quot;:&quot;https:\\\/\\\/www.studiainitalia.com\\\/wp-content\\\/uploads\\\/2016\\\/11\\\/art-course-venice.jpg&quot;,&quot;alt&quot;:&quot;Curso de hist\\u00f3ria da arte em Veneza&quot;,&quot;src&quot;:&quot;https:\\\/\\\/www.studiainitalia.com\\\/wp-content\\\/uploads\\\/2016\\\/11\\\/art-course-venice-400x401.jpg&quot;,&quot;srcset&quot;:&quot;https:\\\/\\\/www.studiainitalia.com\\\/wp-content\\\/uploads\\\/2016\\\/11\\\/art-course-venice-400x401.jpg 400w, https:\\\/\\\/www.studiainitalia.com\\\/wp-content\\\/uploads\\\/2016\\\/11\\\/art-course-venice-300x300.jpg 300w, https:\\\/\\\/www.studiainitalia.com\\\/wp-content\\\/uploads\\\/2016\\\/11\\\/art-course-venice-100x100.jpg 100w, https:\\\/\\\/www.studiainitalia.com\\\/wp-content\\\/uploads\\\/2016\\\/11\\\/art-course-venice-150x150.jpg 150w, https:\\\/\\\/www.studiainitalia.com\\\/wp-content\\\/uploads\\\/2016\\\/11\\\/art-course-venice.jpg 432w&quot;,&quot;sizes&quot;:&quot;(max-width: 400px) 100vw, 400px&quot;,&quot;full_src&quot;:&quot;https:\\\/\\\/www.studiainitalia.com\\\/wp-content\\\/uploads\\\/2016\\\/11\\\/art-course-venice.jpg&quot;,&quot;full_src_w&quot;:432,&quot;full_src_h&quot;:433,&quot;gallery_thumbnail_src&quot;:&quot;https:\\\/\\\/www.studiainitalia.com\\\/wp-content\\\/uploads\\\/2016\\\/11\\\/art-course-venice-100x100.jpg&quot;,&quot;gallery_thumbnail_src_w&quot;:100,&quot;gallery_thumbnail_src_h&quot;:100,&quot;thumb_src&quot;:&quot;https:\\\/\\\/www.studiainitalia.com\\\/wp-content\\\/uploads\\\/2016\\\/11\\\/art-course-venice-300x300.jpg&quot;,&quot;thumb_src_w&quot;:300,&quot;thumb_src_h&quot;:300,&quot;src_w&quot;:400,&quot;src_h&quot;:401},&quot;image_id&quot;:57268,&quot;is_downloadable&quot;:false,&quot;is_in_stock&quot;:true,&quot;is_purchasable&quot;:true,&quot;is_sold_individually&quot;:&quot;yes&quot;,&quot;is_virtual&quot;:false,&quot;max_qty&quot;:1,&quot;min_qty&quot;:1,&quot;price_html&quot;:&quot;&lt;span class=\\&quot;price\\&quot;&gt;&lt;span class=\\&quot;woocommerce-Price-amount amount\\&quot;&gt;&lt;bdi&gt;290&lt;span class=\\&quot;woocommerce-Price-currencySymbol\\&quot;&gt;&amp;euro;&lt;\\\/span&gt;&lt;\\\/bdi&gt;&lt;\\\/span&gt;&lt;\\\/span&gt;&quot;,&quot;sku&quot;:&quot;&quot;,&quot;variation_description&quot;:&quot;&quot;,&quot;variation_id&quot;:64829,&quot;variation_is_active&quot;:true,&quot;variation_is_visible&quot;:true,&quot;weight&quot;:&quot;&quot;,&quot;weight_html&quot;:&quot;N\\\/A&quot;},{&quot;attributes&quot;:{&quot;attribute_number-of-weeks&quot;:&quot;2 semanas (curso e alojamento em quarto individual, apartamento compartilhado)&quot;},&quot;availability_html&quot;:&quot;&quot;,&quot;backorders_allowed&quot;:false,&quot;dimensions&quot;:{&quot;length&quot;:&quot;&quot;,&quot;width&quot;:&quot;&quot;,&quot;height&quot;:&quot;&quot;},&quot;dimensions_html&quot;:&quot;N\\\/A&quot;,&quot;display_price&quot;:850,&quot;display_regular_price&quot;:850,&quot;image&quot;:{&quot;title&quot;:&quot;historia-da-arte-em-veneza&quot;,&quot;caption&quot;:&quot;&quot;,&quot;url&quot;:&quot;https:\\\/\\\/www.studiainitalia.com\\\/wp-content\\\/uploads\\\/2016\\\/11\\\/art-course-venice.jpg&quot;,&quot;alt&quot;:&quot;Curso de hist\\u00f3ria da arte em Veneza&quot;,&quot;src&quot;:&quot;https:\\\/\\\/www.studiainitalia.com\\\/wp-content\\\/uploads\\\/2016\\\/11\\\/art-course-venice-400x401.jpg&quot;,&quot;srcset&quot;:&quot;https:\\\/\\\/www.studiainitalia.com\\\/wp-content\\\/uploads\\\/2016\\\/11\\\/art-course-venice-400x401.jpg 400w, https:\\\/\\\/www.studiainitalia.com\\\/wp-content\\\/uploads\\\/2016\\\/11\\\/art-course-venice-300x300.jpg 300w, https:\\\/\\\/www.studiainitalia.com\\\/wp-content\\\/uploads\\\/2016\\\/11\\\/art-course-venice-100x100.jpg 100w, https:\\\/\\\/www.studiainitalia.com\\\/wp-content\\\/uploads\\\/2016\\\/11\\\/art-course-venice-150x150.jpg 150w, https:\\\/\\\/www.studiainitalia.com\\\/wp-content\\\/uploads\\\/2016\\\/11\\\/art-course-venice.jpg 432w&quot;,&quot;sizes&quot;:&quot;(max-width: 400px) 100vw, 400px&quot;,&quot;full_src&quot;:&quot;https:\\\/\\\/www.studiainitalia.com\\\/wp-content\\\/uploads\\\/2016\\\/11\\\/art-course-venice.jpg&quot;,&quot;full_src_w&quot;:432,&quot;full_src_h&quot;:433,&quot;gallery_thumbnail_src&quot;:&quot;https:\\\/\\\/www.studiainitalia.com\\\/wp-content\\\/uploads\\\/2016\\\/11\\\/art-course-venice-100x100.jpg&quot;,&quot;gallery_thumbnail_src_w&quot;:100,&quot;gallery_thumbnail_src_h&quot;:100,&quot;thumb_src&quot;:&quot;https:\\\/\\\/www.studiainitalia.com\\\/wp-content\\\/uploads\\\/2016\\\/11\\\/art-course-venice-300x300.jpg&quot;,&quot;thumb_src_w&quot;:300,&quot;thumb_src_h&quot;:300,&quot;src_w&quot;:400,&quot;src_h&quot;:401},&quot;image_id&quot;:57268,&quot;is_downloadable&quot;:false,&quot;is_in_stock&quot;:true,&quot;is_purchasable&quot;:true,&quot;is_sold_individually&quot;:&quot;yes&quot;,&quot;is_virtual&quot;:false,&quot;max_qty&quot;:1,&quot;min_qty&quot;:1,&quot;price_html&quot;:&quot;&lt;span class=\\&quot;price\\&quot;&gt;&lt;span class=\\&quot;woocommerce-Price-amount amount\\&quot;&gt;&lt;bdi&gt;850&lt;span class=\\&quot;woocommerce-Price-currencySymbol\\&quot;&gt;&amp;euro;&lt;\\\/span&gt;&lt;\\\/bdi&gt;&lt;\\\/span&gt;&lt;\\\/span&gt;&quot;,&quot;sku&quot;:&quot;&quot;,&quot;variation_description&quot;:&quot;&quot;,&quot;variation_id&quot;:64826,&quot;variation_is_active&quot;:true,&quot;variation_is_visible&quot;:true,&quot;weight&quot;:&quot;&quot;,&quot;weight_html&quot;:&quot;N\\\/A&quot;},{&quot;attributes&quot;:{&quot;attribute_number-of-weeks&quot;:&quot;1 semana (curso e alojamento em quarto individual, apartamento compartilhado)&quot;},&quot;availability_html&quot;:&quot;&quot;,&quot;backorders_allowed&quot;:false,&quot;dimensions&quot;:{&quot;length&quot;:&quot;&quot;,&quot;width&quot;:&quot;&quot;,&quot;height&quot;:&quot;&quot;},&quot;dimensions_html&quot;:&quot;N\\\/A&quot;,&quot;display_price&quot;:520,&quot;display_regular_price&quot;:520,&quot;image&quot;:{&quot;title&quot;:&quot;historia-da-arte-em-veneza&quot;,&quot;caption&quot;:&quot;&quot;,&quot;url&quot;:&quot;https:\\\/\\\/www.studiainitalia.com\\\/wp-content\\\/uploads\\\/2016\\\/11\\\/art-course-venice.jpg&quot;,&quot;alt&quot;:&quot;Curso de hist\\u00f3ria da arte em Veneza&quot;,&quot;src&quot;:&quot;https:\\\/\\\/www.studiainitalia.com\\\/wp-content\\\/uploads\\\/2016\\\/11\\\/art-course-venice-400x401.jpg&quot;,&quot;srcset&quot;:&quot;https:\\\/\\\/www.studiainitalia.com\\\/wp-content\\\/uploads\\\/2016\\\/11\\\/art-course-venice-400x401.jpg 400w, https:\\\/\\\/www.studiainitalia.com\\\/wp-content\\\/uploads\\\/2016\\\/11\\\/art-course-venice-300x300.jpg 300w, https:\\\/\\\/www.studiainitalia.com\\\/wp-content\\\/uploads\\\/2016\\\/11\\\/art-course-venice-100x100.jpg 100w, https:\\\/\\\/www.studiainitalia.com\\\/wp-content\\\/uploads\\\/2016\\\/11\\\/art-course-venice-150x150.jpg 150w, https:\\\/\\\/www.studiainitalia.com\\\/wp-content\\\/uploads\\\/2016\\\/11\\\/art-course-venice.jpg 432w&quot;,&quot;sizes&quot;:&quot;(max-width: 400px) 100vw, 400px&quot;,&quot;full_src&quot;:&quot;https:\\\/\\\/www.studiainitalia.com\\\/wp-content\\\/uploads\\\/2016\\\/11\\\/art-course-venice.jpg&quot;,&quot;full_src_w&quot;:432,&quot;full_src_h&quot;:433,&quot;gallery_thumbnail_src&quot;:&quot;https:\\\/\\\/www.studiainitalia.com\\\/wp-content\\\/uploads\\\/2016\\\/11\\\/art-course-venice-100x100.jpg&quot;,&quot;gallery_thumbnail_src_w&quot;:100,&quot;gallery_thumbnail_src_h&quot;:100,&quot;thumb_src&quot;:&quot;https:\\\/\\\/www.studiainitalia.com\\\/wp-content\\\/uploads\\\/2016\\\/11\\\/art-course-venice-300x300.jpg&quot;,&quot;thumb_src_w&quot;:300,&quot;thumb_src_h&quot;:300,&quot;src_w&quot;:400,&quot;src_h&quot;:401},&quot;image_id&quot;:57268,&quot;is_downloadable&quot;:false,&quot;is_in_stock&quot;:true,&quot;is_purchasable&quot;:true,&quot;is_sold_individually&quot;:&quot;yes&quot;,&quot;is_virtual&quot;:false,&quot;max_qty&quot;:1,&quot;min_qty&quot;:1,&quot;price_html&quot;:&quot;&lt;span class=\\&quot;price\\&quot;&gt;&lt;span class=\\&quot;woocommerce-Price-amount amount\\&quot;&gt;&lt;bdi&gt;520&lt;span class=\\&quot;woocommerce-Price-currencySymbol\\&quot;&gt;&amp;euro;&lt;\\\/span&gt;&lt;\\\/bdi&gt;&lt;\\\/span&gt;&lt;\\\/span&gt;&quot;,&quot;sku&quot;:&quot;&quot;,&quot;variation_description&quot;:&quot;&quot;,&quot;variation_id&quot;:64827,&quot;variation_is_active&quot;:true,&quot;variation_is_visible&quot;:true,&quot;weight&quot;:&quot;&quot;,&quot;weight_html&quot;:&quot;N\\\/A&quot;},{&quot;attributes&quot;:{&quot;attribute_number-of-weeks&quot;:&quot;2 semanas (somente o curso)&quot;},&quot;availability_html&quot;:&quot;&quot;,&quot;backorders_allowed&quot;:false,&quot;dimensions&quot;:{&quot;length&quot;:&quot;&quot;,&quot;width&quot;:&quot;&quot;,&quot;height&quot;:&quot;&quot;},&quot;dimensions_html&quot;:&quot;N\\\/A&quot;,&quot;display_price&quot;:450,&quot;display_regular_price&quot;:450,&quot;image&quot;:{&quot;title&quot;:&quot;historia-da-arte-em-veneza&quot;,&quot;caption&quot;:&quot;&quot;,&quot;url&quot;:&quot;https:\\\/\\\/www.studiainitalia.com\\\/wp-content\\\/uploads\\\/2016\\\/11\\\/art-course-venice.jpg&quot;,&quot;alt&quot;:&quot;Curso de hist\\u00f3ria da arte em Veneza&quot;,&quot;src&quot;:&quot;https:\\\/\\\/www.studiainitalia.com\\\/wp-content\\\/uploads\\\/2016\\\/11\\\/art-course-venice-400x401.jpg&quot;,&quot;srcset&quot;:&quot;https:\\\/\\\/www.studiainitalia.com\\\/wp-content\\\/uploads\\\/2016\\\/11\\\/art-course-venice-400x401.jpg 400w, https:\\\/\\\/www.studiainitalia.com\\\/wp-content\\\/uploads\\\/2016\\\/11\\\/art-course-venice-300x300.jpg 300w, https:\\\/\\\/www.studiainitalia.com\\\/wp-content\\\/uploads\\\/2016\\\/11\\\/art-course-venice-100x100.jpg 100w, https:\\\/\\\/www.studiainitalia.com\\\/wp-content\\\/uploads\\\/2016\\\/11\\\/art-course-venice-150x150.jpg 150w, https:\\\/\\\/www.studiainitalia.com\\\/wp-content\\\/uploads\\\/2016\\\/11\\\/art-course-venice.jpg 432w&quot;,&quot;sizes&quot;:&quot;(max-width: 400px) 100vw, 400px&quot;,&quot;full_src&quot;:&quot;https:\\\/\\\/www.studiainitalia.com\\\/wp-content\\\/uploads\\\/2016\\\/11\\\/art-course-venice.jpg&quot;,&quot;full_src_w&quot;:432,&quot;full_src_h&quot;:433,&quot;gallery_thumbnail_src&quot;:&quot;https:\\\/\\\/www.studiainitalia.com\\\/wp-content\\\/uploads\\\/2016\\\/11\\\/art-course-venice-100x100.jpg&quot;,&quot;gallery_thumbnail_src_w&quot;:100,&quot;gallery_thumbnail_src_h&quot;:100,&quot;thumb_src&quot;:&quot;https:\\\/\\\/www.studiainitalia.com\\\/wp-content\\\/uploads\\\/2016\\\/11\\\/art-course-venice-300x300.jpg&quot;,&quot;thumb_src_w&quot;:300,&quot;thumb_src_h&quot;:300,&quot;src_w&quot;:400,&quot;src_h&quot;:401},&quot;image_id&quot;:57268,&quot;is_downloadable&quot;:false,&quot;is_in_stock&quot;:true,&quot;is_purchasable&quot;:true,&quot;is_sold_individually&quot;:&quot;yes&quot;,&quot;is_virtual&quot;:false,&quot;max_qty&quot;:1,&quot;min_qty&quot;:1,&quot;price_html&quot;:&quot;&lt;span class=\\&quot;price\\&quot;&gt;&lt;span class=\\&quot;woocommerce-Price-amount amount\\&quot;&gt;&lt;bdi&gt;450&lt;span class=\\&quot;woocommerce-Price-currencySymbol\\&quot;&gt;&amp;euro;&lt;\\\/span&gt;&lt;\\\/bdi&gt;&lt;\\\/span&gt;&lt;\\\/span&gt;&quot;,&quot;sku&quot;:&quot;&quot;,&quot;variation_description&quot;:&quot;&quot;,&quot;variation_id&quot;:64828,&quot;variation_is_active&quot;:true,&quot;variation_is_visible&quot;:true,&quot;weight&quot;:&quot;&quot;,&quot;weight_html&quot;:&quot;N\\\/A&quot;}]\"><\/form>\n","protected":false},"featured_media":119110,"comment_status":"open","ping_status":"closed","template":"","meta":{"_acf_changed":false,"_uag_custom_page_level_css":"","_kad_blocks_custom_css":"","_kad_blocks_head_custom_js":"","_kad_blocks_body_custom_js":"","_kad_blocks_footer_custom_js":"","site-sidebar-layout":"default","site-content-layout":"default","ast-site-content-layout":"default","site-content-style":"default","site-sidebar-style":"default","ast-global-header-display":"","ast-banner-title-visibility":"","ast-main-header-display":"","ast-hfb-above-header-display":"","ast-hfb-below-header-display":"","ast-hfb-mobile-header-display":"","site-post-title":"","ast-breadcrumbs-content":"","ast-featured-img":"","footer-sml-layout":"","ast-disable-related-posts":"","theme-transparent-header-meta":"default","adv-header-id-meta":"","stick-header-meta":"default","header-above-stick-meta":"","header-main-stick-meta":"","header-below-stick-meta":"","astra-migrate-meta-layouts":"set","ast-page-background-enabled":"default","ast-page-background-meta":{"desktop":{"background-color":"var(--ast-global-color-4)","background-image":"","background-repeat":"repeat","background-position":"center center","background-size":"auto","background-attachment":"scroll","background-type":"","background-media":"","overlay-type":"","overlay-color":"","overlay-opacity":"","overlay-gradient":""},"tablet":{"background-color":"","background-image":"","background-repeat":"repeat","background-position":"center center","background-size":"auto","background-attachment":"scroll","background-type":"","background-media":"","overlay-type":"","overlay-color":"","overlay-opacity":"","overlay-gradient":""},"mobile":{"background-color":"","background-image":"","background-repeat":"repeat","background-position":"center center","background-size":"auto","background-attachment":"scroll","background-type":"","background-media":"","overlay-type":"","overlay-color":"","overlay-opacity":"","overlay-gradient":""}},"ast-content-background-meta":{"desktop":{"background-color":"var(--ast-global-color-5)","background-image":"","background-repeat":"repeat","background-position":"center center","background-size":"auto","background-attachment":"scroll","background-type":"","background-media":"","overlay-type":"","overlay-color":"","overlay-opacity":"","overlay-gradient":""},"tablet":{"background-color":"var(--ast-global-color-5)","background-image":"","background-repeat":"repeat","background-position":"center center","background-size":"auto","background-attachment":"scroll","background-type":"","background-media":"","overlay-type":"","overlay-color":"","overlay-opacity":"","overlay-gradient":""},"mobile":{"background-color":"var(--ast-global-color-5)","background-image":"","background-repeat":"repeat","background-position":"center center","background-size":"auto","background-attachment":"scroll","background-type":"","background-media":"","overlay-type":"","overlay-color":"","overlay-opacity":"","overlay-gradient":""}}},"section":[],"product_brand":[],"product_cat":[1349,1310],"product_tag":[1860],"class_list":{"0":"post-189012","1":"product","2":"type-product","3":"status-publish","4":"has-post-thumbnail","6":"product_cat-cursos-de-historia-da-arte-em-italia","7":"product_cat-cursos-em-veneza","8":"product_tag-historia-arte","9":"desktop-align-left","10":"tablet-align-left","11":"mobile-align-left","12":"ast-product-gallery-layout-horizontal-slider","13":"ast-product-single-variable","14":"ast-product-tabs-layout-horizontal","15":"ast-qv-on-image-click","17":"first","18":"instock","19":"sold-individually","20":"shipping-taxable","21":"purchasable","22":"product-type-variable","23":"has-default-attributes"},"acf":[],"taxonomy_info":{"product_cat":[{"value":1349,"label":"Cursos de hist\u00f3ria da arte em It\u00e1lia"},{"value":1310,"label":"Cursos em Veneza"}],"product_tag":[{"value":1860,"label":"Historia Arte"}]},"featured_image_src_large":["https:\/\/www.studiainitalia.com\/wp-content\/uploads\/2016\/11\/art-course-venice-e1490029335674.jpg",350,351,false],"author_info":[],"comment_info":11,"uagb_featured_image_src":{"full":["https:\/\/www.studiainitalia.com\/wp-content\/uploads\/2016\/11\/art-course-venice-e1490029335674.jpg",350,351,false],"thumbnail":["https:\/\/www.studiainitalia.com\/wp-content\/uploads\/2016\/11\/art-course-venice-150x150.jpg",96,96,true],"medium":["https:\/\/www.studiainitalia.com\/wp-content\/uploads\/2016\/11\/art-course-venice-300x300.jpg",300,300,true],"medium_large":["https:\/\/www.studiainitalia.com\/wp-content\/uploads\/2016\/11\/art-course-venice-e1490029335674.jpg",350,351,false],"large":["https:\/\/www.studiainitalia.com\/wp-content\/uploads\/2016\/11\/art-course-venice-e1490029335674.jpg",350,351,false],"1536x1536":["https:\/\/www.studiainitalia.com\/wp-content\/uploads\/2016\/11\/art-course-venice-e1490029335674.jpg",350,351,false],"2048x2048":["https:\/\/www.studiainitalia.com\/wp-content\/uploads\/2016\/11\/art-course-venice-e1490029335674.jpg",350,351,false],"ultp_layout_landscape_large":["https:\/\/www.studiainitalia.com\/wp-content\/uploads\/2016\/11\/art-course-venice-e1490029335674.jpg",350,351,false],"ultp_layout_landscape":["https:\/\/www.studiainitalia.com\/wp-content\/uploads\/2016\/11\/art-course-venice-e1490029335674.jpg",350,351,false],"ultp_layout_portrait":["https:\/\/www.studiainitalia.com\/wp-content\/uploads\/2016\/11\/art-course-venice-e1490029335674.jpg",350,351,false],"ultp_layout_square":["https:\/\/www.studiainitalia.com\/wp-content\/uploads\/2016\/11\/art-course-venice-e1490029335674.jpg",350,351,false],"gform-image-choice-sm":["https:\/\/www.studiainitalia.com\/wp-content\/uploads\/2016\/11\/art-course-venice-e1490029335674.jpg",300,300,false],"gform-image-choice-md":["https:\/\/www.studiainitalia.com\/wp-content\/uploads\/2016\/11\/art-course-venice-e1490029335674.jpg",350,351,false],"gform-image-choice-lg":["https:\/\/www.studiainitalia.com\/wp-content\/uploads\/2016\/11\/art-course-venice-e1490029335674.jpg",350,351,false],"woocommerce_thumbnail":["https:\/\/www.studiainitalia.com\/wp-content\/uploads\/2016\/11\/art-course-venice-e1490029335674-300x300.jpg",300,300,true],"woocommerce_single":["https:\/\/www.studiainitalia.com\/wp-content\/uploads\/2016\/11\/art-course-venice-e1490029335674.jpg",350,351,false],"woocommerce_gallery_thumbnail":["https:\/\/www.studiainitalia.com\/wp-content\/uploads\/2016\/11\/art-course-venice-e1490029335674-100x100.jpg",100,100,true],"yarpp-thumbnail":["https:\/\/www.studiainitalia.com\/wp-content\/uploads\/2016\/11\/art-course-venice-e1490029335674.jpg",120,120,false]},"uagb_author_info":{"display_name":"Javier Diaz","author_link":"https:\/\/www.studiainitalia.com\/pt-br\/author\/"},"uagb_comment_info":11,"uagb_excerpt":"Uma nova oportunidade de conhecer a cidade atrav\u00e9s de um turismo diferente, exclusivo e eco-sustent\u00e1vel &nbsp; Finalmente voc\u00ea poder\u00e1 conhecer e apreciar as obras-primas dos maiores artistas venezianos em pintura, escultura e arquitetura desde a Idade M\u00e9dia at\u00e9 a Era Contempor\u00e2nea, longe do turismo de massa. Esta experi\u00eancia ser\u00e1 inesquec\u00edvel, j\u00e1 que todas as obras&hellip;","_links":{"self":[{"href":"https:\/\/www.studiainitalia.com\/pt-br\/wp-json\/wp\/v2\/product\/189012","targetHints":{"allow":["GET"]}}],"collection":[{"href":"https:\/\/www.studiainitalia.com\/pt-br\/wp-json\/wp\/v2\/product"}],"about":[{"href":"https:\/\/www.studiainitalia.com\/pt-br\/wp-json\/wp\/v2\/types\/product"}],"replies":[{"embeddable":true,"href":"https:\/\/www.studiainitalia.com\/pt-br\/wp-json\/wp\/v2\/comments?post=189012"}],"wp:featuredmedia":[{"embeddable":true,"href":"https:\/\/www.studiainitalia.com\/pt-br\/wp-json\/wp\/v2\/media\/119110"}],"wp:attachment":[{"href":"https:\/\/www.studiainitalia.com\/pt-br\/wp-json\/wp\/v2\/media?parent=189012"}],"wp:term":[{"taxonomy":"section","embeddable":true,"href":"https:\/\/www.studiainitalia.com\/pt-br\/wp-json\/wp\/v2\/section?post=189012"},{"taxonomy":"product_brand","embeddable":true,"href":"https:\/\/www.studiainitalia.com\/pt-br\/wp-json\/wp\/v2\/product_brand?post=189012"},{"taxonomy":"product_cat","embeddable":true,"href":"https:\/\/www.studiainitalia.com\/pt-br\/wp-json\/wp\/v2\/product_cat?post=189012"},{"taxonomy":"product_tag","embeddable":true,"href":"https:\/\/www.studiainitalia.com\/pt-br\/wp-json\/wp\/v2\/product_tag?post=189012"}],"curies":[{"name":"wp","href":"https:\/\/api.w.org\/{rel}","templated":true}]}}