{"id":189048,"date":"2016-11-14T14:07:00","date_gmt":"2016-11-14T13:07:00","guid":{"rendered":"https:\/\/www.studiainitalia.com\/courses\/sem%20categoria\/3d-jewellery-computer-designer-course-in-florence\/"},"modified":"2026-03-13T23:37:24","modified_gmt":"2026-03-13T22:37:24","slug":"curso-de-desenho-de-joias-3d-por-computador-em-florenca","status":"publish","type":"product","link":"https:\/\/www.studiainitalia.com\/pt-br\/cursos\/cursos-em-florenca\/curso-de-desenho-de-joias-3d-por-computador-em-florenca\/","title":{"rendered":"Curso de desenho de j\u00f3ias 3D por computador em Floren\u00e7a"},"content":{"rendered":"<h2><strong>Curso de desenho de j\u00f3ias 3D<\/strong><\/h2>\n<p>&nbsp;<\/p>\n<p>Nossa escola de j\u00f3ias em Floren\u00e7a est\u00e1 localizado no centro hist\u00f3rico da cidade, a poucos passos da Ponte Vecchio, no bairro de Santo Spirito, famosa por seus ourives e joalheiros, artistas e artes\u00e3os. Os cursos, ministrados por mestres artes\u00e3os e por profissionais do setor, s\u00e3o m\u00faltiplos e de v\u00e1rias dura\u00e7\u00f5es, levando em considera\u00e7\u00e3o as necessidades e os objetivos de quem os frequenta.<\/p>\n<p>&nbsp;<\/p>\n<p>A sua sede \u00e9 um pr\u00e9dio antigo, disp\u00f5e de um amplo ateli\u00ea equipado, com balc\u00f5es de trabalho profissionais individuais, aparelhos e ferramentas para cada especialidade, m\u00e1quinas para realizar o ciclo completo de microfundi\u00e7\u00e3o e salas de aula para o desenho e a projeta\u00e7\u00e3o, seja manual, seja no computador.<\/p>\n<p>&nbsp;<\/p>\n<p>&nbsp;<\/p>\n<p>&nbsp;<\/p>\n\n<table id=\"tablepress-128\" class=\"tablepress tablepress-id-128 tbody-has-connected-cells\">\n<thead>\n<tr class=\"row-1\">\n\t<th colspan=\"6\" class=\"column-1\">Datas de in\u00edcio 2026<\/th>\n<\/tr>\n<\/thead>\n<tbody class=\"row-striping row-hover\">\n<tr class=\"row-2\">\n\t<td class=\"column-1\">Janeiro<\/td><td class=\"column-2\">5<\/td><td class=\"column-3\">Maio<\/td><td class=\"column-4\">18<\/td><td class=\"column-5\">Setembro<\/td><td class=\"column-6\">7<\/td>\n<\/tr>\n<tr class=\"row-3\">\n\t<td class=\"column-1\">Fevreiro<\/td><td class=\"column-2\">2<\/td><td class=\"column-3\">Junho<\/td><td class=\"column-4\">8<\/td><td class=\"column-5\">Outubro<\/td><td class=\"column-6\">5<\/td>\n<\/tr>\n<tr class=\"row-4\">\n\t<td class=\"column-1\">Mar\u00e7o <\/td><td class=\"column-2\">2, 30<\/td><td class=\"column-3\">Julho<\/td><td class=\"column-4\">6<\/td><td class=\"column-5\">Novembro<\/td><td class=\"column-6\">2, 23<\/td>\n<\/tr>\n<tr class=\"row-5\">\n\t<td class=\"column-1\">Abril<\/td><td class=\"column-2\">20<\/td><td class=\"column-3\">Agosto<\/td><td class=\"column-4\">Fechado<\/td><td class=\"column-5\">Dezembro<\/td><td class=\"column-6\"><\/td>\n<\/tr>\n<tr class=\"row-6\">\n\t<td colspan=\"6\" class=\"column-1\">A escola ser\u00e1 fechada nos seguintes feriados nacionais: 06\/01, segunda-feira de P\u00e1scoa, 25\/04, 01\/05, 02\/06, 24\/06, 15\/08, 01\/11, 8\/12, e durante os feriados locais e f\u00e9rias de Natal.<\/td>\n<\/tr>\n<\/tbody>\n<\/table>\n<!-- #tablepress-128 from cache -->\n<p>&nbsp;<\/p>\n","protected":false},"excerpt":{"rendered":"<h2>Voc\u00ea quer expandir suas possibilidades de integra\u00e7\u00e3o no mundo profissional do design de j\u00f3ias?<\/h2>\n<p>&nbsp;<\/p>\n<p>Se voc\u00ea \u00e9 um designer que quer se aproximar do mundo da modelagem de j\u00f3ias 3D auxiliada por computador, este \u00e9 o curso perfeito para voc\u00ea. O objetivo deste curso \u00e9 formar profissionais com compet\u00eancia em design de j\u00f3ias e na modelagem de formas complexas.<\/p>\n<p>Nossos cursos de Desenho 3D de joias 3D por computador em Floren\u00e7a duram 4 ou 8 semanas (8 horas de aulas por semana)e s\u00e3o destinados aos designers que querem entrar no mundo da modelagem tridimensional auxiliada.<\/p>\n<p>A utiliza\u00e7\u00e3o do computador permite uma elabora\u00e7\u00e3o ideal at\u00e9 mesmo das ideias mais complexas, criar maquetes em 3D de joias, criar desenhos t\u00e9cnicos para a an\u00e1lise e a comunica\u00e7\u00e3o, prefigurar um objeto atrav\u00e9s do processo de \u201crendering\u201d, criar prot\u00f3tipos, maquetes e moldes para, depois, utilizar as t\u00e9cnicas tradicionais de tratamento.<\/p>\n<p>Atrav\u00e9s da utiliza\u00e7\u00e3o de um software, \u00e9 poss\u00edvel obter a flexibilidade e a precis\u00e3o necess\u00e1rias para a realiza\u00e7\u00e3o de qualquer tipo de desenho de joias: das tradicionais \u00e0s modernas e inovadoras, seja simples, seja complexas, e, por exemplo, com a cria\u00e7\u00e3o de qualquer tipo de ornamento.<\/p>\n<p>A modelagem tridimensional com o aux\u00edlio do computador \u00e9 um \u00f3timo recurso para se usar ao lado das t\u00e9cnicas tradicionais de representa\u00e7\u00e3o (desenho t\u00e9cnico e \u00e0 m\u00e3o livre) e das t\u00e9cnicas tradicionais da ourivesaria, para se desenvolver os pr\u00f3prios projetos, desde a fase de idea\u00e7\u00e3o e de elabora\u00e7\u00e3o at\u00e9 a execu\u00e7\u00e3o final.<\/p>\n<p>Os cursos s\u00e3o divididos em n\u00edveis crescentes e em temas, para satisfazer todos os tipos de exig\u00eancia de forma\u00e7\u00e3o, de acordo com a necessidade de cada aluno.<\/p>\n","protected":false},"featured_media":199747,"comment_status":"open","ping_status":"closed","template":"","meta":{"_acf_changed":false,"_uag_custom_page_level_css":"","_kad_blocks_custom_css":"","_kad_blocks_head_custom_js":"","_kad_blocks_body_custom_js":"","_kad_blocks_footer_custom_js":"","site-sidebar-layout":"default","site-content-layout":"default","ast-site-content-layout":"default","site-content-style":"default","site-sidebar-style":"default","ast-global-header-display":"","ast-banner-title-visibility":"","ast-main-header-display":"","ast-hfb-above-header-display":"","ast-hfb-below-header-display":"","ast-hfb-mobile-header-display":"","site-post-title":"","ast-breadcrumbs-content":"","ast-featured-img":"","footer-sml-layout":"","ast-disable-related-posts":"","theme-transparent-header-meta":"default","adv-header-id-meta":"","stick-header-meta":"default","header-above-stick-meta":"","header-main-stick-meta":"","header-below-stick-meta":"","astra-migrate-meta-layouts":"set","ast-page-background-enabled":"default","ast-page-background-meta":{"desktop":{"background-color":"var(--ast-global-color-4)","background-image":"","background-repeat":"repeat","background-position":"center center","background-size":"auto","background-attachment":"scroll","background-type":"","background-media":"","overlay-type":"","overlay-color":"","overlay-opacity":"","overlay-gradient":""},"tablet":{"background-color":"","background-image":"","background-repeat":"repeat","background-position":"center center","background-size":"auto","background-attachment":"scroll","background-type":"","background-media":"","overlay-type":"","overlay-color":"","overlay-opacity":"","overlay-gradient":""},"mobile":{"background-color":"","background-image":"","background-repeat":"repeat","background-position":"center center","background-size":"auto","background-attachment":"scroll","background-type":"","background-media":"","overlay-type":"","overlay-color":"","overlay-opacity":"","overlay-gradient":""}},"ast-content-background-meta":{"desktop":{"background-color":"var(--ast-global-color-5)","background-image":"","background-repeat":"repeat","background-position":"center center","background-size":"auto","background-attachment":"scroll","background-type":"","background-media":"","overlay-type":"","overlay-color":"","overlay-opacity":"","overlay-gradient":""},"tablet":{"background-color":"var(--ast-global-color-5)","background-image":"","background-repeat":"repeat","background-position":"center center","background-size":"auto","background-attachment":"scroll","background-type":"","background-media":"","overlay-type":"","overlay-color":"","overlay-opacity":"","overlay-gradient":""},"mobile":{"background-color":"var(--ast-global-color-5)","background-image":"","background-repeat":"repeat","background-position":"center center","background-size":"auto","background-attachment":"scroll","background-type":"","background-media":"","overlay-type":"","overlay-color":"","overlay-opacity":"","overlay-gradient":""}}},"section":[],"product_brand":[],"product_cat":[1278,1352],"product_tag":[1861],"class_list":{"0":"post-189048","1":"product","2":"type-product","3":"status-publish","4":"has-post-thumbnail","6":"product_cat-cursos-em-florenca","7":"product_cat-design-de-joias","8":"product_tag-florenca","9":"desktop-align-left","10":"tablet-align-left","11":"mobile-align-left","12":"ast-product-gallery-layout-horizontal-slider","13":"ast-product-gallery-with-no-image","14":"ast-product-single-variable","15":"ast-product-tabs-layout-horizontal","16":"ast-qv-on-image-click","18":"first","19":"instock","20":"sold-individually","21":"shipping-taxable","22":"purchasable","23":"product-type-variable","24":"has-default-attributes"},"acf":[],"taxonomy_info":{"product_cat":[{"value":1278,"label":"Cursos em Floren\u00e7a"},{"value":1352,"label":"Design de j\u00f3ias"}],"product_tag":[{"value":1861,"label":"Floren\u00e7a"}]},"featured_image_src_large":["https:\/\/www.studiainitalia.com\/wp-content\/uploads\/2024\/10\/12615719_963636313673046_5194669908444357815_o.jpg",2048,1536,false],"author_info":[],"comment_info":2,"uagb_featured_image_src":{"full":["https:\/\/www.studiainitalia.com\/wp-content\/uploads\/2024\/10\/12615719_963636313673046_5194669908444357815_o.jpg",2048,1536,false],"thumbnail":["https:\/\/www.studiainitalia.com\/wp-content\/uploads\/2024\/10\/12615719_963636313673046_5194669908444357815_o.jpg",128,96,false],"medium":["https:\/\/www.studiainitalia.com\/wp-content\/uploads\/2024\/10\/12615719_963636313673046_5194669908444357815_o.jpg",2048,1536,false],"medium_large":["https:\/\/www.studiainitalia.com\/wp-content\/uploads\/2024\/10\/12615719_963636313673046_5194669908444357815_o-768x576.jpg",768,576,true],"large":["https:\/\/www.studiainitalia.com\/wp-content\/uploads\/2024\/10\/12615719_963636313673046_5194669908444357815_o.jpg",2048,1536,false],"1536x1536":["https:\/\/www.studiainitalia.com\/wp-content\/uploads\/2024\/10\/12615719_963636313673046_5194669908444357815_o-1536x1152.jpg",1536,1152,true],"2048x2048":["https:\/\/www.studiainitalia.com\/wp-content\/uploads\/2024\/10\/12615719_963636313673046_5194669908444357815_o.jpg",2048,1536,false],"ultp_layout_landscape_large":["https:\/\/www.studiainitalia.com\/wp-content\/uploads\/2024\/10\/12615719_963636313673046_5194669908444357815_o-1200x800.jpg",1200,800,true],"ultp_layout_landscape":["https:\/\/www.studiainitalia.com\/wp-content\/uploads\/2024\/10\/12615719_963636313673046_5194669908444357815_o-870x570.jpg",870,570,true],"ultp_layout_portrait":["https:\/\/www.studiainitalia.com\/wp-content\/uploads\/2024\/10\/12615719_963636313673046_5194669908444357815_o-600x900.jpg",600,900,true],"ultp_layout_square":["https:\/\/www.studiainitalia.com\/wp-content\/uploads\/2024\/10\/12615719_963636313673046_5194669908444357815_o-600x600.jpg",600,600,true],"gform-image-choice-sm":["https:\/\/www.studiainitalia.com\/wp-content\/uploads\/2024\/10\/12615719_963636313673046_5194669908444357815_o.jpg",300,225,false],"gform-image-choice-md":["https:\/\/www.studiainitalia.com\/wp-content\/uploads\/2024\/10\/12615719_963636313673046_5194669908444357815_o.jpg",400,300,false],"gform-image-choice-lg":["https:\/\/www.studiainitalia.com\/wp-content\/uploads\/2024\/10\/12615719_963636313673046_5194669908444357815_o.jpg",600,450,false],"woocommerce_thumbnail":["https:\/\/www.studiainitalia.com\/wp-content\/uploads\/2024\/10\/12615719_963636313673046_5194669908444357815_o-300x300.jpg",300,300,true],"woocommerce_single":["https:\/\/www.studiainitalia.com\/wp-content\/uploads\/2024\/10\/12615719_963636313673046_5194669908444357815_o-400x300.jpg",400,300,true],"woocommerce_gallery_thumbnail":["https:\/\/www.studiainitalia.com\/wp-content\/uploads\/2024\/10\/12615719_963636313673046_5194669908444357815_o-100x100.jpg",100,100,true],"yarpp-thumbnail":["https:\/\/www.studiainitalia.com\/wp-content\/uploads\/2024\/10\/12615719_963636313673046_5194669908444357815_o-120x120.jpg",120,120,true]},"uagb_author_info":{"display_name":"Javier Diaz","author_link":"https:\/\/www.studiainitalia.com\/pt-br\/author\/"},"uagb_comment_info":2,"uagb_excerpt":"Voc\u00ea quer expandir suas possibilidades de integra\u00e7\u00e3o no mundo profissional do design de j\u00f3ias? &nbsp; Se voc\u00ea \u00e9 um designer que quer se aproximar do mundo da modelagem de j\u00f3ias 3D auxiliada por computador, este \u00e9 o curso perfeito para voc\u00ea. O objetivo deste curso \u00e9 formar profissionais com compet\u00eancia em design de j\u00f3ias e&hellip;","_links":{"self":[{"href":"https:\/\/www.studiainitalia.com\/pt-br\/wp-json\/wp\/v2\/product\/189048","targetHints":{"allow":["GET"]}}],"collection":[{"href":"https:\/\/www.studiainitalia.com\/pt-br\/wp-json\/wp\/v2\/product"}],"about":[{"href":"https:\/\/www.studiainitalia.com\/pt-br\/wp-json\/wp\/v2\/types\/product"}],"replies":[{"embeddable":true,"href":"https:\/\/www.studiainitalia.com\/pt-br\/wp-json\/wp\/v2\/comments?post=189048"}],"wp:featuredmedia":[{"embeddable":true,"href":"https:\/\/www.studiainitalia.com\/pt-br\/wp-json\/wp\/v2\/media\/199747"}],"wp:attachment":[{"href":"https:\/\/www.studiainitalia.com\/pt-br\/wp-json\/wp\/v2\/media?parent=189048"}],"wp:term":[{"taxonomy":"section","embeddable":true,"href":"https:\/\/www.studiainitalia.com\/pt-br\/wp-json\/wp\/v2\/section?post=189048"},{"taxonomy":"product_brand","embeddable":true,"href":"https:\/\/www.studiainitalia.com\/pt-br\/wp-json\/wp\/v2\/product_brand?post=189048"},{"taxonomy":"product_cat","embeddable":true,"href":"https:\/\/www.studiainitalia.com\/pt-br\/wp-json\/wp\/v2\/product_cat?post=189048"},{"taxonomy":"product_tag","embeddable":true,"href":"https:\/\/www.studiainitalia.com\/pt-br\/wp-json\/wp\/v2\/product_tag?post=189048"}],"curies":[{"name":"wp","href":"https:\/\/api.w.org\/{rel}","templated":true}]}}