{"id":189052,"date":"2016-11-15T13:14:57","date_gmt":"2016-11-15T12:14:57","guid":{"rendered":"https:\/\/www.studiainitalia.com\/courses\/sem%20categoria\/fresco-course-in-florence-group\/"},"modified":"2025-12-20T13:45:48","modified_gmt":"2025-12-20T12:45:48","slug":"curso-de-fresco-em-florenca-grupo","status":"publish","type":"product","link":"https:\/\/www.studiainitalia.com\/pt-br\/cursos\/cursos-em-florenca\/curso-de-fresco-em-florenca-grupo\/","title":{"rendered":"Curso de fresco em Floren\u00e7a (em grupo)"},"content":{"rendered":"<h2><strong>Curso de fresco em Floren\u00e7a<\/strong><\/h2>\n<p>&nbsp;<\/p>\n<p>Nossa escola de arte oferece cursos de fresco para estudantes interessados em aprender as habilidades das Artes Visuais com um programa completo. Os cursos podem ser de 2 semanas a um ano de dura\u00e7\u00e3o, dependendo de necessidades dos alunos.<\/p>\n<p>Os programas podem ser personalizados para atender \u00e0s necessidades individuais do aluno. Eles variam de iniciante a n\u00edvel profissional.<\/p>\n<p>A escola est\u00e1 aberta todo o ano e est\u00e1 localizada no centro hist\u00f3rico de Floren\u00e7a.<\/p>\n<p>&nbsp;<\/p>\n<table id=\"tablepress-93\" class=\"tablepress tablepress-id-93\">\n<thead>\n<tr class=\"row-1 odd\">\n<th class=\"column-1\" colspan=\"6\">Datas de in\u00edcio<\/th>\n<\/tr>\n<\/thead>\n<tbody class=\"row-hover\">\n<tr class=\"row-2 even\">\n<td class=\"column-1\">Janeiro<\/td>\n<td class=\"column-2\">cada segunda-feira<\/td>\n<td class=\"column-3\">Maio<\/td>\n<td class=\"column-4\">cada segunda-feira<\/td>\n<td class=\"column-5\">Setembro<\/td>\n<td class=\"column-6\">cada segunda-feira<\/td>\n<\/tr>\n<tr class=\"row-3 odd\">\n<td class=\"column-1\">Fevereiro<\/td>\n<td class=\"column-2\">cada segunda-feira<\/td>\n<td class=\"column-3\">Junho<\/td>\n<td class=\"column-4\">cada segunda-feira<\/td>\n<td class=\"column-5\">Outubro<\/td>\n<td class=\"column-6\">cada segunda-feira<\/td>\n<\/tr>\n<tr class=\"row-4 even\">\n<td class=\"column-1\">Mar\u00e7o<\/td>\n<td class=\"column-2\">cada segunda-feira<\/td>\n<td class=\"column-3\">Julho<\/td>\n<td class=\"column-4\">cada segunda-feira<\/td>\n<td class=\"column-5\">Novembro<\/td>\n<td class=\"column-6\">cada segunda-feira<\/td>\n<\/tr>\n<tr class=\"row-5 odd\">\n<td class=\"column-1\">Abril<\/td>\n<td class=\"column-2\">cada segunda-feira<\/td>\n<td class=\"column-3\">Agosto<\/td>\n<td class=\"column-4\">cada segunda-feira<\/td>\n<td class=\"column-5\">Dezembro<\/td>\n<td class=\"column-6\">cada segunda-feira<\/td>\n<\/tr>\n<tr class=\"row-6 even\">\n<td class=\"column-1\" colspan=\"6\">A escola ser\u00e1 fechada nos seguintes feriados nacionais: 06\/01, segunda-feira de P\u00e1scoa, 25\/04, 01\/05, 02\/06, 15\/08, 01\/11, 8\/12, e durante os feriados locais e f\u00e9rias de Natal.<\/td>\n<\/tr>\n<\/tbody>\n<\/table>\n<p>&nbsp;<\/p>\n<div class=\"aiosrs-rating-wrap\" data-schema-id=\"90691\">\n<div class=\"aiosrs-rating-summary-wrap\"><\/div>\n<\/div>\n","protected":false},"excerpt":{"rendered":"<h2><strong>Por que a It\u00e1lia \u00e9 o melhor destino para aprender afresco?<br \/>\n<\/strong><\/h2>\n<p>&nbsp;<\/p>\n<p><strong>Porque a t\u00e9cnica do afresco est\u00e1 associada \u00e0 pintura italiana renascentista. Depois deste curso afresco voc\u00ea ver\u00e1 o teto da Capela Sistina com olhos diferentes!<\/strong><\/p>\n<p>Nossa escola em Floren\u00e7a oferece cursos de pintura al fresco de 2 ou mais semanas com 10 horas de aula por semana.<\/p>\n<p>Os cursos s\u00e3o muito pr\u00e1ticos e os professores s\u00e3o mestres locais interessados em manter vivas as antigas t\u00e9cnicas art\u00edsticas.<\/p>\n<p>Durante o curso voc\u00ea aprender\u00e1 o uso dos materiais utilizados para a cria\u00e7\u00e3o da pintura mural afresco, de acordo com as regras medievais e renascentistas.<\/p>\n<p>Voc\u00ea aprender\u00e1 como lidar com a t\u00e9cnica, interpretando as obras dos antigos mestres, elaborando tamb\u00e9m seu pr\u00f3prio esbo\u00e7o que lhe permitir\u00e1 desenvolver novas t\u00e9cnicas.<\/p>\n<p>O conhecimento adquirido ser\u00e1 posto em pr\u00e1tica atrav\u00e9s da cria\u00e7\u00e3o de um ou mais murais.<\/p>\n","protected":false},"featured_media":119251,"comment_status":"open","ping_status":"closed","template":"","meta":{"_acf_changed":false,"_uag_custom_page_level_css":"","_kad_blocks_custom_css":"","_kad_blocks_head_custom_js":"","_kad_blocks_body_custom_js":"","_kad_blocks_footer_custom_js":"","site-sidebar-layout":"default","site-content-layout":"default","ast-site-content-layout":"default","site-content-style":"default","site-sidebar-style":"default","ast-global-header-display":"","ast-banner-title-visibility":"","ast-main-header-display":"","ast-hfb-above-header-display":"","ast-hfb-below-header-display":"","ast-hfb-mobile-header-display":"","site-post-title":"","ast-breadcrumbs-content":"","ast-featured-img":"","footer-sml-layout":"","ast-disable-related-posts":"","theme-transparent-header-meta":"default","adv-header-id-meta":"","stick-header-meta":"default","header-above-stick-meta":"","header-main-stick-meta":"","header-below-stick-meta":"","astra-migrate-meta-layouts":"set","ast-page-background-enabled":"default","ast-page-background-meta":{"desktop":{"background-color":"var(--ast-global-color-4)","background-image":"","background-repeat":"repeat","background-position":"center center","background-size":"auto","background-attachment":"scroll","background-type":"","background-media":"","overlay-type":"","overlay-color":"","overlay-opacity":"","overlay-gradient":""},"tablet":{"background-color":"","background-image":"","background-repeat":"repeat","background-position":"center center","background-size":"auto","background-attachment":"scroll","background-type":"","background-media":"","overlay-type":"","overlay-color":"","overlay-opacity":"","overlay-gradient":""},"mobile":{"background-color":"","background-image":"","background-repeat":"repeat","background-position":"center center","background-size":"auto","background-attachment":"scroll","background-type":"","background-media":"","overlay-type":"","overlay-color":"","overlay-opacity":"","overlay-gradient":""}},"ast-content-background-meta":{"desktop":{"background-color":"var(--ast-global-color-5)","background-image":"","background-repeat":"repeat","background-position":"center center","background-size":"auto","background-attachment":"scroll","background-type":"","background-media":"","overlay-type":"","overlay-color":"","overlay-opacity":"","overlay-gradient":""},"tablet":{"background-color":"var(--ast-global-color-5)","background-image":"","background-repeat":"repeat","background-position":"center center","background-size":"auto","background-attachment":"scroll","background-type":"","background-media":"","overlay-type":"","overlay-color":"","overlay-opacity":"","overlay-gradient":""},"mobile":{"background-color":"var(--ast-global-color-5)","background-image":"","background-repeat":"repeat","background-position":"center center","background-size":"auto","background-attachment":"scroll","background-type":"","background-media":"","overlay-type":"","overlay-color":"","overlay-opacity":"","overlay-gradient":""}}},"section":[],"product_brand":[],"product_cat":[1278,1338],"product_tag":[1857,1861],"class_list":{"0":"post-189052","1":"product","2":"type-product","3":"status-publish","4":"has-post-thumbnail","6":"product_cat-cursos-em-florenca","7":"product_cat-escolas-de-arte-na-italia","8":"product_tag-arte","9":"product_tag-florenca","10":"desktop-align-left","11":"tablet-align-left","12":"mobile-align-left","13":"ast-product-gallery-layout-horizontal-slider","14":"ast-product-single-variable","15":"ast-product-tabs-layout-horizontal","16":"ast-qv-on-image-click","18":"first","19":"instock","20":"sold-individually","21":"shipping-taxable","22":"purchasable","23":"product-type-variable","24":"has-default-attributes"},"acf":[],"taxonomy_info":{"product_cat":[{"value":1278,"label":"Cursos em Floren\u00e7a"},{"value":1338,"label":"Escolas de arte na It\u00e1lia"}],"product_tag":[{"value":1857,"label":"ARTE"},{"value":1861,"label":"Floren\u00e7a"}]},"featured_image_src_large":["https:\/\/www.studiainitalia.com\/wp-content\/uploads\/2016\/11\/fresco-gruppo-florence.jpg",432,431,false],"author_info":[],"comment_info":1,"uagb_featured_image_src":{"full":["https:\/\/www.studiainitalia.com\/wp-content\/uploads\/2016\/11\/fresco-gruppo-florence.jpg",432,431,false],"thumbnail":["https:\/\/www.studiainitalia.com\/wp-content\/uploads\/2016\/11\/fresco-gruppo-florence-150x150.jpg",96,96,true],"medium":["https:\/\/www.studiainitalia.com\/wp-content\/uploads\/2016\/11\/fresco-gruppo-florence-300x300.jpg",300,300,true],"medium_large":["https:\/\/www.studiainitalia.com\/wp-content\/uploads\/2016\/11\/fresco-gruppo-florence.jpg",432,431,false],"large":["https:\/\/www.studiainitalia.com\/wp-content\/uploads\/2016\/11\/fresco-gruppo-florence.jpg",432,431,false],"1536x1536":["https:\/\/www.studiainitalia.com\/wp-content\/uploads\/2016\/11\/fresco-gruppo-florence.jpg",432,431,false],"2048x2048":["https:\/\/www.studiainitalia.com\/wp-content\/uploads\/2016\/11\/fresco-gruppo-florence.jpg",432,431,false],"ultp_layout_landscape_large":["https:\/\/www.studiainitalia.com\/wp-content\/uploads\/2016\/11\/fresco-gruppo-florence.jpg",432,431,false],"ultp_layout_landscape":["https:\/\/www.studiainitalia.com\/wp-content\/uploads\/2016\/11\/fresco-gruppo-florence.jpg",432,431,false],"ultp_layout_portrait":["https:\/\/www.studiainitalia.com\/wp-content\/uploads\/2016\/11\/fresco-gruppo-florence.jpg",432,431,false],"ultp_layout_square":["https:\/\/www.studiainitalia.com\/wp-content\/uploads\/2016\/11\/fresco-gruppo-florence.jpg",432,431,false],"gform-image-choice-sm":["https:\/\/www.studiainitalia.com\/wp-content\/uploads\/2016\/11\/fresco-gruppo-florence.jpg",300,300,false],"gform-image-choice-md":["https:\/\/www.studiainitalia.com\/wp-content\/uploads\/2016\/11\/fresco-gruppo-florence.jpg",400,400,false],"gform-image-choice-lg":["https:\/\/www.studiainitalia.com\/wp-content\/uploads\/2016\/11\/fresco-gruppo-florence.jpg",432,431,false],"woocommerce_thumbnail":["https:\/\/www.studiainitalia.com\/wp-content\/uploads\/2016\/11\/fresco-gruppo-florence-300x300.jpg",300,300,true],"woocommerce_single":["https:\/\/www.studiainitalia.com\/wp-content\/uploads\/2016\/11\/fresco-gruppo-florence-400x399.jpg",400,399,true],"woocommerce_gallery_thumbnail":["https:\/\/www.studiainitalia.com\/wp-content\/uploads\/2016\/11\/fresco-gruppo-florence-100x100.jpg",100,100,true],"yarpp-thumbnail":["https:\/\/www.studiainitalia.com\/wp-content\/uploads\/2016\/11\/fresco-gruppo-florence.jpg",120,120,false]},"uagb_author_info":{"display_name":"Javier Diaz","author_link":"https:\/\/www.studiainitalia.com\/pt-br\/author\/"},"uagb_comment_info":1,"uagb_excerpt":"Por que a It\u00e1lia \u00e9 o melhor destino para aprender afresco? &nbsp; Porque a t\u00e9cnica do afresco est\u00e1 associada \u00e0 pintura italiana renascentista. Depois deste curso afresco voc\u00ea ver\u00e1 o teto da Capela Sistina com olhos diferentes! Nossa escola em Floren\u00e7a oferece cursos de pintura al fresco de 2 ou mais semanas com 10 horas&hellip;","_links":{"self":[{"href":"https:\/\/www.studiainitalia.com\/pt-br\/wp-json\/wp\/v2\/product\/189052","targetHints":{"allow":["GET"]}}],"collection":[{"href":"https:\/\/www.studiainitalia.com\/pt-br\/wp-json\/wp\/v2\/product"}],"about":[{"href":"https:\/\/www.studiainitalia.com\/pt-br\/wp-json\/wp\/v2\/types\/product"}],"replies":[{"embeddable":true,"href":"https:\/\/www.studiainitalia.com\/pt-br\/wp-json\/wp\/v2\/comments?post=189052"}],"wp:featuredmedia":[{"embeddable":true,"href":"https:\/\/www.studiainitalia.com\/pt-br\/wp-json\/wp\/v2\/media\/119251"}],"wp:attachment":[{"href":"https:\/\/www.studiainitalia.com\/pt-br\/wp-json\/wp\/v2\/media?parent=189052"}],"wp:term":[{"taxonomy":"section","embeddable":true,"href":"https:\/\/www.studiainitalia.com\/pt-br\/wp-json\/wp\/v2\/section?post=189052"},{"taxonomy":"product_brand","embeddable":true,"href":"https:\/\/www.studiainitalia.com\/pt-br\/wp-json\/wp\/v2\/product_brand?post=189052"},{"taxonomy":"product_cat","embeddable":true,"href":"https:\/\/www.studiainitalia.com\/pt-br\/wp-json\/wp\/v2\/product_cat?post=189052"},{"taxonomy":"product_tag","embeddable":true,"href":"https:\/\/www.studiainitalia.com\/pt-br\/wp-json\/wp\/v2\/product_tag?post=189052"}],"curies":[{"name":"wp","href":"https:\/\/api.w.org\/{rel}","templated":true}]}}