{"id":189128,"date":"2016-11-15T19:10:02","date_gmt":"2016-11-15T18:10:02","guid":{"rendered":"https:\/\/www.studiainitalia.com\/courses\/sem%20categoria\/italian-cookery-in-florence\/"},"modified":"2025-12-20T13:42:24","modified_gmt":"2025-12-20T12:42:24","slug":"culinaria-italiana-em-florenca","status":"publish","type":"product","link":"https:\/\/www.studiainitalia.com\/pt-br\/cursos\/cursos-de-culinaria-em-italia\/culinaria-italiana-em-florenca\/","title":{"rendered":"Culin\u00e1ria italiana em Floren\u00e7a"},"content":{"rendered":"<h2><strong>Culin\u00e1ria italiana em Floren\u00e7a<\/strong><\/h2>\n<p>&nbsp;<\/p>\n<p>Nossa escola de culin\u00e1ria est\u00e1 localizada no centro de Floren\u00e7a, a poucos minutos a p\u00e9 da Ponte Vecchio.<\/p>\n<p>Com suas salas amplas e cozinhas totalmente equipadas, a escola desenvolve uma ampla gama de atividades com diferentes dura\u00e7\u00e3o e n\u00edveis.<\/p>\n<p>&nbsp;<\/p>\n<p>Os nossos cursos de culin\u00e1ria italiana em Floren\u00e7a s\u00e3o organizados para aqueles que s\u00e3o apaixonados pela cozinha italiana. Se deseja aprender os segredos da cozinha italiana, oferecemos-lhe a oportunidade de aprender a preparar receitas tradicionais italianas. O curso \u00e9 realizado sob a orienta\u00e7\u00e3o de um chef especializado.<\/p>\n<p>Durante as aulas, poder\u00e1 aplicar as novas t\u00e9cnicas na prepara\u00e7\u00e3o dos seus pr\u00f3prios pratos.<\/p>\n<p>Esse curso consiste em cinco aulas por semana, de prefer\u00eancia \u00e0 tarde.<\/p>\n<p>&nbsp;<\/p>\n<p><strong>Datas de in\u00edcio: 13 de abril, 6 de julho, 7 de setembro.<\/strong><\/p>\n<p>\u00c9 necess\u00e1rio um m\u00ednimo de 3 alunos para abrir grupos. \u00daltima data para a inscri\u00e7\u00e3o: um m\u00eas antes do in\u00edcio do curso.<\/p>\n<p>&nbsp;<\/p>\n<p><strong>\u00c9 possivel reservar aulas particulares em qualquer outra semana do ano. Pe\u00e7a-nos mais informa\u00e7\u00f5es.<\/strong><\/p>\n<div class=\"aiosrs-rating-wrap\" data-schema-id=\"90691\">\n<div class=\"aiosrs-star-rating-wrap \"><\/div>\n<div class=\"aiosrs-rating-summary-wrap\"><\/div>\n<\/div>\n","protected":false},"excerpt":{"rendered":"<h2><strong>Viaje para a It\u00e1lia para um curso de comida italiana!<\/strong><\/h2>\n<p>&nbsp;<\/p>\n<p>Os cursos de culin\u00e1ria italiana em Floren\u00e7a s\u00e3o realizados em uma grande cozinha totalmente equipada no centro da cidade. Os participantes podem trabalhar com um chef profissional.<\/p>\n<p>Estes cursos pr\u00e1ticos de culin\u00e1ria italiana s\u00e3o direcionados a gourmets interessados em descobrir os segredos da culin\u00e1ria italiana.<\/p>\n<p>As aulas s\u00e3o normalmente realizadas em italiano e em ingl\u00eas, 4 aulas por semana \u00e0 tarde.<\/p>\n","protected":false},"featured_media":119335,"comment_status":"open","ping_status":"closed","template":"","meta":{"_acf_changed":false,"_uag_custom_page_level_css":"","_kad_blocks_custom_css":"","_kad_blocks_head_custom_js":"","_kad_blocks_body_custom_js":"","_kad_blocks_footer_custom_js":"","site-sidebar-layout":"default","site-content-layout":"default","ast-site-content-layout":"default","site-content-style":"default","site-sidebar-style":"default","ast-global-header-display":"","ast-banner-title-visibility":"","ast-main-header-display":"","ast-hfb-above-header-display":"","ast-hfb-below-header-display":"","ast-hfb-mobile-header-display":"","site-post-title":"","ast-breadcrumbs-content":"","ast-featured-img":"","footer-sml-layout":"","ast-disable-related-posts":"","theme-transparent-header-meta":"default","adv-header-id-meta":"","stick-header-meta":"default","header-above-stick-meta":"","header-main-stick-meta":"","header-below-stick-meta":"","astra-migrate-meta-layouts":"set","ast-page-background-enabled":"default","ast-page-background-meta":{"desktop":{"background-color":"var(--ast-global-color-4)","background-image":"","background-repeat":"repeat","background-position":"center center","background-size":"auto","background-attachment":"scroll","background-type":"","background-media":"","overlay-type":"","overlay-color":"","overlay-opacity":"","overlay-gradient":""},"tablet":{"background-color":"","background-image":"","background-repeat":"repeat","background-position":"center center","background-size":"auto","background-attachment":"scroll","background-type":"","background-media":"","overlay-type":"","overlay-color":"","overlay-opacity":"","overlay-gradient":""},"mobile":{"background-color":"","background-image":"","background-repeat":"repeat","background-position":"center center","background-size":"auto","background-attachment":"scroll","background-type":"","background-media":"","overlay-type":"","overlay-color":"","overlay-opacity":"","overlay-gradient":""}},"ast-content-background-meta":{"desktop":{"background-color":"var(--ast-global-color-5)","background-image":"","background-repeat":"repeat","background-position":"center center","background-size":"auto","background-attachment":"scroll","background-type":"","background-media":"","overlay-type":"","overlay-color":"","overlay-opacity":"","overlay-gradient":""},"tablet":{"background-color":"var(--ast-global-color-5)","background-image":"","background-repeat":"repeat","background-position":"center center","background-size":"auto","background-attachment":"scroll","background-type":"","background-media":"","overlay-type":"","overlay-color":"","overlay-opacity":"","overlay-gradient":""},"mobile":{"background-color":"var(--ast-global-color-5)","background-image":"","background-repeat":"repeat","background-position":"center center","background-size":"auto","background-attachment":"scroll","background-type":"","background-media":"","overlay-type":"","overlay-color":"","overlay-opacity":"","overlay-gradient":""}}},"section":[],"product_brand":[],"product_cat":[1274,1278],"product_tag":[1873,1861],"class_list":{"0":"post-189128","1":"product","2":"type-product","3":"status-publish","4":"has-post-thumbnail","6":"product_cat-cursos-de-culinaria-em-italia","7":"product_cat-cursos-em-florenca","8":"product_tag-cursos-de-culinaria","9":"product_tag-florenca","10":"desktop-align-left","11":"tablet-align-left","12":"mobile-align-left","13":"ast-product-gallery-layout-horizontal-slider","14":"ast-product-gallery-with-no-image","15":"ast-product-single-variable","16":"ast-product-tabs-layout-horizontal","17":"ast-qv-on-image-click","19":"first","20":"instock","21":"sold-individually","22":"shipping-taxable","23":"purchasable","24":"product-type-variable"},"acf":[],"taxonomy_info":{"product_cat":[{"value":1274,"label":"Cursos de culin\u00e1ria em It\u00e1lia"},{"value":1278,"label":"Cursos em Floren\u00e7a"}],"product_tag":[{"value":1873,"label":"Cursos de culin\u00e1ria"},{"value":1861,"label":"Floren\u00e7a"}]},"featured_image_src_large":["https:\/\/www.studiainitalia.com\/wp-content\/uploads\/2016\/11\/cooking-in-florence.jpg",432,431,false],"author_info":[],"comment_info":1,"uagb_featured_image_src":{"full":["https:\/\/www.studiainitalia.com\/wp-content\/uploads\/2016\/11\/cooking-in-florence.jpg",432,431,false],"thumbnail":["https:\/\/www.studiainitalia.com\/wp-content\/uploads\/2016\/11\/cooking-in-florence-150x150.jpg",96,96,true],"medium":["https:\/\/www.studiainitalia.com\/wp-content\/uploads\/2016\/11\/cooking-in-florence-300x300.jpg",300,300,true],"medium_large":["https:\/\/www.studiainitalia.com\/wp-content\/uploads\/2016\/11\/cooking-in-florence.jpg",432,431,false],"large":["https:\/\/www.studiainitalia.com\/wp-content\/uploads\/2016\/11\/cooking-in-florence.jpg",432,431,false],"1536x1536":["https:\/\/www.studiainitalia.com\/wp-content\/uploads\/2016\/11\/cooking-in-florence.jpg",432,431,false],"2048x2048":["https:\/\/www.studiainitalia.com\/wp-content\/uploads\/2016\/11\/cooking-in-florence.jpg",432,431,false],"ultp_layout_landscape_large":["https:\/\/www.studiainitalia.com\/wp-content\/uploads\/2016\/11\/cooking-in-florence.jpg",432,431,false],"ultp_layout_landscape":["https:\/\/www.studiainitalia.com\/wp-content\/uploads\/2016\/11\/cooking-in-florence.jpg",432,431,false],"ultp_layout_portrait":["https:\/\/www.studiainitalia.com\/wp-content\/uploads\/2016\/11\/cooking-in-florence.jpg",432,431,false],"ultp_layout_square":["https:\/\/www.studiainitalia.com\/wp-content\/uploads\/2016\/11\/cooking-in-florence.jpg",432,431,false],"gform-image-choice-sm":["https:\/\/www.studiainitalia.com\/wp-content\/uploads\/2016\/11\/cooking-in-florence.jpg",300,300,false],"gform-image-choice-md":["https:\/\/www.studiainitalia.com\/wp-content\/uploads\/2016\/11\/cooking-in-florence.jpg",400,400,false],"gform-image-choice-lg":["https:\/\/www.studiainitalia.com\/wp-content\/uploads\/2016\/11\/cooking-in-florence.jpg",432,431,false],"woocommerce_thumbnail":["https:\/\/www.studiainitalia.com\/wp-content\/uploads\/2016\/11\/cooking-in-florence-300x300.jpg",300,300,true],"woocommerce_single":["https:\/\/www.studiainitalia.com\/wp-content\/uploads\/2016\/11\/cooking-in-florence-400x399.jpg",400,399,true],"woocommerce_gallery_thumbnail":["https:\/\/www.studiainitalia.com\/wp-content\/uploads\/2016\/11\/cooking-in-florence-100x100.jpg",100,100,true],"yarpp-thumbnail":["https:\/\/www.studiainitalia.com\/wp-content\/uploads\/2016\/11\/cooking-in-florence.jpg",120,120,false]},"uagb_author_info":{"display_name":"Javier Diaz","author_link":"https:\/\/www.studiainitalia.com\/pt-br\/author\/"},"uagb_comment_info":1,"uagb_excerpt":"Viaje para a It\u00e1lia para um curso de comida italiana! &nbsp; Os cursos de culin\u00e1ria italiana em Floren\u00e7a s\u00e3o realizados em uma grande cozinha totalmente equipada no centro da cidade. Os participantes podem trabalhar com um chef profissional. Estes cursos pr\u00e1ticos de culin\u00e1ria italiana s\u00e3o direcionados a gourmets interessados em descobrir os segredos da culin\u00e1ria&hellip;","_links":{"self":[{"href":"https:\/\/www.studiainitalia.com\/pt-br\/wp-json\/wp\/v2\/product\/189128","targetHints":{"allow":["GET"]}}],"collection":[{"href":"https:\/\/www.studiainitalia.com\/pt-br\/wp-json\/wp\/v2\/product"}],"about":[{"href":"https:\/\/www.studiainitalia.com\/pt-br\/wp-json\/wp\/v2\/types\/product"}],"replies":[{"embeddable":true,"href":"https:\/\/www.studiainitalia.com\/pt-br\/wp-json\/wp\/v2\/comments?post=189128"}],"wp:featuredmedia":[{"embeddable":true,"href":"https:\/\/www.studiainitalia.com\/pt-br\/wp-json\/wp\/v2\/media\/119335"}],"wp:attachment":[{"href":"https:\/\/www.studiainitalia.com\/pt-br\/wp-json\/wp\/v2\/media?parent=189128"}],"wp:term":[{"taxonomy":"section","embeddable":true,"href":"https:\/\/www.studiainitalia.com\/pt-br\/wp-json\/wp\/v2\/section?post=189128"},{"taxonomy":"product_brand","embeddable":true,"href":"https:\/\/www.studiainitalia.com\/pt-br\/wp-json\/wp\/v2\/product_brand?post=189128"},{"taxonomy":"product_cat","embeddable":true,"href":"https:\/\/www.studiainitalia.com\/pt-br\/wp-json\/wp\/v2\/product_cat?post=189128"},{"taxonomy":"product_tag","embeddable":true,"href":"https:\/\/www.studiainitalia.com\/pt-br\/wp-json\/wp\/v2\/product_tag?post=189128"}],"curies":[{"name":"wp","href":"https:\/\/api.w.org\/{rel}","templated":true}]}}