{"id":189134,"date":"2016-11-20T11:33:47","date_gmt":"2016-11-20T10:33:47","guid":{"rendered":"https:\/\/www.studiainitalia.com\/courses\/sem%20categoria\/italiano-e-e-trabalho-na-jardinagem\/"},"modified":"2026-04-15T19:39:05","modified_gmt":"2026-04-15T17:39:05","slug":"italiano-e-trabalho-em-florenca-jardinagem","status":"publish","type":"product","link":"https:\/\/www.studiainitalia.com\/pt-br\/cursos\/cursos-em-florenca\/italiano-e-trabalho-em-florenca-jardinagem\/","title":{"rendered":"Italiano e trabalho em Floren\u00e7a: Jardinagem"},"content":{"rendered":"<h3><strong>italiano e trabalho em jardinagem<\/strong><\/h3>\n<p>&nbsp;<\/p>\n<p>A escola, fundada em 1978, est\u00e1 localizada em pleno centro hist\u00f3rico de Floren\u00e7a, no bairro de Santo Spirito, o bairro dos artes\u00e3os e dos artistas que, fora dos tradicionais circuitos do turismo de massa, conserva intactas as suas caracter\u00edsticas econ\u00f4micas e sociais. O que distingue a escola \u00e9 o cuidado e a aten\u00e7\u00e3o que dispensa a cada um dos participantes dos cursos.<\/p>\n<p>A escola de italiano \u00e9 de tamanho m\u00e9dio e isso permite manter um contato cotidiano com todos os estudantes, passar tempo com eles e acompanh\u00e1-los com aten\u00e7\u00e3o.<\/p>\n<p>&nbsp;<\/p>\n<p>O n\u00famero de estudantes em cada grupo \u00e9 pequeno e, assim, h\u00e1 mais colabora\u00e7\u00e3o na aprendizagem, que ocorre com maior rapidez; os professores podem levar em conta as necessidades de cada estudante; o ambiente \u00e9 confort\u00e1vel e o clima, informal e de grande disponibilidade. Visto que a comunica\u00e7\u00e3o \u00e9 a base do m\u00e9todo de ensino, d\u00e1-se muita import\u00e2ncia \u00e0 comunica\u00e7\u00e3o oral e limita-se ao m\u00ednimo indispens\u00e1vel o uso de uma l\u00edngua intermedi\u00e1ria.<\/p>\n<p>&nbsp;<\/p>\n<p>&nbsp;<\/p>\n\n<table id=\"tablepress-94\" class=\"tablepress tablepress-id-94 tbody-has-connected-cells\">\n<thead>\n<tr class=\"row-1\">\n\t<th colspan=\"6\" class=\"column-1\">Datas de in\u00edcio 2026<\/th>\n<\/tr>\n<\/thead>\n<tbody class=\"row-striping row-hover\">\n<tr class=\"row-2\">\n\t<td class=\"column-1\">Janeiro<\/td><td class=\"column-2\">5, 19<\/td><td class=\"column-3\">Maio<\/td><td class=\"column-4\">11, 25<\/td><td class=\"column-5\">Setembro<\/td><td class=\"column-6\">14, 28<\/td>\n<\/tr>\n<tr class=\"row-3\">\n\t<td class=\"column-1\">Fevereiro<\/td><td class=\"column-2\">2, 16<\/td><td class=\"column-3\">Junho<\/td><td class=\"column-4\">8, 22<\/td><td class=\"column-5\">Outubro<\/td><td class=\"column-6\">12, 26<\/td>\n<\/tr>\n<tr class=\"row-4\">\n\t<td class=\"column-1\">Mar\u00e7o <\/td><td class=\"column-2\">2, 16, 30<\/td><td class=\"column-3\">Julho<\/td><td class=\"column-4\">6, 20<\/td><td class=\"column-5\">Novembro<\/td><td class=\"column-6\">9, 23<\/td>\n<\/tr>\n<tr class=\"row-5\">\n\t<td class=\"column-1\">Abril<\/td><td class=\"column-2\">13, 27<\/td><td class=\"column-3\">Agosto<\/td><td class=\"column-4\">3, 17, 31<\/td><td class=\"column-5\">Dezembro<\/td><td class=\"column-6\">7<\/td>\n<\/tr>\n<tr class=\"row-6\">\n\t<td colspan=\"6\" class=\"column-1\">A escola ser\u00e1 fechada nos seguintes feriados nacionais: 06\/01, segunda-feira de P\u00e1scoa, 25\/04, 01\/05, 02\/06, 24\/06, 15\/08, 01\/11, 8\/12, e durante os feriados locais e f\u00e9rias de Natal.<\/td>\n<\/tr>\n<\/tbody>\n<\/table>\n<!-- #tablepress-94 from cache -->\n<div class=\"aiosrs-rating-wrap\" data-schema-id=\"90691\">\n<div class=\"aiosrs-star-rating-wrap \"><\/div>\n<div class=\"aiosrs-rating-summary-wrap\"><\/div>\n<\/div>\n","protected":false},"excerpt":{"rendered":"<p>Este programa em jardinagem \u00e9 dirigido a estudantes maiores de idade de 18 at\u00e9 30 anos que queiram aprender italiano e ao mesmo tempo terem a possibilidade de realizar um est\u00e1gio de trabalho na cidade de Floren\u00e7a.<\/p>\n<p>Pode se fazer um curso intensivo de Italiano durante 4 semanas na nossa escola em Floren\u00e7a e em seguida realizar 8 semanas de est\u00e1gio em jardines historicos\u00a0 em Floren\u00e7a. N\u00e3o \u00e9 previsto nenhum tipo de remunera\u00e7\u00e3o.<\/p>\n<p>Os cursos de italiano est\u00e3o abertos a todos os n\u00edveis e constam de 20 horas de aulas de italiano por semana. Os grupos s\u00e3o de entre 6 e 12 alunos.<\/p>\n<p>O ensino da l\u00edngua italiana se apoia no m\u00e9todo comunicativo, focalizando a aten\u00e7\u00e3o nos aspectos da l\u00edngua mais \u00fateis para se atingir uma intera\u00e7\u00e3o lingu\u00edstica eficaz.<\/p>\n","protected":false},"featured_media":119581,"comment_status":"open","ping_status":"closed","template":"","meta":{"_acf_changed":false,"_uag_custom_page_level_css":"","_kad_blocks_custom_css":"","_kad_blocks_head_custom_js":"","_kad_blocks_body_custom_js":"","_kad_blocks_footer_custom_js":"","site-sidebar-layout":"default","site-content-layout":"default","ast-site-content-layout":"default","site-content-style":"default","site-sidebar-style":"default","ast-global-header-display":"","ast-banner-title-visibility":"","ast-main-header-display":"","ast-hfb-above-header-display":"","ast-hfb-below-header-display":"","ast-hfb-mobile-header-display":"","site-post-title":"","ast-breadcrumbs-content":"","ast-featured-img":"","footer-sml-layout":"","ast-disable-related-posts":"","theme-transparent-header-meta":"default","adv-header-id-meta":"","stick-header-meta":"default","header-above-stick-meta":"","header-main-stick-meta":"","header-below-stick-meta":"","astra-migrate-meta-layouts":"set","ast-page-background-enabled":"default","ast-page-background-meta":{"desktop":{"background-color":"var(--ast-global-color-4)","background-image":"","background-repeat":"repeat","background-position":"center center","background-size":"auto","background-attachment":"scroll","background-type":"","background-media":"","overlay-type":"","overlay-color":"","overlay-opacity":"","overlay-gradient":""},"tablet":{"background-color":"","background-image":"","background-repeat":"repeat","background-position":"center center","background-size":"auto","background-attachment":"scroll","background-type":"","background-media":"","overlay-type":"","overlay-color":"","overlay-opacity":"","overlay-gradient":""},"mobile":{"background-color":"","background-image":"","background-repeat":"repeat","background-position":"center center","background-size":"auto","background-attachment":"scroll","background-type":"","background-media":"","overlay-type":"","overlay-color":"","overlay-opacity":"","overlay-gradient":""}},"ast-content-background-meta":{"desktop":{"background-color":"var(--ast-global-color-5)","background-image":"","background-repeat":"repeat","background-position":"center center","background-size":"auto","background-attachment":"scroll","background-type":"","background-media":"","overlay-type":"","overlay-color":"","overlay-opacity":"","overlay-gradient":""},"tablet":{"background-color":"var(--ast-global-color-5)","background-image":"","background-repeat":"repeat","background-position":"center center","background-size":"auto","background-attachment":"scroll","background-type":"","background-media":"","overlay-type":"","overlay-color":"","overlay-opacity":"","overlay-gradient":""},"mobile":{"background-color":"var(--ast-global-color-5)","background-image":"","background-repeat":"repeat","background-position":"center center","background-size":"auto","background-attachment":"scroll","background-type":"","background-media":"","overlay-type":"","overlay-color":"","overlay-opacity":"","overlay-gradient":""}}},"section":[],"product_brand":[],"product_cat":[1278,1359],"product_tag":[1861],"class_list":{"0":"post-189134","1":"product","2":"type-product","3":"status-publish","4":"has-post-thumbnail","6":"product_cat-cursos-em-florenca","7":"product_cat-trabalho-em-italia","8":"product_tag-florenca","9":"desktop-align-left","10":"tablet-align-left","11":"mobile-align-left","12":"ast-product-gallery-layout-horizontal-slider","13":"ast-product-gallery-with-no-image","14":"ast-product-single-variable","15":"ast-product-tabs-layout-horizontal","16":"ast-qv-on-image-click","18":"first","19":"instock","20":"sold-individually","21":"shipping-taxable","22":"purchasable","23":"product-type-variable","24":"has-default-attributes"},"acf":[],"taxonomy_info":{"product_cat":[{"value":1278,"label":"Cursos em Floren\u00e7a"},{"value":1359,"label":"Trabalho em It\u00e1lia"}],"product_tag":[{"value":1861,"label":"Floren\u00e7a"}]},"featured_image_src_large":["https:\/\/www.studiainitalia.com\/wp-content\/uploads\/2016\/11\/gardening-internship-italy.jpg",432,433,false],"author_info":[],"comment_info":2,"uagb_featured_image_src":{"full":["https:\/\/www.studiainitalia.com\/wp-content\/uploads\/2016\/11\/gardening-internship-italy.jpg",432,433,false],"thumbnail":["https:\/\/www.studiainitalia.com\/wp-content\/uploads\/2016\/11\/gardening-internship-italy-150x150.jpg",96,96,true],"medium":["https:\/\/www.studiainitalia.com\/wp-content\/uploads\/2016\/11\/gardening-internship-italy-300x300.jpg",300,300,true],"medium_large":["https:\/\/www.studiainitalia.com\/wp-content\/uploads\/2016\/11\/gardening-internship-italy.jpg",432,433,false],"large":["https:\/\/www.studiainitalia.com\/wp-content\/uploads\/2016\/11\/gardening-internship-italy.jpg",432,433,false],"1536x1536":["https:\/\/www.studiainitalia.com\/wp-content\/uploads\/2016\/11\/gardening-internship-italy.jpg",432,433,false],"2048x2048":["https:\/\/www.studiainitalia.com\/wp-content\/uploads\/2016\/11\/gardening-internship-italy.jpg",432,433,false],"ultp_layout_landscape_large":["https:\/\/www.studiainitalia.com\/wp-content\/uploads\/2016\/11\/gardening-internship-italy.jpg",432,433,false],"ultp_layout_landscape":["https:\/\/www.studiainitalia.com\/wp-content\/uploads\/2016\/11\/gardening-internship-italy.jpg",432,433,false],"ultp_layout_portrait":["https:\/\/www.studiainitalia.com\/wp-content\/uploads\/2016\/11\/gardening-internship-italy.jpg",432,433,false],"ultp_layout_square":["https:\/\/www.studiainitalia.com\/wp-content\/uploads\/2016\/11\/gardening-internship-italy.jpg",432,433,false],"gform-image-choice-sm":["https:\/\/www.studiainitalia.com\/wp-content\/uploads\/2016\/11\/gardening-internship-italy.jpg",300,300,false],"gform-image-choice-md":["https:\/\/www.studiainitalia.com\/wp-content\/uploads\/2016\/11\/gardening-internship-italy.jpg",400,400,false],"gform-image-choice-lg":["https:\/\/www.studiainitalia.com\/wp-content\/uploads\/2016\/11\/gardening-internship-italy.jpg",432,433,false],"woocommerce_thumbnail":["https:\/\/www.studiainitalia.com\/wp-content\/uploads\/2016\/11\/gardening-internship-italy-300x300.jpg",300,300,true],"woocommerce_single":["https:\/\/www.studiainitalia.com\/wp-content\/uploads\/2016\/11\/gardening-internship-italy-400x401.jpg",400,401,true],"woocommerce_gallery_thumbnail":["https:\/\/www.studiainitalia.com\/wp-content\/uploads\/2016\/11\/gardening-internship-italy-100x100.jpg",100,100,true],"yarpp-thumbnail":["https:\/\/www.studiainitalia.com\/wp-content\/uploads\/2016\/11\/gardening-internship-italy.jpg",120,120,false]},"uagb_author_info":{"display_name":"Javier Diaz","author_link":"https:\/\/www.studiainitalia.com\/pt-br\/author\/"},"uagb_comment_info":2,"uagb_excerpt":"Este programa em jardinagem \u00e9 dirigido a estudantes maiores de idade de 18 at\u00e9 30 anos que queiram aprender italiano e ao mesmo tempo terem a possibilidade de realizar um est\u00e1gio de trabalho na cidade de Floren\u00e7a. Pode se fazer um curso intensivo de Italiano durante 4 semanas na nossa escola em Floren\u00e7a e em&hellip;","_links":{"self":[{"href":"https:\/\/www.studiainitalia.com\/pt-br\/wp-json\/wp\/v2\/product\/189134","targetHints":{"allow":["GET"]}}],"collection":[{"href":"https:\/\/www.studiainitalia.com\/pt-br\/wp-json\/wp\/v2\/product"}],"about":[{"href":"https:\/\/www.studiainitalia.com\/pt-br\/wp-json\/wp\/v2\/types\/product"}],"replies":[{"embeddable":true,"href":"https:\/\/www.studiainitalia.com\/pt-br\/wp-json\/wp\/v2\/comments?post=189134"}],"wp:featuredmedia":[{"embeddable":true,"href":"https:\/\/www.studiainitalia.com\/pt-br\/wp-json\/wp\/v2\/media\/119581"}],"wp:attachment":[{"href":"https:\/\/www.studiainitalia.com\/pt-br\/wp-json\/wp\/v2\/media?parent=189134"}],"wp:term":[{"taxonomy":"section","embeddable":true,"href":"https:\/\/www.studiainitalia.com\/pt-br\/wp-json\/wp\/v2\/section?post=189134"},{"taxonomy":"product_brand","embeddable":true,"href":"https:\/\/www.studiainitalia.com\/pt-br\/wp-json\/wp\/v2\/product_brand?post=189134"},{"taxonomy":"product_cat","embeddable":true,"href":"https:\/\/www.studiainitalia.com\/pt-br\/wp-json\/wp\/v2\/product_cat?post=189134"},{"taxonomy":"product_tag","embeddable":true,"href":"https:\/\/www.studiainitalia.com\/pt-br\/wp-json\/wp\/v2\/product_tag?post=189134"}],"curies":[{"name":"wp","href":"https:\/\/api.w.org\/{rel}","templated":true}]}}