{"id":189168,"date":"2016-11-18T11:28:01","date_gmt":"2016-11-18T10:28:01","guid":{"rendered":"https:\/\/www.studiainitalia.com\/courses\/sem%20categoria\/murano-glass-working-in-venice\/"},"modified":"2026-03-08T17:13:13","modified_gmt":"2026-03-08T16:13:13","slug":"vitrofusao-de-murano-em-veneza","status":"publish","type":"product","link":"https:\/\/www.studiainitalia.com\/pt-br\/cursos\/cursos-em-veneza\/vitrofusao-de-murano-em-veneza\/","title":{"rendered":"Vitrofus\u00e3o de Murano em Veneza"},"content":{"rendered":"<h2><strong>Curso de Vitrofus\u00e3o de Murano em Veneza<\/strong><\/h2>\n<p>&nbsp;<\/p>\n<p>O vidro Murano \u00e9 um dos mais importantes artesanatos italianos. Nosso curso de vidro Murano em Veneza acontece em uma aut\u00eantica oficina de vidro localizada no centro hist\u00f3rico de Veneza.<\/p>\n<p>&nbsp;<\/p>\n<p>O est\u00fadio n\u00e3o fica longe da Ponte Rialto, no cora\u00e7\u00e3o de Veneza, portanto voc\u00ea n\u00e3o ter\u00e1 que depender do transporte p\u00fablico.<\/p>\n<p>O artes\u00e3o organiza cursos de vidro Murano para iniciantes, intermedi\u00e1rios e avan\u00e7ados.<\/p>\n<p>&nbsp;<\/p>\n<p>O curso b\u00e1sico \u00e9 perfeito se voc\u00ea quiser come\u00e7ar a aprender como processar contas de vidro com a t\u00e9cnica do vidro ma\u00e7arico. O curso avan\u00e7ado \u00e9 voltado para profissionais que querem melhorar formas e t\u00e9cnicas de trabalho em vidro soprado. Neste \u00faltimo caso, \u00e9 necess\u00e1ria experi\u00eancia de trabalho pr\u00e9via para participar do curso.<\/p>\n<p>&nbsp;<\/p>\n<p>O artes\u00e3o tamb\u00e9m oferece aulas de fabrica\u00e7\u00e3o de contas de vidro. Uma op\u00e7\u00e3o de curso muito especial para designers de j\u00f3ias ou joalheiros que planejam fazer suas pr\u00f3prias j\u00f3ias de vidro.<\/p>\n<p>&nbsp;<\/p>\n<p>Os cursos s\u00e3o individuais ou em pequenos grupos.<br \/>\nA oficina de artesanato est\u00e1 equipada com cinco postos de trabalho, tochas e ferramentas. Isto permitir\u00e1 que voc\u00ea aprenda em um lugar seguro.<br \/>\nO curso de vidro Murano em Veneza inclui o custo de materiais, ferramentas e vidros especiais de prote\u00e7\u00e3o.<\/p>\n<p>&nbsp;<\/p>\n<p>Os cursos podem come\u00e7ar todas as segundas-feiras, dependendo da disponibilidade do artes\u00e3o.<\/p>\n<p>&nbsp;<\/p>\n<table id=\"tablepress-182\" class=\"tablepress tablepress-id-182\">\n<thead>\n<tr class=\"row-1 odd\">\n<th class=\"column-1\" colspan=\"6\">Datas de in\u00edcio<\/th>\n<\/tr>\n<\/thead>\n<tbody class=\"row-hover\">\n<tr class=\"row-2 even\">\n<td class=\"column-1\">Janeiro<\/td>\n<td class=\"column-2\">a pedido<\/td>\n<td class=\"column-3\">Maio<\/td>\n<td class=\"column-4\">a pedido<\/td>\n<td class=\"column-5\">Setembro<\/td>\n<td class=\"column-6\">a pedido<\/td>\n<\/tr>\n<tr class=\"row-3 odd\">\n<td class=\"column-1\">Fevereiro<\/td>\n<td class=\"column-2\">a pedido<\/td>\n<td class=\"column-3\">Junho<\/td>\n<td class=\"column-4\">a pedido<\/td>\n<td class=\"column-5\">Outubro<\/td>\n<td class=\"column-6\">a pedido<\/td>\n<\/tr>\n<tr class=\"row-4 even\">\n<td class=\"column-1\">Mar\u00e7o<\/td>\n<td class=\"column-2\">a pedido<\/td>\n<td class=\"column-3\">Julho<\/td>\n<td class=\"column-4\">a pedido<\/td>\n<td class=\"column-5\">Novembro<\/td>\n<td class=\"column-6\">a pedido<\/td>\n<\/tr>\n<tr class=\"row-5 odd\">\n<td class=\"column-1\">Abril<\/td>\n<td class=\"column-2\">a pedido<\/td>\n<td class=\"column-3\">Agosto<\/td>\n<td class=\"column-4\">a pedido<\/td>\n<td class=\"column-5\">Dezembro<\/td>\n<td class=\"column-6\">a pedido<\/td>\n<\/tr>\n<tr class=\"row-6 even\">\n<td class=\"column-1\" colspan=\"6\">A escola ser\u00e1 fechada nos seguintes feriados nacionais: 06\/01, segunda-feira de P\u00e1scoa, 25\/04, 01\/05, 02\/06, 15\/08, 01\/11, 8\/12, e durante os feriados locais e f\u00e9rias de Natal.A escola ser\u00e1 fechada nos seguintes feriados nacionais: 06\/01, segunda-feira de P\u00e1scoa, 25\/04, 01\/05, 02\/06, 15\/08, 01\/11, 8\/12, e durante os feriados locais e f\u00e9rias de Natal.<\/td>\n<\/tr>\n<\/tbody>\n<\/table>\n<div class=\"aiosrs-rating-wrap\" data-schema-id=\"90691\">\n<div class=\"aiosrs-star-rating-wrap \"><\/div>\n<div class=\"aiosrs-rating-summary-wrap\"><\/div>\n<\/div>\n<p>&nbsp;<\/p>\n<div class=\"aiosrs-rating-wrap\" data-schema-id=\"90691\">\n<div class=\"aiosrs-star-rating-wrap \"><\/div>\n<div class=\"aiosrs-rating-summary-wrap\"><\/div>\n<\/div>\n<p>&nbsp;<\/p>\n","protected":false},"excerpt":{"rendered":"<h2>Aprenda a trabalhar o vidro em Veneza!<\/h2>\n<p>&nbsp;<\/p>\n<p>Oferecemos-lhe um curso pr\u00e1tico em Murano. As p\u00e9rolas de vidro Murano s\u00e3o as p\u00e9rolas feitas \u00e0 m\u00e3o mais bonitas do mundo.<\/p>\n<p>Se voc\u00ea quer aprender como criar contas de vidro ou pequenos animais ou objetos para suas j\u00f3ias, este \u00e9 o curso certo para voc\u00ea!<\/p>\n<p>O curso \u00e9 individual. Ele est\u00e1 dispon\u00edvel para iniciantes em italiano.<\/p>\n<p>As aulas s\u00e3o ministradas de segunda a sexta-feira, das 15h \u00e0s 18h.<\/p>\n<p>As aulas s\u00e3o ministradas por mestres qualificados de vitrofus\u00e3o.<\/p>\n","protected":false},"featured_media":119407,"comment_status":"open","ping_status":"closed","template":"","meta":{"_acf_changed":false,"_uag_custom_page_level_css":"","_kad_blocks_custom_css":"","_kad_blocks_head_custom_js":"","_kad_blocks_body_custom_js":"","_kad_blocks_footer_custom_js":"","site-sidebar-layout":"default","site-content-layout":"default","ast-site-content-layout":"default","site-content-style":"default","site-sidebar-style":"default","ast-global-header-display":"","ast-banner-title-visibility":"","ast-main-header-display":"","ast-hfb-above-header-display":"","ast-hfb-below-header-display":"","ast-hfb-mobile-header-display":"","site-post-title":"","ast-breadcrumbs-content":"","ast-featured-img":"","footer-sml-layout":"","ast-disable-related-posts":"","theme-transparent-header-meta":"default","adv-header-id-meta":"","stick-header-meta":"default","header-above-stick-meta":"","header-main-stick-meta":"","header-below-stick-meta":"","astra-migrate-meta-layouts":"set","ast-page-background-enabled":"default","ast-page-background-meta":{"desktop":{"background-color":"var(--ast-global-color-4)","background-image":"","background-repeat":"repeat","background-position":"center center","background-size":"auto","background-attachment":"scroll","background-type":"","background-media":"","overlay-type":"","overlay-color":"","overlay-opacity":"","overlay-gradient":""},"tablet":{"background-color":"","background-image":"","background-repeat":"repeat","background-position":"center center","background-size":"auto","background-attachment":"scroll","background-type":"","background-media":"","overlay-type":"","overlay-color":"","overlay-opacity":"","overlay-gradient":""},"mobile":{"background-color":"","background-image":"","background-repeat":"repeat","background-position":"center center","background-size":"auto","background-attachment":"scroll","background-type":"","background-media":"","overlay-type":"","overlay-color":"","overlay-opacity":"","overlay-gradient":""}},"ast-content-background-meta":{"desktop":{"background-color":"var(--ast-global-color-5)","background-image":"","background-repeat":"repeat","background-position":"center center","background-size":"auto","background-attachment":"scroll","background-type":"","background-media":"","overlay-type":"","overlay-color":"","overlay-opacity":"","overlay-gradient":""},"tablet":{"background-color":"var(--ast-global-color-5)","background-image":"","background-repeat":"repeat","background-position":"center center","background-size":"auto","background-attachment":"scroll","background-type":"","background-media":"","overlay-type":"","overlay-color":"","overlay-opacity":"","overlay-gradient":""},"mobile":{"background-color":"var(--ast-global-color-5)","background-image":"","background-repeat":"repeat","background-position":"center center","background-size":"auto","background-attachment":"scroll","background-type":"","background-media":"","overlay-type":"","overlay-color":"","overlay-opacity":"","overlay-gradient":""}}},"section":[],"product_brand":[],"product_cat":[1310,1335],"product_tag":[],"class_list":{"0":"post-189168","1":"product","2":"type-product","3":"status-publish","4":"has-post-thumbnail","6":"product_cat-cursos-em-veneza","7":"product_cat-cursos-de-artesanato-na-italia","8":"desktop-align-left","9":"tablet-align-left","10":"mobile-align-left","11":"ast-product-gallery-layout-horizontal-slider","12":"ast-product-single-variable","13":"ast-product-tabs-layout-horizontal","14":"ast-qv-on-image-click","16":"first","17":"instock","18":"sold-individually","19":"shipping-taxable","20":"purchasable","21":"product-type-variable","22":"has-default-attributes"},"acf":[],"taxonomy_info":{"product_cat":[{"value":1310,"label":"Cursos em Veneza"},{"value":1335,"label":"Cursos de artesanato"}]},"featured_image_src_large":["https:\/\/www.studiainitalia.com\/wp-content\/uploads\/2016\/11\/murano-glas-venice-e1490029357666.jpg",350,350,false],"author_info":[],"comment_info":6,"uagb_featured_image_src":{"full":["https:\/\/www.studiainitalia.com\/wp-content\/uploads\/2016\/11\/murano-glas-venice-e1490029357666.jpg",350,350,false],"thumbnail":["https:\/\/www.studiainitalia.com\/wp-content\/uploads\/2016\/11\/murano-glas-venice-150x150.jpg",96,96,true],"medium":["https:\/\/www.studiainitalia.com\/wp-content\/uploads\/2016\/11\/murano-glas-venice-300x300.jpg",300,300,true],"medium_large":["https:\/\/www.studiainitalia.com\/wp-content\/uploads\/2016\/11\/murano-glas-venice-e1490029357666.jpg",350,350,false],"large":["https:\/\/www.studiainitalia.com\/wp-content\/uploads\/2016\/11\/murano-glas-venice-e1490029357666.jpg",350,350,false],"1536x1536":["https:\/\/www.studiainitalia.com\/wp-content\/uploads\/2016\/11\/murano-glas-venice-e1490029357666.jpg",350,350,false],"2048x2048":["https:\/\/www.studiainitalia.com\/wp-content\/uploads\/2016\/11\/murano-glas-venice-e1490029357666.jpg",350,350,false],"ultp_layout_landscape_large":["https:\/\/www.studiainitalia.com\/wp-content\/uploads\/2016\/11\/murano-glas-venice-e1490029357666.jpg",350,350,false],"ultp_layout_landscape":["https:\/\/www.studiainitalia.com\/wp-content\/uploads\/2016\/11\/murano-glas-venice-e1490029357666.jpg",350,350,false],"ultp_layout_portrait":["https:\/\/www.studiainitalia.com\/wp-content\/uploads\/2016\/11\/murano-glas-venice-e1490029357666.jpg",350,350,false],"ultp_layout_square":["https:\/\/www.studiainitalia.com\/wp-content\/uploads\/2016\/11\/murano-glas-venice-e1490029357666.jpg",350,350,false],"gform-image-choice-sm":["https:\/\/www.studiainitalia.com\/wp-content\/uploads\/2016\/11\/murano-glas-venice-e1490029357666.jpg",300,300,false],"gform-image-choice-md":["https:\/\/www.studiainitalia.com\/wp-content\/uploads\/2016\/11\/murano-glas-venice-e1490029357666.jpg",350,350,false],"gform-image-choice-lg":["https:\/\/www.studiainitalia.com\/wp-content\/uploads\/2016\/11\/murano-glas-venice-e1490029357666.jpg",350,350,false],"woocommerce_thumbnail":["https:\/\/www.studiainitalia.com\/wp-content\/uploads\/2016\/11\/murano-glas-venice-e1490029357666-300x300.jpg",300,300,true],"woocommerce_single":["https:\/\/www.studiainitalia.com\/wp-content\/uploads\/2016\/11\/murano-glas-venice-e1490029357666.jpg",350,350,false],"woocommerce_gallery_thumbnail":["https:\/\/www.studiainitalia.com\/wp-content\/uploads\/2016\/11\/murano-glas-venice-e1490029357666-100x100.jpg",100,100,true],"yarpp-thumbnail":["https:\/\/www.studiainitalia.com\/wp-content\/uploads\/2016\/11\/murano-glas-venice-e1490029357666.jpg",120,120,false]},"uagb_author_info":{"display_name":"Javier Diaz","author_link":"https:\/\/www.studiainitalia.com\/pt-br\/author\/"},"uagb_comment_info":6,"uagb_excerpt":"Aprenda a trabalhar o vidro em Veneza! &nbsp; Oferecemos-lhe um curso pr\u00e1tico em Murano. As p\u00e9rolas de vidro Murano s\u00e3o as p\u00e9rolas feitas \u00e0 m\u00e3o mais bonitas do mundo. Se voc\u00ea quer aprender como criar contas de vidro ou pequenos animais ou objetos para suas j\u00f3ias, este \u00e9 o curso certo para voc\u00ea! O curso&hellip;","_links":{"self":[{"href":"https:\/\/www.studiainitalia.com\/pt-br\/wp-json\/wp\/v2\/product\/189168","targetHints":{"allow":["GET"]}}],"collection":[{"href":"https:\/\/www.studiainitalia.com\/pt-br\/wp-json\/wp\/v2\/product"}],"about":[{"href":"https:\/\/www.studiainitalia.com\/pt-br\/wp-json\/wp\/v2\/types\/product"}],"replies":[{"embeddable":true,"href":"https:\/\/www.studiainitalia.com\/pt-br\/wp-json\/wp\/v2\/comments?post=189168"}],"wp:featuredmedia":[{"embeddable":true,"href":"https:\/\/www.studiainitalia.com\/pt-br\/wp-json\/wp\/v2\/media\/119407"}],"wp:attachment":[{"href":"https:\/\/www.studiainitalia.com\/pt-br\/wp-json\/wp\/v2\/media?parent=189168"}],"wp:term":[{"taxonomy":"section","embeddable":true,"href":"https:\/\/www.studiainitalia.com\/pt-br\/wp-json\/wp\/v2\/section?post=189168"},{"taxonomy":"product_brand","embeddable":true,"href":"https:\/\/www.studiainitalia.com\/pt-br\/wp-json\/wp\/v2\/product_brand?post=189168"},{"taxonomy":"product_cat","embeddable":true,"href":"https:\/\/www.studiainitalia.com\/pt-br\/wp-json\/wp\/v2\/product_cat?post=189168"},{"taxonomy":"product_tag","embeddable":true,"href":"https:\/\/www.studiainitalia.com\/pt-br\/wp-json\/wp\/v2\/product_tag?post=189168"}],"curies":[{"name":"wp","href":"https:\/\/api.w.org\/{rel}","templated":true}]}}