{"id":189204,"date":"2016-11-15T16:39:52","date_gmt":"2016-11-15T15:39:52","guid":{"rendered":"https:\/\/www.studiainitalia.com\/courses\/sem%20categoria\/painting-restoration-course-in-florence-group\/"},"modified":"2025-12-22T11:07:45","modified_gmt":"2025-12-22T10:07:45","slug":"restauracao-de-pintura-em-florenca","status":"publish","type":"product","link":"https:\/\/www.studiainitalia.com\/pt-br\/cursos\/cursos-em-florenca\/restauracao-de-pintura-em-florenca\/","title":{"rendered":"Restaura\u00e7\u00e3o de pintura em Floren\u00e7a (em grupo)"},"content":{"rendered":"<h2><strong>Cursos de restaura\u00e7\u00e3o de pintura em Floren\u00e7a<\/strong><\/h2>\n<p>&nbsp;<\/p>\n<p>Nossa oficina \u201cbottega\u201d est\u00e1 localizada em pleno centro hist\u00f3rico de Floren\u00e7a, no bairro de Santo Spirito, o bairro dos artes\u00e3os e dos artistas que, fora dos tradicionais circuitos do turismo de massa, conserva intactas as suas caracter\u00edsticas econ\u00f4micas e sociais.<\/p>\n<p>Nossos cursos s\u00e3o ministrados por profissionais que trabalham em conjunto com a &lt;em&gt;Galeria de Uffizi&lt;\/em&gt;e outros importantes museus italianos e internacionais.<\/p>\n<p>A oficina est\u00e1 localizada no cora\u00e7\u00e3o de Floren\u00e7a e apenas a uma curta dist\u00e2ncia da Ponte Vecchio, recriando a atmosfera dos antigos ateli\u00eas e est\u00fadios.<\/p>\n<p>&nbsp;<\/p>\n<p>&nbsp;<\/p>\n<table id=\"tablepress-178\" class=\"tablepress tablepress-id-178\">\n<thead>\n<tr class=\"row-1 odd\">\n<th class=\"column-1\" colspan=\"6\">Datas de in\u00edcio<\/th>\n<\/tr>\n<\/thead>\n<tbody class=\"row-hover\">\n<tr class=\"row-2 even\">\n<td class=\"column-1\">Janeiro<\/td>\n<td class=\"column-2\">cada segunda-feira<\/td>\n<td class=\"column-3\">Maio<\/td>\n<td class=\"column-4\">cada segunda-feira<\/td>\n<td class=\"column-5\">Setembro<\/td>\n<td class=\"column-6\">cada segunda-feira<\/td>\n<\/tr>\n<tr class=\"row-3 odd\">\n<td class=\"column-1\">Fevereiro<\/td>\n<td class=\"column-2\">cada segunda-feira<\/td>\n<td class=\"column-3\">Junho<\/td>\n<td class=\"column-4\">cada segunda-feira<\/td>\n<td class=\"column-5\">Outubro<\/td>\n<td class=\"column-6\">cada segunda-feira<\/td>\n<\/tr>\n<tr class=\"row-4 even\">\n<td class=\"column-1\">Mar\u00e7o<\/td>\n<td class=\"column-2\">cada segunda-feira<\/td>\n<td class=\"column-3\">Julho<\/td>\n<td class=\"column-4\">cada segunda-feira<\/td>\n<td class=\"column-5\">Novembro<\/td>\n<td class=\"column-6\">cada segunda-feira<\/td>\n<\/tr>\n<tr class=\"row-5 odd\">\n<td class=\"column-1\">Abril<\/td>\n<td class=\"column-2\">cada segunda-feira<\/td>\n<td class=\"column-3\">Agosto<\/td>\n<td class=\"column-4\"><\/td>\n<td class=\"column-5\">Dezembro<\/td>\n<td class=\"column-6\">cada segunda-feira<\/td>\n<\/tr>\n<tr class=\"row-6 even\">\n<td class=\"column-1\" colspan=\"6\">A escola ser\u00e1 fechada nos seguintes feriados nacionais: 06\/01, segunda-feira de P\u00e1scoa, 25\/04, 01\/05, 02\/06, 24\/06, 15\/08, 01\/11, 8\/12, e durante os feriados locais e f\u00e9rias de Natal.<\/td>\n<\/tr>\n<\/tbody>\n<\/table>\n<div class=\"aiosrs-rating-wrap\" data-schema-id=\"90691\">\n<div class=\"aiosrs-star-rating-wrap \"><\/div>\n<div class=\"aiosrs-rating-summary-wrap\"><\/div>\n<\/div>\n<h3><\/h3>\n<div class=\"one_half\">\n<p><iframe src=\"https:\/\/www.youtube.com\/embed\/Fl4GbZRdpj4\" width=\"560\" height=\"315\" frameborder=\"0\" allowfullscreen=\"allowfullscreen\" referrerpolicy=\"strict-origin-when-cross-origin\" allow=\"accelerometer; autoplay; clipboard-write; encrypted-media; gyroscope; picture-in-picture; web-share\"><\/iframe>\n<\/div>\n<div class=\"one_half et_column_last\"><\/div>\n<div class=\"clear\"><\/div>\n<p>&nbsp;<\/p>\n<div class=\"aiosrs-rating-wrap\" data-schema-id=\"90691\">\n<div class=\"aiosrs-rating-summary-wrap\"><\/div>\n<\/div>\n","protected":false},"excerpt":{"rendered":"<p>Nossa escola de Floren\u00e7a oferece cursos de restaura\u00e7\u00e3o de pintura.<\/p>\n<p>Voc\u00ea pode reservar um curso de 80, 160, 240 ou 320 horas e distribuir suas horas ao longo do n\u00famero de semanas de sua escolha (de 4 a 8 horas por dia).<\/p>\n<p>Este curso \u00e9 em grupo e \u00e9 ministrado em italiano.<\/p>\n<p>Os cursos s\u00e3o muito pr\u00e1ticos e s\u00e3o conduzidos por mestres locais interessados em manter vivas as tradi\u00e7\u00f5es art\u00edsticas italianas.<\/p>\n<p>Ao final do curso, os participantes receber\u00e3o um certificado de participa\u00e7\u00e3o.<\/p>\n","protected":false},"featured_media":119323,"comment_status":"open","ping_status":"closed","template":"","meta":{"_acf_changed":false,"_uag_custom_page_level_css":"","_kad_blocks_custom_css":"","_kad_blocks_head_custom_js":"","_kad_blocks_body_custom_js":"","_kad_blocks_footer_custom_js":"","site-sidebar-layout":"default","site-content-layout":"default","ast-site-content-layout":"default","site-content-style":"default","site-sidebar-style":"default","ast-global-header-display":"","ast-banner-title-visibility":"","ast-main-header-display":"","ast-hfb-above-header-display":"","ast-hfb-below-header-display":"","ast-hfb-mobile-header-display":"","site-post-title":"","ast-breadcrumbs-content":"","ast-featured-img":"","footer-sml-layout":"","ast-disable-related-posts":"","theme-transparent-header-meta":"default","adv-header-id-meta":"","stick-header-meta":"default","header-above-stick-meta":"","header-main-stick-meta":"","header-below-stick-meta":"","astra-migrate-meta-layouts":"set","ast-page-background-enabled":"default","ast-page-background-meta":{"desktop":{"background-color":"var(--ast-global-color-4)","background-image":"","background-repeat":"repeat","background-position":"center center","background-size":"auto","background-attachment":"scroll","background-type":"","background-media":"","overlay-type":"","overlay-color":"","overlay-opacity":"","overlay-gradient":""},"tablet":{"background-color":"","background-image":"","background-repeat":"repeat","background-position":"center center","background-size":"auto","background-attachment":"scroll","background-type":"","background-media":"","overlay-type":"","overlay-color":"","overlay-opacity":"","overlay-gradient":""},"mobile":{"background-color":"","background-image":"","background-repeat":"repeat","background-position":"center center","background-size":"auto","background-attachment":"scroll","background-type":"","background-media":"","overlay-type":"","overlay-color":"","overlay-opacity":"","overlay-gradient":""}},"ast-content-background-meta":{"desktop":{"background-color":"var(--ast-global-color-5)","background-image":"","background-repeat":"repeat","background-position":"center center","background-size":"auto","background-attachment":"scroll","background-type":"","background-media":"","overlay-type":"","overlay-color":"","overlay-opacity":"","overlay-gradient":""},"tablet":{"background-color":"var(--ast-global-color-5)","background-image":"","background-repeat":"repeat","background-position":"center center","background-size":"auto","background-attachment":"scroll","background-type":"","background-media":"","overlay-type":"","overlay-color":"","overlay-opacity":"","overlay-gradient":""},"mobile":{"background-color":"var(--ast-global-color-5)","background-image":"","background-repeat":"repeat","background-position":"center center","background-size":"auto","background-attachment":"scroll","background-type":"","background-media":"","overlay-type":"","overlay-color":"","overlay-opacity":"","overlay-gradient":""}}},"section":[],"product_brand":[],"product_cat":[1330,1278],"product_tag":[1861],"class_list":{"0":"post-189204","1":"product","2":"type-product","3":"status-publish","4":"has-post-thumbnail","6":"product_cat-cursos-de-restauracao-de-arte","7":"product_cat-cursos-em-florenca","8":"product_tag-florenca","9":"desktop-align-left","10":"tablet-align-left","11":"mobile-align-left","12":"ast-product-gallery-layout-horizontal-slider","13":"ast-product-gallery-with-no-image","14":"ast-product-single-variable","15":"ast-product-tabs-layout-horizontal","16":"ast-qv-on-image-click","18":"first","19":"instock","20":"sold-individually","21":"shipping-taxable","22":"purchasable","23":"product-type-variable"},"acf":[],"taxonomy_info":{"product_cat":[{"value":1330,"label":"Cursos de restaura\u00e7\u00e3o de arte"},{"value":1278,"label":"Cursos em Floren\u00e7a"}],"product_tag":[{"value":1861,"label":"Floren\u00e7a"}]},"featured_image_src_large":["https:\/\/www.studiainitalia.com\/wp-content\/uploads\/2016\/11\/painting-restoration-florence-group-e1490028801191.jpg",350,351,false],"author_info":[],"comment_info":1,"uagb_featured_image_src":{"full":["https:\/\/www.studiainitalia.com\/wp-content\/uploads\/2016\/11\/painting-restoration-florence-group-e1490028801191.jpg",350,351,false],"thumbnail":["https:\/\/www.studiainitalia.com\/wp-content\/uploads\/2016\/11\/painting-restoration-florence-group-150x150.jpg",96,96,true],"medium":["https:\/\/www.studiainitalia.com\/wp-content\/uploads\/2016\/11\/painting-restoration-florence-group-300x300.jpg",300,300,true],"medium_large":["https:\/\/www.studiainitalia.com\/wp-content\/uploads\/2016\/11\/painting-restoration-florence-group-e1490028801191.jpg",350,351,false],"large":["https:\/\/www.studiainitalia.com\/wp-content\/uploads\/2016\/11\/painting-restoration-florence-group-e1490028801191.jpg",350,351,false],"1536x1536":["https:\/\/www.studiainitalia.com\/wp-content\/uploads\/2016\/11\/painting-restoration-florence-group-e1490028801191.jpg",350,351,false],"2048x2048":["https:\/\/www.studiainitalia.com\/wp-content\/uploads\/2016\/11\/painting-restoration-florence-group-e1490028801191.jpg",350,351,false],"ultp_layout_landscape_large":["https:\/\/www.studiainitalia.com\/wp-content\/uploads\/2016\/11\/painting-restoration-florence-group-e1490028801191.jpg",350,351,false],"ultp_layout_landscape":["https:\/\/www.studiainitalia.com\/wp-content\/uploads\/2016\/11\/painting-restoration-florence-group-e1490028801191.jpg",350,351,false],"ultp_layout_portrait":["https:\/\/www.studiainitalia.com\/wp-content\/uploads\/2016\/11\/painting-restoration-florence-group-e1490028801191.jpg",350,351,false],"ultp_layout_square":["https:\/\/www.studiainitalia.com\/wp-content\/uploads\/2016\/11\/painting-restoration-florence-group-e1490028801191.jpg",350,351,false],"gform-image-choice-sm":["https:\/\/www.studiainitalia.com\/wp-content\/uploads\/2016\/11\/painting-restoration-florence-group-e1490028801191.jpg",300,300,false],"gform-image-choice-md":["https:\/\/www.studiainitalia.com\/wp-content\/uploads\/2016\/11\/painting-restoration-florence-group-e1490028801191.jpg",350,351,false],"gform-image-choice-lg":["https:\/\/www.studiainitalia.com\/wp-content\/uploads\/2016\/11\/painting-restoration-florence-group-e1490028801191.jpg",350,351,false],"woocommerce_thumbnail":["https:\/\/www.studiainitalia.com\/wp-content\/uploads\/2016\/11\/painting-restoration-florence-group-e1490028801191-300x300.jpg",300,300,true],"woocommerce_single":["https:\/\/www.studiainitalia.com\/wp-content\/uploads\/2016\/11\/painting-restoration-florence-group-e1490028801191.jpg",350,351,false],"woocommerce_gallery_thumbnail":["https:\/\/www.studiainitalia.com\/wp-content\/uploads\/2016\/11\/painting-restoration-florence-group-e1490028801191-100x100.jpg",100,100,true],"yarpp-thumbnail":["https:\/\/www.studiainitalia.com\/wp-content\/uploads\/2016\/11\/painting-restoration-florence-group-e1490028801191.jpg",120,120,false]},"uagb_author_info":{"display_name":"Javier Diaz","author_link":"https:\/\/www.studiainitalia.com\/pt-br\/author\/"},"uagb_comment_info":1,"uagb_excerpt":"Nossa escola de Floren\u00e7a oferece cursos de restaura\u00e7\u00e3o de pintura. Voc\u00ea pode reservar um curso de 80, 160, 240 ou 320 horas e distribuir suas horas ao longo do n\u00famero de semanas de sua escolha (de 4 a 8 horas por dia). Este curso \u00e9 em grupo e \u00e9 ministrado em italiano. Os cursos s\u00e3o&hellip;","_links":{"self":[{"href":"https:\/\/www.studiainitalia.com\/pt-br\/wp-json\/wp\/v2\/product\/189204","targetHints":{"allow":["GET"]}}],"collection":[{"href":"https:\/\/www.studiainitalia.com\/pt-br\/wp-json\/wp\/v2\/product"}],"about":[{"href":"https:\/\/www.studiainitalia.com\/pt-br\/wp-json\/wp\/v2\/types\/product"}],"replies":[{"embeddable":true,"href":"https:\/\/www.studiainitalia.com\/pt-br\/wp-json\/wp\/v2\/comments?post=189204"}],"wp:featuredmedia":[{"embeddable":true,"href":"https:\/\/www.studiainitalia.com\/pt-br\/wp-json\/wp\/v2\/media\/119323"}],"wp:attachment":[{"href":"https:\/\/www.studiainitalia.com\/pt-br\/wp-json\/wp\/v2\/media?parent=189204"}],"wp:term":[{"taxonomy":"section","embeddable":true,"href":"https:\/\/www.studiainitalia.com\/pt-br\/wp-json\/wp\/v2\/section?post=189204"},{"taxonomy":"product_brand","embeddable":true,"href":"https:\/\/www.studiainitalia.com\/pt-br\/wp-json\/wp\/v2\/product_brand?post=189204"},{"taxonomy":"product_cat","embeddable":true,"href":"https:\/\/www.studiainitalia.com\/pt-br\/wp-json\/wp\/v2\/product_cat?post=189204"},{"taxonomy":"product_tag","embeddable":true,"href":"https:\/\/www.studiainitalia.com\/pt-br\/wp-json\/wp\/v2\/product_tag?post=189204"}],"curies":[{"name":"wp","href":"https:\/\/api.w.org\/{rel}","templated":true}]}}