{"id":189215,"date":"2017-11-19T18:08:21","date_gmt":"2017-11-19T17:08:21","guid":{"rendered":"https:\/\/www.studiainitalia.com\/courses\/sem%20categoria\/artisan-jewellery-course-in-florence\/"},"modified":"2025-12-20T13:34:03","modified_gmt":"2025-12-20T12:34:03","slug":"curso-basico-de-joalheria-artesanal-em-florenca","status":"publish","type":"product","link":"https:\/\/www.studiainitalia.com\/pt-br\/cursos\/cursos-em-florenca\/curso-basico-de-joalheria-artesanal-em-florenca\/","title":{"rendered":"Curso b\u00e1sico de joalheria artesanal em Floren\u00e7a"},"content":{"rendered":"<h2><strong>Curso b\u00e1sico de joalheria artesanal<\/strong><\/h2>\n<p>&nbsp;<\/p>\n<p>Nosso mestre artes\u00e3o utiliza apenas t\u00e9cnicas antigas de ourivesaria. Em sua pr\u00f3pria oficina de exposi\u00e7\u00e3o, os estudantes aprender\u00e3o a arte da ourivesaria utilizando apenas ferramentas tradicionais.<\/p>\n<p>CURSOS INTENSIVOS PRIVADOS est\u00e3o dispon\u00edveis durante todo o ano e s\u00e3o totalmente adaptados ao aluno.<\/p>\n<p>&nbsp;<\/p>\n<p>A experi\u00eancia de nosso artes\u00e3o como professor do segundo ano na escola de joalheria LAO em Floren\u00e7a de 2016 a 2022, bem como sua colabora\u00e7\u00e3o desde 2022 com a escola de joalheria contempor\u00e2nea ALCHIMIA como professor de cursos intensivos de curta dura\u00e7\u00e3o, d\u00e1 a ele a oportunidade de orientar voc\u00ea em programas intensivos e mais longos.<\/p>\n<p>&nbsp;<\/p>\n<p>O aluno pode escolher entre um m\u00ednimo de 40 horas (duas semanas) e um m\u00e1ximo que ele mesmo decide, por exemplo, para cursos monogr\u00e1ficos.<\/p>\n<p>&nbsp;<\/p>\n<p>Os cursos em nosso workshop s\u00e3o ideais para iniciantes e tamb\u00e9m para profissionais que desejam aprofundar seus conhecimentos ou se concentrar em uma t\u00e9cnica espec\u00edfica.<\/p>\n<p>O que diferencia nossos cursos n\u00e3o \u00e9 apenas a abordagem totalmente personalizada entre professor e aluno, mas tamb\u00e9m a imers\u00e3o na fabrica\u00e7\u00e3o de joias, totalmente adaptada \u00e0s expectativas e aos objetivos do aluno.<\/p>\n<p>&nbsp;<\/p>\n<p>As aulas geralmente acontecem de segunda a sexta-feira, das 9h \u00e0s 13h.<\/p>\n<p>De acordo com as possibilidades do aluno, tamb\u00e9m \u00e9 poss\u00edvel organizar experi\u00eancias e workshops FULL IMMERSION DAY.<\/p>\n<p>As aulas ser\u00e3o ministradas em ingl\u00eas ou italiano.<\/p>\n<p>&nbsp;<\/p>\n<p>Voc\u00ea ter\u00e1 \u00e0 disposi\u00e7\u00e3o ferramentas e implementos, al\u00e9m de prata esterlina 925 (at\u00e9 um m\u00e1ximo de 80 gramas por 40 horas). As joias feitas durante o curso permanecem como propriedade do aluno.<\/p>\n<p>Em cada caso, as horas e o hor\u00e1rio dos cursos ser\u00e3o acordados com o aluno e podem, dependendo de seus interesses, at\u00e9 mudar no decorrer do curso.<\/p>\n<p>&nbsp;<\/p>\n<div class=\"one_half\">\n<p>&nbsp;<\/p>\n<div class=\"perfmatters-lazy-youtube\" data-src=\"https:\/\/www.youtube.com\/embed\/ELqKfrWQG3Y\" data-id=\"ELqKfrWQG3Y\" data-query=\"\">\n<div>\n<p><img decoding=\"async\" class=\"perfmatters-lazy entered pmloaded\" src=\"https:\/\/i.ytimg.com\/vi\/ELqKfrWQG3Y\/hqdefault.jpg\" alt=\"YouTube video\" width=\"480\" height=\"360\" data-pin-nopin=\"true\" data-src=\"https:\/\/i.ytimg.com\/vi\/ELqKfrWQG3Y\/hqdefault.jpg\" data-ll-status=\"loaded\" data- title=\"\"><\/p>\n<div class=\"play\"><\/div>\n<\/div>\n<\/div>\n<p>&nbsp;<\/p>\n<\/div>\n<div class=\"one_half et_column_last\"><\/div>\n<div class=\"clear\"><\/div>\n<p>&nbsp;<\/p>\n<table id=\"tablepress-182\" class=\"tablepress tablepress-id-182\">\n<thead>\n<tr class=\"row-1 odd\">\n<th class=\"column-1\" colspan=\"6\">Datas de in\u00edcio 2026<\/th>\n<\/tr>\n<\/thead>\n<tbody class=\"row-hover\">\n<tr class=\"row-2 even\">\n<td class=\"column-1\">Janeiro<\/td>\n<td class=\"column-2\">a pedido<\/td>\n<td class=\"column-3\">Maio<\/td>\n<td class=\"column-4\">a pedido<\/td>\n<td class=\"column-5\">Setembro<\/td>\n<td class=\"column-6\">a pedido<\/td>\n<\/tr>\n<tr class=\"row-3 odd\">\n<td class=\"column-1\">Fevereiro<\/td>\n<td class=\"column-2\">a pedido<\/td>\n<td class=\"column-3\">Junho<\/td>\n<td class=\"column-4\">a pedido<\/td>\n<td class=\"column-5\">Outubro<\/td>\n<td class=\"column-6\">a pedido<\/td>\n<\/tr>\n<tr class=\"row-4 even\">\n<td class=\"column-1\">Mar\u00e7o<\/td>\n<td class=\"column-2\">a pedido<\/td>\n<td class=\"column-3\">Julho<\/td>\n<td class=\"column-4\">a pedido<\/td>\n<td class=\"column-5\">Novembro<\/td>\n<td class=\"column-6\">a pedido<\/td>\n<\/tr>\n<tr class=\"row-5 odd\">\n<td class=\"column-1\">Abril<\/td>\n<td class=\"column-2\">a pedido<\/td>\n<td class=\"column-3\">Agosto<\/td>\n<td class=\"column-4\">a pedido<\/td>\n<td class=\"column-5\">Dezembro<\/td>\n<td class=\"column-6\">a pedido<\/td>\n<\/tr>\n<tr class=\"row-6 even\">\n<td class=\"column-1\" colspan=\"6\">A escola ser\u00e1 fechada nos seguintes feriados nacionais: 06\/01, segunda-feira de P\u00e1scoa, 25\/04, 01\/05, 02\/06, 15\/08, 01\/11, 8\/12, e durante os feriados locais e f\u00e9rias de Natal.A escola ser\u00e1 fechada nos seguintes feriados nacionais: 06\/01, segunda-feira de P\u00e1scoa, 25\/04, 01\/05, 02\/06, 15\/08, 01\/11, 8\/12, e durante os feriados locais e f\u00e9rias de Natal.<\/td>\n<\/tr>\n<\/tbody>\n<\/table>\n<div class=\"aiosrs-rating-wrap\" data-schema-id=\"90691\">\n<div class=\"aiosrs-rating-summary-wrap\"><\/div>\n<\/div>\n<h3><\/h3>\n","protected":false},"excerpt":{"rendered":"<p>Este \u00e9 um curso profissional com 20 horas por semana para aprender o conhecimento b\u00e1sico de j\u00f3ias artesanais usando t\u00e9cnicas de ourives antigas.<\/p>\n<p>Cada estudente, seguido pessoalmente pelo pr\u00f3prio mestre artes\u00e3o, adquire habilidades atrav\u00e9s da cria\u00e7\u00e3o de uma j\u00f3ia, realizada em prata e totalmente \u00e0 m\u00e3o.<\/p>\n<p><strong>Cursos oferecidos:<\/strong><\/p>\n<p>&#8211; HABILIDADES B\u00c1SICAS DE JOALHERIA<\/p>\n<p>&#8211; CABOCH\u00c3O E PE\u00c7AS<\/p>\n<p>-SBALZO\u201d (REPOUSS\u00c9) NO PONTO<\/p>\n<p>-ESCULTURA EM CERA DURA<\/p>\n<p>-MOLDAGEM EM CERA MOLE<\/p>\n<p>MOLDES DE SILICONE PARA FUNDI\u00c7\u00c3O DE CERA PERDIDA<\/p>\n<p>-JATEAMENTO DE AREIA<\/p>\n<p>-FILIGRANA<\/p>\n<p>-ESMALTA\u00c7\u00c3O A FRIO<\/p>\n<p>-ESMALTA\u00c7\u00c3O B\u00c1SICA A FOGO<\/p>\n<p>-ESMALTA\u00c7\u00c3O<\/p>\n<p>Essas s\u00e3o apenas algumas das t\u00e9cnicas de ourivesaria que voc\u00ea poder\u00e1 praticar ou se concentrar durante o curso.<\/p>\n","protected":false},"featured_media":123071,"comment_status":"open","ping_status":"closed","template":"","meta":{"_acf_changed":false,"_uag_custom_page_level_css":"","_kad_blocks_custom_css":"","_kad_blocks_head_custom_js":"","_kad_blocks_body_custom_js":"","_kad_blocks_footer_custom_js":"","site-sidebar-layout":"default","site-content-layout":"default","ast-site-content-layout":"default","site-content-style":"default","site-sidebar-style":"default","ast-global-header-display":"","ast-banner-title-visibility":"","ast-main-header-display":"","ast-hfb-above-header-display":"","ast-hfb-below-header-display":"","ast-hfb-mobile-header-display":"","site-post-title":"","ast-breadcrumbs-content":"","ast-featured-img":"","footer-sml-layout":"","ast-disable-related-posts":"","theme-transparent-header-meta":"default","adv-header-id-meta":"","stick-header-meta":"default","header-above-stick-meta":"","header-main-stick-meta":"","header-below-stick-meta":"","astra-migrate-meta-layouts":"set","ast-page-background-enabled":"default","ast-page-background-meta":{"desktop":{"background-color":"var(--ast-global-color-4)","background-image":"","background-repeat":"repeat","background-position":"center center","background-size":"auto","background-attachment":"scroll","background-type":"","background-media":"","overlay-type":"","overlay-color":"","overlay-opacity":"","overlay-gradient":""},"tablet":{"background-color":"","background-image":"","background-repeat":"repeat","background-position":"center center","background-size":"auto","background-attachment":"scroll","background-type":"","background-media":"","overlay-type":"","overlay-color":"","overlay-opacity":"","overlay-gradient":""},"mobile":{"background-color":"","background-image":"","background-repeat":"repeat","background-position":"center center","background-size":"auto","background-attachment":"scroll","background-type":"","background-media":"","overlay-type":"","overlay-color":"","overlay-opacity":"","overlay-gradient":""}},"ast-content-background-meta":{"desktop":{"background-color":"var(--ast-global-color-5)","background-image":"","background-repeat":"repeat","background-position":"center center","background-size":"auto","background-attachment":"scroll","background-type":"","background-media":"","overlay-type":"","overlay-color":"","overlay-opacity":"","overlay-gradient":""},"tablet":{"background-color":"var(--ast-global-color-5)","background-image":"","background-repeat":"repeat","background-position":"center center","background-size":"auto","background-attachment":"scroll","background-type":"","background-media":"","overlay-type":"","overlay-color":"","overlay-opacity":"","overlay-gradient":""},"mobile":{"background-color":"var(--ast-global-color-5)","background-image":"","background-repeat":"repeat","background-position":"center center","background-size":"auto","background-attachment":"scroll","background-type":"","background-media":"","overlay-type":"","overlay-color":"","overlay-opacity":"","overlay-gradient":""}}},"section":[],"product_brand":[],"product_cat":[1278,1352],"product_tag":[],"class_list":{"0":"post-189215","1":"product","2":"type-product","3":"status-publish","4":"has-post-thumbnail","6":"product_cat-cursos-em-florenca","7":"product_cat-design-de-joias","8":"desktop-align-left","9":"tablet-align-left","10":"mobile-align-left","11":"ast-product-gallery-layout-horizontal-slider","12":"ast-product-single-variable","13":"ast-product-tabs-layout-horizontal","14":"ast-qv-on-image-click","16":"first","17":"instock","18":"sold-individually","19":"shipping-taxable","20":"purchasable","21":"product-type-variable"},"acf":[],"taxonomy_info":{"product_cat":[{"value":1278,"label":"Cursos em Floren\u00e7a"},{"value":1352,"label":"Design de j\u00f3ias"}]},"featured_image_src_large":["https:\/\/www.studiainitalia.com\/wp-content\/uploads\/2017\/11\/basic_artisan_jewelry_course_in_florence.jpg",432,432,false],"author_info":[],"comment_info":1,"uagb_featured_image_src":{"full":["https:\/\/www.studiainitalia.com\/wp-content\/uploads\/2017\/11\/basic_artisan_jewelry_course_in_florence.jpg",432,432,false],"thumbnail":["https:\/\/www.studiainitalia.com\/wp-content\/uploads\/2017\/11\/basic_artisan_jewelry_course_in_florence-150x150.jpg",96,96,true],"medium":["https:\/\/www.studiainitalia.com\/wp-content\/uploads\/2017\/11\/basic_artisan_jewelry_course_in_florence-300x300.jpg",300,300,true],"medium_large":["https:\/\/www.studiainitalia.com\/wp-content\/uploads\/2017\/11\/basic_artisan_jewelry_course_in_florence.jpg",432,432,false],"large":["https:\/\/www.studiainitalia.com\/wp-content\/uploads\/2017\/11\/basic_artisan_jewelry_course_in_florence.jpg",432,432,false],"1536x1536":["https:\/\/www.studiainitalia.com\/wp-content\/uploads\/2017\/11\/basic_artisan_jewelry_course_in_florence.jpg",432,432,false],"2048x2048":["https:\/\/www.studiainitalia.com\/wp-content\/uploads\/2017\/11\/basic_artisan_jewelry_course_in_florence.jpg",432,432,false],"ultp_layout_landscape_large":["https:\/\/www.studiainitalia.com\/wp-content\/uploads\/2017\/11\/basic_artisan_jewelry_course_in_florence.jpg",432,432,false],"ultp_layout_landscape":["https:\/\/www.studiainitalia.com\/wp-content\/uploads\/2017\/11\/basic_artisan_jewelry_course_in_florence.jpg",432,432,false],"ultp_layout_portrait":["https:\/\/www.studiainitalia.com\/wp-content\/uploads\/2017\/11\/basic_artisan_jewelry_course_in_florence.jpg",432,432,false],"ultp_layout_square":["https:\/\/www.studiainitalia.com\/wp-content\/uploads\/2017\/11\/basic_artisan_jewelry_course_in_florence.jpg",432,432,false],"gform-image-choice-sm":["https:\/\/www.studiainitalia.com\/wp-content\/uploads\/2017\/11\/basic_artisan_jewelry_course_in_florence.jpg",300,300,false],"gform-image-choice-md":["https:\/\/www.studiainitalia.com\/wp-content\/uploads\/2017\/11\/basic_artisan_jewelry_course_in_florence.jpg",400,400,false],"gform-image-choice-lg":["https:\/\/www.studiainitalia.com\/wp-content\/uploads\/2017\/11\/basic_artisan_jewelry_course_in_florence.jpg",432,432,false],"woocommerce_thumbnail":["https:\/\/www.studiainitalia.com\/wp-content\/uploads\/2017\/11\/basic_artisan_jewelry_course_in_florence-300x300.jpg",300,300,true],"woocommerce_single":["https:\/\/www.studiainitalia.com\/wp-content\/uploads\/2017\/11\/basic_artisan_jewelry_course_in_florence-400x400.jpg",400,400,true],"woocommerce_gallery_thumbnail":["https:\/\/www.studiainitalia.com\/wp-content\/uploads\/2017\/11\/basic_artisan_jewelry_course_in_florence-100x100.jpg",100,100,true],"yarpp-thumbnail":["https:\/\/www.studiainitalia.com\/wp-content\/uploads\/2017\/11\/basic_artisan_jewelry_course_in_florence.jpg",120,120,false]},"uagb_author_info":{"display_name":"Javier Diaz","author_link":"https:\/\/www.studiainitalia.com\/pt-br\/author\/"},"uagb_comment_info":1,"uagb_excerpt":"Este \u00e9 um curso profissional com 20 horas por semana para aprender o conhecimento b\u00e1sico de j\u00f3ias artesanais usando t\u00e9cnicas de ourives antigas. Cada estudente, seguido pessoalmente pelo pr\u00f3prio mestre artes\u00e3o, adquire habilidades atrav\u00e9s da cria\u00e7\u00e3o de uma j\u00f3ia, realizada em prata e totalmente \u00e0 m\u00e3o. Cursos oferecidos: - HABILIDADES B\u00c1SICAS DE JOALHERIA - CABOCH\u00c3O&hellip;","_links":{"self":[{"href":"https:\/\/www.studiainitalia.com\/pt-br\/wp-json\/wp\/v2\/product\/189215","targetHints":{"allow":["GET"]}}],"collection":[{"href":"https:\/\/www.studiainitalia.com\/pt-br\/wp-json\/wp\/v2\/product"}],"about":[{"href":"https:\/\/www.studiainitalia.com\/pt-br\/wp-json\/wp\/v2\/types\/product"}],"replies":[{"embeddable":true,"href":"https:\/\/www.studiainitalia.com\/pt-br\/wp-json\/wp\/v2\/comments?post=189215"}],"wp:featuredmedia":[{"embeddable":true,"href":"https:\/\/www.studiainitalia.com\/pt-br\/wp-json\/wp\/v2\/media\/123071"}],"wp:attachment":[{"href":"https:\/\/www.studiainitalia.com\/pt-br\/wp-json\/wp\/v2\/media?parent=189215"}],"wp:term":[{"taxonomy":"section","embeddable":true,"href":"https:\/\/www.studiainitalia.com\/pt-br\/wp-json\/wp\/v2\/section?post=189215"},{"taxonomy":"product_brand","embeddable":true,"href":"https:\/\/www.studiainitalia.com\/pt-br\/wp-json\/wp\/v2\/product_brand?post=189215"},{"taxonomy":"product_cat","embeddable":true,"href":"https:\/\/www.studiainitalia.com\/pt-br\/wp-json\/wp\/v2\/product_cat?post=189215"},{"taxonomy":"product_tag","embeddable":true,"href":"https:\/\/www.studiainitalia.com\/pt-br\/wp-json\/wp\/v2\/product_tag?post=189215"}],"curies":[{"name":"wp","href":"https:\/\/api.w.org\/{rel}","templated":true}]}}