{"id":189216,"date":"2016-11-15T21:43:02","date_gmt":"2016-11-15T20:43:02","guid":{"rendered":"https:\/\/www.studiainitalia.com\/courses\/sem%20categoria\/italian-and-pottery-in-taormina\/"},"modified":"2025-12-20T13:39:46","modified_gmt":"2025-12-20T12:39:46","slug":"italiano-e-ceramica-em-taormina","status":"publish","type":"product","link":"https:\/\/www.studiainitalia.com\/pt-br\/cursos\/cursos-em-taormina\/italiano-e-ceramica-em-taormina\/","title":{"rendered":"Italiano e cer\u00e2mica em Taormina"},"content":{"rendered":"<h2>Italiano e cer\u00e2mica<\/h2>\n<p>&nbsp;<\/p>\n<p>A escola de italiano na Sic\u00edlia situa-se numa vila hist\u00f3rica a poucos metros do teatro grego de Taormina e apenas a 10 minutos a p\u00e9 da praia.<\/p>\n<p>A vila, conhecida como Casa Silva, tem tamb\u00e9m um extenso jardim bot\u00e2nico, onde vai poder-se relaxar e conversar com os seus colegas de curso.<\/p>\n<p>A escola tem acesso gratuito \u00e0 internet, biblioteca, sala de audiovisual e cafetaria.<\/p>\n<div class=\"aiosrs-rating-summary-wrap\"><\/div>\n<div><\/div>\n<div><\/div>\n<div><\/div>\n<div><\/div>\n<div>\n<table id=\"tablepress-108\" class=\"tablepress tablepress-id-108 tbody-has-connected-cells\">\n<thead>\n<tr class=\"row-1\">\n\t<th colspan=\"6\" class=\"column-1\">Datas de in\u00edcio 2026<\/th>\n<\/tr>\n<\/thead>\n<tbody class=\"row-striping row-hover\">\n<tr class=\"row-2\">\n\t<td class=\"column-1\">Janeiro<\/td><td class=\"column-2\"><\/td><td class=\"column-3\">Maio<\/td><td class=\"column-4\">cada segunda feira<\/td><td class=\"column-5\">Setembro<\/td><td class=\"column-6\">cada segunda feira<\/td>\n<\/tr>\n<tr class=\"row-3\">\n\t<td class=\"column-1\">Fevereiro<\/td><td class=\"column-2\">cada segunda feira<\/td><td class=\"column-3\">Junho<\/td><td class=\"column-4\">cada segunda feira<\/td><td class=\"column-5\">Outubro<\/td><td class=\"column-6\">cada segunda feira<\/td>\n<\/tr>\n<tr class=\"row-4\">\n\t<td class=\"column-1\">Mar\u00e7o <\/td><td class=\"column-2\">cada segunda feira<\/td><td class=\"column-3\">Julho<\/td><td class=\"column-4\">cada segunda feira<\/td><td class=\"column-5\">Novembro<\/td><td class=\"column-6\">cada segunda feira<\/td>\n<\/tr>\n<tr class=\"row-5\">\n\t<td class=\"column-1\">Abril<\/td><td class=\"column-2\">cada segunda feira<\/td><td class=\"column-3\">Agosto<\/td><td class=\"column-4\">cada segunda feira<\/td><td class=\"column-5\">Dezembro<\/td><td class=\"column-6\">cada segunda feira<\/td>\n<\/tr>\n<tr class=\"row-6\">\n\t<td colspan=\"6\" class=\"column-1\">A escola ser\u00e1 fechada nos seguintes feriados nacionais: 06\/01, segunda-feira de P\u00e1scoa, 25\/04, 01\/05, 02\/06, 15\/08, 01\/11, 8\/12, e durante os feriados locais e f\u00e9rias de Natal a partir do 13.11<\/td>\n<\/tr>\n<\/tbody>\n<\/table>\n<!-- #tablepress-108 from cache --><\/div>\n<div><\/div>\n","protected":false},"excerpt":{"rendered":"<h2>Leve para casa um peda\u00e7o de cer\u00e2mica siciliana!<\/h2>\n<p>&nbsp;<\/p>\n<p>Se voc\u00ea ama a cer\u00e2mica siciliana, voc\u00ea pode combinar seu curso de italiano e mergulhar na arte da cer\u00e2mica.<\/p>\n<p>Os cursos de italiano e cer\u00e2mica em Taormina t\u00eam uma dura\u00e7\u00e3o de 1 semana com 2 li\u00e7\u00f5es de 90 minutos de cer\u00e2mica e 20 aulas de italiano.<\/p>\n<p>Numa oficina de cer\u00e2mica estudar-se-\u00e3o os aspectos b\u00e1sicos da cer\u00e2mica siciliana, modelado, coc\u00e7\u00e3o e decora\u00e7\u00e3o de objetos cer\u00e2micos tradicionais.<\/p>\n<p>No final do curso os estudantes ir\u00e3o receber um certificado de participa\u00e7\u00e3o com a indica\u00e7\u00e3o do n\u00edvel obtido.<\/p>\n","protected":false},"featured_media":119347,"comment_status":"open","ping_status":"closed","template":"","meta":{"_acf_changed":false,"_uag_custom_page_level_css":"","_kad_blocks_custom_css":"","_kad_blocks_head_custom_js":"","_kad_blocks_body_custom_js":"","_kad_blocks_footer_custom_js":"","site-sidebar-layout":"default","site-content-layout":"default","ast-site-content-layout":"default","site-content-style":"default","site-sidebar-style":"default","ast-global-header-display":"","ast-banner-title-visibility":"","ast-main-header-display":"","ast-hfb-above-header-display":"","ast-hfb-below-header-display":"","ast-hfb-mobile-header-display":"","site-post-title":"","ast-breadcrumbs-content":"","ast-featured-img":"","footer-sml-layout":"","ast-disable-related-posts":"","theme-transparent-header-meta":"default","adv-header-id-meta":"","stick-header-meta":"default","header-above-stick-meta":"","header-main-stick-meta":"","header-below-stick-meta":"","astra-migrate-meta-layouts":"set","ast-page-background-enabled":"default","ast-page-background-meta":{"desktop":{"background-color":"var(--ast-global-color-4)","background-image":"","background-repeat":"repeat","background-position":"center center","background-size":"auto","background-attachment":"scroll","background-type":"","background-media":"","overlay-type":"","overlay-color":"","overlay-opacity":"","overlay-gradient":""},"tablet":{"background-color":"","background-image":"","background-repeat":"repeat","background-position":"center center","background-size":"auto","background-attachment":"scroll","background-type":"","background-media":"","overlay-type":"","overlay-color":"","overlay-opacity":"","overlay-gradient":""},"mobile":{"background-color":"","background-image":"","background-repeat":"repeat","background-position":"center center","background-size":"auto","background-attachment":"scroll","background-type":"","background-media":"","overlay-type":"","overlay-color":"","overlay-opacity":"","overlay-gradient":""}},"ast-content-background-meta":{"desktop":{"background-color":"var(--ast-global-color-5)","background-image":"","background-repeat":"repeat","background-position":"center center","background-size":"auto","background-attachment":"scroll","background-type":"","background-media":"","overlay-type":"","overlay-color":"","overlay-opacity":"","overlay-gradient":""},"tablet":{"background-color":"var(--ast-global-color-5)","background-image":"","background-repeat":"repeat","background-position":"center center","background-size":"auto","background-attachment":"scroll","background-type":"","background-media":"","overlay-type":"","overlay-color":"","overlay-opacity":"","overlay-gradient":""},"mobile":{"background-color":"var(--ast-global-color-5)","background-image":"","background-repeat":"repeat","background-position":"center center","background-size":"auto","background-attachment":"scroll","background-type":"","background-media":"","overlay-type":"","overlay-color":"","overlay-opacity":"","overlay-gradient":""}}},"section":[],"product_brand":[],"product_cat":[1306,1335],"product_tag":[],"class_list":{"0":"post-189216","1":"product","2":"type-product","3":"status-publish","4":"has-post-thumbnail","6":"product_cat-cursos-em-taormina","7":"product_cat-cursos-de-artesanato-na-italia","8":"desktop-align-left","9":"tablet-align-left","10":"mobile-align-left","11":"ast-product-gallery-layout-horizontal-slider","12":"ast-product-single-variable","13":"ast-product-tabs-layout-horizontal","14":"ast-qv-on-image-click","16":"first","17":"instock","18":"sold-individually","19":"shipping-taxable","20":"purchasable","21":"product-type-variable","22":"has-default-attributes"},"acf":[],"taxonomy_info":{"product_cat":[{"value":1306,"label":"Cursos em Taormina"},{"value":1335,"label":"Cursos de artesanato"}]},"featured_image_src_large":["https:\/\/www.studiainitalia.com\/wp-content\/uploads\/2016\/11\/pottery-taormina-e1490028273395.jpg",350,350,false],"author_info":[],"comment_info":1,"uagb_featured_image_src":{"full":["https:\/\/www.studiainitalia.com\/wp-content\/uploads\/2016\/11\/pottery-taormina-e1490028273395.jpg",350,350,false],"thumbnail":["https:\/\/www.studiainitalia.com\/wp-content\/uploads\/2016\/11\/pottery-taormina-150x150.jpg",96,96,true],"medium":["https:\/\/www.studiainitalia.com\/wp-content\/uploads\/2016\/11\/pottery-taormina-300x300.jpg",300,300,true],"medium_large":["https:\/\/www.studiainitalia.com\/wp-content\/uploads\/2016\/11\/pottery-taormina-e1490028273395.jpg",350,350,false],"large":["https:\/\/www.studiainitalia.com\/wp-content\/uploads\/2016\/11\/pottery-taormina-e1490028273395.jpg",350,350,false],"1536x1536":["https:\/\/www.studiainitalia.com\/wp-content\/uploads\/2016\/11\/pottery-taormina-e1490028273395.jpg",350,350,false],"2048x2048":["https:\/\/www.studiainitalia.com\/wp-content\/uploads\/2016\/11\/pottery-taormina-e1490028273395.jpg",350,350,false],"ultp_layout_landscape_large":["https:\/\/www.studiainitalia.com\/wp-content\/uploads\/2016\/11\/pottery-taormina-e1490028273395.jpg",350,350,false],"ultp_layout_landscape":["https:\/\/www.studiainitalia.com\/wp-content\/uploads\/2016\/11\/pottery-taormina-e1490028273395.jpg",350,350,false],"ultp_layout_portrait":["https:\/\/www.studiainitalia.com\/wp-content\/uploads\/2016\/11\/pottery-taormina-e1490028273395.jpg",350,350,false],"ultp_layout_square":["https:\/\/www.studiainitalia.com\/wp-content\/uploads\/2016\/11\/pottery-taormina-e1490028273395.jpg",350,350,false],"gform-image-choice-sm":["https:\/\/www.studiainitalia.com\/wp-content\/uploads\/2016\/11\/pottery-taormina-e1490028273395.jpg",300,300,false],"gform-image-choice-md":["https:\/\/www.studiainitalia.com\/wp-content\/uploads\/2016\/11\/pottery-taormina-e1490028273395.jpg",350,350,false],"gform-image-choice-lg":["https:\/\/www.studiainitalia.com\/wp-content\/uploads\/2016\/11\/pottery-taormina-e1490028273395.jpg",350,350,false],"woocommerce_thumbnail":["https:\/\/www.studiainitalia.com\/wp-content\/uploads\/2016\/11\/pottery-taormina-e1490028273395-300x300.jpg",300,300,true],"woocommerce_single":["https:\/\/www.studiainitalia.com\/wp-content\/uploads\/2016\/11\/pottery-taormina-e1490028273395.jpg",350,350,false],"woocommerce_gallery_thumbnail":["https:\/\/www.studiainitalia.com\/wp-content\/uploads\/2016\/11\/pottery-taormina-e1490028273395-100x100.jpg",100,100,true],"yarpp-thumbnail":["https:\/\/www.studiainitalia.com\/wp-content\/uploads\/2016\/11\/pottery-taormina-e1490028273395.jpg",120,120,false]},"uagb_author_info":{"display_name":"Javier Diaz","author_link":"https:\/\/www.studiainitalia.com\/pt-br\/author\/"},"uagb_comment_info":1,"uagb_excerpt":"Leve para casa um peda\u00e7o de cer\u00e2mica siciliana! &nbsp; Se voc\u00ea ama a cer\u00e2mica siciliana, voc\u00ea pode combinar seu curso de italiano e mergulhar na arte da cer\u00e2mica. Os cursos de italiano e cer\u00e2mica em Taormina t\u00eam uma dura\u00e7\u00e3o de 1 semana com 2 li\u00e7\u00f5es de 90 minutos de cer\u00e2mica e 20 aulas de italiano.&hellip;","_links":{"self":[{"href":"https:\/\/www.studiainitalia.com\/pt-br\/wp-json\/wp\/v2\/product\/189216","targetHints":{"allow":["GET"]}}],"collection":[{"href":"https:\/\/www.studiainitalia.com\/pt-br\/wp-json\/wp\/v2\/product"}],"about":[{"href":"https:\/\/www.studiainitalia.com\/pt-br\/wp-json\/wp\/v2\/types\/product"}],"replies":[{"embeddable":true,"href":"https:\/\/www.studiainitalia.com\/pt-br\/wp-json\/wp\/v2\/comments?post=189216"}],"wp:featuredmedia":[{"embeddable":true,"href":"https:\/\/www.studiainitalia.com\/pt-br\/wp-json\/wp\/v2\/media\/119347"}],"wp:attachment":[{"href":"https:\/\/www.studiainitalia.com\/pt-br\/wp-json\/wp\/v2\/media?parent=189216"}],"wp:term":[{"taxonomy":"section","embeddable":true,"href":"https:\/\/www.studiainitalia.com\/pt-br\/wp-json\/wp\/v2\/section?post=189216"},{"taxonomy":"product_brand","embeddable":true,"href":"https:\/\/www.studiainitalia.com\/pt-br\/wp-json\/wp\/v2\/product_brand?post=189216"},{"taxonomy":"product_cat","embeddable":true,"href":"https:\/\/www.studiainitalia.com\/pt-br\/wp-json\/wp\/v2\/product_cat?post=189216"},{"taxonomy":"product_tag","embeddable":true,"href":"https:\/\/www.studiainitalia.com\/pt-br\/wp-json\/wp\/v2\/product_tag?post=189216"}],"curies":[{"name":"wp","href":"https:\/\/api.w.org\/{rel}","templated":true}]}}