{"id":189259,"date":"2019-12-02T11:02:36","date_gmt":"2019-12-02T10:02:36","guid":{"rendered":"https:\/\/www.studiainitalia.com\/courses\/sem%20categoria\/curso-em-italiano-lingua-arezzo\/"},"modified":"2026-03-25T09:52:01","modified_gmt":"2026-03-25T08:52:01","slug":"curso-de-italiano-em-arezzo","status":"publish","type":"product","link":"https:\/\/www.studiainitalia.com\/pt-br\/cursos\/cursos-de-italiano-em-italia\/curso-de-italiano-em-arezzo\/","title":{"rendered":"Curso de italiano em Arezzo"},"content":{"rendered":"<h2><strong>Curso de italiano em Arezzo<\/strong><\/h2>\n<p>&nbsp;<\/p>\n<p>Os cursos de italiano na escola Cultura Italiana\u00a0 em Arezzo s\u00e3o feitos para estudantes que querem combinar o aprendizado estruturado com uma imers\u00e3o cultural completa.<\/p>\n<p>H\u00e1 cursos dispon\u00edveis para todos os n\u00edveis, desde iniciantes at\u00e9 avan\u00e7ados, e podem ser feitos com dura\u00e7\u00f5es flex\u00edveis, desde estadias curtas at\u00e9 programas de longa dura\u00e7\u00e3o ao longo do ano.<\/p>\n<p>Todos os n\u00edveis, de A1 a C2, do Quadro Europeu Comum de Refer\u00eancia para as L\u00ednguas (QECR) est\u00e3o dispon\u00edveis.<\/p>\n<p>As aulas s\u00e3o ministradas em um ambiente acolhedor e de tamanho m\u00e9dio que incentiva a intera\u00e7\u00e3o, a comunica\u00e7\u00e3o e o progresso constante.<\/p>\n<p>Este curso de italiano \u00e9 ideal para quem deseja experimentar a It\u00e1lia al\u00e9m das rotas tur\u00edsticas.<\/p>\n<p>O tamanho acess\u00edvel e o ambiente aut\u00eantico de Arezzo permitem que os alunos interajam naturalmente com os habitantes locais, pratiquem o italiano em situa\u00e7\u00f5es da vida real e ganhem confian\u00e7a rapidamente.<\/p>\n<p>Estar rodeado pela l\u00edngua todos os dias, tanto dentro como fora da sala de aula, torna a aprendizagem mais eficaz e profundamente gratificante.<\/p>\n<p>A hist\u00f3ria, as tradi\u00e7\u00f5es e a vida quotidiana se misturam perfeitamente, tornando a cidade uma extens\u00e3o da sala de aula<\/p>\n<h3><strong>Estrutura do curso <\/strong><\/h3>\n<p>&nbsp;<\/p>\n<p>O programa principal \u00e9 um <strong>curso intensivo de italiano<\/strong>, projetado para um progresso r\u00e1pido e eficaz por meio da imers\u00e3o.<\/p>\n<ul>\n<li>4 aulas por dia, de segunda a sexta-feira (20 aulas por semana)<\/li>\n<li>Grupos pequenos: 6-12 alunos (8-10 em m\u00e9dia)<\/li>\n<li>N\u00edveis de idioma, do iniciante ao avan\u00e7ado<\/li>\n<li>Aulas pela manh\u00e3 ou \u00e0 tarde, dependendo do n\u00edvel e da disponibilidade<\/li>\n<li>Teste de n\u00edvel oral e escrito no in\u00edcio do curso<\/li>\n<\/ul>\n<p>A abordagem pedag\u00f3gica \u00e9 comunicativa e imersiva, incentivando os alunos a falar italiano desde o primeiro dia. As aulas s\u00e3o geralmente divididas em duas partes: a primeira centra-se na gram\u00e1tica e no vocabul\u00e1rio, enquanto a segunda enfatiza a conversa\u00e7\u00e3o, a compreens\u00e3o oral e a express\u00e3o oral.<\/p>\n<p>Os professores utilizam uma variedade de materiais originais (textos, v\u00eddeos, jogos, filmes e artigos de atualidade) para tornar as aulas din\u00e2micas e atraentes.<\/p>\n<p>O objetivo principal \u00e9 ajudar os alunos a comunicarem-se com confian\u00e7a e naturalidade, sem medo de cometer erros.<\/p>\n<h3><strong>Tipos de cursos de italiano dispon\u00edveisem Arezzo<\/strong><\/h3>\n<p>&nbsp;<\/p>\n<ul>\n<li>Curso intensivo de italiano (4 aulas por dia)<\/li>\n<li>Cursos de italiano de longa dura\u00e7\u00e3o<\/li>\n<li>Aulas particulares de italiano<\/li>\n<li>Cursos combinados de l\u00edngua e cultura italiana (hist\u00f3ria da arte, culin\u00e1ria)<\/li>\n<\/ul>\n<h2><strong>Datas de in\u00edcio e detalhes <\/strong><\/h2>\n<p>&nbsp;<\/p>\n<ul>\n<li><strong>Dura\u00e7\u00e3o das aulas<\/strong>: 45 minutos<\/li>\n<li><strong>Tamanho m\u00e9dio das turmas<\/strong>: 6 alunos<\/li>\n<li><strong>Tamanho m\u00e1ximo das turmas<\/strong>: 12 alunos<\/li>\n<li><strong>Hor\u00e1rio<\/strong>: De manh\u00e3 ou \u00e0 tarde, dependendo do n\u00edvel atribu\u00eddo<\/li>\n<li><strong>Materiais do curso<\/strong>: Inclu\u00eddos<\/li>\n<li><strong>Teste de n\u00edvel e certificado final<\/strong>: Inclu\u00eddos<\/li>\n<li><strong>Localiza\u00e7\u00e3o<\/strong>: Corso Italia 258<\/li>\n<li><strong>Outros servi\u00e7os<\/strong>: Acesso \u00e0 Internet, ar condicionado, atividades sociais<\/li>\n<\/ul>\n<table id=\"tablepress-95\" class=\"tablepress tablepress-id-95\">\n<thead>\n<tr class=\"row-1 odd\">\n<th class=\"column-1\" colspan=\"6\">Datas de in\u00edcio 2026<\/th>\n<\/tr>\n<\/thead>\n<tbody class=\"row-hover\">\n<tr class=\"row-2 even\">\n<td class=\"column-1\">Janeiro<\/td>\n<td class=\"column-2\">12, 26<\/td>\n<td class=\"column-3\">Maio<\/td>\n<td class=\"column-4\">4, 18<\/td>\n<td class=\"column-5\">Setembro<\/td>\n<td class=\"column-6\">7, 21<\/td>\n<\/tr>\n<tr class=\"row-3 odd\">\n<td class=\"column-1\">Fevereiro<\/td>\n<td class=\"column-2\">9, 23<\/td>\n<td class=\"column-3\">Junho<\/td>\n<td class=\"column-4\">1, 15, 29<\/td>\n<td class=\"column-5\">Outubro<\/td>\n<td class=\"column-6\">5, 19<\/td>\n<\/tr>\n<tr class=\"row-4 even\">\n<td class=\"column-1\">Mar\u00e7o<\/td>\n<td class=\"column-2\">9, 23<\/td>\n<td class=\"column-3\">Julho<\/td>\n<td class=\"column-4\">13, 27<\/td>\n<td class=\"column-5\">Novembro<\/td>\n<td class=\"column-6\">2, 16, 30<\/td>\n<\/tr>\n<tr class=\"row-5 odd\">\n<td class=\"column-1\">Abril<\/td>\n<td class=\"column-2\">7, 20<\/td>\n<td class=\"column-3\">Agosto<\/td>\n<td class=\"column-4\">10, 24<\/td>\n<td class=\"column-5\">Dezembro<\/td>\n<td class=\"column-6\">14<\/td>\n<\/tr>\n<tr class=\"row-6 even\">\n<td class=\"column-1\" colspan=\"6\">A escola ser\u00e1 fechada nos seguintes feriados nacionais: 06\/01, segunda-feira de P\u00e1scoa, 25\/04, 01\/05, 02\/06, 15\/08, 01\/11, 8\/12, e durante os feriados locais e f\u00e9rias de Natal.<\/td>\n<\/tr>\n<\/tbody>\n<\/table>\n<div class=\"aiosrs-rating-wrap\" data-schema-id=\"90691\">\n<div class=\"aiosrs-star-rating-wrap \"><\/div>\n<h3><\/h3>\n<h2 class=\"aiosrs-rating-summary-wrap\"><strong>O que torna o aprendizado de italiano em Arezzo t\u00e3o especial? <\/strong><\/h2>\n<p>&nbsp;<\/p>\n<\/div>\n<p>Arezzo mant\u00e9m suas tradi\u00e7\u00f5es com orgulho e vitalidade. Seu centro hist\u00f3rico, suas ruas medievais e seus caf\u00e9s animados criam um ambiente onde o italiano \u00e9 falado naturalmente e a vida cotidiana se torna parte da experi\u00eancia de aprendizagem.<\/p>\n<p>Estudar italiano em Arezzo significa descobrir a Toscana por dentro, numa cidade acolhedora, \u00e0 escala humana e genuinamente italiana.<\/p>\n<p>O ambiente da escola \u00e9 intencionalmente acolhedor e pessoal, permitindo que os alunos se sintam apoiados e \u00e0 vontade desde o in\u00edcio. Os professores s\u00e3o experientes, entusiastas e especializados no ensino de italiano a estudantes internacionais, adaptando as aulas a diferentes estilos e ritmos de aprendizagem.<\/p>\n<p>Fora da sala de aula, o centro hist\u00f3rico, com as suas ruas de cal\u00e7ada, arquitetura medieval e pra\u00e7as animadas, cria um cen\u00e1rio inspirador para a aprendizagem de l\u00ednguas. A escala humana de Arezzo torna f\u00e1cil sentir-se em casa, praticar italiano diariamente e desenvolver liga\u00e7\u00f5es significativas com a vida local.<\/p>\n<p>Este equil\u00edbrio entre a qualidade acad\u00e9mica e a aut\u00eantica imers\u00e3o cultural torna Arezzo um destino especialmente gratificante para estudar italiano.<\/p>\n<p><strong>Vantagens de estudar italiano em Arezzo<\/strong><\/p>\n<ul>\n<li>Cidade toscana aut\u00eantica, menos movimentada do que os principais centros tur\u00edsticos<\/li>\n<li>Ensino de italiano de alta qualidade com uma abordagem comunicativa<\/li>\n<li>Turmas pequenas e aten\u00e7\u00e3o personalizada<\/li>\n<li>Ambiente de aprendizagem descontra\u00eddo, internacional e multicultural<\/li>\n<li>Foco forte na imers\u00e3o cultural e no uso da l\u00edngua na vida real<\/li>\n<li>Ricas tradi\u00e7\u00f5es locais, eventos e patrim\u00f3nio hist\u00f3rico<\/li>\n<\/ul>\n<h3><strong>Atividades e vida cultural em Arezzo <\/strong><\/h3>\n<p>&nbsp;<\/p>\n<p>As atividades culturais e sociais s\u00e3o uma parte essencial da experi\u00eancia de aprendizagem em Arezzo. Os estudantes podem participar em visitas guiadas, eventos locais e excurs\u00f5es pela Toscana, descobrindo as cidades hist\u00f3ricas e as paisagens pr\u00f3ximas.<\/p>\n<p>As atividades partilhadas oferecem oportunidades adicionais para praticar italiano num contexto natural, aprofundar a compreens\u00e3o cultural e fazer amizades.<\/p>\n<p>Desde festas locais at\u00e9 momentos cotidianos em caf\u00e9s e mercados, a vida em Arezzo oferece in\u00fameras formas de experimentar a cultura italiana por dentro.<\/p>\n","protected":false},"excerpt":{"rendered":"<div class=\"woocommerce-product-details__short-description\">\n<h2><strong>Arezzo, uma cidade hist\u00f3rica da Toscana para uma imers\u00e3o lingu\u00edstica de verdade<\/strong><\/h2>\n<\/div>\n<p>Arezzo \u00e9 uma das cidades etruscas mais importantes da It\u00e1lia e oferece um ambiente aut\u00eantico e descontra\u00eddo, longe das multid\u00f5es dos destinos maiores da Toscana.<\/p>\n<p>Rica em hist\u00f3ria, mas profundamente enraizada na vida quotidiana italiana, a cidade convida os estudantes a desacelerar o ritmo e a conectar-se verdadeiramente com a l\u00edngua e a cultura.<\/p>\n<p>Desde a impressionante Piazza Grande, que ficou famosa em todo o mundo gra\u00e7as ao filme de Roberto Benigni, <em>A Vida \u00e9 Bela<\/em>, at\u00e9 a famosa <strong>Fiera Antiquaria<\/strong>, que acontece mensalmente, e a espetacular <strong>Giostra del Saracino<\/strong>.<\/p>\n<div class=\"woocommerce-product-details__short-description\">\n<p>&nbsp;<\/p>\n<\/div>\n","protected":false},"featured_media":197738,"comment_status":"open","ping_status":"closed","template":"","meta":{"_acf_changed":false,"_uag_custom_page_level_css":"","_kad_blocks_custom_css":"","_kad_blocks_head_custom_js":"","_kad_blocks_body_custom_js":"","_kad_blocks_footer_custom_js":"","site-sidebar-layout":"default","site-content-layout":"default","ast-site-content-layout":"default","site-content-style":"default","site-sidebar-style":"default","ast-global-header-display":"","ast-banner-title-visibility":"","ast-main-header-display":"","ast-hfb-above-header-display":"","ast-hfb-below-header-display":"","ast-hfb-mobile-header-display":"","site-post-title":"","ast-breadcrumbs-content":"","ast-featured-img":"","footer-sml-layout":"","ast-disable-related-posts":"","theme-transparent-header-meta":"default","adv-header-id-meta":"","stick-header-meta":"default","header-above-stick-meta":"","header-main-stick-meta":"","header-below-stick-meta":"","astra-migrate-meta-layouts":"set","ast-page-background-enabled":"default","ast-page-background-meta":{"desktop":{"background-color":"var(--ast-global-color-4)","background-image":"","background-repeat":"repeat","background-position":"center center","background-size":"auto","background-attachment":"scroll","background-type":"","background-media":"","overlay-type":"","overlay-color":"","overlay-opacity":"","overlay-gradient":""},"tablet":{"background-color":"","background-image":"","background-repeat":"repeat","background-position":"center center","background-size":"auto","background-attachment":"scroll","background-type":"","background-media":"","overlay-type":"","overlay-color":"","overlay-opacity":"","overlay-gradient":""},"mobile":{"background-color":"","background-image":"","background-repeat":"repeat","background-position":"center center","background-size":"auto","background-attachment":"scroll","background-type":"","background-media":"","overlay-type":"","overlay-color":"","overlay-opacity":"","overlay-gradient":""}},"ast-content-background-meta":{"desktop":{"background-color":"var(--ast-global-color-5)","background-image":"","background-repeat":"repeat","background-position":"center center","background-size":"auto","background-attachment":"scroll","background-type":"","background-media":"","overlay-type":"","overlay-color":"","overlay-opacity":"","overlay-gradient":""},"tablet":{"background-color":"var(--ast-global-color-5)","background-image":"","background-repeat":"repeat","background-position":"center center","background-size":"auto","background-attachment":"scroll","background-type":"","background-media":"","overlay-type":"","overlay-color":"","overlay-opacity":"","overlay-gradient":""},"mobile":{"background-color":"var(--ast-global-color-5)","background-image":"","background-repeat":"repeat","background-position":"center center","background-size":"auto","background-attachment":"scroll","background-type":"","background-media":"","overlay-type":"","overlay-color":"","overlay-opacity":"","overlay-gradient":""}}},"section":[2028],"product_brand":[],"product_cat":[1267,1361],"product_tag":[1848],"class_list":{"0":"post-189259","1":"product","2":"type-product","3":"status-publish","4":"has-post-thumbnail","6":"section-center","7":"product_cat-cursos-de-italiano-em-italia","8":"product_cat-cursos-em-arezzo","9":"product_tag-cursos-italiano","10":"desktop-align-left","11":"tablet-align-left","12":"mobile-align-left","13":"ast-product-gallery-layout-horizontal-slider","14":"ast-product-single-variable","15":"ast-product-tabs-layout-horizontal","16":"ast-qv-on-image-click","18":"first","19":"instock","20":"sold-individually","21":"shipping-taxable","22":"purchasable","23":"product-type-variable"},"acf":[],"taxonomy_info":{"section":[{"value":2028,"label":"Center"}],"product_cat":[{"value":1267,"label":"Cursos de italiano em It\u00e1lia"},{"value":1361,"label":"Cursos em Arezzo"}],"product_tag":[{"value":1848,"label":"Cursos Italiano"}]},"featured_image_src_large":["https:\/\/www.studiainitalia.com\/wp-content\/uploads\/2024\/03\/AREZZO.jpg",1536,2048,false],"author_info":[],"comment_info":2,"uagb_featured_image_src":{"full":["https:\/\/www.studiainitalia.com\/wp-content\/uploads\/2024\/03\/AREZZO.jpg",1536,2048,false],"thumbnail":["https:\/\/www.studiainitalia.com\/wp-content\/uploads\/2024\/03\/AREZZO.jpg",72,96,false],"medium":["https:\/\/www.studiainitalia.com\/wp-content\/uploads\/2024\/03\/AREZZO.jpg",1536,2048,false],"medium_large":["https:\/\/www.studiainitalia.com\/wp-content\/uploads\/2024\/03\/AREZZO-768x1024.jpg",768,1024,true],"large":["https:\/\/www.studiainitalia.com\/wp-content\/uploads\/2024\/03\/AREZZO.jpg",1536,2048,false],"1536x1536":["https:\/\/www.studiainitalia.com\/wp-content\/uploads\/2024\/03\/AREZZO-1152x1536.jpg",1152,1536,true],"2048x2048":["https:\/\/www.studiainitalia.com\/wp-content\/uploads\/2024\/03\/AREZZO.jpg",1536,2048,false],"ultp_layout_landscape_large":["https:\/\/www.studiainitalia.com\/wp-content\/uploads\/2024\/03\/AREZZO-1200x800.jpg",1200,800,true],"ultp_layout_landscape":["https:\/\/www.studiainitalia.com\/wp-content\/uploads\/2024\/03\/AREZZO-870x570.jpg",870,570,true],"ultp_layout_portrait":["https:\/\/www.studiainitalia.com\/wp-content\/uploads\/2024\/03\/AREZZO-600x900.jpg",600,900,true],"ultp_layout_square":["https:\/\/www.studiainitalia.com\/wp-content\/uploads\/2024\/03\/AREZZO-600x600.jpg",600,600,true],"gform-image-choice-sm":["https:\/\/www.studiainitalia.com\/wp-content\/uploads\/2024\/03\/AREZZO.jpg",225,300,false],"gform-image-choice-md":["https:\/\/www.studiainitalia.com\/wp-content\/uploads\/2024\/03\/AREZZO.jpg",300,400,false],"gform-image-choice-lg":["https:\/\/www.studiainitalia.com\/wp-content\/uploads\/2024\/03\/AREZZO.jpg",450,600,false],"woocommerce_thumbnail":["https:\/\/www.studiainitalia.com\/wp-content\/uploads\/2024\/03\/AREZZO-300x300.jpg",300,300,true],"woocommerce_single":["https:\/\/www.studiainitalia.com\/wp-content\/uploads\/2024\/03\/AREZZO-400x533.jpg",400,533,true],"woocommerce_gallery_thumbnail":["https:\/\/www.studiainitalia.com\/wp-content\/uploads\/2024\/03\/AREZZO-100x100.jpg",100,100,true],"yarpp-thumbnail":["https:\/\/www.studiainitalia.com\/wp-content\/uploads\/2024\/03\/AREZZO-120x120.jpg",120,120,true]},"uagb_author_info":{"display_name":"ideaweb ideaweb","author_link":"https:\/\/www.studiainitalia.com\/pt-br\/author\/"},"uagb_comment_info":2,"uagb_excerpt":"Arezzo, uma cidade hist\u00f3rica da Toscana para uma imers\u00e3o lingu\u00edstica de verdade Arezzo \u00e9 uma das cidades etruscas mais importantes da It\u00e1lia e oferece um ambiente aut\u00eantico e descontra\u00eddo, longe das multid\u00f5es dos destinos maiores da Toscana. Rica em hist\u00f3ria, mas profundamente enraizada na vida quotidiana italiana, a cidade convida os estudantes a desacelerar o&hellip;","_links":{"self":[{"href":"https:\/\/www.studiainitalia.com\/pt-br\/wp-json\/wp\/v2\/product\/189259","targetHints":{"allow":["GET"]}}],"collection":[{"href":"https:\/\/www.studiainitalia.com\/pt-br\/wp-json\/wp\/v2\/product"}],"about":[{"href":"https:\/\/www.studiainitalia.com\/pt-br\/wp-json\/wp\/v2\/types\/product"}],"replies":[{"embeddable":true,"href":"https:\/\/www.studiainitalia.com\/pt-br\/wp-json\/wp\/v2\/comments?post=189259"}],"wp:featuredmedia":[{"embeddable":true,"href":"https:\/\/www.studiainitalia.com\/pt-br\/wp-json\/wp\/v2\/media\/197738"}],"wp:attachment":[{"href":"https:\/\/www.studiainitalia.com\/pt-br\/wp-json\/wp\/v2\/media?parent=189259"}],"wp:term":[{"taxonomy":"section","embeddable":true,"href":"https:\/\/www.studiainitalia.com\/pt-br\/wp-json\/wp\/v2\/section?post=189259"},{"taxonomy":"product_brand","embeddable":true,"href":"https:\/\/www.studiainitalia.com\/pt-br\/wp-json\/wp\/v2\/product_brand?post=189259"},{"taxonomy":"product_cat","embeddable":true,"href":"https:\/\/www.studiainitalia.com\/pt-br\/wp-json\/wp\/v2\/product_cat?post=189259"},{"taxonomy":"product_tag","embeddable":true,"href":"https:\/\/www.studiainitalia.com\/pt-br\/wp-json\/wp\/v2\/product_tag?post=189259"}],"curies":[{"name":"wp","href":"https:\/\/api.w.org\/{rel}","templated":true}]}}