{"id":189260,"date":"2020-10-16T10:16:55","date_gmt":"2020-10-16T08:16:55","guid":{"rendered":"https:\/\/www.studiainitalia.com\/courses\/sem%20categoria\/moda-design-curso\/"},"modified":"2025-12-20T00:19:07","modified_gmt":"2025-12-19T23:19:07","slug":"moda-design-curso","status":"publish","type":"product","link":"https:\/\/www.studiainitalia.com\/pt-br\/cursos\/cursos-de-moda\/moda-design-curso\/","title":{"rendered":"Curso de Design de Moda"},"content":{"rendered":"<h2>curso de\u00a0<strong>design de<\/strong>\u00a0<strong>moda<\/strong><\/h2>\n<p>&nbsp;<\/p>\n<p>Nosso curso de\u00a0<strong>design de<\/strong>\u00a0<strong>moda\u00a0<\/strong>tem dura\u00e7\u00e3o de 5 semanas durante os meses de ver\u00e3o.<\/p>\n<p><strong>Aprende Design de Moda Sustent\u00e1vel<\/strong><\/p>\n<p>&nbsp;<\/p>\n<p>As nossas <b>aulas de Fashion Upcycling<\/b> oferecem um programa abrangente de 4 semanas que combina compet\u00eancias t\u00e9cnicas de costura com <b>design de moda criativo<\/b>.<\/p>\n<p>Os alunos come\u00e7am com os fundamentos da costura, dominando ferramentas essenciais, materiais e t\u00e9cnicas de constru\u00e7\u00e3o de vestu\u00e1rio.<\/p>\n<p>O curso muda ent\u00e3o o foco para a <b>moda sustent\u00e1vel<\/b>, onde os alunos exploram pr\u00e1ticas de costura ecol\u00f3gicas, t\u00e9cnicas de moda circular e design sem desperd\u00edcio.<\/p>\n<p>Ir\u00e1s criar pe\u00e7as de vestu\u00e1rio \u00fanicas e elegantes, ao mesmo tempo que abra\u00e7as os princ\u00edpios da slow fashion.<\/p>\n<p>&nbsp;<\/p>\n<p><strong>Frequ\u00eancia<\/strong><\/p>\n<p>De Junho \u2013 Segunda a Sexta-feira<\/p>\n<p>Total 4 semanas<\/p>\n<p>&nbsp;<\/p>\n<p><strong>Tamb\u00e9m oferecemos programas de seis meses e um ano. Pe\u00e7a-nos mais informa\u00e7\u00f5es!<\/strong><\/p>\n<div class=\"aiosrs-rating-wrap\" data-schema-id=\"90691\">\n<div class=\"aiosrs-star-rating-wrap \"><\/div>\n<\/div>\n","protected":false},"excerpt":{"rendered":"<h2><strong>Voc\u00ea quer abordar o design de moda pela primeira vez?<\/strong><\/h2>\n<p>&nbsp;<\/p>\n<p>Este curso de design de moda \u00e9 especialmente voltado para alunos que n\u00e3o t\u00eam conhecimento pr\u00e9vio e pouco tempo \u00e0 disposi\u00e7\u00e3o.\u00a0<strong>Crie sua pr\u00f3pria cole\u00e7\u00e3o de moda na It\u00e1lia!<\/strong><\/p>\n<p>Descobre a arte da moda upcycling no nosso curso de ver\u00e3o exclusivo.<\/p>\n<p>Aprende t\u00e9cnicas de moda para transformar pe\u00e7as ultrapassadas em roupas modernas e reaproveitadas com o teu pr\u00f3prio toque moderno e criativo.<\/p>\n<p>Domina a costura ecol\u00f3gica, experimenta a reconstru\u00e7\u00e3o de t\u00eaxteis e cria pe\u00e7as de moda que reflectem a tua individualidade e o teu compromisso com o estilo sustent\u00e1vel.<\/p>\n","protected":false},"featured_media":125639,"comment_status":"open","ping_status":"closed","template":"","meta":{"_acf_changed":false,"_uag_custom_page_level_css":"","_kad_blocks_custom_css":"","_kad_blocks_head_custom_js":"","_kad_blocks_body_custom_js":"","_kad_blocks_footer_custom_js":"","site-sidebar-layout":"default","site-content-layout":"default","ast-site-content-layout":"default","site-content-style":"default","site-sidebar-style":"default","ast-global-header-display":"","ast-banner-title-visibility":"","ast-main-header-display":"","ast-hfb-above-header-display":"","ast-hfb-below-header-display":"","ast-hfb-mobile-header-display":"","site-post-title":"","ast-breadcrumbs-content":"","ast-featured-img":"","footer-sml-layout":"","ast-disable-related-posts":"","theme-transparent-header-meta":"default","adv-header-id-meta":"","stick-header-meta":"default","header-above-stick-meta":"","header-main-stick-meta":"","header-below-stick-meta":"","astra-migrate-meta-layouts":"set","ast-page-background-enabled":"default","ast-page-background-meta":{"desktop":{"background-color":"var(--ast-global-color-4)","background-image":"","background-repeat":"repeat","background-position":"center center","background-size":"auto","background-attachment":"scroll","background-type":"","background-media":"","overlay-type":"","overlay-color":"","overlay-opacity":"","overlay-gradient":""},"tablet":{"background-color":"","background-image":"","background-repeat":"repeat","background-position":"center center","background-size":"auto","background-attachment":"scroll","background-type":"","background-media":"","overlay-type":"","overlay-color":"","overlay-opacity":"","overlay-gradient":""},"mobile":{"background-color":"","background-image":"","background-repeat":"repeat","background-position":"center center","background-size":"auto","background-attachment":"scroll","background-type":"","background-media":"","overlay-type":"","overlay-color":"","overlay-opacity":"","overlay-gradient":""}},"ast-content-background-meta":{"desktop":{"background-color":"var(--ast-global-color-5)","background-image":"","background-repeat":"repeat","background-position":"center center","background-size":"auto","background-attachment":"scroll","background-type":"","background-media":"","overlay-type":"","overlay-color":"","overlay-opacity":"","overlay-gradient":""},"tablet":{"background-color":"var(--ast-global-color-5)","background-image":"","background-repeat":"repeat","background-position":"center center","background-size":"auto","background-attachment":"scroll","background-type":"","background-media":"","overlay-type":"","overlay-color":"","overlay-opacity":"","overlay-gradient":""},"mobile":{"background-color":"var(--ast-global-color-5)","background-image":"","background-repeat":"repeat","background-position":"center center","background-size":"auto","background-attachment":"scroll","background-type":"","background-media":"","overlay-type":"","overlay-color":"","overlay-opacity":"","overlay-gradient":""}}},"section":[],"product_brand":[],"product_cat":[1358,1376],"product_tag":[1894],"class_list":{"0":"post-189260","1":"product","2":"type-product","3":"status-publish","4":"has-post-thumbnail","6":"product_cat-cursos-de-moda","7":"product_cat-estudo-em-florenca","8":"product_tag-cursos-de-moda-pt-br","9":"desktop-align-left","10":"tablet-align-left","11":"mobile-align-left","12":"ast-product-gallery-layout-horizontal-slider","13":"ast-product-single-variable","14":"ast-product-tabs-layout-horizontal","15":"ast-qv-on-image-click","17":"first","18":"instock","19":"sold-individually","20":"shipping-taxable","21":"purchasable","22":"product-type-variable"},"acf":[],"taxonomy_info":{"product_cat":[{"value":1358,"label":"Cursos de Moda"},{"value":1376,"label":"Estudo em Floren\u00e7a"}],"product_tag":[{"value":1894,"label":"Cursos de Moda"}]},"featured_image_src_large":["https:\/\/www.studiainitalia.com\/wp-content\/uploads\/2020\/10\/fashion-design-course.jpg",400,402,false],"author_info":[],"comment_info":0,"uagb_featured_image_src":{"full":["https:\/\/www.studiainitalia.com\/wp-content\/uploads\/2020\/10\/fashion-design-course.jpg",400,402,false],"thumbnail":["https:\/\/www.studiainitalia.com\/wp-content\/uploads\/2020\/10\/fashion-design-course.jpg",96,96,false],"medium":["https:\/\/www.studiainitalia.com\/wp-content\/uploads\/2020\/10\/fashion-design-course.jpg",400,402,false],"medium_large":["https:\/\/www.studiainitalia.com\/wp-content\/uploads\/2020\/10\/fashion-design-course.jpg",400,402,false],"large":["https:\/\/www.studiainitalia.com\/wp-content\/uploads\/2020\/10\/fashion-design-course.jpg",400,402,false],"1536x1536":["https:\/\/www.studiainitalia.com\/wp-content\/uploads\/2020\/10\/fashion-design-course.jpg",400,402,false],"2048x2048":["https:\/\/www.studiainitalia.com\/wp-content\/uploads\/2020\/10\/fashion-design-course.jpg",400,402,false],"ultp_layout_landscape_large":["https:\/\/www.studiainitalia.com\/wp-content\/uploads\/2020\/10\/fashion-design-course.jpg",400,402,false],"ultp_layout_landscape":["https:\/\/www.studiainitalia.com\/wp-content\/uploads\/2020\/10\/fashion-design-course.jpg",400,402,false],"ultp_layout_portrait":["https:\/\/www.studiainitalia.com\/wp-content\/uploads\/2020\/10\/fashion-design-course.jpg",400,402,false],"ultp_layout_square":["https:\/\/www.studiainitalia.com\/wp-content\/uploads\/2020\/10\/fashion-design-course.jpg",400,402,false],"gform-image-choice-sm":["https:\/\/www.studiainitalia.com\/wp-content\/uploads\/2020\/10\/fashion-design-course.jpg",300,300,false],"gform-image-choice-md":["https:\/\/www.studiainitalia.com\/wp-content\/uploads\/2020\/10\/fashion-design-course.jpg",398,400,false],"gform-image-choice-lg":["https:\/\/www.studiainitalia.com\/wp-content\/uploads\/2020\/10\/fashion-design-course.jpg",400,402,false],"woocommerce_thumbnail":["https:\/\/www.studiainitalia.com\/wp-content\/uploads\/2020\/10\/fashion-design-course-300x300.jpg",300,300,true],"woocommerce_single":["https:\/\/www.studiainitalia.com\/wp-content\/uploads\/2020\/10\/fashion-design-course.jpg",400,402,false],"woocommerce_gallery_thumbnail":["https:\/\/www.studiainitalia.com\/wp-content\/uploads\/2020\/10\/fashion-design-course-100x100.jpg",100,100,true],"yarpp-thumbnail":["https:\/\/www.studiainitalia.com\/wp-content\/uploads\/2020\/10\/fashion-design-course-120x120.jpg",120,120,true]},"uagb_author_info":{"display_name":"rafael","author_link":"https:\/\/www.studiainitalia.com\/pt-br\/author\/"},"uagb_comment_info":0,"uagb_excerpt":"Voc\u00ea quer abordar o design de moda pela primeira vez? &nbsp; Este curso de design de moda \u00e9 especialmente voltado para alunos que n\u00e3o t\u00eam conhecimento pr\u00e9vio e pouco tempo \u00e0 disposi\u00e7\u00e3o.\u00a0Crie sua pr\u00f3pria cole\u00e7\u00e3o de moda na It\u00e1lia! Descobre a arte da moda upcycling no nosso curso de ver\u00e3o exclusivo. Aprende t\u00e9cnicas de moda&hellip;","_links":{"self":[{"href":"https:\/\/www.studiainitalia.com\/pt-br\/wp-json\/wp\/v2\/product\/189260","targetHints":{"allow":["GET"]}}],"collection":[{"href":"https:\/\/www.studiainitalia.com\/pt-br\/wp-json\/wp\/v2\/product"}],"about":[{"href":"https:\/\/www.studiainitalia.com\/pt-br\/wp-json\/wp\/v2\/types\/product"}],"replies":[{"embeddable":true,"href":"https:\/\/www.studiainitalia.com\/pt-br\/wp-json\/wp\/v2\/comments?post=189260"}],"wp:featuredmedia":[{"embeddable":true,"href":"https:\/\/www.studiainitalia.com\/pt-br\/wp-json\/wp\/v2\/media\/125639"}],"wp:attachment":[{"href":"https:\/\/www.studiainitalia.com\/pt-br\/wp-json\/wp\/v2\/media?parent=189260"}],"wp:term":[{"taxonomy":"section","embeddable":true,"href":"https:\/\/www.studiainitalia.com\/pt-br\/wp-json\/wp\/v2\/section?post=189260"},{"taxonomy":"product_brand","embeddable":true,"href":"https:\/\/www.studiainitalia.com\/pt-br\/wp-json\/wp\/v2\/product_brand?post=189260"},{"taxonomy":"product_cat","embeddable":true,"href":"https:\/\/www.studiainitalia.com\/pt-br\/wp-json\/wp\/v2\/product_cat?post=189260"},{"taxonomy":"product_tag","embeddable":true,"href":"https:\/\/www.studiainitalia.com\/pt-br\/wp-json\/wp\/v2\/product_tag?post=189260"}],"curies":[{"name":"wp","href":"https:\/\/api.w.org\/{rel}","templated":true}]}}