{"id":189285,"date":"2019-01-26T11:12:50","date_gmt":"2019-01-26T10:12:50","guid":{"rendered":"https:\/\/www.studiainitalia.com\/courses\/sem%20categoria\/international-hairdresser-qualification-course-in-florence\/"},"modified":"2026-03-21T15:25:45","modified_gmt":"2026-03-21T14:25:45","slug":"curso-internacional-de-qualificacao-de-cabeleireiro-em-florenca","status":"publish","type":"product","link":"https:\/\/www.studiainitalia.com\/pt-br\/cursos\/cursos-de-moda\/cabeleireiro\/curso-internacional-de-qualificacao-de-cabeleireiro-em-florenca\/","title":{"rendered":"Curso Internacional de Qualifica\u00e7\u00e3o de Cabeleireiro"},"content":{"rendered":"<h2><strong>Curso de Qualifica\u00e7\u00e3o de Cabeleireiro<\/strong><\/h2>\n<p>&nbsp;<\/p>\n<p>O nosso Curso de Qualifica\u00e7\u00e3o de Cabeleireiro \u00e9 ministrado pela Academia Polverini Hair. A escola tem a tecnologia de forma\u00e7\u00e3o mais importante na ind\u00fastria cabeleireira: o programa passo-a-passo. Este \u00e9 um m\u00e9todo de ensino exclusivo que permite seguir cada aluno individualmente.<\/p>\n<p>Desta forma, os resultados de alto n\u00edvel s\u00e3o garantidos. A Academia Polverini Hair tem 350 metros quadrados totalmente equipados para satisfazer as necessidades de cada aluno.<\/p>\n<div class=\"one_half\">\n<p>&nbsp;<\/p>\n<div class=\"perfmatters-lazy-youtube\" data-src=\"https:\/\/www.youtube.com\/embed\/nIo23vxr7AE\" data-id=\"nIo23vxr7AE\" data-query=\"\">\n<div>\n<p><img decoding=\"async\" class=\"perfmatters-lazy entered pmloaded\" src=\"https:\/\/i.ytimg.com\/vi\/nIo23vxr7AE\/hqdefault.jpg\" alt=\"YouTube video\" width=\"480\" height=\"360\" data-pin-nopin=\"true\" data-src=\"https:\/\/i.ytimg.com\/vi\/nIo23vxr7AE\/hqdefault.jpg\" data-ll-status=\"loaded\" data- title=\"\"><\/p>\n<div class=\"play\"><\/div>\n<\/div>\n<\/div>\n<\/div>\n<div class=\"one_half et_column_last\"><\/div>\n<div class=\"clear\"><\/div>\n<p>&nbsp;<\/p>\n<table id=\"tablepress-182\" class=\"tablepress tablepress-id-182\">\n<thead>\n<tr class=\"row-1 odd\">\n<th class=\"column-1\" colspan=\"6\">Datas de in\u00edcio<\/th>\n<\/tr>\n<\/thead>\n<tbody class=\"row-hover\">\n<tr class=\"row-2 even\">\n<td class=\"column-1\">Janeiro<\/td>\n<td class=\"column-2\">a pedido<\/td>\n<td class=\"column-3\">Maio<\/td>\n<td class=\"column-4\">a pedido<\/td>\n<td class=\"column-5\">Setembro<\/td>\n<td class=\"column-6\">a pedido<\/td>\n<\/tr>\n<tr class=\"row-3 odd\">\n<td class=\"column-1\">Fevereiro<\/td>\n<td class=\"column-2\">a pedido<\/td>\n<td class=\"column-3\">Junho<\/td>\n<td class=\"column-4\">a pedido<\/td>\n<td class=\"column-5\">Outubro<\/td>\n<td class=\"column-6\">a pedido<\/td>\n<\/tr>\n<tr class=\"row-4 even\">\n<td class=\"column-1\">Mar\u00e7o<\/td>\n<td class=\"column-2\">a pedido<\/td>\n<td class=\"column-3\">Julho<\/td>\n<td class=\"column-4\">a pedido<\/td>\n<td class=\"column-5\">Novembro<\/td>\n<td class=\"column-6\">a pedido<\/td>\n<\/tr>\n<tr class=\"row-5 odd\">\n<td class=\"column-1\">Abril<\/td>\n<td class=\"column-2\">a pedido<\/td>\n<td class=\"column-3\">Agosto<\/td>\n<td class=\"column-4\">a pedido<\/td>\n<td class=\"column-5\">Dezembro<\/td>\n<td class=\"column-6\">a pedido<\/td>\n<\/tr>\n<tr class=\"row-6 even\">\n<td class=\"column-1\" colspan=\"6\">A escola ser\u00e1 fechada nos seguintes feriados nacionais: 06\/01, segunda-feira de P\u00e1scoa, 25\/04, 01\/05, 02\/06, 15\/08, 01\/11, 8\/12, e durante os feriados locais e f\u00e9rias de Natal.A escola ser\u00e1 fechada nos seguintes feriados nacionais: 06\/01, segunda-feira de P\u00e1scoa, 25\/04, 01\/05, 02\/06, 15\/08, 01\/11, 8\/12, e durante os feriados locais e f\u00e9rias de Natal.<\/td>\n<\/tr>\n<\/tbody>\n<\/table>\n<div class=\"aiosrs-rating-wrap\" data-schema-id=\"90691\">\n<div class=\"aiosrs-star-rating-wrap \"><\/div>\n<div class=\"aiosrs-rating-summary-wrap\"><span class=\"aiosrs-rating\">0\/5\u00a0<\/span><span class=\"aiosrs-rating-count\">(0 Reviews)<\/span><\/div>\n<\/div>\n<p>&nbsp;<\/p>\n","protected":false},"excerpt":{"rendered":"<p>O curso de Qualifica\u00e7\u00e3o Internacional de Cabeleireiro, certificado pelo ITEC e VTCT, \u00e9 dedicado \u00e0queles que desejam se tornar verdadeiros profissionais neste campo, aqueles que t\u00eam grandes ambi\u00e7\u00f5es e um objetivo: tornar-se um cabeleireiro de sucesso.<\/p>\n<p>O programa \u00e9 projetado para oferecer um treinamento completo, alternando estudos te\u00f3ricos e sess\u00f5es pr\u00e1ticas atrav\u00e9s de um caminho de aprendizagem passo a passo, permitindo ao aluno duplicar e compreender as informa\u00e7\u00f5es adquiridas para reproduzi-las no sal\u00e3o com \u00f3timos resultados. Com esta certifica\u00e7\u00e3o, o aluno ser\u00e1 apresentado no mundo dos melhores cabeleireiros.<\/p>\n<p>O nosso m\u00e9todo de ensino permite-nos acompanhar cada aluno de forma personalizada, \u201cad personam\u201d, e isso garante, tanto a n\u00f3s como aos nossos alunos, a obten\u00e7\u00e3o de resultados de alta qualidade.<\/p>\n<p>Ferramentas profissionais e camisetas da marca Polverini Hair Academia (2) e bolsa inclu\u00edda. Cabe\u00e7a manequim n\u00e3o inclu\u00edda (45\u20ac).<\/p>\n","protected":false},"featured_media":124151,"comment_status":"open","ping_status":"closed","template":"","meta":{"_acf_changed":false,"_uag_custom_page_level_css":"","_kad_blocks_custom_css":"","_kad_blocks_head_custom_js":"","_kad_blocks_body_custom_js":"","_kad_blocks_footer_custom_js":"","site-sidebar-layout":"default","site-content-layout":"default","ast-site-content-layout":"default","site-content-style":"default","site-sidebar-style":"default","ast-global-header-display":"","ast-banner-title-visibility":"","ast-main-header-display":"","ast-hfb-above-header-display":"","ast-hfb-below-header-display":"","ast-hfb-mobile-header-display":"","site-post-title":"","ast-breadcrumbs-content":"","ast-featured-img":"","footer-sml-layout":"","ast-disable-related-posts":"","theme-transparent-header-meta":"default","adv-header-id-meta":"","stick-header-meta":"default","header-above-stick-meta":"","header-main-stick-meta":"","header-below-stick-meta":"","astra-migrate-meta-layouts":"set","ast-page-background-enabled":"default","ast-page-background-meta":{"desktop":{"background-color":"var(--ast-global-color-4)","background-image":"","background-repeat":"repeat","background-position":"center center","background-size":"auto","background-attachment":"scroll","background-type":"","background-media":"","overlay-type":"","overlay-color":"","overlay-opacity":"","overlay-gradient":""},"tablet":{"background-color":"","background-image":"","background-repeat":"repeat","background-position":"center center","background-size":"auto","background-attachment":"scroll","background-type":"","background-media":"","overlay-type":"","overlay-color":"","overlay-opacity":"","overlay-gradient":""},"mobile":{"background-color":"","background-image":"","background-repeat":"repeat","background-position":"center center","background-size":"auto","background-attachment":"scroll","background-type":"","background-media":"","overlay-type":"","overlay-color":"","overlay-opacity":"","overlay-gradient":""}},"ast-content-background-meta":{"desktop":{"background-color":"var(--ast-global-color-5)","background-image":"","background-repeat":"repeat","background-position":"center center","background-size":"auto","background-attachment":"scroll","background-type":"","background-media":"","overlay-type":"","overlay-color":"","overlay-opacity":"","overlay-gradient":""},"tablet":{"background-color":"var(--ast-global-color-5)","background-image":"","background-repeat":"repeat","background-position":"center center","background-size":"auto","background-attachment":"scroll","background-type":"","background-media":"","overlay-type":"","overlay-color":"","overlay-opacity":"","overlay-gradient":""},"mobile":{"background-color":"var(--ast-global-color-5)","background-image":"","background-repeat":"repeat","background-position":"center center","background-size":"auto","background-attachment":"scroll","background-type":"","background-media":"","overlay-type":"","overlay-color":"","overlay-opacity":"","overlay-gradient":""}}},"section":[],"product_brand":[],"product_cat":[1364,1358,1278],"product_tag":[1894],"class_list":{"0":"post-189285","1":"product","2":"type-product","3":"status-publish","4":"has-post-thumbnail","6":"product_cat-cabeleireiro","7":"product_cat-cursos-de-moda","8":"product_cat-cursos-em-florenca","9":"product_tag-cursos-de-moda-pt-br","10":"desktop-align-left","11":"tablet-align-left","12":"mobile-align-left","13":"ast-product-gallery-layout-horizontal-slider","14":"ast-product-gallery-with-no-image","15":"ast-product-single-variable","16":"ast-product-tabs-layout-horizontal","17":"ast-qv-on-image-click","19":"first","20":"instock","21":"sold-individually","22":"shipping-taxable","23":"purchasable","24":"product-type-variable","25":"has-default-attributes"},"acf":[],"taxonomy_info":{"product_cat":[{"value":1364,"label":"Cabeleireiro"},{"value":1358,"label":"Cursos de Moda"},{"value":1278,"label":"Cursos em Floren\u00e7a"}],"product_tag":[{"value":1894,"label":"Cursos de Moda"}]},"featured_image_src_large":["https:\/\/www.studiainitalia.com\/wp-content\/uploads\/2019\/01\/international-hairdressing-qualification-course-in-florence-italy.jpg",459,459,false],"author_info":[],"comment_info":1,"uagb_featured_image_src":{"full":["https:\/\/www.studiainitalia.com\/wp-content\/uploads\/2019\/01\/international-hairdressing-qualification-course-in-florence-italy.jpg",459,459,false],"thumbnail":["https:\/\/www.studiainitalia.com\/wp-content\/uploads\/2019\/01\/international-hairdressing-qualification-course-in-florence-italy-150x150.jpg",96,96,true],"medium":["https:\/\/www.studiainitalia.com\/wp-content\/uploads\/2019\/01\/international-hairdressing-qualification-course-in-florence-italy-300x300.jpg",300,300,true],"medium_large":["https:\/\/www.studiainitalia.com\/wp-content\/uploads\/2019\/01\/international-hairdressing-qualification-course-in-florence-italy.jpg",459,459,false],"large":["https:\/\/www.studiainitalia.com\/wp-content\/uploads\/2019\/01\/international-hairdressing-qualification-course-in-florence-italy.jpg",459,459,false],"1536x1536":["https:\/\/www.studiainitalia.com\/wp-content\/uploads\/2019\/01\/international-hairdressing-qualification-course-in-florence-italy.jpg",459,459,false],"2048x2048":["https:\/\/www.studiainitalia.com\/wp-content\/uploads\/2019\/01\/international-hairdressing-qualification-course-in-florence-italy.jpg",459,459,false],"ultp_layout_landscape_large":["https:\/\/www.studiainitalia.com\/wp-content\/uploads\/2019\/01\/international-hairdressing-qualification-course-in-florence-italy.jpg",459,459,false],"ultp_layout_landscape":["https:\/\/www.studiainitalia.com\/wp-content\/uploads\/2019\/01\/international-hairdressing-qualification-course-in-florence-italy.jpg",459,459,false],"ultp_layout_portrait":["https:\/\/www.studiainitalia.com\/wp-content\/uploads\/2019\/01\/international-hairdressing-qualification-course-in-florence-italy.jpg",459,459,false],"ultp_layout_square":["https:\/\/www.studiainitalia.com\/wp-content\/uploads\/2019\/01\/international-hairdressing-qualification-course-in-florence-italy.jpg",459,459,false],"gform-image-choice-sm":["https:\/\/www.studiainitalia.com\/wp-content\/uploads\/2019\/01\/international-hairdressing-qualification-course-in-florence-italy.jpg",300,300,false],"gform-image-choice-md":["https:\/\/www.studiainitalia.com\/wp-content\/uploads\/2019\/01\/international-hairdressing-qualification-course-in-florence-italy.jpg",400,400,false],"gform-image-choice-lg":["https:\/\/www.studiainitalia.com\/wp-content\/uploads\/2019\/01\/international-hairdressing-qualification-course-in-florence-italy.jpg",459,459,false],"woocommerce_thumbnail":["https:\/\/www.studiainitalia.com\/wp-content\/uploads\/2019\/01\/international-hairdressing-qualification-course-in-florence-italy-300x300.jpg",300,300,true],"woocommerce_single":["https:\/\/www.studiainitalia.com\/wp-content\/uploads\/2019\/01\/international-hairdressing-qualification-course-in-florence-italy-400x400.jpg",400,400,true],"woocommerce_gallery_thumbnail":["https:\/\/www.studiainitalia.com\/wp-content\/uploads\/2019\/01\/international-hairdressing-qualification-course-in-florence-italy-100x100.jpg",100,100,true],"yarpp-thumbnail":["https:\/\/www.studiainitalia.com\/wp-content\/uploads\/2019\/01\/international-hairdressing-qualification-course-in-florence-italy.jpg",120,120,false]},"uagb_author_info":{"display_name":"Javier Diaz","author_link":"https:\/\/www.studiainitalia.com\/pt-br\/author\/"},"uagb_comment_info":1,"uagb_excerpt":"O curso de Qualifica\u00e7\u00e3o Internacional de Cabeleireiro, certificado pelo ITEC e VTCT, \u00e9 dedicado \u00e0queles que desejam se tornar verdadeiros profissionais neste campo, aqueles que t\u00eam grandes ambi\u00e7\u00f5es e um objetivo: tornar-se um cabeleireiro de sucesso. O programa \u00e9 projetado para oferecer um treinamento completo, alternando estudos te\u00f3ricos e sess\u00f5es pr\u00e1ticas atrav\u00e9s de um caminho&hellip;","_links":{"self":[{"href":"https:\/\/www.studiainitalia.com\/pt-br\/wp-json\/wp\/v2\/product\/189285","targetHints":{"allow":["GET"]}}],"collection":[{"href":"https:\/\/www.studiainitalia.com\/pt-br\/wp-json\/wp\/v2\/product"}],"about":[{"href":"https:\/\/www.studiainitalia.com\/pt-br\/wp-json\/wp\/v2\/types\/product"}],"replies":[{"embeddable":true,"href":"https:\/\/www.studiainitalia.com\/pt-br\/wp-json\/wp\/v2\/comments?post=189285"}],"wp:featuredmedia":[{"embeddable":true,"href":"https:\/\/www.studiainitalia.com\/pt-br\/wp-json\/wp\/v2\/media\/124151"}],"wp:attachment":[{"href":"https:\/\/www.studiainitalia.com\/pt-br\/wp-json\/wp\/v2\/media?parent=189285"}],"wp:term":[{"taxonomy":"section","embeddable":true,"href":"https:\/\/www.studiainitalia.com\/pt-br\/wp-json\/wp\/v2\/section?post=189285"},{"taxonomy":"product_brand","embeddable":true,"href":"https:\/\/www.studiainitalia.com\/pt-br\/wp-json\/wp\/v2\/product_brand?post=189285"},{"taxonomy":"product_cat","embeddable":true,"href":"https:\/\/www.studiainitalia.com\/pt-br\/wp-json\/wp\/v2\/product_cat?post=189285"},{"taxonomy":"product_tag","embeddable":true,"href":"https:\/\/www.studiainitalia.com\/pt-br\/wp-json\/wp\/v2\/product_tag?post=189285"}],"curies":[{"name":"wp","href":"https:\/\/api.w.org\/{rel}","templated":true}]}}