{"id":189290,"date":"2020-09-09T08:54:43","date_gmt":"2020-09-09T06:54:43","guid":{"rendered":"https:\/\/www.studiainitalia.com\/courses\/sem%20categoria\/50-italiano-em-salerno-seniors\/"},"modified":"2026-02-25T16:46:35","modified_gmt":"2026-02-25T15:46:35","slug":"50-italiano-em-salerno-seniors","status":"publish","type":"product","link":"https:\/\/www.studiainitalia.com\/pt-br\/cursos\/cursos-em-salerno\/50-italiano-em-salerno-seniors\/","title":{"rendered":"Italiano 50+ em Salerno"},"content":{"rendered":"<h2><strong>Italiano 50+ em Salerno<\/strong><\/h2>\n<p>&nbsp;<\/p>\n<p>Nosso\u00a0<strong>curso de italiano de mais de 50 anos em Salerno<\/strong>\u00a0acontece na Accademia Italiana<strong>.\u00a0<\/strong>A escola \u00e9 reconhecida pelo Minist\u00e9rio da Educa\u00e7\u00e3o italiano. A escola est\u00e1 localizada no centro da cidade, ao lado do mar. A escola conta com 14 salas de aula, 1 sala multim\u00eddia com 8 computadores, 1 sala de cinema, uma biblioteca com livros e v\u00eddeos e um caf\u00e9.<\/p>\n<p>Todo o pessoal e professores s\u00e3o altamente qualificados e especializados no ensino do italiano como l\u00edngua estrangeira. O m\u00e9todo de ensino da escola \u00e9 baseado nas mais modernas t\u00e9cnicas de ensino do italiano como segunda l\u00edngua.<\/p>\n<p>Os grupos s\u00e3o muito pequenos e as aulas s\u00e3o dadas em um ambiente divertido, descontra\u00eddo e estimulante. Funcion\u00e1rios e professores da escola organizam atividades sociais todos os dias: semin\u00e1rios e oficinas sobre a cultura italiana, city tour, filmes. Todas essas atividades est\u00e3o inclu\u00eddas no custo do curso de idiomas.<\/p>\n<p>Aproveite seu curso de italiano de mais de 50 anos em Salerno!<\/p>\n<p>O programa inclui:<\/p>\n<ul>\n<li>uma visita guiada \u00e0 cidade de Salerno<\/li>\n<li>uma aula de culin\u00e1ria<\/li>\n<li>uma aula de cer\u00e2mica<\/li>\n<li>uma visita a uma empresa que produz mozzarella de b\u00fafala<\/li>\n<li>uma degusta\u00e7\u00e3o de limoncello e visita \u00e0 empresa produtora<\/li>\n<li>dois semin\u00e1rios sobre cultura italiana<\/li>\n<li>duas atividades da escola<\/li>\n<\/ul>\n<p>Al\u00e9m disso, uma excurs\u00e3o de um dia e outra de meio dia pela Costa Amalfitana.<\/p>\n<h2><b>Datas de in\u00edcio e detalhes<\/b><\/h2>\n<p>&nbsp;<\/p>\n<ul>\n<li><b>Dura\u00e7\u00e3o das aulas<\/b>: 45 minutos<\/li>\n<li><b>Tamanho m\u00e9dio das turmas<\/b>: 8 alunos<\/li>\n<li><b>Tamanho m\u00e1ximo das turmas<\/b>: 10 alunos<\/li>\n<li><b>Hor\u00e1rio<\/b>: De manh\u00e3<\/li>\n<li><b>Materiais do curso<\/b>: Inclu\u00eddos<\/li>\n<li><b>Teste de n\u00edvel e certificado final<\/b>: Inclu\u00eddos<\/li>\n<li><b>Localiza\u00e7\u00e3o<\/b>: Via Roma 39<\/li>\n<li><b>Outros servi\u00e7os<\/b>: Acesso \u00e0 Internet, biblioteca, ar condicionado, atividades sociais e transporte para o aeroporto dispon\u00edveis<\/li>\n<\/ul>\n<p>&nbsp;<\/p>\n<p>&nbsp;<\/p>\n<table id=\"tablepress-693\" class=\"tablepress tablepress-id-693\">\n<thead>\n<tr class=\"row-1 odd\">\n<th class=\"column-1\" colspan=\"6\">Datas de in\u00edcio 2026<\/th>\n<\/tr>\n<\/thead>\n<tbody class=\"row-hover\">\n<tr class=\"row-2 even\">\n<td class=\"column-1\">Janeiro<\/td>\n<td class=\"column-2\">19<\/td>\n<td class=\"column-3\">Maio<\/td>\n<td class=\"column-4\">4, 18<\/td>\n<td class=\"column-5\">Setembro<\/td>\n<td class=\"column-6\">7, 21<\/td>\n<\/tr>\n<tr class=\"row-3 odd\">\n<td class=\"column-1\">Fevereiro<\/td>\n<td class=\"column-2\">16<\/td>\n<td class=\"column-3\">Junho<\/td>\n<td class=\"column-4\">1, 15<\/td>\n<td class=\"column-5\">Outubro<\/td>\n<td class=\"column-6\">5, 19<\/td>\n<\/tr>\n<tr class=\"row-4 even\">\n<td class=\"column-1\">Mar\u00e7o<\/td>\n<td class=\"column-2\">16 30<\/td>\n<td class=\"column-3\">Julho<\/td>\n<td class=\"column-4\">13<\/td>\n<td class=\"column-5\">Novembro<\/td>\n<td class=\"column-6\">16<\/td>\n<\/tr>\n<tr class=\"row-5 odd\">\n<td class=\"column-1\">Abril<\/td>\n<td class=\"column-2\">13<\/td>\n<td class=\"column-3\">Agosto<\/td>\n<td class=\"column-4\">10, 24<\/td>\n<td class=\"column-5\">Dezembro<\/td>\n<td class=\"column-6\">7<\/td>\n<\/tr>\n<tr class=\"row-6 even\">\n<td class=\"column-1\" colspan=\"6\">A escola ser\u00e1 fechada nos seguintes feriados nacionais: 06\/01, segunda-feira de P\u00e1scoa, 25\/04, 01\/05, 02\/06, 15\/08, 01\/11, 8\/12, e durante os feriados locais e f\u00e9rias de Natal.<\/td>\n<\/tr>\n<\/tbody>\n<\/table>\n<p>&nbsp;<\/p>\n<div class=\"aiosrs-rating-wrap\" data-schema-id=\"90691\">\n<div class=\"aiosrs-star-rating-wrap \"><\/div>\n<div class=\"aiosrs-rating-summary-wrap\"><\/div>\n<\/div>\n<h3><\/h3>\n","protected":false},"excerpt":{"rendered":"<h2><strong>Descubra a costa de Amalfi e aprenda italiano com nosso curso de italiano 50+!<\/strong><\/h2>\n<p>&nbsp;<\/p>\n<p>Este programa de duas semanas foi projetado especificamente para estudantes maduros que desejam estudar italiano e descobrir a\u00a0<strong>Costa de Amalfi<\/strong>.<\/p>\n<p>As aulas de idiomas acontecem pela manh\u00e3, com toda uma gama de atividades culturais e excurs\u00f5es que se seguem \u00e0 tarde, todas com alunos de idade e interesses similares.<\/p>\n<p>Alguns exemplos de atividades s\u00e3o: Passeio pela cidade de Salerno, excurs\u00f5es de 2 dias, aula de culin\u00e1ria, aula de cer\u00e2mica, degusta\u00e7\u00e3o de vinhos, 4 oficinas sobre a cultura italiana.<\/p>\n<p><strong>Viaje, conhe\u00e7a pessoas, aprenda italiano e traga para casa lembran\u00e7as fant\u00e1sticas!<\/strong><\/p>\n","protected":false},"featured_media":125609,"comment_status":"open","ping_status":"closed","template":"","meta":{"_acf_changed":false,"_uag_custom_page_level_css":"","_kad_blocks_custom_css":"","_kad_blocks_head_custom_js":"","_kad_blocks_body_custom_js":"","_kad_blocks_footer_custom_js":"","site-sidebar-layout":"default","site-content-layout":"default","ast-site-content-layout":"default","site-content-style":"default","site-sidebar-style":"default","ast-global-header-display":"","ast-banner-title-visibility":"","ast-main-header-display":"","ast-hfb-above-header-display":"","ast-hfb-below-header-display":"","ast-hfb-mobile-header-display":"","site-post-title":"","ast-breadcrumbs-content":"","ast-featured-img":"","footer-sml-layout":"","ast-disable-related-posts":"","theme-transparent-header-meta":"default","adv-header-id-meta":"","stick-header-meta":"default","header-above-stick-meta":"","header-main-stick-meta":"","header-below-stick-meta":"","astra-migrate-meta-layouts":"set","ast-page-background-enabled":"default","ast-page-background-meta":{"desktop":{"background-color":"var(--ast-global-color-4)","background-image":"","background-repeat":"repeat","background-position":"center center","background-size":"auto","background-attachment":"scroll","background-type":"","background-media":"","overlay-type":"","overlay-color":"","overlay-opacity":"","overlay-gradient":""},"tablet":{"background-color":"","background-image":"","background-repeat":"repeat","background-position":"center center","background-size":"auto","background-attachment":"scroll","background-type":"","background-media":"","overlay-type":"","overlay-color":"","overlay-opacity":"","overlay-gradient":""},"mobile":{"background-color":"","background-image":"","background-repeat":"repeat","background-position":"center center","background-size":"auto","background-attachment":"scroll","background-type":"","background-media":"","overlay-type":"","overlay-color":"","overlay-opacity":"","overlay-gradient":""}},"ast-content-background-meta":{"desktop":{"background-color":"var(--ast-global-color-5)","background-image":"","background-repeat":"repeat","background-position":"center center","background-size":"auto","background-attachment":"scroll","background-type":"","background-media":"","overlay-type":"","overlay-color":"","overlay-opacity":"","overlay-gradient":""},"tablet":{"background-color":"var(--ast-global-color-5)","background-image":"","background-repeat":"repeat","background-position":"center center","background-size":"auto","background-attachment":"scroll","background-type":"","background-media":"","overlay-type":"","overlay-color":"","overlay-opacity":"","overlay-gradient":""},"mobile":{"background-color":"var(--ast-global-color-5)","background-image":"","background-repeat":"repeat","background-position":"center center","background-size":"auto","background-attachment":"scroll","background-type":"","background-media":"","overlay-type":"","overlay-color":"","overlay-opacity":"","overlay-gradient":""}}},"section":[],"product_brand":[],"product_cat":[1285,1340],"product_tag":[1850],"class_list":{"0":"post-189290","1":"product","2":"type-product","3":"status-publish","4":"has-post-thumbnail","6":"product_cat-cursos-em-salerno","7":"product_cat-cursos-para-familias-na-italia","8":"product_tag-familias","9":"desktop-align-left","10":"tablet-align-left","11":"mobile-align-left","12":"ast-product-gallery-layout-horizontal-slider","13":"ast-product-single-variable","14":"ast-product-tabs-layout-horizontal","15":"ast-qv-on-image-click","17":"first","18":"instock","19":"sold-individually","20":"shipping-taxable","21":"purchasable","22":"product-type-variable"},"acf":[],"taxonomy_info":{"product_cat":[{"value":1285,"label":"Cursos em Salerno"},{"value":1340,"label":"Cursos para familias na Italia"}],"product_tag":[{"value":1850,"label":"familias"}]},"featured_image_src_large":["https:\/\/www.studiainitalia.com\/wp-content\/uploads\/2020\/09\/salerno_1.jpg",805,800,false],"author_info":[],"comment_info":1,"uagb_featured_image_src":{"full":["https:\/\/www.studiainitalia.com\/wp-content\/uploads\/2020\/09\/salerno_1.jpg",805,800,false],"thumbnail":["https:\/\/www.studiainitalia.com\/wp-content\/uploads\/2020\/09\/salerno_1.jpg",97,96,false],"medium":["https:\/\/www.studiainitalia.com\/wp-content\/uploads\/2020\/09\/salerno_1.jpg",805,800,false],"medium_large":["https:\/\/www.studiainitalia.com\/wp-content\/uploads\/2020\/09\/salerno_1-768x763.jpg",768,763,true],"large":["https:\/\/www.studiainitalia.com\/wp-content\/uploads\/2020\/09\/salerno_1.jpg",805,800,false],"1536x1536":["https:\/\/www.studiainitalia.com\/wp-content\/uploads\/2020\/09\/salerno_1.jpg",805,800,false],"2048x2048":["https:\/\/www.studiainitalia.com\/wp-content\/uploads\/2020\/09\/salerno_1.jpg",805,800,false],"ultp_layout_landscape_large":["https:\/\/www.studiainitalia.com\/wp-content\/uploads\/2020\/09\/salerno_1.jpg",805,800,false],"ultp_layout_landscape":["https:\/\/www.studiainitalia.com\/wp-content\/uploads\/2020\/09\/salerno_1.jpg",574,570,false],"ultp_layout_portrait":["https:\/\/www.studiainitalia.com\/wp-content\/uploads\/2020\/09\/salerno_1.jpg",600,596,false],"ultp_layout_square":["https:\/\/www.studiainitalia.com\/wp-content\/uploads\/2020\/09\/salerno_1.jpg",600,596,false],"grid-thumb":["https:\/\/www.studiainitalia.com\/wp-content\/uploads\/2020\/09\/salerno_1.jpg",150,150,false],"gform-image-choice-sm":["https:\/\/www.studiainitalia.com\/wp-content\/uploads\/2020\/09\/salerno_1.jpg",300,298,false],"gform-image-choice-md":["https:\/\/www.studiainitalia.com\/wp-content\/uploads\/2020\/09\/salerno_1.jpg",400,398,false],"gform-image-choice-lg":["https:\/\/www.studiainitalia.com\/wp-content\/uploads\/2020\/09\/salerno_1.jpg",600,596,false],"woocommerce_thumbnail":["https:\/\/www.studiainitalia.com\/wp-content\/uploads\/2020\/09\/salerno_1-300x300.jpg",300,300,true],"woocommerce_single":["https:\/\/www.studiainitalia.com\/wp-content\/uploads\/2020\/09\/salerno_1-400x398.jpg",400,398,true],"woocommerce_gallery_thumbnail":["https:\/\/www.studiainitalia.com\/wp-content\/uploads\/2020\/09\/salerno_1-100x100.jpg",100,100,true],"yarpp-thumbnail":["https:\/\/www.studiainitalia.com\/wp-content\/uploads\/2020\/09\/salerno_1-120x120.jpg",120,120,true]},"uagb_author_info":{"display_name":"rafael","author_link":"https:\/\/www.studiainitalia.com\/pt-br\/author\/"},"uagb_comment_info":1,"uagb_excerpt":"Descubra a costa de Amalfi e aprenda italiano com nosso curso de italiano 50+! &nbsp; Este programa de duas semanas foi projetado especificamente para estudantes maduros que desejam estudar italiano e descobrir a\u00a0Costa de Amalfi. As aulas de idiomas acontecem pela manh\u00e3, com toda uma gama de atividades culturais e excurs\u00f5es que se seguem \u00e0&hellip;","_links":{"self":[{"href":"https:\/\/www.studiainitalia.com\/pt-br\/wp-json\/wp\/v2\/product\/189290","targetHints":{"allow":["GET"]}}],"collection":[{"href":"https:\/\/www.studiainitalia.com\/pt-br\/wp-json\/wp\/v2\/product"}],"about":[{"href":"https:\/\/www.studiainitalia.com\/pt-br\/wp-json\/wp\/v2\/types\/product"}],"replies":[{"embeddable":true,"href":"https:\/\/www.studiainitalia.com\/pt-br\/wp-json\/wp\/v2\/comments?post=189290"}],"wp:featuredmedia":[{"embeddable":true,"href":"https:\/\/www.studiainitalia.com\/pt-br\/wp-json\/wp\/v2\/media\/125609"}],"wp:attachment":[{"href":"https:\/\/www.studiainitalia.com\/pt-br\/wp-json\/wp\/v2\/media?parent=189290"}],"wp:term":[{"taxonomy":"section","embeddable":true,"href":"https:\/\/www.studiainitalia.com\/pt-br\/wp-json\/wp\/v2\/section?post=189290"},{"taxonomy":"product_brand","embeddable":true,"href":"https:\/\/www.studiainitalia.com\/pt-br\/wp-json\/wp\/v2\/product_brand?post=189290"},{"taxonomy":"product_cat","embeddable":true,"href":"https:\/\/www.studiainitalia.com\/pt-br\/wp-json\/wp\/v2\/product_cat?post=189290"},{"taxonomy":"product_tag","embeddable":true,"href":"https:\/\/www.studiainitalia.com\/pt-br\/wp-json\/wp\/v2\/product_tag?post=189290"}],"curies":[{"name":"wp","href":"https:\/\/api.w.org\/{rel}","templated":true}]}}