{"id":189295,"date":"2019-11-29T14:59:08","date_gmt":"2019-11-29T13:59:08","guid":{"rendered":"https:\/\/www.studiainitalia.com\/courses\/sem%20categoria\/renascentista-danca\/"},"modified":"2025-12-20T00:24:07","modified_gmt":"2025-12-19T23:24:07","slug":"curso-de-danca-do-renascimento","status":"publish","type":"product","link":"https:\/\/www.studiainitalia.com\/pt-br\/cursos\/cursos-de-musica\/curso-de-danca-do-renascimento\/","title":{"rendered":"Curso de dan\u00e7a do Renascimento"},"content":{"rendered":"<h2><strong>Curso de dan\u00e7a Renascentista<\/strong><\/h2>\n<p>&nbsp;<\/p>\n<p>O programa do<strong> curso de dan\u00e7a Renascentista <\/strong>inclui<strong>:<\/strong><\/p>\n<ul>\n<li>Introdu\u00e7\u00e3o hist\u00f3rica \u00e0s dan\u00e7as da Renascen\u00e7a.<\/li>\n<li>Estudo das coreografias deste per\u00edodo, tais como a \u201cbassa danza\u201d, a \u201cgallarda\u201d ou a \u201cpavana\u201d.<\/li>\n<li>Exerc\u00edcios de improvisa\u00e7\u00e3o sobre elementos de dan\u00e7a antiga.<\/li>\n<\/ul>\n<p>Curso completo: 35 horas.<\/p>\n<p>Incluindo visita guiada e jantar-colec\u00e7\u00e3o.<\/p>\n<p>&nbsp;<\/p>\n","protected":false},"excerpt":{"rendered":"<div class=\"woocommerce-product-details__short-description\">\n<h2>Aprenda a dan\u00e7a renascentista em Floren\u00e7a!<\/h2>\n<p>&nbsp;<\/p>\n<p>Gostaria de descobrir como a fam\u00edlia Medici dan\u00e7ou durante os seus banquetes? Viaje at\u00e9 meados do s\u00e9culo XVI para It\u00e1lia e conhe\u00e7a o maravilhoso mundo da dan\u00e7a renascentista.<\/p>\n<p>Este curso \u00e9 oferecido durante todo o ano, mediante solicita\u00e7\u00e3o.<\/p>\n<p>Oferecemos dois cursos diferentes com o professor Marco Bendoni, dan\u00e7arino de Dan\u00e7a Hist\u00f3rica. Um de seu projeto \u201cI Medici\u201d, um show de dan\u00e7a renascentista que recria a celebra\u00e7\u00e3o do casamento entre Cosimo I de Medici e Eleonor de Toledo em 1539, estreou no Museo Nazionale Bargello no Palazzo Medici Riccardi, com o apoio da Minist\u00e9rio Cultural italiano<\/p>\n<p>&nbsp;<\/p>\n<p>Venha a Floren\u00e7a e mergulhe no mundo renascentista!<\/p>\n<\/div>\n<form class=\"variations_form cart\" action=\"https:\/\/www.studiainitalia.com\/pt-br\/cursos\/cursos-em-florenca\/curso-de-danca-do-renascimento\/\" enctype=\"multipart\/form-data\" method=\"post\" data-product_id=\"80773\" data-product_variations=\"[{&quot;attributes&quot;:[],&quot;availability_html&quot;:&quot;&quot;,&quot;backorders_allowed&quot;:false,&quot;dimensions&quot;:{&quot;length&quot;:&quot;&quot;,&quot;width&quot;:&quot;&quot;,&quot;height&quot;:&quot;&quot;},&quot;dimensions_html&quot;:&quot;N\\\/A&quot;,&quot;display_price&quot;:550,&quot;display_regular_price&quot;:550,&quot;image&quot;:{&quot;title&quot;:&quot;renacentista_1&quot;,&quot;caption&quot;:&quot;&quot;,&quot;url&quot;:&quot;https:\\\/\\\/www.studiainitalia.com\\\/wp-content\\\/uploads\\\/2019\\\/11\\\/renacentista_1.jpg&quot;,&quot;alt&quot;:&quot;Curso de dan\\u00e7a do Renascimento&quot;,&quot;src&quot;:&quot;https:\\\/\\\/www.studiainitalia.com\\\/wp-content\\\/uploads\\\/2019\\\/11\\\/renacentista_1-400x317.jpg&quot;,&quot;srcset&quot;:false,&quot;sizes&quot;:&quot;&quot;,&quot;full_src&quot;:&quot;https:\\\/\\\/www.studiainitalia.com\\\/wp-content\\\/uploads\\\/2019\\\/11\\\/renacentista_1.jpg&quot;,&quot;full_src_w&quot;:943,&quot;full_src_h&quot;:748,&quot;gallery_thumbnail_src&quot;:&quot;https:\\\/\\\/www.studiainitalia.com\\\/wp-content\\\/uploads\\\/2019\\\/11\\\/renacentista_1-100x100.jpg&quot;,&quot;gallery_thumbnail_src_w&quot;:100,&quot;gallery_thumbnail_src_h&quot;:100,&quot;thumb_src&quot;:&quot;https:\\\/\\\/www.studiainitalia.com\\\/wp-content\\\/uploads\\\/2019\\\/11\\\/renacentista_1-300x300.jpg&quot;,&quot;thumb_src_w&quot;:300,&quot;thumb_src_h&quot;:300,&quot;src_w&quot;:400,&quot;src_h&quot;:317},&quot;image_id&quot;:82624,&quot;is_downloadable&quot;:false,&quot;is_in_stock&quot;:true,&quot;is_purchasable&quot;:true,&quot;is_sold_individually&quot;:&quot;yes&quot;,&quot;is_virtual&quot;:false,&quot;max_qty&quot;:1,&quot;min_qty&quot;:1,&quot;price_html&quot;:&quot;&quot;,&quot;sku&quot;:&quot;&quot;,&quot;variation_description&quot;:&quot;&quot;,&quot;variation_id&quot;:84509,&quot;variation_is_active&quot;:true,&quot;variation_is_visible&quot;:true,&quot;weight&quot;:&quot;&quot;,&quot;weight_html&quot;:&quot;N\\\/A&quot;}]\">\n<div class=\"single_variation_wrap\">\n<div id=\"yith-wcdp-add-deposit-to-cart\" class=\"yith-wcdp\">\n<div class=\"yith-wcdp-single-add-to-cart-fields\" style=\"box-sizing: border-box; margin: 0px; padding: 0px; border: 0px; outline: 0px; font-size: 14px; text-size-adjust: 100%; vertical-align: baseline; background: transparent;\" data-deposit-type=\"amount\" data-deposit-amount=\"150\" data-deposit-rate=\"0\" data-price-template=\"&lt;span class=&quot;woocommerce-Price-amount amount&quot;&gt;&lt;bdi&gt;0&lt;span class=&quot;woocommerce-Price-currencySymbol&quot;&gt;\u20ac&lt;\/span&gt;&lt;\/bdi&gt;&lt;\/span&gt;\">Esta ac\u00e7\u00e3o permitir-lhe-\u00e1 pagar um dep\u00f3sito de\u00a0<span class=\"deposit-price\"><span class=\"woocommerce-Price-amount amount\">150<span class=\"woocommerce-Price-currencySymbol\">\u20ac<\/span><\/span><\/span>\u00a0por este produto<\/div>\n<\/div>\n<\/div>\n<\/form>\n","protected":false},"featured_media":125075,"comment_status":"open","ping_status":"closed","template":"","meta":{"_acf_changed":false,"_uag_custom_page_level_css":"","_kad_blocks_custom_css":"","_kad_blocks_head_custom_js":"","_kad_blocks_body_custom_js":"","_kad_blocks_footer_custom_js":"","site-sidebar-layout":"default","site-content-layout":"default","ast-site-content-layout":"default","site-content-style":"default","site-sidebar-style":"default","ast-global-header-display":"","ast-banner-title-visibility":"","ast-main-header-display":"","ast-hfb-above-header-display":"","ast-hfb-below-header-display":"","ast-hfb-mobile-header-display":"","site-post-title":"","ast-breadcrumbs-content":"","ast-featured-img":"","footer-sml-layout":"","ast-disable-related-posts":"","theme-transparent-header-meta":"default","adv-header-id-meta":"","stick-header-meta":"default","header-above-stick-meta":"","header-main-stick-meta":"","header-below-stick-meta":"","astra-migrate-meta-layouts":"set","ast-page-background-enabled":"default","ast-page-background-meta":{"desktop":{"background-color":"var(--ast-global-color-4)","background-image":"","background-repeat":"repeat","background-position":"center center","background-size":"auto","background-attachment":"scroll","background-type":"","background-media":"","overlay-type":"","overlay-color":"","overlay-opacity":"","overlay-gradient":""},"tablet":{"background-color":"","background-image":"","background-repeat":"repeat","background-position":"center center","background-size":"auto","background-attachment":"scroll","background-type":"","background-media":"","overlay-type":"","overlay-color":"","overlay-opacity":"","overlay-gradient":""},"mobile":{"background-color":"","background-image":"","background-repeat":"repeat","background-position":"center center","background-size":"auto","background-attachment":"scroll","background-type":"","background-media":"","overlay-type":"","overlay-color":"","overlay-opacity":"","overlay-gradient":""}},"ast-content-background-meta":{"desktop":{"background-color":"var(--ast-global-color-5)","background-image":"","background-repeat":"repeat","background-position":"center center","background-size":"auto","background-attachment":"scroll","background-type":"","background-media":"","overlay-type":"","overlay-color":"","overlay-opacity":"","overlay-gradient":""},"tablet":{"background-color":"var(--ast-global-color-5)","background-image":"","background-repeat":"repeat","background-position":"center center","background-size":"auto","background-attachment":"scroll","background-type":"","background-media":"","overlay-type":"","overlay-color":"","overlay-opacity":"","overlay-gradient":""},"mobile":{"background-color":"var(--ast-global-color-5)","background-image":"","background-repeat":"repeat","background-position":"center center","background-size":"auto","background-attachment":"scroll","background-type":"","background-media":"","overlay-type":"","overlay-color":"","overlay-opacity":"","overlay-gradient":""}}},"section":[],"product_brand":[],"product_cat":[1273,1278],"product_tag":[1861],"class_list":{"0":"post-189295","1":"product","2":"type-product","3":"status-publish","4":"has-post-thumbnail","6":"product_cat-cursos-de-musica","7":"product_cat-cursos-em-florenca","8":"product_tag-florenca","9":"desktop-align-left","10":"tablet-align-left","11":"mobile-align-left","12":"ast-product-gallery-layout-horizontal-slider","13":"ast-product-single-variable","14":"ast-product-tabs-layout-horizontal","15":"ast-qv-on-image-click","17":"first","18":"instock","19":"sold-individually","20":"shipping-taxable","21":"purchasable","22":"product-type-variable"},"acf":[],"taxonomy_info":{"product_cat":[{"value":1273,"label":"Cursos de m\u00fasica"},{"value":1278,"label":"Cursos em Floren\u00e7a"}],"product_tag":[{"value":1861,"label":"Floren\u00e7a"}]},"featured_image_src_large":["https:\/\/www.studiainitalia.com\/wp-content\/uploads\/2019\/11\/renacentista_1.jpg",943,748,false],"author_info":[],"comment_info":0,"uagb_featured_image_src":{"full":["https:\/\/www.studiainitalia.com\/wp-content\/uploads\/2019\/11\/renacentista_1.jpg",943,748,false],"thumbnail":["https:\/\/www.studiainitalia.com\/wp-content\/uploads\/2019\/11\/renacentista_1-150x150.jpg",96,96,true],"medium":["https:\/\/www.studiainitalia.com\/wp-content\/uploads\/2019\/11\/renacentista_1-300x238.jpg",300,238,true],"medium_large":["https:\/\/www.studiainitalia.com\/wp-content\/uploads\/2019\/11\/renacentista_1-768x609.jpg",768,609,true],"large":["https:\/\/www.studiainitalia.com\/wp-content\/uploads\/2019\/11\/renacentista_1.jpg",943,748,false],"1536x1536":["https:\/\/www.studiainitalia.com\/wp-content\/uploads\/2019\/11\/renacentista_1.jpg",943,748,false],"2048x2048":["https:\/\/www.studiainitalia.com\/wp-content\/uploads\/2019\/11\/renacentista_1.jpg",943,748,false],"ultp_layout_landscape_large":["https:\/\/www.studiainitalia.com\/wp-content\/uploads\/2019\/11\/renacentista_1.jpg",943,748,false],"ultp_layout_landscape":["https:\/\/www.studiainitalia.com\/wp-content\/uploads\/2019\/11\/renacentista_1.jpg",719,570,false],"ultp_layout_portrait":["https:\/\/www.studiainitalia.com\/wp-content\/uploads\/2019\/11\/renacentista_1.jpg",600,476,false],"ultp_layout_square":["https:\/\/www.studiainitalia.com\/wp-content\/uploads\/2019\/11\/renacentista_1.jpg",600,476,false],"gform-image-choice-sm":["https:\/\/www.studiainitalia.com\/wp-content\/uploads\/2019\/11\/renacentista_1.jpg",300,238,false],"gform-image-choice-md":["https:\/\/www.studiainitalia.com\/wp-content\/uploads\/2019\/11\/renacentista_1.jpg",400,317,false],"gform-image-choice-lg":["https:\/\/www.studiainitalia.com\/wp-content\/uploads\/2019\/11\/renacentista_1.jpg",600,476,false],"woocommerce_thumbnail":["https:\/\/www.studiainitalia.com\/wp-content\/uploads\/2019\/11\/renacentista_1-300x300.jpg",300,300,true],"woocommerce_single":["https:\/\/www.studiainitalia.com\/wp-content\/uploads\/2019\/11\/renacentista_1-400x317.jpg",400,317,true],"woocommerce_gallery_thumbnail":["https:\/\/www.studiainitalia.com\/wp-content\/uploads\/2019\/11\/renacentista_1-100x100.jpg",100,100,true],"yarpp-thumbnail":["https:\/\/www.studiainitalia.com\/wp-content\/uploads\/2019\/11\/renacentista_1.jpg",120,95,false]},"uagb_author_info":{"display_name":"ideaweb ideaweb","author_link":"https:\/\/www.studiainitalia.com\/pt-br\/author\/"},"uagb_comment_info":0,"uagb_excerpt":"Aprenda a dan\u00e7a renascentista em Floren\u00e7a! &nbsp; Gostaria de descobrir como a fam\u00edlia Medici dan\u00e7ou durante os seus banquetes? Viaje at\u00e9 meados do s\u00e9culo XVI para It\u00e1lia e conhe\u00e7a o maravilhoso mundo da dan\u00e7a renascentista. Este curso \u00e9 oferecido durante todo o ano, mediante solicita\u00e7\u00e3o. Oferecemos dois cursos diferentes com o professor Marco Bendoni, dan\u00e7arino&hellip;","_links":{"self":[{"href":"https:\/\/www.studiainitalia.com\/pt-br\/wp-json\/wp\/v2\/product\/189295","targetHints":{"allow":["GET"]}}],"collection":[{"href":"https:\/\/www.studiainitalia.com\/pt-br\/wp-json\/wp\/v2\/product"}],"about":[{"href":"https:\/\/www.studiainitalia.com\/pt-br\/wp-json\/wp\/v2\/types\/product"}],"replies":[{"embeddable":true,"href":"https:\/\/www.studiainitalia.com\/pt-br\/wp-json\/wp\/v2\/comments?post=189295"}],"wp:featuredmedia":[{"embeddable":true,"href":"https:\/\/www.studiainitalia.com\/pt-br\/wp-json\/wp\/v2\/media\/125075"}],"wp:attachment":[{"href":"https:\/\/www.studiainitalia.com\/pt-br\/wp-json\/wp\/v2\/media?parent=189295"}],"wp:term":[{"taxonomy":"section","embeddable":true,"href":"https:\/\/www.studiainitalia.com\/pt-br\/wp-json\/wp\/v2\/section?post=189295"},{"taxonomy":"product_brand","embeddable":true,"href":"https:\/\/www.studiainitalia.com\/pt-br\/wp-json\/wp\/v2\/product_brand?post=189295"},{"taxonomy":"product_cat","embeddable":true,"href":"https:\/\/www.studiainitalia.com\/pt-br\/wp-json\/wp\/v2\/product_cat?post=189295"},{"taxonomy":"product_tag","embeddable":true,"href":"https:\/\/www.studiainitalia.com\/pt-br\/wp-json\/wp\/v2\/product_tag?post=189295"}],"curies":[{"name":"wp","href":"https:\/\/api.w.org\/{rel}","templated":true}]}}