{"id":189304,"date":"2020-10-16T08:27:48","date_gmt":"2020-10-16T06:27:48","guid":{"rendered":"https:\/\/www.studiainitalia.com\/courses\/sem%20categoria\/curso-de-renascenca-arte-historia\/"},"modified":"2026-03-07T00:18:09","modified_gmt":"2026-03-06T23:18:09","slug":"curso-de-renascenca-arte-historia","status":"publish","type":"product","link":"https:\/\/www.studiainitalia.com\/pt-br\/cursos\/cursos-online\/curso-de-renascenca-arte-historia\/","title":{"rendered":"Curso de Hist\u00f3ria da Arte Renascen\u00e7a Online"},"content":{"rendered":"<div class=\"aiosrs-rating-wrap\" data-schema-id=\"90691\">\n<div class=\"aiosrs-rating-summary-wrap\">\n<h2><strong>Curso de Hist\u00f3ria da Arte Renascen\u00e7a Online<\/strong><\/h2>\n<p>&nbsp;<\/p>\n<p>Nosso\u00a0<strong>Curso de Hist\u00f3ria da Arte Renascen\u00e7a Online<\/strong>\u00a0o conduzir\u00e1 ao mundo dos artes\u00e3os renascentistas e das pinturas renascentistas. Voc\u00ea ser\u00e1 guiado por um historiador de arte profissional de Floren\u00e7a para descobrir obras-primas da Renascen\u00e7a italiana.<\/p>\n<p>Este curso online \u00e9 realizado em italiano, espanhol ou franc\u00eas. Tem dura\u00e7\u00e3o 10 reuni\u00f5es.<\/p>\n<p>&nbsp;<\/p>\n<\/div>\n<\/div>\n<p><iframe style=\"display: none;\"><\/iframe><\/p>\n<p><iframe style=\"display: none;\"><\/iframe><\/p>\n","protected":false},"excerpt":{"rendered":"<h2><strong>Se voc\u00ea ama a hist\u00f3ria da arte italiana, oferecemos um curso completo para entender o que significa a Renascen\u00e7a<\/strong><\/h2>\n<p>&nbsp;<\/p>\n<p>Este curso \u00e9 perfeito se voc\u00ea ama a hist\u00f3ria da arte, mesmo que n\u00e3o tenha tempo ou oportunidade de estudar. Palestras florentinas que lhe permitem viajar para tr\u00e1s na hist\u00f3ria da arte da cidade de Floren\u00e7a. Dez reuni\u00f5es de uma hora\u00a0 cada uma, para descobrir ou redescobrir a singularidade da experi\u00eancia de Floren\u00e7a.<\/p>\n<p><strong>Li\u00e7\u00e3o 1<\/strong>: A renova\u00e7\u00e3o art\u00edstica da segunda metade do s\u00e9culo XIII na Toscana com Nicola e Giovanni Pisano e Arnolfo di Cambio.<\/p>\n<p><strong>Li\u00e7\u00e3o 2<\/strong>: Pintura nos s\u00e9culos XIII e XIV na It\u00e1lia central e, em particular, em Floren\u00e7a. A grande renova\u00e7\u00e3o de Giotto.<\/p>\n<p><strong>Li\u00e7\u00e3o 3<\/strong>: Pintura em Floren\u00e7a e Siena depois de Giotto.<\/p>\n<p><strong>Li\u00e7\u00e3o 4<\/strong>: O in\u00edcio da Renascen\u00e7a Lorenzo Ghiberti e Filippo Brunelleschi e o concurso 1401 para a segunda porta do Florencebaptistery.<\/p>\n<p><strong>Li\u00e7\u00e3o 5<\/strong>: Masaccio e Donatello, ambos de vanguarda.<\/p>\n<p><strong>Li\u00e7\u00e3o 6<\/strong>: Pintura ap\u00f3s Masaccio. A busca de luz e cor: Beato Angelico e Filippo Lippi.<\/p>\n<p><strong>Li\u00e7\u00e3o 7<\/strong>: Naturalismo flamengo e rela\u00e7\u00f5es entre a It\u00e1lia e a Flandres. Ghirlandaio e Piero della Francesca e Antonello da Messina.<\/p>\n<p><strong>Li\u00e7\u00e3o 8<\/strong>: Floren\u00e7a, na segunda metade do s\u00e9culo XV. Verrocchio e sua oficina. O p\u00e1tio Lorenzo, o Magn\u00edfico, e seus artistas.<\/p>\n<p><strong>Li\u00e7\u00e3o 9<\/strong>: A corte de Lorenzo, o Magn\u00edfico. A pintura refinada de Botticelli. Leonardo e Verrocchio.<\/p>\n<p><strong>Li\u00e7\u00e3o 10<\/strong>: Michelangelo e sua forma\u00e7\u00e3o no ambiente mediterr\u00e2neo.<\/p>\n<p><iframe style=\"display: none;\"><\/iframe><\/p>\n<p><iframe style=\"display: none;\"><\/iframe><\/p>\n","protected":false},"featured_media":125666,"comment_status":"open","ping_status":"closed","template":"","meta":{"_acf_changed":false,"_uag_custom_page_level_css":"","_kad_blocks_custom_css":"","_kad_blocks_head_custom_js":"","_kad_blocks_body_custom_js":"","_kad_blocks_footer_custom_js":"","site-sidebar-layout":"default","site-content-layout":"default","ast-site-content-layout":"default","site-content-style":"default","site-sidebar-style":"default","ast-global-header-display":"","ast-banner-title-visibility":"","ast-main-header-display":"","ast-hfb-above-header-display":"","ast-hfb-below-header-display":"","ast-hfb-mobile-header-display":"","site-post-title":"","ast-breadcrumbs-content":"","ast-featured-img":"","footer-sml-layout":"","ast-disable-related-posts":"","theme-transparent-header-meta":"default","adv-header-id-meta":"","stick-header-meta":"default","header-above-stick-meta":"","header-main-stick-meta":"","header-below-stick-meta":"","astra-migrate-meta-layouts":"set","ast-page-background-enabled":"default","ast-page-background-meta":{"desktop":{"background-color":"var(--ast-global-color-4)","background-image":"","background-repeat":"repeat","background-position":"center center","background-size":"auto","background-attachment":"scroll","background-type":"","background-media":"","overlay-type":"","overlay-color":"","overlay-opacity":"","overlay-gradient":""},"tablet":{"background-color":"","background-image":"","background-repeat":"repeat","background-position":"center center","background-size":"auto","background-attachment":"scroll","background-type":"","background-media":"","overlay-type":"","overlay-color":"","overlay-opacity":"","overlay-gradient":""},"mobile":{"background-color":"","background-image":"","background-repeat":"repeat","background-position":"center center","background-size":"auto","background-attachment":"scroll","background-type":"","background-media":"","overlay-type":"","overlay-color":"","overlay-opacity":"","overlay-gradient":""}},"ast-content-background-meta":{"desktop":{"background-color":"var(--ast-global-color-5)","background-image":"","background-repeat":"repeat","background-position":"center center","background-size":"auto","background-attachment":"scroll","background-type":"","background-media":"","overlay-type":"","overlay-color":"","overlay-opacity":"","overlay-gradient":""},"tablet":{"background-color":"var(--ast-global-color-5)","background-image":"","background-repeat":"repeat","background-position":"center center","background-size":"auto","background-attachment":"scroll","background-type":"","background-media":"","overlay-type":"","overlay-color":"","overlay-opacity":"","overlay-gradient":""},"mobile":{"background-color":"var(--ast-global-color-5)","background-image":"","background-repeat":"repeat","background-position":"center center","background-size":"auto","background-attachment":"scroll","background-type":"","background-media":"","overlay-type":"","overlay-color":"","overlay-opacity":"","overlay-gradient":""}}},"section":[],"product_brand":[],"product_cat":[1346,1349],"product_tag":[1861,1860],"class_list":{"0":"post-189304","1":"product","2":"type-product","3":"status-publish","4":"has-post-thumbnail","6":"product_cat-cursos-online","7":"product_cat-cursos-de-historia-da-arte-em-italia","8":"product_tag-florenca","9":"product_tag-historia-arte","10":"desktop-align-left","11":"tablet-align-left","12":"mobile-align-left","13":"ast-product-gallery-layout-horizontal-slider","14":"ast-product-gallery-with-no-image","15":"ast-product-single-variable","16":"ast-product-tabs-layout-horizontal","17":"ast-qv-on-image-click","19":"first","20":"instock","21":"sold-individually","22":"shipping-taxable","23":"purchasable","24":"product-type-variable"},"acf":[],"taxonomy_info":{"product_cat":[{"value":1346,"label":"Cursos online"},{"value":1349,"label":"Cursos de hist\u00f3ria da arte em It\u00e1lia"}],"product_tag":[{"value":1861,"label":"Floren\u00e7a"},{"value":1860,"label":"Historia Arte"}]},"featured_image_src_large":["https:\/\/www.studiainitalia.com\/wp-content\/uploads\/2020\/10\/foto-curso-on-line-florencia.jpg",501,500,false],"author_info":[],"comment_info":1,"uagb_featured_image_src":{"full":["https:\/\/www.studiainitalia.com\/wp-content\/uploads\/2020\/10\/foto-curso-on-line-florencia.jpg",501,500,false],"thumbnail":["https:\/\/www.studiainitalia.com\/wp-content\/uploads\/2020\/10\/foto-curso-on-line-florencia.jpg",96,96,false],"medium":["https:\/\/www.studiainitalia.com\/wp-content\/uploads\/2020\/10\/foto-curso-on-line-florencia.jpg",501,500,false],"medium_large":["https:\/\/www.studiainitalia.com\/wp-content\/uploads\/2020\/10\/foto-curso-on-line-florencia.jpg",501,500,false],"large":["https:\/\/www.studiainitalia.com\/wp-content\/uploads\/2020\/10\/foto-curso-on-line-florencia.jpg",501,500,false],"1536x1536":["https:\/\/www.studiainitalia.com\/wp-content\/uploads\/2020\/10\/foto-curso-on-line-florencia.jpg",501,500,false],"2048x2048":["https:\/\/www.studiainitalia.com\/wp-content\/uploads\/2020\/10\/foto-curso-on-line-florencia.jpg",501,500,false],"ultp_layout_landscape_large":["https:\/\/www.studiainitalia.com\/wp-content\/uploads\/2020\/10\/foto-curso-on-line-florencia.jpg",501,500,false],"ultp_layout_landscape":["https:\/\/www.studiainitalia.com\/wp-content\/uploads\/2020\/10\/foto-curso-on-line-florencia.jpg",501,500,false],"ultp_layout_portrait":["https:\/\/www.studiainitalia.com\/wp-content\/uploads\/2020\/10\/foto-curso-on-line-florencia.jpg",501,500,false],"ultp_layout_square":["https:\/\/www.studiainitalia.com\/wp-content\/uploads\/2020\/10\/foto-curso-on-line-florencia.jpg",501,500,false],"gform-image-choice-sm":["https:\/\/www.studiainitalia.com\/wp-content\/uploads\/2020\/10\/foto-curso-on-line-florencia.jpg",300,300,false],"gform-image-choice-md":["https:\/\/www.studiainitalia.com\/wp-content\/uploads\/2020\/10\/foto-curso-on-line-florencia.jpg",400,400,false],"gform-image-choice-lg":["https:\/\/www.studiainitalia.com\/wp-content\/uploads\/2020\/10\/foto-curso-on-line-florencia.jpg",501,500,false],"woocommerce_thumbnail":["https:\/\/www.studiainitalia.com\/wp-content\/uploads\/2020\/10\/foto-curso-on-line-florencia-300x300.jpg",300,300,true],"woocommerce_single":["https:\/\/www.studiainitalia.com\/wp-content\/uploads\/2020\/10\/foto-curso-on-line-florencia-400x399.jpg",400,399,true],"woocommerce_gallery_thumbnail":["https:\/\/www.studiainitalia.com\/wp-content\/uploads\/2020\/10\/foto-curso-on-line-florencia-100x100.jpg",100,100,true],"yarpp-thumbnail":["https:\/\/www.studiainitalia.com\/wp-content\/uploads\/2020\/10\/foto-curso-on-line-florencia-120x120.jpg",120,120,true]},"uagb_author_info":{"display_name":"rafael","author_link":"https:\/\/www.studiainitalia.com\/pt-br\/author\/"},"uagb_comment_info":1,"uagb_excerpt":"Se voc\u00ea ama a hist\u00f3ria da arte italiana, oferecemos um curso completo para entender o que significa a Renascen\u00e7a &nbsp; Este curso \u00e9 perfeito se voc\u00ea ama a hist\u00f3ria da arte, mesmo que n\u00e3o tenha tempo ou oportunidade de estudar. Palestras florentinas que lhe permitem viajar para tr\u00e1s na hist\u00f3ria da arte da cidade de&hellip;","_links":{"self":[{"href":"https:\/\/www.studiainitalia.com\/pt-br\/wp-json\/wp\/v2\/product\/189304","targetHints":{"allow":["GET"]}}],"collection":[{"href":"https:\/\/www.studiainitalia.com\/pt-br\/wp-json\/wp\/v2\/product"}],"about":[{"href":"https:\/\/www.studiainitalia.com\/pt-br\/wp-json\/wp\/v2\/types\/product"}],"replies":[{"embeddable":true,"href":"https:\/\/www.studiainitalia.com\/pt-br\/wp-json\/wp\/v2\/comments?post=189304"}],"wp:featuredmedia":[{"embeddable":true,"href":"https:\/\/www.studiainitalia.com\/pt-br\/wp-json\/wp\/v2\/media\/125666"}],"wp:attachment":[{"href":"https:\/\/www.studiainitalia.com\/pt-br\/wp-json\/wp\/v2\/media?parent=189304"}],"wp:term":[{"taxonomy":"section","embeddable":true,"href":"https:\/\/www.studiainitalia.com\/pt-br\/wp-json\/wp\/v2\/section?post=189304"},{"taxonomy":"product_brand","embeddable":true,"href":"https:\/\/www.studiainitalia.com\/pt-br\/wp-json\/wp\/v2\/product_brand?post=189304"},{"taxonomy":"product_cat","embeddable":true,"href":"https:\/\/www.studiainitalia.com\/pt-br\/wp-json\/wp\/v2\/product_cat?post=189304"},{"taxonomy":"product_tag","embeddable":true,"href":"https:\/\/www.studiainitalia.com\/pt-br\/wp-json\/wp\/v2\/product_tag?post=189304"}],"curies":[{"name":"wp","href":"https:\/\/api.w.org\/{rel}","templated":true}]}}