{"id":189313,"date":"2020-07-23T08:22:48","date_gmt":"2020-07-23T06:22:48","guid":{"rendered":"https:\/\/www.studiainitalia.com\/courses\/sem%20categoria\/italian-courses-online\/"},"modified":"2025-12-20T00:22:31","modified_gmt":"2025-12-19T23:22:31","slug":"cursos-de-italiano-online","status":"publish","type":"product","link":"https:\/\/www.studiainitalia.com\/pt-br\/cursos\/cursos-de-italiano-em-italia\/cursos-de-italiano-online\/","title":{"rendered":"Curso de italiano online"},"content":{"rendered":"<p>Novo curso de italiano online. Ap\u00f3s uma aula introdut\u00f3ria, voc\u00ea ser\u00e1 colocado de acordo com o seu n\u00edvel de italiano.<br \/>\nAs aulas s\u00e3o organizadas em duas sess\u00f5es semanais com dura\u00e7\u00e3o de 1,5 horas. As aulas ser\u00e3o realizadas \u00e0 partir das 18:00 (hor\u00e1rio italiano).<br \/>\nGrupos de 3 a 6 alunos.<br \/>\nN\u00edveis dispon\u00edveis: A1, B1, B2<br \/>\nA escola emitir\u00e1 um certificando sua participa\u00e7\u00e3o.<\/p>\n<div class=\"aiosrs-rating-wrap\" data-schema-id=\"90691\">\n<div class=\"aiosrs-rating-summary-wrap\"><\/div>\n<\/div>\n","protected":false},"excerpt":{"rendered":"<div class=\"woocommerce-product-details__short-description\">\n<div class=\"woocommerce-product-details__short-description\">\n<h2>Aprender italiano online<\/h2>\n<p>&nbsp;<\/p>\n<p>Gostaria de estudar italiano a partir do conforto da sua casa? O italiano \u00e9 uma das l\u00ednguas mais faladas no mundo. Quer aprender connosco?<\/p>\n<p>Oferecemos um novo curso de italiano online, adaptado ao seu n\u00edvel lingu\u00edstico. Ap\u00f3s um teste introdut\u00f3rio, ser\u00e1 colocado de acordo com o seu n\u00edvel de italiano.<\/p>\n<p>Oferecemos diferentes op\u00e7\u00f5es: curso para pequenos grupos, aulas particulares, cursos super intensivos.<\/p>\n<p>Pe\u00e7a mais informa\u00e7\u00f5es e organizaremos uma aula experimental gratuita!<\/p>\n<p>Estude italiano online connosco!<\/p>\n<\/div>\n<form class=\"cart\" action=\"https:\/\/www.studiainitalia.com\/pt-br\/cursos\/cursos-online\/curso-de-italiano-online\/\" enctype=\"multipart\/form-data\" method=\"post\">\n<div id=\"yith-wcdp-add-deposit-to-cart\" class=\"yith-wcdp\">\n<div class=\"yith-wcdp-single-add-to-cart-fields\" style=\"box-sizing: border-box; margin: 0px; padding: 0px; border: 0px; outline: 0px; font-size: 14px; text-size-adjust: 100%; vertical-align: baseline; background: transparent;\" data-deposit-type=\"amount\" data-deposit-amount=\"150\" data-deposit-rate=\"0\" data-price-template=\"&lt;span class=&quot;woocommerce-Price-amount amount&quot;&gt;&lt;bdi&gt;0&lt;span class=&quot;woocommerce-Price-currencySymbol&quot;&gt;\u20ac&lt;\/span&gt;&lt;\/bdi&gt;&lt;\/span&gt;\">Esta ac\u00e7\u00e3o permitir-lhe-\u00e1 pagar um dep\u00f3sito de\u00a0<span class=\"deposit-price\"><span class=\"woocommerce-Price-amount amount\">150<span class=\"woocommerce-Price-currencySymbol\">\u20ac<\/span><\/span><\/span>\u00a0por este produto<\/div>\n<\/div>\n<\/form>\n<\/div>\n","protected":false},"featured_media":199766,"comment_status":"open","ping_status":"closed","template":"","meta":{"_acf_changed":false,"_uag_custom_page_level_css":"","_kad_blocks_custom_css":"","_kad_blocks_head_custom_js":"","_kad_blocks_body_custom_js":"","_kad_blocks_footer_custom_js":"","site-sidebar-layout":"default","site-content-layout":"default","ast-site-content-layout":"default","site-content-style":"default","site-sidebar-style":"default","ast-global-header-display":"","ast-banner-title-visibility":"","ast-main-header-display":"","ast-hfb-above-header-display":"","ast-hfb-below-header-display":"","ast-hfb-mobile-header-display":"","site-post-title":"","ast-breadcrumbs-content":"","ast-featured-img":"","footer-sml-layout":"","ast-disable-related-posts":"","theme-transparent-header-meta":"default","adv-header-id-meta":"","stick-header-meta":"default","header-above-stick-meta":"","header-main-stick-meta":"","header-below-stick-meta":"","astra-migrate-meta-layouts":"set","ast-page-background-enabled":"default","ast-page-background-meta":{"desktop":{"background-color":"var(--ast-global-color-4)","background-image":"","background-repeat":"repeat","background-position":"center center","background-size":"auto","background-attachment":"scroll","background-type":"","background-media":"","overlay-type":"","overlay-color":"","overlay-opacity":"","overlay-gradient":""},"tablet":{"background-color":"","background-image":"","background-repeat":"repeat","background-position":"center center","background-size":"auto","background-attachment":"scroll","background-type":"","background-media":"","overlay-type":"","overlay-color":"","overlay-opacity":"","overlay-gradient":""},"mobile":{"background-color":"","background-image":"","background-repeat":"repeat","background-position":"center center","background-size":"auto","background-attachment":"scroll","background-type":"","background-media":"","overlay-type":"","overlay-color":"","overlay-opacity":"","overlay-gradient":""}},"ast-content-background-meta":{"desktop":{"background-color":"var(--ast-global-color-5)","background-image":"","background-repeat":"repeat","background-position":"center center","background-size":"auto","background-attachment":"scroll","background-type":"","background-media":"","overlay-type":"","overlay-color":"","overlay-opacity":"","overlay-gradient":""},"tablet":{"background-color":"var(--ast-global-color-5)","background-image":"","background-repeat":"repeat","background-position":"center center","background-size":"auto","background-attachment":"scroll","background-type":"","background-media":"","overlay-type":"","overlay-color":"","overlay-opacity":"","overlay-gradient":""},"mobile":{"background-color":"var(--ast-global-color-5)","background-image":"","background-repeat":"repeat","background-position":"center center","background-size":"auto","background-attachment":"scroll","background-type":"","background-media":"","overlay-type":"","overlay-color":"","overlay-opacity":"","overlay-gradient":""}}},"section":[],"product_brand":[],"product_cat":[1346,1267],"product_tag":[1848],"class_list":{"0":"post-189313","1":"product","2":"type-product","3":"status-publish","4":"has-post-thumbnail","6":"product_cat-cursos-online","7":"product_cat-cursos-de-italiano-em-italia","8":"product_tag-cursos-italiano","9":"desktop-align-left","10":"tablet-align-left","11":"mobile-align-left","12":"ast-product-gallery-layout-horizontal-slider","13":"ast-product-gallery-with-no-image","14":"ast-product-tabs-layout-horizontal","15":"ast-qv-on-image-click","17":"first","18":"instock","19":"sold-individually","20":"shipping-taxable","21":"purchasable","22":"product-type-simple"},"acf":[],"taxonomy_info":{"product_cat":[{"value":1346,"label":"Cursos online"},{"value":1267,"label":"Cursos de italiano em It\u00e1lia"}],"product_tag":[{"value":1848,"label":"Cursos Italiano"}]},"featured_image_src_large":["https:\/\/www.studiainitalia.com\/wp-content\/uploads\/2024\/10\/laptop-2838917_1280.jpg",1280,853,false],"author_info":[],"comment_info":0,"uagb_featured_image_src":{"full":["https:\/\/www.studiainitalia.com\/wp-content\/uploads\/2024\/10\/laptop-2838917_1280.jpg",1280,853,false],"thumbnail":["https:\/\/www.studiainitalia.com\/wp-content\/uploads\/2024\/10\/laptop-2838917_1280.jpg",128,85,false],"medium":["https:\/\/www.studiainitalia.com\/wp-content\/uploads\/2024\/10\/laptop-2838917_1280.jpg",1280,853,false],"medium_large":["https:\/\/www.studiainitalia.com\/wp-content\/uploads\/2024\/10\/laptop-2838917_1280-768x512.jpg",768,512,true],"large":["https:\/\/www.studiainitalia.com\/wp-content\/uploads\/2024\/10\/laptop-2838917_1280.jpg",1280,853,false],"1536x1536":["https:\/\/www.studiainitalia.com\/wp-content\/uploads\/2024\/10\/laptop-2838917_1280.jpg",1280,853,false],"2048x2048":["https:\/\/www.studiainitalia.com\/wp-content\/uploads\/2024\/10\/laptop-2838917_1280.jpg",1280,853,false],"ultp_layout_landscape_large":["https:\/\/www.studiainitalia.com\/wp-content\/uploads\/2024\/10\/laptop-2838917_1280-1200x800.jpg",1200,800,true],"ultp_layout_landscape":["https:\/\/www.studiainitalia.com\/wp-content\/uploads\/2024\/10\/laptop-2838917_1280-870x570.jpg",870,570,true],"ultp_layout_portrait":["https:\/\/www.studiainitalia.com\/wp-content\/uploads\/2024\/10\/laptop-2838917_1280-600x853.jpg",600,853,true],"ultp_layout_square":["https:\/\/www.studiainitalia.com\/wp-content\/uploads\/2024\/10\/laptop-2838917_1280-600x600.jpg",600,600,true],"gform-image-choice-sm":["https:\/\/www.studiainitalia.com\/wp-content\/uploads\/2024\/10\/laptop-2838917_1280.jpg",300,200,false],"gform-image-choice-md":["https:\/\/www.studiainitalia.com\/wp-content\/uploads\/2024\/10\/laptop-2838917_1280.jpg",400,267,false],"gform-image-choice-lg":["https:\/\/www.studiainitalia.com\/wp-content\/uploads\/2024\/10\/laptop-2838917_1280.jpg",600,400,false],"woocommerce_thumbnail":["https:\/\/www.studiainitalia.com\/wp-content\/uploads\/2024\/10\/laptop-2838917_1280-300x300.jpg",300,300,true],"woocommerce_single":["https:\/\/www.studiainitalia.com\/wp-content\/uploads\/2024\/10\/laptop-2838917_1280-400x267.jpg",400,267,true],"woocommerce_gallery_thumbnail":["https:\/\/www.studiainitalia.com\/wp-content\/uploads\/2024\/10\/laptop-2838917_1280-100x100.jpg",100,100,true],"yarpp-thumbnail":["https:\/\/www.studiainitalia.com\/wp-content\/uploads\/2024\/10\/laptop-2838917_1280-120x120.jpg",120,120,true]},"uagb_author_info":{"display_name":"rafael","author_link":"https:\/\/www.studiainitalia.com\/pt-br\/author\/"},"uagb_comment_info":0,"uagb_excerpt":"Aprender italiano online &nbsp; Gostaria de estudar italiano a partir do conforto da sua casa? O italiano \u00e9 uma das l\u00ednguas mais faladas no mundo. Quer aprender connosco? Oferecemos um novo curso de italiano online, adaptado ao seu n\u00edvel lingu\u00edstico. Ap\u00f3s um teste introdut\u00f3rio, ser\u00e1 colocado de acordo com o seu n\u00edvel de italiano. Oferecemos&hellip;","_links":{"self":[{"href":"https:\/\/www.studiainitalia.com\/pt-br\/wp-json\/wp\/v2\/product\/189313","targetHints":{"allow":["GET"]}}],"collection":[{"href":"https:\/\/www.studiainitalia.com\/pt-br\/wp-json\/wp\/v2\/product"}],"about":[{"href":"https:\/\/www.studiainitalia.com\/pt-br\/wp-json\/wp\/v2\/types\/product"}],"replies":[{"embeddable":true,"href":"https:\/\/www.studiainitalia.com\/pt-br\/wp-json\/wp\/v2\/comments?post=189313"}],"wp:featuredmedia":[{"embeddable":true,"href":"https:\/\/www.studiainitalia.com\/pt-br\/wp-json\/wp\/v2\/media\/199766"}],"wp:attachment":[{"href":"https:\/\/www.studiainitalia.com\/pt-br\/wp-json\/wp\/v2\/media?parent=189313"}],"wp:term":[{"taxonomy":"section","embeddable":true,"href":"https:\/\/www.studiainitalia.com\/pt-br\/wp-json\/wp\/v2\/section?post=189313"},{"taxonomy":"product_brand","embeddable":true,"href":"https:\/\/www.studiainitalia.com\/pt-br\/wp-json\/wp\/v2\/product_brand?post=189313"},{"taxonomy":"product_cat","embeddable":true,"href":"https:\/\/www.studiainitalia.com\/pt-br\/wp-json\/wp\/v2\/product_cat?post=189313"},{"taxonomy":"product_tag","embeddable":true,"href":"https:\/\/www.studiainitalia.com\/pt-br\/wp-json\/wp\/v2\/product_tag?post=189313"}],"curies":[{"name":"wp","href":"https:\/\/api.w.org\/{rel}","templated":true}]}}