{"id":189325,"date":"2020-10-16T11:11:43","date_gmt":"2020-10-16T09:11:43","guid":{"rendered":"https:\/\/www.studiainitalia.com\/courses\/sem%20categoria\/arte-historia-curso-in-rome\/"},"modified":"2025-12-20T00:18:00","modified_gmt":"2025-12-19T23:18:00","slug":"curso-de-historia-da-arte-em-roma","status":"publish","type":"product","link":"https:\/\/www.studiainitalia.com\/pt-br\/cursos\/cursos-de-italiano-em-roma\/curso-de-historia-da-arte-em-roma\/","title":{"rendered":"Curso de Hist\u00f3ria da Arte em Roma"},"content":{"rendered":"<h2><strong>Curso de Hist\u00f3ria da Arte em Roma<\/strong><\/h2>\n<p>&nbsp;<\/p>\n<p>As 10 aulas acontecem em Roma com visitas \u00e0 cidade. O pre\u00e7o n\u00e3o inclui ingressos para museus, galerias de arte, exposi\u00e7\u00f5es.<\/p>\n<p>O programa\u00a0<span class=\"tlid-translation translation\" lang=\"pt\"><span class=\"\" title=\"\">tem uma dura\u00e7\u00e3o<\/span><\/span>\u00a0de uma semana e \u00e9 feito sob medida para individuais e grupos pequenos.<\/p>\n<p>\u00c9 poss\u00edvel combinar os programas durante a mesma semana.<\/p>\n<h3><\/h3>\n<p>&nbsp;<\/p>\n<p>&nbsp;<\/p>\n\n<table id=\"tablepress-749\" class=\"tablepress tablepress-id-749 tbody-has-connected-cells\">\n<thead>\n<tr class=\"row-1\">\n\t<th colspan=\"6\" class=\"column-1\">Datas de in\u00edcio 2026<\/th>\n<\/tr>\n<\/thead>\n<tbody class=\"row-striping row-hover\">\n<tr class=\"row-2\">\n\t<td class=\"column-1\">Janeiro<\/td><td class=\"column-2\">7<\/td><td class=\"column-3\">Maio<\/td><td class=\"column-4\">4<\/td><td class=\"column-5\">Setembro<\/td><td class=\"column-6\">28<\/td>\n<\/tr>\n<tr class=\"row-3\">\n\t<td class=\"column-1\">Fevereiro<\/td><td class=\"column-2\">2<\/td><td class=\"column-3\">Junho<\/td><td class=\"column-4\">3<\/td><td class=\"column-5\">Outubro<\/td><td class=\"column-6\">26<\/td>\n<\/tr>\n<tr class=\"row-4\">\n\t<td class=\"column-1\">Mar\u00e7o <\/td><td class=\"column-2\">2, 30<\/td><td class=\"column-3\">Julho<\/td><td class=\"column-4\">6<\/td><td class=\"column-5\">Novembro<\/td><td class=\"column-6\">23<\/td>\n<\/tr>\n<tr class=\"row-5\">\n\t<td class=\"column-1\">Abril<\/td><td class=\"column-2\"><\/td><td class=\"column-3\">Agosto<\/td><td class=\"column-4\">3, 31<\/td><td class=\"column-5\">Dezembro<\/td><td class=\"column-6\"><\/td>\n<\/tr>\n<tr class=\"row-6\">\n\t<td colspan=\"6\" class=\"column-1\">A escola ser\u00e1 fechada nos seguintes feriados nacionais: 06\/01, segunda-feira de P\u00e1scoa, 25\/04, 01\/05, 02\/06, 15\/08, 01\/11, 8\/12, e durante os feriados locais e f\u00e9rias de Natal.<\/td>\n<\/tr>\n<\/tbody>\n<\/table>\n<!-- #tablepress-749 from cache -->\n<p>&nbsp;<\/p>\n","protected":false},"excerpt":{"rendered":"<div class=\"woocommerce-product-details__short-description\">\n<h2>Se voc\u00ea ama a arte italiana, deveria visitar a cidade eterna uma vez na vida<\/h2>\n<h4><\/h4>\n<p><strong>Voc\u00ea vai admirar a beleza de suas obras-primas e, entre outras, ficar\u00e1 emocionado com a Piedade de Michelangelo.<\/strong><\/p>\n<p>&nbsp;<\/p>\n<p>Este curso oferece uma vis\u00e3o geral especial da hist\u00f3ria da arte em Roma. Voc\u00ea pode escolher estudar diferentes per\u00edodos, incluindo a Antiguidade Romana, a Roma Medieval, o Renascimento ou o per\u00edodo Barroco.<\/p>\n<p>Cada programa tem diez aulas particulares. Voc\u00ea pode fazer este curso em italiano. Seu professor, um historiador da arte italiano, lhe dar\u00e1 o privil\u00e9gio de ver Roma como um visitante de um grande tour cl\u00e1ssico como no passado.<\/p>\n<p>Estas aulas de hist\u00f3ria da arte v\u00e3o oferecer-lhe, antes de mais nada, a verdadeira oportunidade de descobrir a capital italiana longe do turismo de massa.<\/p>\n<p>Em conclus\u00e3o, voc\u00ea definitivamente vai gostar de Roma. Voc\u00ea pode personalizar os programas.<\/p>\n<p>Voc\u00ea tamb\u00e9m pode combinar mais de um programa ao mesmo tempo.<\/p>\n<p>Al\u00e9m disso, voc\u00ea pode solicitar diferentes aulas de arte, de acordo com suas necessidades ou interesses.<\/p>\n<p>As aulas acontecem em Roma e o curso inclui visitas \u00e0 cidade e seus museus.<\/p>\n<\/div>\n<form class=\"variations_form cart\" action=\"https:\/\/www.studiainitalia.com\/pt-br\/cursos\/italian-courses-in-rome\/curso-de-historia-da-arte-em-roma\/\" enctype=\"multipart\/form-data\" method=\"post\" data-product_id=\"85283\" data-product_variations=\"[{&quot;attributes&quot;:{&quot;attribute_number-of-lessons&quot;:&quot;&quot;},&quot;availability_html&quot;:&quot;&quot;,&quot;backorders_allowed&quot;:false,&quot;dimensions&quot;:{&quot;length&quot;:&quot;&quot;,&quot;width&quot;:&quot;&quot;,&quot;height&quot;:&quot;&quot;},&quot;dimensions_html&quot;:&quot;N\/A&quot;,&quot;display_price&quot;:750,&quot;display_regular_price&quot;:750,&quot;image&quot;:{&quot;title&quot;:&quot;foto-curso-roma&quot;,&quot;caption&quot;:&quot;&quot;,&quot;url&quot;:&quot;https:\/\/www.studiainitalia.com\/wp-content\/uploads\/2020\/10\/foto-curso-roma.jpg&quot;,&quot;alt&quot;:&quot;curso arte em roma&quot;,&quot;src&quot;:&quot;https:\/\/www.studiainitalia.com\/wp-content\/uploads\/2020\/10\/foto-curso-roma.jpg&quot;,&quot;srcset&quot;:&quot;https:\/\/www.studiainitalia.com\/wp-content\/uploads\/2020\/10\/foto-curso-roma.jpg 401w, https:\/\/www.studiainitalia.com\/wp-content\/uploads\/2020\/10\/foto-curso-roma-300x300.jpg 300w, https:\/\/www.studiainitalia.com\/wp-content\/uploads\/2020\/10\/foto-curso-roma-100x100.jpg 100w, https:\/\/www.studiainitalia.com\/wp-content\/uploads\/2020\/10\/foto-curso-roma-120x120.jpg 120w&quot;,&quot;sizes&quot;:&quot;(max-width: 400px) 100vw, 400px&quot;,&quot;full_src&quot;:&quot;https:\/\/www.studiainitalia.com\/wp-content\/uploads\/2020\/10\/foto-curso-roma.jpg&quot;,&quot;full_src_w&quot;:401,&quot;full_src_h&quot;:400,&quot;gallery_thumbnail_src&quot;:&quot;https:\/\/www.studiainitalia.com\/wp-content\/uploads\/2020\/10\/foto-curso-roma-100x100.jpg&quot;,&quot;gallery_thumbnail_src_w&quot;:100,&quot;gallery_thumbnail_src_h&quot;:100,&quot;thumb_src&quot;:&quot;https:\/\/www.studiainitalia.com\/wp-content\/uploads\/2020\/10\/foto-curso-roma-300x300.jpg&quot;,&quot;thumb_src_w&quot;:300,&quot;thumb_src_h&quot;:300,&quot;src_w&quot;:400,&quot;src_h&quot;:399},&quot;image_id&quot;:85281,&quot;is_downloadable&quot;:false,&quot;is_in_stock&quot;:true,&quot;is_purchasable&quot;:true,&quot;is_sold_individually&quot;:&quot;yes&quot;,&quot;is_virtual&quot;:false,&quot;max_qty&quot;:1,&quot;min_qty&quot;:1,&quot;price_html&quot;:&quot;&quot;,&quot;sku&quot;:&quot;&quot;,&quot;variation_description&quot;:&quot;&quot;,&quot;variation_id&quot;:85438,&quot;variation_is_active&quot;:true,&quot;variation_is_visible&quot;:true,&quot;weight&quot;:&quot;&quot;,&quot;weight_html&quot;:&quot;N\/A&quot;}]\"><\/form>\n","protected":false},"featured_media":125648,"comment_status":"open","ping_status":"closed","template":"","meta":{"_acf_changed":false,"_uag_custom_page_level_css":"","_kad_blocks_custom_css":"","_kad_blocks_head_custom_js":"","_kad_blocks_body_custom_js":"","_kad_blocks_footer_custom_js":"","site-sidebar-layout":"default","site-content-layout":"default","ast-site-content-layout":"default","site-content-style":"default","site-sidebar-style":"default","ast-global-header-display":"","ast-banner-title-visibility":"","ast-main-header-display":"","ast-hfb-above-header-display":"","ast-hfb-below-header-display":"","ast-hfb-mobile-header-display":"","site-post-title":"","ast-breadcrumbs-content":"","ast-featured-img":"","footer-sml-layout":"","ast-disable-related-posts":"","theme-transparent-header-meta":"default","adv-header-id-meta":"","stick-header-meta":"default","header-above-stick-meta":"","header-main-stick-meta":"","header-below-stick-meta":"","astra-migrate-meta-layouts":"set","ast-page-background-enabled":"default","ast-page-background-meta":{"desktop":{"background-color":"var(--ast-global-color-4)","background-image":"","background-repeat":"repeat","background-position":"center center","background-size":"auto","background-attachment":"scroll","background-type":"","background-media":"","overlay-type":"","overlay-color":"","overlay-opacity":"","overlay-gradient":""},"tablet":{"background-color":"","background-image":"","background-repeat":"repeat","background-position":"center center","background-size":"auto","background-attachment":"scroll","background-type":"","background-media":"","overlay-type":"","overlay-color":"","overlay-opacity":"","overlay-gradient":""},"mobile":{"background-color":"","background-image":"","background-repeat":"repeat","background-position":"center center","background-size":"auto","background-attachment":"scroll","background-type":"","background-media":"","overlay-type":"","overlay-color":"","overlay-opacity":"","overlay-gradient":""}},"ast-content-background-meta":{"desktop":{"background-color":"var(--ast-global-color-5)","background-image":"","background-repeat":"repeat","background-position":"center center","background-size":"auto","background-attachment":"scroll","background-type":"","background-media":"","overlay-type":"","overlay-color":"","overlay-opacity":"","overlay-gradient":""},"tablet":{"background-color":"var(--ast-global-color-5)","background-image":"","background-repeat":"repeat","background-position":"center center","background-size":"auto","background-attachment":"scroll","background-type":"","background-media":"","overlay-type":"","overlay-color":"","overlay-opacity":"","overlay-gradient":""},"mobile":{"background-color":"var(--ast-global-color-5)","background-image":"","background-repeat":"repeat","background-position":"center center","background-size":"auto","background-attachment":"scroll","background-type":"","background-media":"","overlay-type":"","overlay-color":"","overlay-opacity":"","overlay-gradient":""}}},"section":[],"product_brand":[],"product_cat":[1303,1349],"product_tag":[1860],"class_list":{"0":"post-189325","1":"product","2":"type-product","3":"status-publish","4":"has-post-thumbnail","6":"product_cat-cursos-de-italiano-em-roma","7":"product_cat-cursos-de-historia-da-arte-em-italia","8":"product_tag-historia-arte","9":"desktop-align-left","10":"tablet-align-left","11":"mobile-align-left","12":"ast-product-gallery-layout-horizontal-slider","13":"ast-product-single-variable","14":"ast-product-tabs-layout-horizontal","15":"ast-qv-on-image-click","17":"first","18":"instock","19":"sold-individually","20":"shipping-taxable","21":"purchasable","22":"product-type-variable"},"acf":[],"taxonomy_info":{"product_cat":[{"value":1303,"label":"Cursos de italiano em Roma"},{"value":1349,"label":"Cursos de hist\u00f3ria da arte em It\u00e1lia"}],"product_tag":[{"value":1860,"label":"Historia Arte"}]},"featured_image_src_large":["https:\/\/www.studiainitalia.com\/wp-content\/uploads\/2020\/10\/foto-curso-roma.jpg",401,400,false],"author_info":[],"comment_info":1,"uagb_featured_image_src":{"full":["https:\/\/www.studiainitalia.com\/wp-content\/uploads\/2020\/10\/foto-curso-roma.jpg",401,400,false],"thumbnail":["https:\/\/www.studiainitalia.com\/wp-content\/uploads\/2020\/10\/foto-curso-roma.jpg",96,96,false],"medium":["https:\/\/www.studiainitalia.com\/wp-content\/uploads\/2020\/10\/foto-curso-roma.jpg",401,400,false],"medium_large":["https:\/\/www.studiainitalia.com\/wp-content\/uploads\/2020\/10\/foto-curso-roma.jpg",401,400,false],"large":["https:\/\/www.studiainitalia.com\/wp-content\/uploads\/2020\/10\/foto-curso-roma.jpg",401,400,false],"1536x1536":["https:\/\/www.studiainitalia.com\/wp-content\/uploads\/2020\/10\/foto-curso-roma.jpg",401,400,false],"2048x2048":["https:\/\/www.studiainitalia.com\/wp-content\/uploads\/2020\/10\/foto-curso-roma.jpg",401,400,false],"ultp_layout_landscape_large":["https:\/\/www.studiainitalia.com\/wp-content\/uploads\/2020\/10\/foto-curso-roma.jpg",401,400,false],"ultp_layout_landscape":["https:\/\/www.studiainitalia.com\/wp-content\/uploads\/2020\/10\/foto-curso-roma.jpg",401,400,false],"ultp_layout_portrait":["https:\/\/www.studiainitalia.com\/wp-content\/uploads\/2020\/10\/foto-curso-roma.jpg",401,400,false],"ultp_layout_square":["https:\/\/www.studiainitalia.com\/wp-content\/uploads\/2020\/10\/foto-curso-roma.jpg",401,400,false],"gform-image-choice-sm":["https:\/\/www.studiainitalia.com\/wp-content\/uploads\/2020\/10\/foto-curso-roma.jpg",300,300,false],"gform-image-choice-md":["https:\/\/www.studiainitalia.com\/wp-content\/uploads\/2020\/10\/foto-curso-roma.jpg",400,399,false],"gform-image-choice-lg":["https:\/\/www.studiainitalia.com\/wp-content\/uploads\/2020\/10\/foto-curso-roma.jpg",401,400,false],"woocommerce_thumbnail":["https:\/\/www.studiainitalia.com\/wp-content\/uploads\/2020\/10\/foto-curso-roma-300x300.jpg",300,300,true],"woocommerce_single":["https:\/\/www.studiainitalia.com\/wp-content\/uploads\/2020\/10\/foto-curso-roma.jpg",400,399,false],"woocommerce_gallery_thumbnail":["https:\/\/www.studiainitalia.com\/wp-content\/uploads\/2020\/10\/foto-curso-roma-100x100.jpg",100,100,true],"yarpp-thumbnail":["https:\/\/www.studiainitalia.com\/wp-content\/uploads\/2020\/10\/foto-curso-roma-120x120.jpg",120,120,true]},"uagb_author_info":{"display_name":"rafael","author_link":"https:\/\/www.studiainitalia.com\/pt-br\/author\/"},"uagb_comment_info":1,"uagb_excerpt":"Se voc\u00ea ama a arte italiana, deveria visitar a cidade eterna uma vez na vida Voc\u00ea vai admirar a beleza de suas obras-primas e, entre outras, ficar\u00e1 emocionado com a Piedade de Michelangelo. &nbsp; Este curso oferece uma vis\u00e3o geral especial da hist\u00f3ria da arte em Roma. Voc\u00ea pode escolher estudar diferentes per\u00edodos, incluindo a&hellip;","_links":{"self":[{"href":"https:\/\/www.studiainitalia.com\/pt-br\/wp-json\/wp\/v2\/product\/189325","targetHints":{"allow":["GET"]}}],"collection":[{"href":"https:\/\/www.studiainitalia.com\/pt-br\/wp-json\/wp\/v2\/product"}],"about":[{"href":"https:\/\/www.studiainitalia.com\/pt-br\/wp-json\/wp\/v2\/types\/product"}],"replies":[{"embeddable":true,"href":"https:\/\/www.studiainitalia.com\/pt-br\/wp-json\/wp\/v2\/comments?post=189325"}],"wp:featuredmedia":[{"embeddable":true,"href":"https:\/\/www.studiainitalia.com\/pt-br\/wp-json\/wp\/v2\/media\/125648"}],"wp:attachment":[{"href":"https:\/\/www.studiainitalia.com\/pt-br\/wp-json\/wp\/v2\/media?parent=189325"}],"wp:term":[{"taxonomy":"section","embeddable":true,"href":"https:\/\/www.studiainitalia.com\/pt-br\/wp-json\/wp\/v2\/section?post=189325"},{"taxonomy":"product_brand","embeddable":true,"href":"https:\/\/www.studiainitalia.com\/pt-br\/wp-json\/wp\/v2\/product_brand?post=189325"},{"taxonomy":"product_cat","embeddable":true,"href":"https:\/\/www.studiainitalia.com\/pt-br\/wp-json\/wp\/v2\/product_cat?post=189325"},{"taxonomy":"product_tag","embeddable":true,"href":"https:\/\/www.studiainitalia.com\/pt-br\/wp-json\/wp\/v2\/product_tag?post=189325"}],"curies":[{"name":"wp","href":"https:\/\/api.w.org\/{rel}","templated":true}]}}