{"id":189347,"date":"2018-02-23T18:07:52","date_gmt":"2018-02-23T17:07:52","guid":{"rendered":"https:\/\/www.studiainitalia.com\/courses\/sem%20categoria\/creative-sewing-course\/"},"modified":"2025-12-20T13:29:29","modified_gmt":"2025-12-20T12:29:29","slug":"curso-de-costura-criativa","status":"publish","type":"product","link":"https:\/\/www.studiainitalia.com\/pt-br\/cursos\/cursos-de-moda\/curso-de-costura-criativa\/","title":{"rendered":"Curso de costura criativa"},"content":{"rendered":"<h2><strong>Curso de costura criativa<\/strong><\/h2>\n<p>&nbsp;<\/p>\n<p>Nosso curso de costura criativa s\u00e3o individuais e s\u00e3o ministrados na mesma escola da moda em Cesena de segunda at\u00e9 a sexta feira.<\/p>\n<p>Os professores s\u00e3o profissionais do setor e as aulas s\u00e3o em italiano com a possibilidade de tradu\u00e7\u00e3o.<\/p>\n<p>No final do curso ser\u00e1 concedido o certificado.<\/p>\n<p>&nbsp;<\/p>\n<table id=\"tablepress-129\" class=\"tablepress tablepress-id-129\">\n<thead>\n<tr class=\"row-1 odd\">\n<th class=\"column-1\" colspan=\"6\">Datas de in\u00edcio<\/th>\n<\/tr>\n<\/thead>\n<tbody class=\"row-hover\">\n<tr class=\"row-2 even\">\n<td class=\"column-1\">Janeiro<\/td>\n<td class=\"column-2\">a pedido<\/td>\n<td class=\"column-3\">Maio<\/td>\n<td class=\"column-4\">a pedido<\/td>\n<td class=\"column-5\">Setembro<\/td>\n<td class=\"column-6\">a pedido<\/td>\n<\/tr>\n<tr class=\"row-3 odd\">\n<td class=\"column-1\">Fevereiro<\/td>\n<td class=\"column-2\">a pedido<\/td>\n<td class=\"column-3\">Junho<\/td>\n<td class=\"column-4\">a pedido<\/td>\n<td class=\"column-5\">Outubro<\/td>\n<td class=\"column-6\">a pedido<\/td>\n<\/tr>\n<tr class=\"row-4 even\">\n<td class=\"column-1\">Mar\u00e7o<\/td>\n<td class=\"column-2\">a pedido<\/td>\n<td class=\"column-3\">Julho<\/td>\n<td class=\"column-4\">a pedido<\/td>\n<td class=\"column-5\">Novembro<\/td>\n<td class=\"column-6\">a pedido<\/td>\n<\/tr>\n<tr class=\"row-5 odd\">\n<td class=\"column-1\">Abril<\/td>\n<td class=\"column-2\">a pedido<\/td>\n<td class=\"column-3\">Agosto<\/td>\n<td class=\"column-4\"><\/td>\n<td class=\"column-5\">Dezembro<\/td>\n<td class=\"column-6\">a pedido<\/td>\n<\/tr>\n<tr class=\"row-6 even\">\n<td class=\"column-1\" colspan=\"6\">A escola ser\u00e1 fechada nos seguintes feriados nacionais: 06\/01, segunda-feira de P\u00e1scoa, 25\/04, 01\/05, 02\/06, 15\/08, 01\/11, 8\/12, e durante os feriados locais e f\u00e9rias de Natal.<\/td>\n<\/tr>\n<\/tbody>\n<\/table>\n<div class=\"aiosrs-rating-wrap\" data-schema-id=\"90691\">\n<div class=\"aiosrs-star-rating-wrap \"><\/div>\n<div class=\"aiosrs-rating-summary-wrap\"><\/div>\n<\/div>\n<h3><\/h3>\n","protected":false},"excerpt":{"rendered":"<div class=\"woocommerce-product-details__short-description\">\n<h2><strong>Coser roupas criativas e personalizadas!<\/strong><\/h2>\n<p>&nbsp;<\/p>\n<p>O curso de costura criativa \u00e9 perfeito se quiser aprender t\u00e9cnicas de corte e costura para reciclar t\u00eaxteis e roupas que j\u00e1 n\u00e3o usa<\/p>\n<p><span id=\"result_box\" class=\"\" lang=\"pt\">O curso de costura criativa destina-se a quem deseja aprender as t\u00e9cnicas de confec\u00e7\u00e3o de roupas. Um curso simple e pr\u00e1tico onde voc\u00ea aprender\u00e1 a criar roupas ecol\u00f3gicas reciclando as suas roupas velhas<\/span><\/p>\n<p><span id=\"result_box\" class=\"\" lang=\"pt\">No curso voc\u00ea aprender\u00e1 as t\u00e9cnicas e medidas para economizar tempo.<\/span><\/p>\n<p><span id=\"result_box\" class=\"\" lang=\"pt\"><span class=\"\">Estes s\u00e3o cursos individuais com dura\u00e7\u00e3o de 32 horas que podem ser adaptados de acordo com as necessidades pessoais e ser\u00e3o ensinados em italiano, dentro de nossa escola de moda.<\/span><\/span><\/p>\n<\/div>\n<form class=\"variations_form cart\" action=\"https:\/\/www.studiainitalia.com\/pt-br\/cursos\/cursos-em-florenca\/curso-de-costura-criativa\/\" enctype=\"multipart\/form-data\" method=\"post\" data-product_id=\"72133\" data-product_variations=\"[{&quot;attributes&quot;:{&quot;attribute_number-of-hours&quot;:&quot;32 hours, course only&quot;},&quot;availability_html&quot;:&quot;&quot;,&quot;backorders_allowed&quot;:false,&quot;dimensions&quot;:{&quot;length&quot;:&quot;&quot;,&quot;width&quot;:&quot;&quot;,&quot;height&quot;:&quot;&quot;},&quot;dimensions_html&quot;:&quot;N\/A&quot;,&quot;display_price&quot;:1800,&quot;display_regular_price&quot;:1800,&quot;image&quot;:{&quot;title&quot;:&quot;costura-criativa&quot;,&quot;caption&quot;:&quot;&quot;,&quot;url&quot;:&quot;https:\/\/www.studiainitalia.com\/wp-content\/uploads\/2018\/02\/creative_sewing_florence.jpeg&quot;,&quot;alt&quot;:&quot;Curso de costura criativa&quot;,&quot;src&quot;:&quot;https:\/\/www.studiainitalia.com\/wp-content\/uploads\/2018\/02\/creative_sewing_florence-400x400.jpeg&quot;,&quot;srcset&quot;:&quot;https:\/\/www.studiainitalia.com\/wp-content\/uploads\/2018\/02\/creative_sewing_florence.jpeg 400w, https:\/\/www.studiainitalia.com\/wp-content\/uploads\/2018\/02\/creative_sewing_florence-300x300.jpeg 300w, https:\/\/www.studiainitalia.com\/wp-content\/uploads\/2018\/02\/creative_sewing_florence-100x100.jpeg 100w&quot;,&quot;sizes&quot;:&quot;(max-width: 400px) 100vw, 400px&quot;,&quot;full_src&quot;:&quot;https:\/\/www.studiainitalia.com\/wp-content\/uploads\/2018\/02\/creative_sewing_florence.jpeg&quot;,&quot;full_src_w&quot;:400,&quot;full_src_h&quot;:400,&quot;gallery_thumbnail_src&quot;:&quot;https:\/\/www.studiainitalia.com\/wp-content\/uploads\/2018\/02\/creative_sewing_florence-100x100.jpeg&quot;,&quot;gallery_thumbnail_src_w&quot;:100,&quot;gallery_thumbnail_src_h&quot;:100,&quot;thumb_src&quot;:&quot;https:\/\/www.studiainitalia.com\/wp-content\/uploads\/2018\/02\/creative_sewing_florence-300x300.jpeg&quot;,&quot;thumb_src_w&quot;:300,&quot;thumb_src_h&quot;:300,&quot;src_w&quot;:400,&quot;src_h&quot;:400},&quot;image_id&quot;:72144,&quot;is_downloadable&quot;:false,&quot;is_in_stock&quot;:true,&quot;is_purchasable&quot;:true,&quot;is_sold_individually&quot;:&quot;yes&quot;,&quot;is_virtual&quot;:false,&quot;max_qty&quot;:1,&quot;min_qty&quot;:1,&quot;price_html&quot;:&quot;&quot;,&quot;sku&quot;:&quot;&quot;,&quot;variation_description&quot;:&quot;&quot;,&quot;variation_id&quot;:72140,&quot;variation_is_active&quot;:true,&quot;variation_is_visible&quot;:true,&quot;weight&quot;:&quot;&quot;,&quot;weight_html&quot;:&quot;N\/A&quot;}]\"><\/form>\n","protected":false},"featured_media":123746,"comment_status":"open","ping_status":"closed","template":"","meta":{"_acf_changed":false,"_uag_custom_page_level_css":"","_kad_blocks_custom_css":"","_kad_blocks_head_custom_js":"","_kad_blocks_body_custom_js":"","_kad_blocks_footer_custom_js":"","site-sidebar-layout":"default","site-content-layout":"default","ast-site-content-layout":"default","site-content-style":"default","site-sidebar-style":"default","ast-global-header-display":"","ast-banner-title-visibility":"","ast-main-header-display":"","ast-hfb-above-header-display":"","ast-hfb-below-header-display":"","ast-hfb-mobile-header-display":"","site-post-title":"","ast-breadcrumbs-content":"","ast-featured-img":"","footer-sml-layout":"","ast-disable-related-posts":"","theme-transparent-header-meta":"default","adv-header-id-meta":"","stick-header-meta":"default","header-above-stick-meta":"","header-main-stick-meta":"","header-below-stick-meta":"","astra-migrate-meta-layouts":"set","ast-page-background-enabled":"default","ast-page-background-meta":{"desktop":{"background-color":"var(--ast-global-color-4)","background-image":"","background-repeat":"repeat","background-position":"center center","background-size":"auto","background-attachment":"scroll","background-type":"","background-media":"","overlay-type":"","overlay-color":"","overlay-opacity":"","overlay-gradient":""},"tablet":{"background-color":"","background-image":"","background-repeat":"repeat","background-position":"center center","background-size":"auto","background-attachment":"scroll","background-type":"","background-media":"","overlay-type":"","overlay-color":"","overlay-opacity":"","overlay-gradient":""},"mobile":{"background-color":"","background-image":"","background-repeat":"repeat","background-position":"center center","background-size":"auto","background-attachment":"scroll","background-type":"","background-media":"","overlay-type":"","overlay-color":"","overlay-opacity":"","overlay-gradient":""}},"ast-content-background-meta":{"desktop":{"background-color":"var(--ast-global-color-5)","background-image":"","background-repeat":"repeat","background-position":"center center","background-size":"auto","background-attachment":"scroll","background-type":"","background-media":"","overlay-type":"","overlay-color":"","overlay-opacity":"","overlay-gradient":""},"tablet":{"background-color":"var(--ast-global-color-5)","background-image":"","background-repeat":"repeat","background-position":"center center","background-size":"auto","background-attachment":"scroll","background-type":"","background-media":"","overlay-type":"","overlay-color":"","overlay-opacity":"","overlay-gradient":""},"mobile":{"background-color":"var(--ast-global-color-5)","background-image":"","background-repeat":"repeat","background-position":"center center","background-size":"auto","background-attachment":"scroll","background-type":"","background-media":"","overlay-type":"","overlay-color":"","overlay-opacity":"","overlay-gradient":""}}},"section":[],"product_brand":[],"product_cat":[1358],"product_tag":[1894],"class_list":{"0":"post-189347","1":"product","2":"type-product","3":"status-publish","4":"has-post-thumbnail","6":"product_cat-cursos-de-moda","7":"product_tag-cursos-de-moda-pt-br","8":"desktop-align-left","9":"tablet-align-left","10":"mobile-align-left","11":"ast-product-gallery-layout-horizontal-slider","12":"ast-product-single-variable","13":"ast-product-tabs-layout-horizontal","14":"ast-qv-on-image-click","16":"first","17":"instock","18":"sold-individually","19":"shipping-taxable","20":"purchasable","21":"product-type-variable","22":"has-default-attributes"},"acf":[],"taxonomy_info":{"product_cat":[{"value":1358,"label":"Cursos de Moda"}],"product_tag":[{"value":1894,"label":"Cursos de Moda"}]},"featured_image_src_large":["https:\/\/www.studiainitalia.com\/wp-content\/uploads\/2018\/02\/creative_sewing_florence.jpeg",400,400,false],"author_info":[],"comment_info":1,"uagb_featured_image_src":{"full":["https:\/\/www.studiainitalia.com\/wp-content\/uploads\/2018\/02\/creative_sewing_florence.jpeg",400,400,false],"thumbnail":["https:\/\/www.studiainitalia.com\/wp-content\/uploads\/2018\/02\/creative_sewing_florence-150x150.jpeg",96,96,true],"medium":["https:\/\/www.studiainitalia.com\/wp-content\/uploads\/2018\/02\/creative_sewing_florence-300x300.jpeg",300,300,true],"medium_large":["https:\/\/www.studiainitalia.com\/wp-content\/uploads\/2018\/02\/creative_sewing_florence.jpeg",400,400,false],"large":["https:\/\/www.studiainitalia.com\/wp-content\/uploads\/2018\/02\/creative_sewing_florence.jpeg",400,400,false],"1536x1536":["https:\/\/www.studiainitalia.com\/wp-content\/uploads\/2018\/02\/creative_sewing_florence.jpeg",400,400,false],"2048x2048":["https:\/\/www.studiainitalia.com\/wp-content\/uploads\/2018\/02\/creative_sewing_florence.jpeg",400,400,false],"ultp_layout_landscape_large":["https:\/\/www.studiainitalia.com\/wp-content\/uploads\/2018\/02\/creative_sewing_florence.jpeg",400,400,false],"ultp_layout_landscape":["https:\/\/www.studiainitalia.com\/wp-content\/uploads\/2018\/02\/creative_sewing_florence.jpeg",400,400,false],"ultp_layout_portrait":["https:\/\/www.studiainitalia.com\/wp-content\/uploads\/2018\/02\/creative_sewing_florence.jpeg",400,400,false],"ultp_layout_square":["https:\/\/www.studiainitalia.com\/wp-content\/uploads\/2018\/02\/creative_sewing_florence.jpeg",400,400,false],"gform-image-choice-sm":["https:\/\/www.studiainitalia.com\/wp-content\/uploads\/2018\/02\/creative_sewing_florence.jpeg",300,300,false],"gform-image-choice-md":["https:\/\/www.studiainitalia.com\/wp-content\/uploads\/2018\/02\/creative_sewing_florence.jpeg",400,400,false],"gform-image-choice-lg":["https:\/\/www.studiainitalia.com\/wp-content\/uploads\/2018\/02\/creative_sewing_florence.jpeg",400,400,false],"woocommerce_thumbnail":["https:\/\/www.studiainitalia.com\/wp-content\/uploads\/2018\/02\/creative_sewing_florence-300x300.jpeg",300,300,true],"woocommerce_single":["https:\/\/www.studiainitalia.com\/wp-content\/uploads\/2018\/02\/creative_sewing_florence-400x400.jpeg",400,400,true],"woocommerce_gallery_thumbnail":["https:\/\/www.studiainitalia.com\/wp-content\/uploads\/2018\/02\/creative_sewing_florence-100x100.jpeg",100,100,true],"yarpp-thumbnail":["https:\/\/www.studiainitalia.com\/wp-content\/uploads\/2018\/02\/creative_sewing_florence.jpeg",120,120,false]},"uagb_author_info":{"display_name":"Javier Diaz","author_link":"https:\/\/www.studiainitalia.com\/pt-br\/author\/"},"uagb_comment_info":1,"uagb_excerpt":"Coser roupas criativas e personalizadas! &nbsp; O curso de costura criativa \u00e9 perfeito se quiser aprender t\u00e9cnicas de corte e costura para reciclar t\u00eaxteis e roupas que j\u00e1 n\u00e3o usa O curso de costura criativa destina-se a quem deseja aprender as t\u00e9cnicas de confec\u00e7\u00e3o de roupas. Um curso simple e pr\u00e1tico onde voc\u00ea aprender\u00e1 a&hellip;","_links":{"self":[{"href":"https:\/\/www.studiainitalia.com\/pt-br\/wp-json\/wp\/v2\/product\/189347","targetHints":{"allow":["GET"]}}],"collection":[{"href":"https:\/\/www.studiainitalia.com\/pt-br\/wp-json\/wp\/v2\/product"}],"about":[{"href":"https:\/\/www.studiainitalia.com\/pt-br\/wp-json\/wp\/v2\/types\/product"}],"replies":[{"embeddable":true,"href":"https:\/\/www.studiainitalia.com\/pt-br\/wp-json\/wp\/v2\/comments?post=189347"}],"wp:featuredmedia":[{"embeddable":true,"href":"https:\/\/www.studiainitalia.com\/pt-br\/wp-json\/wp\/v2\/media\/123746"}],"wp:attachment":[{"href":"https:\/\/www.studiainitalia.com\/pt-br\/wp-json\/wp\/v2\/media?parent=189347"}],"wp:term":[{"taxonomy":"section","embeddable":true,"href":"https:\/\/www.studiainitalia.com\/pt-br\/wp-json\/wp\/v2\/section?post=189347"},{"taxonomy":"product_brand","embeddable":true,"href":"https:\/\/www.studiainitalia.com\/pt-br\/wp-json\/wp\/v2\/product_brand?post=189347"},{"taxonomy":"product_cat","embeddable":true,"href":"https:\/\/www.studiainitalia.com\/pt-br\/wp-json\/wp\/v2\/product_cat?post=189347"},{"taxonomy":"product_tag","embeddable":true,"href":"https:\/\/www.studiainitalia.com\/pt-br\/wp-json\/wp\/v2\/product_tag?post=189347"}],"curies":[{"name":"wp","href":"https:\/\/api.w.org\/{rel}","templated":true}]}}