{"id":189363,"date":"2020-09-15T14:31:20","date_gmt":"2020-09-15T12:31:20","guid":{"rendered":"https:\/\/www.studiainitalia.com\/courses\/sem%20categoria\/italian-in-florence-adults\/"},"modified":"2026-02-25T16:37:59","modified_gmt":"2026-02-25T15:37:59","slug":"italiano-50-em-florenca","status":"publish","type":"product","link":"https:\/\/www.studiainitalia.com\/pt-br\/cursos\/cursos-em-florenca\/italiano-50-em-florenca\/","title":{"rendered":"Curso de italiano +50 em Floren\u00e7a"},"content":{"rendered":"<h2><strong>Curso de italiano+50 em Florenca para seniors<\/strong><\/h2>\n<p>&nbsp;<\/p>\n<p>A escola Centro Machiavelli, fundada em 1978, est\u00e1 localizada em pleno centro hist\u00f3rico de Floren\u00e7a, no bairro de Santo Spirito.\u00a0 O que distingue a escola \u00e9 o cuidado e a aten\u00e7\u00e3o que dispensa a cada um dos participantes dos cursos. A escola de italiano \u00e9 de tamanho m\u00e9dio e isso permite manter um contato cotidiano com todos os estudantes, passar tempo com eles e acompanh\u00e1-los com aten\u00e7\u00e3o.<\/p>\n<p>O n\u00famero de estudantes em cada grupo \u00e9 pequeno e, assim, h\u00e1 mais colabora\u00e7\u00e3o na aprendizagem, que ocorre com maior rapidez; os professores podem levar em conta as necessidades de cada estudante; o ambiente \u00e9 confort\u00e1vel e o clima, informal e de grande disponibilidade. Visto que a comunica\u00e7\u00e3o \u00e9 a base do m\u00e9todo de ensino, d\u00e1-se muita import\u00e2ncia \u00e0 comunica\u00e7\u00e3o oral e limita-se ao m\u00ednimo indispens\u00e1vel o uso de uma l\u00edngua intermedi\u00e1ria.<\/p>\n<p>A escola oferece cursos de l\u00edngua italiana e cultura, cursos de arte, artesanato, joalharia, etc.<\/p>\n<p>A escola \u00e9 reconhecida pelo Minist\u00e9rio da Educa\u00e7\u00e3o italiano.<\/p>\n<p>Ela \u00e9 conhecida pelo cuidado e aten\u00e7\u00e3o com que a equipa trata cada um dos alunos.<\/p>\n<p>Este curso intensivo inclui quatro aulas por dia, al\u00e9m de um programa complementar com tr\u00eas atividades semanais, incluindo visitas guiadas aos museus e igrejas mais emblem\u00e1ticos de Floren\u00e7a.<\/p>\n<p>Por exemplo:<\/p>\n<p>Um passeio por Floren\u00e7a para descobrir os monumentos mais famosos da cidade.<\/p>\n<p>Um passeio at\u00e9 a Piazzale Michelangelo e uma visita \u00e0 igreja de San Miniato al Monte.<\/p>\n<p>Visita \u00e0 Galeria Uffizi ou \u00e0 Galeria da Academia de Floren\u00e7a (na baixa temporada).<\/p>\n<p>Um passeio pelo bairro de Oltrarno.<\/p>\n<p>Uma visita \u00e0 igreja de Santa Croce.<\/p>\n<p>Uma visita \u00e0 Capela Medici em San Lorenzo.<\/p>\n<p>Uma visita a uma oficina de artesanato.<\/p>\n<p>Um passeio pelo centro hist\u00f3rico para descobrir os segredos e lendas de Floren\u00e7a.<\/p>\n<p>Um semin\u00e1rio sobre hist\u00f3ria ou cultura italiana.<\/p>\n<p>Tarde ou noite com uma aula de culin\u00e1ria e jantar juntos.<\/p>\n<p>Excurs\u00f5es a Siena, Pisa, Lucca, Arezzo ou outras cidades da Toscana.<\/p>\n<p>Os alunos tamb\u00e9m v\u00e3o explorar a hist\u00f3ria da cidade atrav\u00e9s de itiner\u00e1rios tem\u00e1ticos especializados.<\/p>\n<p>As despesas de transporte e entradas n\u00e3o est\u00e3o inclu\u00eddas.<\/p>\n<p>A escola organiza atividades sociais que acontecem \u00e0 tarde e que podem ser adicionadas \u00e0s atividades para idosos.<\/p>\n<p>O s\u00e1bado, por outro lado, \u00e9 o dia dedicado a excurs\u00f5es a cidades como Pisa, Lucca, Siena, Arezzo ou outras cidades da Toscana.<\/p>\n<p>No final do curso, receber\u00e1 um certificado de participa\u00e7\u00e3o com indica\u00e7\u00e3o do n\u00edvel realizado.<\/p>\n<h2><strong>Datas de in\u00edcio do curso e detalhes\u00a0\u00a0<\/strong><\/h2>\n<ul>\n<li><strong>Dura\u00e7\u00e3o da aula<\/strong>: 45 minutos<\/li>\n<li><strong>N\u00famero m\u00e9dio de alunos por turma<\/strong>: 9 alunos<\/li>\n<li><strong>N\u00famero m\u00e1ximo de alunos por turma<\/strong>: 12 alunos<\/li>\n<li><strong>Hor\u00e1rio<\/strong>: Manh\u00e3 ou tarde, dependendo do n\u00edvel atribu\u00eddo<\/li>\n<li><strong>Materiais do curso<\/strong>: Inclu\u00eddos<\/li>\n<li><strong>Teste de n\u00edvel e certificado final<\/strong>: Inclu\u00eddos<\/li>\n<li><strong>Localiza\u00e7\u00e3o<\/strong>: Via dei Bardi 28<\/li>\n<li><strong>Outros servi\u00e7os<\/strong>: Acesso \u00e0 Internet, atividades sociais e transporte do aeroporto dispon\u00edvel<\/li>\n<\/ul>\n\n<table id=\"tablepress-94\" class=\"tablepress tablepress-id-94 tbody-has-connected-cells\">\n<thead>\n<tr class=\"row-1\">\n\t<th colspan=\"6\" class=\"column-1\">Datas de in\u00edcio 2026<\/th>\n<\/tr>\n<\/thead>\n<tbody class=\"row-striping row-hover\">\n<tr class=\"row-2\">\n\t<td class=\"column-1\">Janeiro<\/td><td class=\"column-2\">5, 19<\/td><td class=\"column-3\">Maio<\/td><td class=\"column-4\">11, 25<\/td><td class=\"column-5\">Setembro<\/td><td class=\"column-6\">14, 28<\/td>\n<\/tr>\n<tr class=\"row-3\">\n\t<td class=\"column-1\">Fevereiro<\/td><td class=\"column-2\">2, 16<\/td><td class=\"column-3\">Junho<\/td><td class=\"column-4\">8, 22<\/td><td class=\"column-5\">Outubro<\/td><td class=\"column-6\">12, 26<\/td>\n<\/tr>\n<tr class=\"row-4\">\n\t<td class=\"column-1\">Mar\u00e7o <\/td><td class=\"column-2\">2, 16, 30<\/td><td class=\"column-3\">Julho<\/td><td class=\"column-4\">6, 20<\/td><td class=\"column-5\">Novembro<\/td><td class=\"column-6\">9, 23<\/td>\n<\/tr>\n<tr class=\"row-5\">\n\t<td class=\"column-1\">Abril<\/td><td class=\"column-2\">13, 27<\/td><td class=\"column-3\">Agosto<\/td><td class=\"column-4\">3, 17, 31<\/td><td class=\"column-5\">Dezembro<\/td><td class=\"column-6\">7<\/td>\n<\/tr>\n<tr class=\"row-6\">\n\t<td colspan=\"6\" class=\"column-1\">A escola ser\u00e1 fechada nos seguintes feriados nacionais: 06\/01, segunda-feira de P\u00e1scoa, 25\/04, 01\/05, 02\/06, 24\/06, 15\/08, 01\/11, 8\/12, e durante os feriados locais e f\u00e9rias de Natal.<\/td>\n<\/tr>\n<\/tbody>\n<\/table>\n<!-- #tablepress-94 from cache -->\n<p>&nbsp;<\/p>\n","protected":false},"excerpt":{"rendered":"<h2>Descubra a Toscana com os nossos cursos de italiano 50+!<\/h2>\n<p>&nbsp;<\/p>\n<p>Este curso exclusivo \u00e9 dirigido ao grupo et\u00e1rio dos 50+, especialmente se desejar melhorar o seu italiano com pessoas de idade e interesses semelhantes.<\/p>\n<p>O programa para mais de 50 anos dura no m\u00ednimo uma semana e combina o estudo da l\u00edngua italiana em grupos de no m\u00e1ximo 8 alunos com\u00a0 tr\u00eas atividades semanais nas tardes como visitas a museus, caminhadas ou degusta\u00e7\u00f5es e excurs\u00f5es aos s\u00e1bados para explorar a Toscana (Siena, Lucca, Pisa e San Gimignano)<\/p>\n","protected":false},"featured_media":125591,"comment_status":"open","ping_status":"closed","template":"","meta":{"_acf_changed":false,"_uag_custom_page_level_css":"","_kad_blocks_custom_css":"","_kad_blocks_head_custom_js":"","_kad_blocks_body_custom_js":"","_kad_blocks_footer_custom_js":"","site-sidebar-layout":"default","site-content-layout":"default","ast-site-content-layout":"default","site-content-style":"default","site-sidebar-style":"default","ast-global-header-display":"","ast-banner-title-visibility":"","ast-main-header-display":"","ast-hfb-above-header-display":"","ast-hfb-below-header-display":"","ast-hfb-mobile-header-display":"","site-post-title":"","ast-breadcrumbs-content":"","ast-featured-img":"","footer-sml-layout":"","ast-disable-related-posts":"","theme-transparent-header-meta":"default","adv-header-id-meta":"","stick-header-meta":"default","header-above-stick-meta":"","header-main-stick-meta":"","header-below-stick-meta":"","astra-migrate-meta-layouts":"set","ast-page-background-enabled":"default","ast-page-background-meta":{"desktop":{"background-color":"var(--ast-global-color-4)","background-image":"","background-repeat":"repeat","background-position":"center center","background-size":"auto","background-attachment":"scroll","background-type":"","background-media":"","overlay-type":"","overlay-color":"","overlay-opacity":"","overlay-gradient":""},"tablet":{"background-color":"","background-image":"","background-repeat":"repeat","background-position":"center center","background-size":"auto","background-attachment":"scroll","background-type":"","background-media":"","overlay-type":"","overlay-color":"","overlay-opacity":"","overlay-gradient":""},"mobile":{"background-color":"","background-image":"","background-repeat":"repeat","background-position":"center center","background-size":"auto","background-attachment":"scroll","background-type":"","background-media":"","overlay-type":"","overlay-color":"","overlay-opacity":"","overlay-gradient":""}},"ast-content-background-meta":{"desktop":{"background-color":"var(--ast-global-color-5)","background-image":"","background-repeat":"repeat","background-position":"center center","background-size":"auto","background-attachment":"scroll","background-type":"","background-media":"","overlay-type":"","overlay-color":"","overlay-opacity":"","overlay-gradient":""},"tablet":{"background-color":"var(--ast-global-color-5)","background-image":"","background-repeat":"repeat","background-position":"center center","background-size":"auto","background-attachment":"scroll","background-type":"","background-media":"","overlay-type":"","overlay-color":"","overlay-opacity":"","overlay-gradient":""},"mobile":{"background-color":"var(--ast-global-color-5)","background-image":"","background-repeat":"repeat","background-position":"center center","background-size":"auto","background-attachment":"scroll","background-type":"","background-media":"","overlay-type":"","overlay-color":"","overlay-opacity":"","overlay-gradient":""}}},"section":[],"product_brand":[],"product_cat":[1278,1340],"product_tag":[1850,1861],"class_list":{"0":"post-189363","1":"product","2":"type-product","3":"status-publish","4":"has-post-thumbnail","6":"product_cat-cursos-em-florenca","7":"product_cat-cursos-para-familias-na-italia","8":"product_tag-familias","9":"product_tag-florenca","10":"desktop-align-left","11":"tablet-align-left","12":"mobile-align-left","13":"ast-product-gallery-layout-horizontal-slider","14":"ast-product-single-variable","15":"ast-product-tabs-layout-horizontal","16":"ast-qv-on-image-click","18":"first","19":"instock","20":"sold-individually","21":"shipping-taxable","22":"purchasable","23":"product-type-variable"},"acf":[],"taxonomy_info":{"product_cat":[{"value":1278,"label":"Cursos em Floren\u00e7a"},{"value":1340,"label":"Cursos para familias na Italia"}],"product_tag":[{"value":1850,"label":"familias"},{"value":1861,"label":"Floren\u00e7a"}]},"featured_image_src_large":["https:\/\/www.studiainitalia.com\/wp-content\/uploads\/2020\/09\/Florencia_1.jpg",350,350,false],"author_info":[],"comment_info":1,"uagb_featured_image_src":{"full":["https:\/\/www.studiainitalia.com\/wp-content\/uploads\/2020\/09\/Florencia_1.jpg",350,350,false],"thumbnail":["https:\/\/www.studiainitalia.com\/wp-content\/uploads\/2020\/09\/Florencia_1.jpg",96,96,false],"medium":["https:\/\/www.studiainitalia.com\/wp-content\/uploads\/2020\/09\/Florencia_1.jpg",350,350,false],"medium_large":["https:\/\/www.studiainitalia.com\/wp-content\/uploads\/2020\/09\/Florencia_1.jpg",350,350,false],"large":["https:\/\/www.studiainitalia.com\/wp-content\/uploads\/2020\/09\/Florencia_1.jpg",350,350,false],"1536x1536":["https:\/\/www.studiainitalia.com\/wp-content\/uploads\/2020\/09\/Florencia_1.jpg",350,350,false],"2048x2048":["https:\/\/www.studiainitalia.com\/wp-content\/uploads\/2020\/09\/Florencia_1.jpg",350,350,false],"ultp_layout_landscape_large":["https:\/\/www.studiainitalia.com\/wp-content\/uploads\/2020\/09\/Florencia_1.jpg",350,350,false],"ultp_layout_landscape":["https:\/\/www.studiainitalia.com\/wp-content\/uploads\/2020\/09\/Florencia_1.jpg",350,350,false],"ultp_layout_portrait":["https:\/\/www.studiainitalia.com\/wp-content\/uploads\/2020\/09\/Florencia_1.jpg",350,350,false],"ultp_layout_square":["https:\/\/www.studiainitalia.com\/wp-content\/uploads\/2020\/09\/Florencia_1.jpg",350,350,false],"gform-image-choice-sm":["https:\/\/www.studiainitalia.com\/wp-content\/uploads\/2020\/09\/Florencia_1.jpg",300,300,false],"gform-image-choice-md":["https:\/\/www.studiainitalia.com\/wp-content\/uploads\/2020\/09\/Florencia_1.jpg",350,350,false],"gform-image-choice-lg":["https:\/\/www.studiainitalia.com\/wp-content\/uploads\/2020\/09\/Florencia_1.jpg",350,350,false],"woocommerce_thumbnail":["https:\/\/www.studiainitalia.com\/wp-content\/uploads\/2020\/09\/Florencia_1-300x300.jpg",300,300,true],"woocommerce_single":["https:\/\/www.studiainitalia.com\/wp-content\/uploads\/2020\/09\/Florencia_1.jpg",350,350,false],"woocommerce_gallery_thumbnail":["https:\/\/www.studiainitalia.com\/wp-content\/uploads\/2020\/09\/Florencia_1-100x100.jpg",100,100,true],"yarpp-thumbnail":["https:\/\/www.studiainitalia.com\/wp-content\/uploads\/2020\/09\/Florencia_1-120x120.jpg",120,120,true]},"uagb_author_info":{"display_name":"rafael","author_link":"https:\/\/www.studiainitalia.com\/pt-br\/author\/"},"uagb_comment_info":1,"uagb_excerpt":"Descubra a Toscana com os nossos cursos de italiano 50+! &nbsp; Este curso exclusivo \u00e9 dirigido ao grupo et\u00e1rio dos 50+, especialmente se desejar melhorar o seu italiano com pessoas de idade e interesses semelhantes. O programa para mais de 50 anos dura no m\u00ednimo uma semana e combina o estudo da l\u00edngua italiana em&hellip;","_links":{"self":[{"href":"https:\/\/www.studiainitalia.com\/pt-br\/wp-json\/wp\/v2\/product\/189363","targetHints":{"allow":["GET"]}}],"collection":[{"href":"https:\/\/www.studiainitalia.com\/pt-br\/wp-json\/wp\/v2\/product"}],"about":[{"href":"https:\/\/www.studiainitalia.com\/pt-br\/wp-json\/wp\/v2\/types\/product"}],"replies":[{"embeddable":true,"href":"https:\/\/www.studiainitalia.com\/pt-br\/wp-json\/wp\/v2\/comments?post=189363"}],"wp:featuredmedia":[{"embeddable":true,"href":"https:\/\/www.studiainitalia.com\/pt-br\/wp-json\/wp\/v2\/media\/125591"}],"wp:attachment":[{"href":"https:\/\/www.studiainitalia.com\/pt-br\/wp-json\/wp\/v2\/media?parent=189363"}],"wp:term":[{"taxonomy":"section","embeddable":true,"href":"https:\/\/www.studiainitalia.com\/pt-br\/wp-json\/wp\/v2\/section?post=189363"},{"taxonomy":"product_brand","embeddable":true,"href":"https:\/\/www.studiainitalia.com\/pt-br\/wp-json\/wp\/v2\/product_brand?post=189363"},{"taxonomy":"product_cat","embeddable":true,"href":"https:\/\/www.studiainitalia.com\/pt-br\/wp-json\/wp\/v2\/product_cat?post=189363"},{"taxonomy":"product_tag","embeddable":true,"href":"https:\/\/www.studiainitalia.com\/pt-br\/wp-json\/wp\/v2\/product_tag?post=189363"}],"curies":[{"name":"wp","href":"https:\/\/api.w.org\/{rel}","templated":true}]}}