{"id":189460,"date":"2022-10-25T16:38:01","date_gmt":"2022-10-25T14:38:01","guid":{"rendered":"https:\/\/www.studiainitalia.com\/courses\/sem%20categoria\/italiano-cooking-summer-course\/"},"modified":"2025-12-20T00:16:23","modified_gmt":"2025-12-19T23:16:23","slug":"curso-de-verao-culinaria-italiana","status":"publish","type":"product","link":"https:\/\/www.studiainitalia.com\/pt-br\/cursos\/cursos-de-culinaria-em-italia\/curso-de-verao-culinaria-italiana\/","title":{"rendered":"Curso de ver\u00e3o de culin\u00e1ria italiana"},"content":{"rendered":"<div class=\"vc_row wpb_row vc_row-fluid eltd-section vc_custom_1655715102019 eltd-content-aligment-left eltd-grid-section\">\n<div class=\"clearfix eltd-section-inner\">\n<div class=\"eltd-section-inner-margin clearfix\">\n<div class=\"wpb_column vc_column_container vc_col-sm-12 vc_hidden-xs vc_col-has-fill\">\n<div class=\"vc_column-inner vc_custom_1656321489209\">\n<div class=\"wpb_wrapper\">\n<div class=\"wpb_text_column wpb_content_element vc_custom_1664364683627\">\n<div class=\"wpb_wrapper\">\n<div class=\"vc_row wpb_row vc_inner vc_row-fluid eltd-section vc_custom_1650628909946 eltd-content-aligment-center eltd-grid-section\" data-eltd-parallax-speed=\"1\">\n<div class=\"eltd-section-inner\">\n<div class=\"eltd-section-inner-margin clearfix\">\n<div id=\"who\" class=\"wpb_column vc_column_container vc_col-sm-12\">\n<div class=\"vc_column-inner\">\n<div class=\"wpb_wrapper\">\n<div class=\"wpb_text_column wpb_content_element \">\n<div class=\"wpb_wrapper\">\n<div class=\"vc_row wpb_row vc_inner vc_row-fluid eltd-section vc_custom_1650628909946 eltd-content-aligment-center eltd-grid-section\" data-eltd-parallax-speed=\"1\">\n<div class=\"eltd-section-inner\">\n<div class=\"eltd-section-inner-margin clearfix\">\n<div id=\"what\" class=\"wpb_column vc_column_container vc_col-sm-12\">\n<div class=\"vc_column-inner\">\n<div class=\"wpb_wrapper\">\n<div class=\"wpb_text_column wpb_content_element vc_custom_1652345068047\">\n<div class=\"wpb_wrapper\">\n<div class=\"vc_row wpb_row vc_inner vc_row-fluid eltd-section vc_custom_1650628909946 eltd-content-aligment-center eltd-grid-section\" data-eltd-parallax-speed=\"1\">\n<div class=\"eltd-section-inner\">\n<div class=\"eltd-section-inner-margin clearfix\">\n<div id=\"what\" class=\"wpb_column vc_column_container vc_col-sm-12\">\n<div class=\"vc_column-inner\">\n<div class=\"wpb_wrapper\">\n<div class=\"wpb_text_column wpb_content_element vc_custom_1652266047468\">\n<h2><strong>Curso de Ver\u00e3o de Culinaria Italiana<\/strong><\/h2>\n<p>&nbsp;<\/p>\n<p>Nosso Curso de Ver\u00e3o de Cozinha Italiana em Floren\u00e7a oferece uma introdu\u00e7\u00e3o profissional \u00e0 cozinha italiana.<\/p>\n<p>O programa se realiza durante tres semanas, em julho.<\/p>\n<p>Descubra as tradi\u00e7\u00f5es culin\u00e1rias do Made in Italy enquanto aprende as mais importantes habilidades culin\u00e1rias com chefs profissionais.<\/p>\n<p>&nbsp;<\/p>\n<p>O curso \u00e9 organizado em 90 horas e incluir\u00e1 aulas pr\u00e1ticas de culin\u00e1ria com um chef dedicado, visitas a produtores artesanais de comida e vinho\u00a0 e semin\u00e1rios.<\/p>\n<p>Semin\u00e1rios e palestras sobre gastronomia italiana e produ\u00e7\u00e3o de alimentos industriais completar\u00e3o o caminho acad\u00eamico.<\/p>\n<p>O curso \u00e9 ministrado em ingl\u00eas. As aulas acontecem de segunda a sexta-feira, dia inteiro.<\/p>\n<p>&nbsp;<\/p>\n<p>Uma taxa de pr\u00e9-inscri\u00e7\u00e3o de 1.000 euros \u00e9 solicitada para processo de inscri\u00e7\u00e3o.<\/p>\n<p>A matr\u00edcula \u00e9 limitada a 12 alunos.<\/p>\n<p>Procura de um\u00a0<a href=\"https:\/\/www.studiainitalia.com\/pt-br\/academy\/curso-profissional-de-culinaria\/\">curso profissional a longo prazo<\/a>?<\/p>\n<p><strong>Solicite mais informa\u00e7\u00f5es!<\/strong><\/p>\n<\/div>\n<p>&nbsp;<\/p>\n<\/div>\n<\/div>\n<\/div>\n<\/div>\n<\/div>\n<\/div>\n<\/div>\n<\/div>\n<\/div>\n<\/div>\n<\/div>\n<\/div>\n<\/div>\n<\/div>\n<\/div>\n<\/div>\n<\/div>\n<\/div>\n<\/div>\n<\/div>\n<\/div>\n<\/div>\n<\/div>\n<\/div>\n<\/div>\n<\/div>\n<\/div>\n<\/div>\n<\/div>\n<\/div>\n<div class=\"aiosrs-rating-wrap\" data-schema-id=\"90691\">\n<div class=\"aiosrs-star-rating-wrap \"><\/div>\n<div class=\"aiosrs-rating-summary-wrap\"><span class=\"aiosrs-rating\">0\/5\u00a0<\/span><span class=\"aiosrs-rating-count\">(0 Reviews)<\/span><\/div>\n<\/div>\n","protected":false},"excerpt":{"rendered":"<h2><strong>Voc\u00ea quer aprender as habilidades culin\u00e1rias mais importantes com um chef profissional na It\u00e1lia?<\/strong><\/h2>\n<p>&nbsp;<\/p>\n<p>Este curso de cozinha profissional intensivo lhe oferecer\u00e1 a chance de trabalhar na cozinha de um restaurante fino, de uma trattoria, de um Bistrot, de um caf\u00e9 e muito mais.<\/p>\n<p>As habilidades culin\u00e1rias s\u00e3o o foco e o cora\u00e7\u00e3o do curso. Voc\u00ea aprender\u00e1 como fazer\u00a0<em>primi piatti, secondi piatti<\/em>, p\u00e3es e sobremesas, usando apenas ingredientes sazonais.<\/p>\n<p>Aulas no campo com visitas a produtores de comida artesanal que abastecem diariamente as cozinhas dos restaurantes: queijarias, fazendeiros e vin\u00edcolas da Regi\u00e3o do Chianti, cuidadosamente selecionados.<\/p>\n","protected":false},"featured_media":132953,"comment_status":"open","ping_status":"closed","template":"","meta":{"_acf_changed":false,"_uag_custom_page_level_css":"","_kad_blocks_custom_css":"","_kad_blocks_head_custom_js":"","_kad_blocks_body_custom_js":"","_kad_blocks_footer_custom_js":"","site-sidebar-layout":"default","site-content-layout":"default","ast-site-content-layout":"default","site-content-style":"default","site-sidebar-style":"default","ast-global-header-display":"","ast-banner-title-visibility":"","ast-main-header-display":"","ast-hfb-above-header-display":"","ast-hfb-below-header-display":"","ast-hfb-mobile-header-display":"","site-post-title":"","ast-breadcrumbs-content":"","ast-featured-img":"","footer-sml-layout":"","ast-disable-related-posts":"","theme-transparent-header-meta":"default","adv-header-id-meta":"","stick-header-meta":"default","header-above-stick-meta":"","header-main-stick-meta":"","header-below-stick-meta":"","astra-migrate-meta-layouts":"set","ast-page-background-enabled":"default","ast-page-background-meta":{"desktop":{"background-color":"var(--ast-global-color-4)","background-image":"","background-repeat":"repeat","background-position":"center center","background-size":"auto","background-attachment":"scroll","background-type":"","background-media":"","overlay-type":"","overlay-color":"","overlay-opacity":"","overlay-gradient":""},"tablet":{"background-color":"","background-image":"","background-repeat":"repeat","background-position":"center center","background-size":"auto","background-attachment":"scroll","background-type":"","background-media":"","overlay-type":"","overlay-color":"","overlay-opacity":"","overlay-gradient":""},"mobile":{"background-color":"","background-image":"","background-repeat":"repeat","background-position":"center center","background-size":"auto","background-attachment":"scroll","background-type":"","background-media":"","overlay-type":"","overlay-color":"","overlay-opacity":"","overlay-gradient":""}},"ast-content-background-meta":{"desktop":{"background-color":"var(--ast-global-color-5)","background-image":"","background-repeat":"repeat","background-position":"center center","background-size":"auto","background-attachment":"scroll","background-type":"","background-media":"","overlay-type":"","overlay-color":"","overlay-opacity":"","overlay-gradient":""},"tablet":{"background-color":"var(--ast-global-color-5)","background-image":"","background-repeat":"repeat","background-position":"center center","background-size":"auto","background-attachment":"scroll","background-type":"","background-media":"","overlay-type":"","overlay-color":"","overlay-opacity":"","overlay-gradient":""},"mobile":{"background-color":"var(--ast-global-color-5)","background-image":"","background-repeat":"repeat","background-position":"center center","background-size":"auto","background-attachment":"scroll","background-type":"","background-media":"","overlay-type":"","overlay-color":"","overlay-opacity":"","overlay-gradient":""}}},"section":[],"product_brand":[],"product_cat":[1274,1278],"product_tag":[1873,1861],"class_list":{"0":"post-189460","1":"product","2":"type-product","3":"status-publish","4":"has-post-thumbnail","6":"product_cat-cursos-de-culinaria-em-italia","7":"product_cat-cursos-em-florenca","8":"product_tag-cursos-de-culinaria","9":"product_tag-florenca","10":"desktop-align-left","11":"tablet-align-left","12":"mobile-align-left","13":"ast-product-gallery-layout-horizontal-slider","14":"ast-product-single-variable","15":"ast-product-tabs-layout-horizontal","16":"ast-qv-on-image-click","18":"first","19":"instock","20":"sold-individually","21":"shipping-taxable","22":"purchasable","23":"product-type-variable"},"acf":[],"taxonomy_info":{"product_cat":[{"value":1274,"label":"Cursos de culin\u00e1ria em It\u00e1lia"},{"value":1278,"label":"Cursos em Floren\u00e7a"}],"product_tag":[{"value":1873,"label":"Cursos de culin\u00e1ria"},{"value":1861,"label":"Floren\u00e7a"}]},"featured_image_src_large":["https:\/\/www.studiainitalia.com\/wp-content\/uploads\/2022\/10\/846-schola-food-ph-stefano-casati-05603-scaled.jpg",2880,1921,false],"author_info":[],"comment_info":0,"uagb_featured_image_src":{"full":["https:\/\/www.studiainitalia.com\/wp-content\/uploads\/2022\/10\/846-schola-food-ph-stefano-casati-05603-scaled.jpg",2880,1921,false],"thumbnail":["https:\/\/www.studiainitalia.com\/wp-content\/uploads\/2022\/10\/846-schola-food-ph-stefano-casati-05603-scaled.jpg",128,85,false],"medium":["https:\/\/www.studiainitalia.com\/wp-content\/uploads\/2022\/10\/846-schola-food-ph-stefano-casati-05603-scaled.jpg",2880,1921,false],"medium_large":["https:\/\/www.studiainitalia.com\/wp-content\/uploads\/2022\/10\/846-schola-food-ph-stefano-casati-05603-768x512.jpg",768,512,true],"large":["https:\/\/www.studiainitalia.com\/wp-content\/uploads\/2022\/10\/846-schola-food-ph-stefano-casati-05603-scaled.jpg",2880,1921,false],"1536x1536":["https:\/\/www.studiainitalia.com\/wp-content\/uploads\/2022\/10\/846-schola-food-ph-stefano-casati-05603-1536x1025.jpg",1536,1025,true],"2048x2048":["https:\/\/www.studiainitalia.com\/wp-content\/uploads\/2022\/10\/846-schola-food-ph-stefano-casati-05603-2048x1366.jpg",2048,1366,true],"ultp_layout_landscape_large":["https:\/\/www.studiainitalia.com\/wp-content\/uploads\/2022\/10\/846-schola-food-ph-stefano-casati-05603-1200x800.jpg",1200,800,true],"ultp_layout_landscape":["https:\/\/www.studiainitalia.com\/wp-content\/uploads\/2022\/10\/846-schola-food-ph-stefano-casati-05603-870x570.jpg",870,570,true],"ultp_layout_portrait":["https:\/\/www.studiainitalia.com\/wp-content\/uploads\/2022\/10\/846-schola-food-ph-stefano-casati-05603-600x900.jpg",600,900,true],"ultp_layout_square":["https:\/\/www.studiainitalia.com\/wp-content\/uploads\/2022\/10\/846-schola-food-ph-stefano-casati-05603-600x600.jpg",600,600,true],"gform-image-choice-sm":["https:\/\/www.studiainitalia.com\/wp-content\/uploads\/2022\/10\/846-schola-food-ph-stefano-casati-05603-scaled.jpg",300,200,false],"gform-image-choice-md":["https:\/\/www.studiainitalia.com\/wp-content\/uploads\/2022\/10\/846-schola-food-ph-stefano-casati-05603-scaled.jpg",400,267,false],"gform-image-choice-lg":["https:\/\/www.studiainitalia.com\/wp-content\/uploads\/2022\/10\/846-schola-food-ph-stefano-casati-05603-scaled.jpg",600,400,false],"woocommerce_thumbnail":["https:\/\/www.studiainitalia.com\/wp-content\/uploads\/2022\/10\/846-schola-food-ph-stefano-casati-05603-300x300.jpg",300,300,true],"woocommerce_single":["https:\/\/www.studiainitalia.com\/wp-content\/uploads\/2022\/10\/846-schola-food-ph-stefano-casati-05603-400x267.jpg",400,267,true],"woocommerce_gallery_thumbnail":["https:\/\/www.studiainitalia.com\/wp-content\/uploads\/2022\/10\/846-schola-food-ph-stefano-casati-05603-100x100.jpg",100,100,true],"yarpp-thumbnail":["https:\/\/www.studiainitalia.com\/wp-content\/uploads\/2022\/10\/846-schola-food-ph-stefano-casati-05603-120x120.jpg",120,120,true]},"uagb_author_info":{"display_name":"Jordi Torres","author_link":"https:\/\/www.studiainitalia.com\/pt-br\/author\/"},"uagb_comment_info":0,"uagb_excerpt":"Voc\u00ea quer aprender as habilidades culin\u00e1rias mais importantes com um chef profissional na It\u00e1lia? &nbsp; Este curso de cozinha profissional intensivo lhe oferecer\u00e1 a chance de trabalhar na cozinha de um restaurante fino, de uma trattoria, de um Bistrot, de um caf\u00e9 e muito mais. As habilidades culin\u00e1rias s\u00e3o o foco e o cora\u00e7\u00e3o do&hellip;","_links":{"self":[{"href":"https:\/\/www.studiainitalia.com\/pt-br\/wp-json\/wp\/v2\/product\/189460","targetHints":{"allow":["GET"]}}],"collection":[{"href":"https:\/\/www.studiainitalia.com\/pt-br\/wp-json\/wp\/v2\/product"}],"about":[{"href":"https:\/\/www.studiainitalia.com\/pt-br\/wp-json\/wp\/v2\/types\/product"}],"replies":[{"embeddable":true,"href":"https:\/\/www.studiainitalia.com\/pt-br\/wp-json\/wp\/v2\/comments?post=189460"}],"wp:featuredmedia":[{"embeddable":true,"href":"https:\/\/www.studiainitalia.com\/pt-br\/wp-json\/wp\/v2\/media\/132953"}],"wp:attachment":[{"href":"https:\/\/www.studiainitalia.com\/pt-br\/wp-json\/wp\/v2\/media?parent=189460"}],"wp:term":[{"taxonomy":"section","embeddable":true,"href":"https:\/\/www.studiainitalia.com\/pt-br\/wp-json\/wp\/v2\/section?post=189460"},{"taxonomy":"product_brand","embeddable":true,"href":"https:\/\/www.studiainitalia.com\/pt-br\/wp-json\/wp\/v2\/product_brand?post=189460"},{"taxonomy":"product_cat","embeddable":true,"href":"https:\/\/www.studiainitalia.com\/pt-br\/wp-json\/wp\/v2\/product_cat?post=189460"},{"taxonomy":"product_tag","embeddable":true,"href":"https:\/\/www.studiainitalia.com\/pt-br\/wp-json\/wp\/v2\/product_tag?post=189460"}],"curies":[{"name":"wp","href":"https:\/\/api.w.org\/{rel}","templated":true}]}}