{"id":196531,"date":"2024-01-04T16:26:17","date_gmt":"2024-01-04T15:26:17","guid":{"rendered":"https:\/\/www.studiainitalia.com\/?post_type=product&#038;p=196531"},"modified":"2025-12-19T17:30:26","modified_gmt":"2025-12-19T16:30:26","slug":"curso-de-italiano-para-familias","status":"publish","type":"product","link":"https:\/\/www.studiainitalia.com\/pt-br\/cursos\/cursos-em-salerno\/curso-de-italiano-para-familias\/","title":{"rendered":"Curso de Italiano para Familias"},"content":{"rendered":"<h2>Curso de italiano para fam\u00edlias<\/h2>\n<p>&nbsp;<\/p>\n<p>O curso de italiano para famil\u00edas s \u00e9 concebido para pais com filhos (7 a 16 anos) que desejam combinar umas f\u00e9rias em It\u00e1lia com o estudo da l\u00edngua italiana, ao mesmo tempo que vivem a cultura do Sul de It\u00e1lia.<\/p>\n<p>As aulas de l\u00edngua s\u00e3o dadas de manh\u00e3, com uma s\u00e9rie de actividades culturais e excurs\u00f5es \u00e0 tarde e aos fins-de-semana.<\/p>\n<p>Este curso de italiano para fam\u00edlias combina aulas de l\u00edngua para os pais e para os filhos (em 2 turmas diferentes), 1 excurs\u00e3o de meio dia e actividades culturais.<\/p>\n<p>&nbsp;<\/p>\n<p><strong>O curso de italiano para fam\u00edlias inclui:<\/strong><\/p>\n<p>&nbsp;<\/p>\n<p>Curso para pais: 1 semana\/ 20 aulas em grupo<br \/>\nCurso para crian\u00e7as: 1 semana\/ 20 aulas em grupo<\/p>\n<p>&nbsp;<\/p>\n<p><strong>Actividades:<\/strong><\/p>\n<p>&nbsp;<\/p>\n<p>1 visita \u00e0 cidade de Salerno<br \/>\n1 excurs\u00e3o de meio dia<br \/>\n1 semin\u00e1rio sobre a cultura italiana<br \/>\n2 actividades culturais e jogos de aprendizagem da l\u00edngua<\/p>\n<p>&nbsp;<\/p>\n<p>&nbsp;<\/p>\n<p><strong>Datas 2026:<\/strong> 16 de fevreiro, 30 de marzo,\u00a0 13 de abril, 4 de maio,\u00a0 1 e 15 de junho, 13 de julho, 27 de julho, 10 de agosto, 21 de setembro, 19 de outobro,\u00a0 07 de dezembro (datas especiais para grupos dispon\u00edveis a pedido)<\/p>\n","protected":false},"excerpt":{"rendered":"<h2>Queres fazer uma aventura em fam\u00edlia em It\u00e1lia?<\/h2>\n<p>&nbsp;<\/p>\n<p>Participe de uma aventura familiar com nosso Programa Familiar, especialmente concebido para pais com filhos de 7 a 16 anos. Mergulhe na beleza da It\u00e1lia, combinando f\u00e9rias com a alegria de aprender italiano e mergulhar na cultura do sul da It\u00e1lia.<\/p>\n<p>Nosso Programa Familiar \u00e9 voltado para pais e filhos, oferecendo aulas de idioma pela manh\u00e3 e atividades culturais e excurs\u00f5es \u00e0 tarde e nos fins de semana.<\/p>\n<p>Localizado no cora\u00e7\u00e3o de Salerno, nosso programa \u00e9 uma combina\u00e7\u00e3o perfeita de idioma e cultura. Aulas de idiomas para pais e filhos em grupos separados, juntamente com uma excurs\u00e3o de meio dia e atividades culturais.<\/p>\n<p>O programa:<\/p>\n<p>&#8211; Curso para pais: 20 aulas em grupo por semana.<\/p>\n<p>&#8211; Curso para crian\u00e7as: Veja seus filhos aprenderem com suas pr\u00f3prias 20 aulas em grupo, perfeitamente projetadas para a faixa et\u00e1ria deles.<\/p>\n<p>Aproveite a experi\u00eancia: Al\u00e9m da sala de aula, nosso programa \u00e9 uma porta aberta para a descoberta, incluindo:<\/p>\n<p>&#8211; 1 Passeio pela cidade de Salerno: Descubra as joias escondidas da rica hist\u00f3ria de Salerno.<\/p>\n<p>&#8211; 1 Excurs\u00e3o de meio dia: um passeio especial para a fam\u00edlia.<\/p>\n<p>&#8211; 1 Semin\u00e1rio de Cultura Italiana: Mergulhe no cora\u00e7\u00e3o das tradi\u00e7\u00f5es italianas.<\/p>\n<p>&#8211; 2 Atividades culturais e jogos de aprendizado de idiomas: fa\u00e7a do aprendizado de idiomas uma aventura para toda a fam\u00edlia.<\/p>\n<p>Suas f\u00e9rias em fam\u00edlia: aproveite a combina\u00e7\u00e3o perfeita de educa\u00e7\u00e3o e lazer, permitindo que sua fam\u00edlia crie mem\u00f3rias duradouras. Cada momento \u00e9 um passo em dire\u00e7\u00e3o a uma experi\u00eancia cultural mais rica. Junte-se a n\u00f3s em uma jornada que desperta a curiosidade e une as fam\u00edlias na magia da It\u00e1lia<\/p>\n<p><strong>Sua aventura o aguarda! Descubra as maravilhas do sul da It\u00e1lia com seus entes queridos.<\/strong><\/p>\n","protected":false},"featured_media":196539,"comment_status":"open","ping_status":"closed","template":"","meta":{"_acf_changed":false,"_uag_custom_page_level_css":"","_kad_blocks_custom_css":"","_kad_blocks_head_custom_js":"","_kad_blocks_body_custom_js":"","_kad_blocks_footer_custom_js":"","site-sidebar-layout":"default","site-content-layout":"","ast-site-content-layout":"default","site-content-style":"default","site-sidebar-style":"default","ast-global-header-display":"","ast-banner-title-visibility":"","ast-main-header-display":"","ast-hfb-above-header-display":"","ast-hfb-below-header-display":"","ast-hfb-mobile-header-display":"","site-post-title":"","ast-breadcrumbs-content":"","ast-featured-img":"","footer-sml-layout":"","ast-disable-related-posts":"","theme-transparent-header-meta":"default","adv-header-id-meta":"","stick-header-meta":"default","header-above-stick-meta":"","header-main-stick-meta":"","header-below-stick-meta":"","astra-migrate-meta-layouts":"set","ast-page-background-enabled":"default","ast-page-background-meta":{"desktop":{"background-color":"var(--ast-global-color-4)","background-image":"","background-repeat":"repeat","background-position":"center center","background-size":"auto","background-attachment":"scroll","background-type":"","background-media":"","overlay-type":"","overlay-color":"","overlay-opacity":"","overlay-gradient":""},"tablet":{"background-color":"","background-image":"","background-repeat":"repeat","background-position":"center center","background-size":"auto","background-attachment":"scroll","background-type":"","background-media":"","overlay-type":"","overlay-color":"","overlay-opacity":"","overlay-gradient":""},"mobile":{"background-color":"","background-image":"","background-repeat":"repeat","background-position":"center center","background-size":"auto","background-attachment":"scroll","background-type":"","background-media":"","overlay-type":"","overlay-color":"","overlay-opacity":"","overlay-gradient":""}},"ast-content-background-meta":{"desktop":{"background-color":"var(--ast-global-color-5)","background-image":"","background-repeat":"repeat","background-position":"center center","background-size":"auto","background-attachment":"scroll","background-type":"","background-media":"","overlay-type":"","overlay-color":"","overlay-opacity":"","overlay-gradient":""},"tablet":{"background-color":"var(--ast-global-color-5)","background-image":"","background-repeat":"repeat","background-position":"center center","background-size":"auto","background-attachment":"scroll","background-type":"","background-media":"","overlay-type":"","overlay-color":"","overlay-opacity":"","overlay-gradient":""},"mobile":{"background-color":"var(--ast-global-color-5)","background-image":"","background-repeat":"repeat","background-position":"center center","background-size":"auto","background-attachment":"scroll","background-type":"","background-media":"","overlay-type":"","overlay-color":"","overlay-opacity":"","overlay-gradient":""}}},"section":[],"product_brand":[],"product_cat":[1285,1340],"product_tag":[],"class_list":{"0":"post-196531","1":"product","2":"type-product","3":"status-publish","4":"has-post-thumbnail","6":"product_cat-cursos-em-salerno","7":"product_cat-cursos-para-familias-na-italia","8":"desktop-align-left","9":"tablet-align-left","10":"mobile-align-left","11":"ast-product-gallery-layout-horizontal-slider","12":"ast-product-single-variable","13":"ast-product-tabs-layout-horizontal","14":"ast-qv-on-image-click","16":"first","17":"instock","18":"sold-individually","19":"shipping-taxable","20":"purchasable","21":"product-type-variable"},"acf":[],"taxonomy_info":{"product_cat":[{"value":1285,"label":"Cursos em Salerno"},{"value":1340,"label":"Cursos para familias na Italia"}]},"featured_image_src_large":["https:\/\/www.studiainitalia.com\/wp-content\/uploads\/2024\/01\/genitori-con-i-loro-bambini-che-camminano-nella-foresta-scaled.jpg",2048,1365,false],"author_info":[],"comment_info":0,"uagb_featured_image_src":{"full":["https:\/\/www.studiainitalia.com\/wp-content\/uploads\/2024\/01\/genitori-con-i-loro-bambini-che-camminano-nella-foresta-scaled.jpg",2048,1365,false],"thumbnail":["https:\/\/www.studiainitalia.com\/wp-content\/uploads\/2024\/01\/genitori-con-i-loro-bambini-che-camminano-nella-foresta-scaled.jpg",128,85,false],"medium":["https:\/\/www.studiainitalia.com\/wp-content\/uploads\/2024\/01\/genitori-con-i-loro-bambini-che-camminano-nella-foresta-scaled.jpg",2048,1365,false],"medium_large":["https:\/\/www.studiainitalia.com\/wp-content\/uploads\/2024\/01\/genitori-con-i-loro-bambini-che-camminano-nella-foresta-768x512.jpg",768,512,true],"large":["https:\/\/www.studiainitalia.com\/wp-content\/uploads\/2024\/01\/genitori-con-i-loro-bambini-che-camminano-nella-foresta-scaled.jpg",2048,1365,false],"1536x1536":["https:\/\/www.studiainitalia.com\/wp-content\/uploads\/2024\/01\/genitori-con-i-loro-bambini-che-camminano-nella-foresta-1536x1024.jpg",1536,1024,true],"2048x2048":["https:\/\/www.studiainitalia.com\/wp-content\/uploads\/2024\/01\/genitori-con-i-loro-bambini-che-camminano-nella-foresta-2048x1365.jpg",2048,1365,true],"ultp_layout_landscape_large":["https:\/\/www.studiainitalia.com\/wp-content\/uploads\/2024\/01\/genitori-con-i-loro-bambini-che-camminano-nella-foresta-1200x800.jpg",1200,800,true],"ultp_layout_landscape":["https:\/\/www.studiainitalia.com\/wp-content\/uploads\/2024\/01\/genitori-con-i-loro-bambini-che-camminano-nella-foresta-870x570.jpg",870,570,true],"ultp_layout_portrait":["https:\/\/www.studiainitalia.com\/wp-content\/uploads\/2024\/01\/genitori-con-i-loro-bambini-che-camminano-nella-foresta-600x900.jpg",600,900,true],"ultp_layout_square":["https:\/\/www.studiainitalia.com\/wp-content\/uploads\/2024\/01\/genitori-con-i-loro-bambini-che-camminano-nella-foresta-600x600.jpg",600,600,true],"gform-image-choice-sm":["https:\/\/www.studiainitalia.com\/wp-content\/uploads\/2024\/01\/genitori-con-i-loro-bambini-che-camminano-nella-foresta-scaled.jpg",300,200,false],"gform-image-choice-md":["https:\/\/www.studiainitalia.com\/wp-content\/uploads\/2024\/01\/genitori-con-i-loro-bambini-che-camminano-nella-foresta-scaled.jpg",400,267,false],"gform-image-choice-lg":["https:\/\/www.studiainitalia.com\/wp-content\/uploads\/2024\/01\/genitori-con-i-loro-bambini-che-camminano-nella-foresta-scaled.jpg",600,400,false],"woocommerce_thumbnail":["https:\/\/www.studiainitalia.com\/wp-content\/uploads\/2024\/01\/genitori-con-i-loro-bambini-che-camminano-nella-foresta-300x300.jpg",300,300,true],"woocommerce_single":["https:\/\/www.studiainitalia.com\/wp-content\/uploads\/2024\/01\/genitori-con-i-loro-bambini-che-camminano-nella-foresta-400x267.jpg",400,267,true],"woocommerce_gallery_thumbnail":["https:\/\/www.studiainitalia.com\/wp-content\/uploads\/2024\/01\/genitori-con-i-loro-bambini-che-camminano-nella-foresta-100x100.jpg",100,100,true],"yarpp-thumbnail":["https:\/\/www.studiainitalia.com\/wp-content\/uploads\/2024\/01\/genitori-con-i-loro-bambini-che-camminano-nella-foresta-120x120.jpg",120,120,true]},"uagb_author_info":{"display_name":"Jordi Torres","author_link":"https:\/\/www.studiainitalia.com\/pt-br\/author\/"},"uagb_comment_info":0,"uagb_excerpt":"Queres fazer uma aventura em fam\u00edlia em It\u00e1lia? &nbsp; Participe de uma aventura familiar com nosso Programa Familiar, especialmente concebido para pais com filhos de 7 a 16 anos. Mergulhe na beleza da It\u00e1lia, combinando f\u00e9rias com a alegria de aprender italiano e mergulhar na cultura do sul da It\u00e1lia. Nosso Programa Familiar \u00e9 voltado&hellip;","_links":{"self":[{"href":"https:\/\/www.studiainitalia.com\/pt-br\/wp-json\/wp\/v2\/product\/196531","targetHints":{"allow":["GET"]}}],"collection":[{"href":"https:\/\/www.studiainitalia.com\/pt-br\/wp-json\/wp\/v2\/product"}],"about":[{"href":"https:\/\/www.studiainitalia.com\/pt-br\/wp-json\/wp\/v2\/types\/product"}],"replies":[{"embeddable":true,"href":"https:\/\/www.studiainitalia.com\/pt-br\/wp-json\/wp\/v2\/comments?post=196531"}],"wp:featuredmedia":[{"embeddable":true,"href":"https:\/\/www.studiainitalia.com\/pt-br\/wp-json\/wp\/v2\/media\/196539"}],"wp:attachment":[{"href":"https:\/\/www.studiainitalia.com\/pt-br\/wp-json\/wp\/v2\/media?parent=196531"}],"wp:term":[{"taxonomy":"section","embeddable":true,"href":"https:\/\/www.studiainitalia.com\/pt-br\/wp-json\/wp\/v2\/section?post=196531"},{"taxonomy":"product_brand","embeddable":true,"href":"https:\/\/www.studiainitalia.com\/pt-br\/wp-json\/wp\/v2\/product_brand?post=196531"},{"taxonomy":"product_cat","embeddable":true,"href":"https:\/\/www.studiainitalia.com\/pt-br\/wp-json\/wp\/v2\/product_cat?post=196531"},{"taxonomy":"product_tag","embeddable":true,"href":"https:\/\/www.studiainitalia.com\/pt-br\/wp-json\/wp\/v2\/product_tag?post=196531"}],"curies":[{"name":"wp","href":"https:\/\/api.w.org\/{rel}","templated":true}]}}