{"id":196534,"date":"2024-01-04T18:26:54","date_gmt":"2024-01-04T17:26:54","guid":{"rendered":"https:\/\/www.studiainitalia.com\/?post_type=product&#038;p=196534"},"modified":"2025-11-18T12:00:24","modified_gmt":"2025-11-18T11:00:24","slug":"acampamento-de-italiano-na-italia","status":"publish","type":"product","link":"https:\/\/www.studiainitalia.com\/pt-br\/cursos\/cursos-para-familias-na-italia\/acampamento-de-italiano-na-italia\/","title":{"rendered":"Acampamento de Italiano na It\u00e1lia"},"content":{"rendered":"<h2>Acampamento de Italiano na It\u00e1lia<\/h2>\n<p>&nbsp;<\/p>\n<p>Nosso acampamento de italiano na It\u00e1lia \u00e9 uma experi\u00eancia educacional \u00fanica para voc\u00ea aprender italiano \u00e0 beira-mar, com um programa intensivo que combina o estudo da l\u00edngua italiana com f\u00e9rias em uma bela \u00e1rea, rica em arte e hist\u00f3ria, perto da Costa Amalfitana.<\/p>\n<p>Ao participar desse acampamento de italiano na It\u00e1lia, os alunos de 14 a 17 anos vivenciar\u00e3o a cultura italiana em um ambiente tradicional e real.<\/p>\n<p>Os participantes participar\u00e3o de um curso de italiano em grupo de 4 aulas por dia, de segunda a sexta-feira (20 aulas por semana), juntamente com uma s\u00e9rie de atividades recreativas de alto impacto.<\/p>\n<p>&nbsp;<\/p>\n<p><strong>O programa inclui:<\/strong><\/p>\n<p>Curso de italiano geral 20 aulas por semana, de segunda a sexta-feira.<\/p>\n<p>Dura\u00e7\u00e3o do curso: 2 semanas &#8211; 40 aulas em grupo<\/p>\n<p>Acomoda\u00e7\u00e3o<br \/>\n2 semanas\/ 13 noites<\/p>\n<p>Os alunos ficam em quartos duplos ou triplos com pens\u00e3o completa no Convitto Nazionale, uma confort\u00e1vel resid\u00eancia escolar no centro hist\u00f3rico de Salerno, localizada a poucos minutos a p\u00e9 da Accademia Italiana. Todos os quartos t\u00eam banheiro privativo e a resid\u00eancia tem uma cantina escolar, uma sala de TV comum e um campo de futebol.\u00c9 necess\u00e1rio um n\u00famero m\u00ednimo de participantes para a acomoda\u00e7\u00e3o na resid\u00eancia da escola\/hotel para cada data. Se o n\u00famero m\u00ednimo n\u00e3o for atingido, a acomoda\u00e7\u00e3o em casa de fam\u00edlia ser\u00e1 garantida.<\/p>\n<p>&nbsp;<\/p>\n<p><strong>Traslados<\/strong><br \/>\nO aeroporto mais pr\u00f3ximo \u00e9 o de N\u00e1poles-Capodichino. Voc\u00ea levar\u00e1 apenas uma hora para chegar a Salerno . A escola pode providenciar um servi\u00e7o de traslado de\/para o aeroporto de N\u00e1poles por um custo adicional, mediante solicita\u00e7\u00e3o.<\/p>\n<p>&nbsp;<\/p>\n<p><strong>Atividades e excurs\u00f5es<\/strong><\/p>\n<p>Festa de boas-vindas<br \/>\nPrograma social incluindo 2 excurs\u00f5es<br \/>\n1 aula de culin\u00e1ria italiana<br \/>\n1 aula de artesanato art\u00edstico<br \/>\nAtividades esportivas<br \/>\nAtividades na praia<br \/>\nSemin\u00e1rios culturais<br \/>\nDegusta\u00e7\u00e3o de sorvete<\/p>\n<p>&nbsp;<\/p>\n<p><strong>DATAS 2026:<\/strong><br \/>\n14, 28 de junho<\/p>\n<p>12, 26 de julho<\/p>\n","protected":false},"excerpt":{"rendered":"<h2>Voc\u00ea est\u00e1 procurando uma viagem inesquec\u00edvel de italiano e lazer para a It\u00e1lia?<\/h2>\n<p>&nbsp;<\/p>\n<p>Participe do nosso acampamento de ver\u00e3o, uma experi\u00eancia de imers\u00e3o meticulosamente projetada para jovens de 14 a 17 anos que buscam a combina\u00e7\u00e3o perfeita de educa\u00e7\u00e3o e explora\u00e7\u00e3o ao longo da deslumbrante Costa Amalfitana.<\/p>\n<p>Situado nesse para\u00edso pitoresco, nosso acampamento \u00e9 mais do que apenas um centro de aprendizado de idiomas: \u00e9 uma oportunidade de ouro para voc\u00ea mergulhar no cora\u00e7\u00e3o da cultura italiana em meio \u00e0s paisagens cativantes de Salerno e Paestum. Imagine estudar italiano pela manh\u00e3, cercado pelos ecos da hist\u00f3ria, e passar as tardes fazendo atividades recreativas.<\/p>\n<p><strong>Aprendendo italiano:<\/strong> Mergulhe em nosso curso de italiano geral, que oferece 20 aulas por semana, de segunda a sexta-feira. Ao longo de duas semanas, voc\u00ea se beneficiar\u00e1 de 40 aulas em grupo, o que lhe dar\u00e1 uma base completa no belo idioma italiano.<\/p>\n<p><strong>Uma casa longe de casa:<\/strong> Em Salerno, descubra o conforto do Convitto Nazionale no cora\u00e7\u00e3o hist\u00f3rico da cidade. Os quartos duplos ou triplos oferecem um retiro aconchegante com pens\u00e3o completa, banheiro privativo e comodidades pr\u00e1ticas. Em Paestum, aproveite a serenidade \u00e0 beira-mar do Hotel Villa Rita, com quartos triplos ou qu\u00e1druplos, chuveiros privativos, ar-condicionado e Wi-Fi gratuito.<\/p>\n<p><strong>Al\u00e9m da sala de aula:<\/strong> Nosso programa vai muito al\u00e9m dos livros did\u00e1ticos. Imagine voc\u00ea em uma festa de boas-vindas, saboreando a riqueza da culin\u00e1ria italiana em uma aula de culin\u00e1ria, liberando sua criatividade em uma sess\u00e3o de artes e artesanato e se deliciando com uma degusta\u00e7\u00e3o de gelato. Com 2 excurs\u00f5es emocionantes, esportes, atividades na praia e semin\u00e1rios culturais, cada momento se torna uma hist\u00f3ria para contar.<\/p>\n<p><strong>Aproveite a oportunidade de aprender, explorar e prosperar em uma aventura educacional sem igual nas \u00e1guas cintilantes da Costa Amalfitana.<\/strong><\/p>\n","protected":false},"featured_media":196503,"comment_status":"open","ping_status":"closed","template":"","meta":{"_acf_changed":false,"_uag_custom_page_level_css":"","_kad_blocks_custom_css":"","_kad_blocks_head_custom_js":"","_kad_blocks_body_custom_js":"","_kad_blocks_footer_custom_js":"","site-sidebar-layout":"default","site-content-layout":"","ast-site-content-layout":"default","site-content-style":"default","site-sidebar-style":"default","ast-global-header-display":"","ast-banner-title-visibility":"","ast-main-header-display":"","ast-hfb-above-header-display":"","ast-hfb-below-header-display":"","ast-hfb-mobile-header-display":"","site-post-title":"","ast-breadcrumbs-content":"","ast-featured-img":"","footer-sml-layout":"","ast-disable-related-posts":"","theme-transparent-header-meta":"default","adv-header-id-meta":"","stick-header-meta":"default","header-above-stick-meta":"","header-main-stick-meta":"","header-below-stick-meta":"","astra-migrate-meta-layouts":"set","ast-page-background-enabled":"default","ast-page-background-meta":{"desktop":{"background-color":"var(--ast-global-color-4)","background-image":"","background-repeat":"repeat","background-position":"center center","background-size":"auto","background-attachment":"scroll","background-type":"","background-media":"","overlay-type":"","overlay-color":"","overlay-opacity":"","overlay-gradient":""},"tablet":{"background-color":"","background-image":"","background-repeat":"repeat","background-position":"center center","background-size":"auto","background-attachment":"scroll","background-type":"","background-media":"","overlay-type":"","overlay-color":"","overlay-opacity":"","overlay-gradient":""},"mobile":{"background-color":"","background-image":"","background-repeat":"repeat","background-position":"center center","background-size":"auto","background-attachment":"scroll","background-type":"","background-media":"","overlay-type":"","overlay-color":"","overlay-opacity":"","overlay-gradient":""}},"ast-content-background-meta":{"desktop":{"background-color":"var(--ast-global-color-5)","background-image":"","background-repeat":"repeat","background-position":"center center","background-size":"auto","background-attachment":"scroll","background-type":"","background-media":"","overlay-type":"","overlay-color":"","overlay-opacity":"","overlay-gradient":""},"tablet":{"background-color":"var(--ast-global-color-5)","background-image":"","background-repeat":"repeat","background-position":"center center","background-size":"auto","background-attachment":"scroll","background-type":"","background-media":"","overlay-type":"","overlay-color":"","overlay-opacity":"","overlay-gradient":""},"mobile":{"background-color":"var(--ast-global-color-5)","background-image":"","background-repeat":"repeat","background-position":"center center","background-size":"auto","background-attachment":"scroll","background-type":"","background-media":"","overlay-type":"","overlay-color":"","overlay-opacity":"","overlay-gradient":""}}},"section":[],"product_brand":[],"product_cat":[1340],"product_tag":[],"class_list":{"0":"post-196534","1":"product","2":"type-product","3":"status-publish","4":"has-post-thumbnail","6":"product_cat-cursos-para-familias-na-italia","7":"desktop-align-left","8":"tablet-align-left","9":"mobile-align-left","10":"ast-product-gallery-layout-horizontal-slider","11":"ast-product-single-variable","12":"ast-product-tabs-layout-horizontal","13":"ast-qv-on-image-click","15":"first","16":"instock","17":"shipping-taxable","18":"purchasable","19":"product-type-variable"},"acf":[],"taxonomy_info":{"product_cat":[{"value":1340,"label":"Cursos para familias na Italia"}]},"featured_image_src_large":["https:\/\/www.studiainitalia.com\/wp-content\/uploads\/2024\/01\/teens-home-scaled.jpg",2048,1542,false],"author_info":[],"comment_info":0,"uagb_featured_image_src":{"full":["https:\/\/www.studiainitalia.com\/wp-content\/uploads\/2024\/01\/teens-home-scaled.jpg",2048,1542,false],"thumbnail":["https:\/\/www.studiainitalia.com\/wp-content\/uploads\/2024\/01\/teens-home-scaled.jpg",128,96,false],"medium":["https:\/\/www.studiainitalia.com\/wp-content\/uploads\/2024\/01\/teens-home-scaled.jpg",2048,1542,false],"medium_large":["https:\/\/www.studiainitalia.com\/wp-content\/uploads\/2024\/01\/teens-home-768x578.jpg",768,578,true],"large":["https:\/\/www.studiainitalia.com\/wp-content\/uploads\/2024\/01\/teens-home-scaled.jpg",2048,1542,false],"1536x1536":["https:\/\/www.studiainitalia.com\/wp-content\/uploads\/2024\/01\/teens-home-1536x1157.jpg",1536,1157,true],"2048x2048":["https:\/\/www.studiainitalia.com\/wp-content\/uploads\/2024\/01\/teens-home-2048x1542.jpg",2048,1542,true],"ultp_layout_landscape_large":["https:\/\/www.studiainitalia.com\/wp-content\/uploads\/2024\/01\/teens-home-1200x800.jpg",1200,800,true],"ultp_layout_landscape":["https:\/\/www.studiainitalia.com\/wp-content\/uploads\/2024\/01\/teens-home-870x570.jpg",870,570,true],"ultp_layout_portrait":["https:\/\/www.studiainitalia.com\/wp-content\/uploads\/2024\/01\/teens-home-600x900.jpg",600,900,true],"ultp_layout_square":["https:\/\/www.studiainitalia.com\/wp-content\/uploads\/2024\/01\/teens-home-600x600.jpg",600,600,true],"gform-image-choice-sm":["https:\/\/www.studiainitalia.com\/wp-content\/uploads\/2024\/01\/teens-home-scaled.jpg",300,226,false],"gform-image-choice-md":["https:\/\/www.studiainitalia.com\/wp-content\/uploads\/2024\/01\/teens-home-scaled.jpg",400,301,false],"gform-image-choice-lg":["https:\/\/www.studiainitalia.com\/wp-content\/uploads\/2024\/01\/teens-home-scaled.jpg",600,452,false],"woocommerce_thumbnail":["https:\/\/www.studiainitalia.com\/wp-content\/uploads\/2024\/01\/teens-home-300x300.jpg",300,300,true],"woocommerce_single":["https:\/\/www.studiainitalia.com\/wp-content\/uploads\/2024\/01\/teens-home-400x301.jpg",400,301,true],"woocommerce_gallery_thumbnail":["https:\/\/www.studiainitalia.com\/wp-content\/uploads\/2024\/01\/teens-home-100x100.jpg",100,100,true],"yarpp-thumbnail":["https:\/\/www.studiainitalia.com\/wp-content\/uploads\/2024\/01\/teens-home-120x120.jpg",120,120,true]},"uagb_author_info":{"display_name":"Jordi Torres","author_link":"https:\/\/www.studiainitalia.com\/pt-br\/author\/"},"uagb_comment_info":0,"uagb_excerpt":"Voc\u00ea est\u00e1 procurando uma viagem inesquec\u00edvel de italiano e lazer para a It\u00e1lia? &nbsp; Participe do nosso acampamento de ver\u00e3o, uma experi\u00eancia de imers\u00e3o meticulosamente projetada para jovens de 14 a 17 anos que buscam a combina\u00e7\u00e3o perfeita de educa\u00e7\u00e3o e explora\u00e7\u00e3o ao longo da deslumbrante Costa Amalfitana. Situado nesse para\u00edso pitoresco, nosso acampamento \u00e9&hellip;","_links":{"self":[{"href":"https:\/\/www.studiainitalia.com\/pt-br\/wp-json\/wp\/v2\/product\/196534","targetHints":{"allow":["GET"]}}],"collection":[{"href":"https:\/\/www.studiainitalia.com\/pt-br\/wp-json\/wp\/v2\/product"}],"about":[{"href":"https:\/\/www.studiainitalia.com\/pt-br\/wp-json\/wp\/v2\/types\/product"}],"replies":[{"embeddable":true,"href":"https:\/\/www.studiainitalia.com\/pt-br\/wp-json\/wp\/v2\/comments?post=196534"}],"wp:featuredmedia":[{"embeddable":true,"href":"https:\/\/www.studiainitalia.com\/pt-br\/wp-json\/wp\/v2\/media\/196503"}],"wp:attachment":[{"href":"https:\/\/www.studiainitalia.com\/pt-br\/wp-json\/wp\/v2\/media?parent=196534"}],"wp:term":[{"taxonomy":"section","embeddable":true,"href":"https:\/\/www.studiainitalia.com\/pt-br\/wp-json\/wp\/v2\/section?post=196534"},{"taxonomy":"product_brand","embeddable":true,"href":"https:\/\/www.studiainitalia.com\/pt-br\/wp-json\/wp\/v2\/product_brand?post=196534"},{"taxonomy":"product_cat","embeddable":true,"href":"https:\/\/www.studiainitalia.com\/pt-br\/wp-json\/wp\/v2\/product_cat?post=196534"},{"taxonomy":"product_tag","embeddable":true,"href":"https:\/\/www.studiainitalia.com\/pt-br\/wp-json\/wp\/v2\/product_tag?post=196534"}],"curies":[{"name":"wp","href":"https:\/\/api.w.org\/{rel}","templated":true}]}}