{"id":203738,"date":"2026-01-08T13:00:09","date_gmt":"2026-01-08T12:00:09","guid":{"rendered":"https:\/\/www.studiainitalia.com\/?post_type=product&#038;p=203738"},"modified":"2026-03-24T15:35:31","modified_gmt":"2026-03-24T14:35:31","slug":"curso-de-italiano-em-bari","status":"publish","type":"product","link":"https:\/\/www.studiainitalia.com\/pt-br\/cursos\/cursos-de-italiano-em-italia\/curso-de-italiano-em-bari\/","title":{"rendered":"Curso de italiano em Bari"},"content":{"rendered":"<h2><b><strong>Os nossos cursos de italiano em Bari<\/strong><\/b><\/h2>\n<p>As <b>aulas da manh\u00e3<\/b> centram-se em <b>aprender e falar italiano<\/b> com <b>professores experientes<\/b> e abordam temas como <b>a arte, a m\u00fasica, a gastronomia e o vinho<\/b>.<\/p>\n<p>As tardes s\u00e3o dedicadas a explorar a encantadora regi\u00e3o da Ap\u00falia atrav\u00e9s de visitas guiadas e atividades culturais. Esta abordagem pr\u00e1tica refor\u00e7a as compet\u00eancias lingu\u00edsticas em contextos da vida real.<\/p>\n<h3><b><strong>Estrutura do curso:<\/strong><\/b><\/h3>\n<p>&nbsp;<\/p>\n<p>O programa est\u00e1 sujeito a altera\u00e7\u00f5es nos hor\u00e1rios ou nas atividades por motivos de for\u00e7a maior.<\/p>\n<ul>\n<li>3 aulas por dia, de segunda a sexta-feira<\/li>\n<li>Grupos reduzidos: entre 4 e 8 alunos<\/li>\n<\/ul>\n<p>Domingo: Chegada ao aeroporto de Bari e transfer\u00eancia para o alojamento em Locorotondo<\/p>\n<p>Segunda-feira 9:30 \u2013 12:30: Aulas de l\u00edngua e cultura italiana Tarde: visita guiada a Locorotondo<\/p>\n<p>Ter\u00e7a-feira 9h30 \u2013 12h30: Aulas de l\u00edngua e cultura italiana. Tarde: visita guiada a Alberobello<\/p>\n<p>Quarta-feira 9h30 \u2013 12h30: Aulas de l\u00edngua e cultura italiana. Tarde: visita guiada a Martina Franca<\/p>\n<p>Quinta-feira 9h30 \u2013 12h30: Aulas de l\u00edngua e cultura italiana. Tarde: visita guiada \u00e0s vinhas<\/p>\n<p>Sexta-feira 9h30 \u2013 12h30: Aulas de l\u00edngua e cultura italiana Tarde: tempo livre<\/p>\n<p>S\u00e1bado e domingo: tempo livre<\/p>\n<p><b>2<sup>\u00aa<\/sup> semana<\/b><\/p>\n<p>Segunda-feira 9h30 \u2013 12h30: Aulas de l\u00edngua e cultura italiana Tarde: visita guiada a Polignano a Mare<\/p>\n<p>Ter\u00e7a-feira 9h30 \u2013 12h30: Aulas de l\u00edngua e cultura italiana. Tarde: Visita guiada a uma queijaria de mozzarella<\/p>\n<p>Quarta-feira 9h30 \u2013 12h30: Aulas de l\u00edngua e cultura italiana. Tarde: Visita guiada a Monopoli<\/p>\n<p>Quinta-feira: 9h30 \u2013 12h30: Aulas de l\u00edngua e cultura italiana. Tarde: Visita guiada a Ostuni<\/p>\n<p>Sexta-feira 9h30 \u2013 12h30: Aulas de l\u00edngua e cultura italiana Tarde: Aula de culin\u00e1ria Noite: Jantar e festa de despedida<\/p>\n<p>S\u00e1bado: Partida<\/p>\n<p>A escola tamb\u00e9m oferece:<\/p>\n<ul>\n<li><b>Aulas particulares de italiano<\/b> (gerais ou especializadas)<\/li>\n<li><b><strong>Cursos intensivos de italiano<\/strong><\/b><\/li>\n<li><b><strong>Semanas intensivas de italiano para escolas e grupos fechados<\/strong><\/b><\/li>\n<li><b><strong>Aulas de italiano online<\/strong><\/b><\/li>\n<li><b><strong>Prepara\u00e7\u00e3o para o exame CELI<\/strong><\/b><\/li>\n<\/ul>\n<h2><b>Datas de in\u00edcio e detalhes do curso<\/b><\/h2>\n<p>&nbsp;<\/p>\n<p><b>PRE\u00c7O 1850 \u20ac<\/b><\/p>\n<ul>\n<li><b>Datas de in\u00edcio:<\/b> 26\/04 \u2013 30\/08 \u2013 13\/09<\/li>\n<\/ul>\n<ul>\n<li><b>Dura\u00e7\u00e3o das aulas<\/b>: 50 minutos<\/li>\n<li><b>N\u00famero m\u00e9dio de alunos por turma<\/b>: 6 alunos<\/li>\n<li><b>N\u00famero m\u00e1ximo de alunos por turma<\/b>: 8 alunos<\/li>\n<li><b>Hor\u00e1rio<\/b>: Curso pela manh\u00e3 e atividades \u00e0 tarde<\/li>\n<li><b>Materiais do curso<\/b>: Inclu\u00eddos<\/li>\n<li><b>Teste de n\u00edvel e certificado final<\/b>: Inclu\u00eddos<\/li>\n<li><b>Localiza\u00e7\u00e3o<\/b>: Locorotondo<\/li>\n<li><b>Outros servi\u00e7os<\/b>: Acesso \u00e0 Internet, atividades sociais<\/li>\n<\/ul>\n<p>O pre\u00e7o inclui:<\/p>\n<ul>\n<li>Alojamento em Locorotondo<\/li>\n<li>Visitas guiadas com transporte<\/li>\n<li>Festa de despedida com jantar t\u00edpico italiano<\/li>\n<li>N\u00e3o inclu\u00eddo no pre\u00e7o: Refei\u00e7\u00f5es<\/li>\n<li>Excurs\u00f5es e atividades opcionais, conforme o programa<\/li>\n<li>Op\u00e7\u00f5es adicionais: Quarto individual com casa de banho privativa<\/li>\n<\/ul>\n<p><b><strong>Outros cursos de italiano dispon\u00edveis em Bari durante todo o ano<\/strong><\/b><\/p>\n<p>&nbsp;<\/p>\n","protected":false},"excerpt":{"rendered":"<h2>Aprende italiano em Bari, explora a Ap\u00falia<\/h2>\n<p>Os nossos cursos de italiano em Bari centram-se nas compet\u00eancias lingu\u00edsticas pr\u00e1ticas e nas experi\u00eancias culturais. Os alunos podem assistir \u00e0s aulas de manh\u00e3 e participar em atividades \u00e0 tarde, o que garante uma aprendizagem completa enquanto descobrem esta bela regi\u00e3o.<\/p>\n<p>A Ap\u00falia oferece uma oportunidade \u00fanica para aprender italiano na costa adri\u00e1tica. Bari combina a vida urbana com o mar. Passeios mar\u00edtimos, vistas da costa e f\u00e1cil acesso \u00e0s praias ao longo do litoral da Ap\u00falia.<\/p>\n<p>A lend\u00e1ria hospitalidade da cidade faz com que os visitantes se sintam em casa desde o primeiro dia.<\/p>\n<p>&nbsp;<\/p>\n<p>&nbsp;<\/p>\n","protected":false},"featured_media":203750,"comment_status":"open","ping_status":"closed","template":"","meta":{"_acf_changed":false,"_uag_custom_page_level_css":"","_kad_blocks_custom_css":"","_kad_blocks_head_custom_js":"","_kad_blocks_body_custom_js":"","_kad_blocks_footer_custom_js":"","site-sidebar-layout":"default","site-content-layout":"default","ast-site-content-layout":"default","site-content-style":"default","site-sidebar-style":"default","ast-global-header-display":"","ast-banner-title-visibility":"","ast-main-header-display":"","ast-hfb-above-header-display":"","ast-hfb-below-header-display":"","ast-hfb-mobile-header-display":"","site-post-title":"","ast-breadcrumbs-content":"","ast-featured-img":"","footer-sml-layout":"","ast-disable-related-posts":"","theme-transparent-header-meta":"default","adv-header-id-meta":"","stick-header-meta":"default","header-above-stick-meta":"","header-main-stick-meta":"","header-below-stick-meta":"","astra-migrate-meta-layouts":"set","ast-page-background-enabled":"default","ast-page-background-meta":{"desktop":{"background-color":"var(--ast-global-color-4)","background-image":"","background-repeat":"repeat","background-position":"center center","background-size":"auto","background-attachment":"scroll","background-type":"","background-media":"","overlay-type":"","overlay-color":"","overlay-opacity":"","overlay-gradient":""},"tablet":{"background-color":"","background-image":"","background-repeat":"repeat","background-position":"center center","background-size":"auto","background-attachment":"scroll","background-type":"","background-media":"","overlay-type":"","overlay-color":"","overlay-opacity":"","overlay-gradient":""},"mobile":{"background-color":"","background-image":"","background-repeat":"repeat","background-position":"center center","background-size":"auto","background-attachment":"scroll","background-type":"","background-media":"","overlay-type":"","overlay-color":"","overlay-opacity":"","overlay-gradient":""}},"ast-content-background-meta":{"desktop":{"background-color":"var(--ast-global-color-5)","background-image":"","background-repeat":"repeat","background-position":"center center","background-size":"auto","background-attachment":"scroll","background-type":"","background-media":"","overlay-type":"","overlay-color":"","overlay-opacity":"","overlay-gradient":""},"tablet":{"background-color":"var(--ast-global-color-5)","background-image":"","background-repeat":"repeat","background-position":"center center","background-size":"auto","background-attachment":"scroll","background-type":"","background-media":"","overlay-type":"","overlay-color":"","overlay-opacity":"","overlay-gradient":""},"mobile":{"background-color":"var(--ast-global-color-5)","background-image":"","background-repeat":"repeat","background-position":"center center","background-size":"auto","background-attachment":"scroll","background-type":"","background-media":"","overlay-type":"","overlay-color":"","overlay-opacity":"","overlay-gradient":""}}},"section":[2029],"product_brand":[],"product_cat":[1267,2037],"product_tag":[],"class_list":{"0":"post-203738","1":"product","2":"type-product","3":"status-publish","4":"has-post-thumbnail","6":"section-south-and-islands","7":"product_cat-cursos-de-italiano-em-italia","8":"product_cat-cursos-de-italiano-em-bari","9":"desktop-align-left","10":"tablet-align-left","11":"mobile-align-left","12":"ast-product-gallery-layout-horizontal-slider","13":"ast-product-single-variable","14":"ast-product-tabs-layout-horizontal","15":"ast-qv-on-image-click","17":"first","18":"instock","19":"sold-individually","20":"shipping-taxable","21":"purchasable","22":"product-type-variable"},"acf":[],"taxonomy_info":{"section":[{"value":2029,"label":"South and Islands"}],"product_cat":[{"value":1267,"label":"Cursos de italiano em It\u00e1lia"},{"value":2037,"label":"Cursos de italiano em Bari"}]},"featured_image_src_large":["https:\/\/www.studiainitalia.com\/wp-content\/uploads\/2026\/01\/30-Corsi-di-cucina.jpeg",1079,792,false],"author_info":[],"comment_info":0,"uagb_featured_image_src":{"full":["https:\/\/www.studiainitalia.com\/wp-content\/uploads\/2026\/01\/30-Corsi-di-cucina.jpeg",1079,792,false],"thumbnail":["https:\/\/www.studiainitalia.com\/wp-content\/uploads\/2026\/01\/30-Corsi-di-cucina.jpeg",128,94,false],"medium":["https:\/\/www.studiainitalia.com\/wp-content\/uploads\/2026\/01\/30-Corsi-di-cucina.jpeg",1079,792,false],"medium_large":["https:\/\/www.studiainitalia.com\/wp-content\/uploads\/2026\/01\/30-Corsi-di-cucina-768x564.jpeg",768,564,true],"large":["https:\/\/www.studiainitalia.com\/wp-content\/uploads\/2026\/01\/30-Corsi-di-cucina.jpeg",1079,792,false],"1536x1536":["https:\/\/www.studiainitalia.com\/wp-content\/uploads\/2026\/01\/30-Corsi-di-cucina.jpeg",1079,792,false],"2048x2048":["https:\/\/www.studiainitalia.com\/wp-content\/uploads\/2026\/01\/30-Corsi-di-cucina.jpeg",1079,792,false],"ultp_layout_landscape_large":["https:\/\/www.studiainitalia.com\/wp-content\/uploads\/2026\/01\/30-Corsi-di-cucina.jpeg",1079,792,false],"ultp_layout_landscape":["https:\/\/www.studiainitalia.com\/wp-content\/uploads\/2026\/01\/30-Corsi-di-cucina-870x570.jpeg",870,570,true],"ultp_layout_portrait":["https:\/\/www.studiainitalia.com\/wp-content\/uploads\/2026\/01\/30-Corsi-di-cucina-600x792.jpeg",600,792,true],"ultp_layout_square":["https:\/\/www.studiainitalia.com\/wp-content\/uploads\/2026\/01\/30-Corsi-di-cucina-600x600.jpeg",600,600,true],"gform-image-choice-sm":["https:\/\/www.studiainitalia.com\/wp-content\/uploads\/2026\/01\/30-Corsi-di-cucina.jpeg",300,220,false],"gform-image-choice-md":["https:\/\/www.studiainitalia.com\/wp-content\/uploads\/2026\/01\/30-Corsi-di-cucina.jpeg",400,294,false],"gform-image-choice-lg":["https:\/\/www.studiainitalia.com\/wp-content\/uploads\/2026\/01\/30-Corsi-di-cucina.jpeg",600,440,false],"woocommerce_thumbnail":["https:\/\/www.studiainitalia.com\/wp-content\/uploads\/2026\/01\/30-Corsi-di-cucina-300x300.jpeg",300,300,true],"woocommerce_single":["https:\/\/www.studiainitalia.com\/wp-content\/uploads\/2026\/01\/30-Corsi-di-cucina-400x294.jpeg",400,294,true],"woocommerce_gallery_thumbnail":["https:\/\/www.studiainitalia.com\/wp-content\/uploads\/2026\/01\/30-Corsi-di-cucina-100x100.jpeg",100,100,true],"yarpp-thumbnail":["https:\/\/www.studiainitalia.com\/wp-content\/uploads\/2026\/01\/30-Corsi-di-cucina-120x120.jpeg",120,120,true]},"uagb_author_info":{"display_name":"Jordi Mont","author_link":"https:\/\/www.studiainitalia.com\/pt-br\/author\/"},"uagb_comment_info":0,"uagb_excerpt":"Aprende italiano em Bari, explora a Ap\u00falia Os nossos cursos de italiano em Bari centram-se nas compet\u00eancias lingu\u00edsticas pr\u00e1ticas e nas experi\u00eancias culturais. Os alunos podem assistir \u00e0s aulas de manh\u00e3 e participar em atividades \u00e0 tarde, o que garante uma aprendizagem completa enquanto descobrem esta bela regi\u00e3o. A Ap\u00falia oferece uma oportunidade \u00fanica para&hellip;","_links":{"self":[{"href":"https:\/\/www.studiainitalia.com\/pt-br\/wp-json\/wp\/v2\/product\/203738","targetHints":{"allow":["GET"]}}],"collection":[{"href":"https:\/\/www.studiainitalia.com\/pt-br\/wp-json\/wp\/v2\/product"}],"about":[{"href":"https:\/\/www.studiainitalia.com\/pt-br\/wp-json\/wp\/v2\/types\/product"}],"replies":[{"embeddable":true,"href":"https:\/\/www.studiainitalia.com\/pt-br\/wp-json\/wp\/v2\/comments?post=203738"}],"wp:featuredmedia":[{"embeddable":true,"href":"https:\/\/www.studiainitalia.com\/pt-br\/wp-json\/wp\/v2\/media\/203750"}],"wp:attachment":[{"href":"https:\/\/www.studiainitalia.com\/pt-br\/wp-json\/wp\/v2\/media?parent=203738"}],"wp:term":[{"taxonomy":"section","embeddable":true,"href":"https:\/\/www.studiainitalia.com\/pt-br\/wp-json\/wp\/v2\/section?post=203738"},{"taxonomy":"product_brand","embeddable":true,"href":"https:\/\/www.studiainitalia.com\/pt-br\/wp-json\/wp\/v2\/product_brand?post=203738"},{"taxonomy":"product_cat","embeddable":true,"href":"https:\/\/www.studiainitalia.com\/pt-br\/wp-json\/wp\/v2\/product_cat?post=203738"},{"taxonomy":"product_tag","embeddable":true,"href":"https:\/\/www.studiainitalia.com\/pt-br\/wp-json\/wp\/v2\/product_tag?post=203738"}],"curies":[{"name":"wp","href":"https:\/\/api.w.org\/{rel}","templated":true}]}}